{"id":11,"date":"2023-03-26T02:28:13","date_gmt":"2023-03-26T02:28:13","guid":{"rendered":"https:\/\/orgon.ghostpress.io\/?page_id=11"},"modified":"2023-06-28T14:14:47","modified_gmt":"2023-06-28T14:14:47","slug":"shipping-returns","status":"publish","type":"page","link":"https:\/\/orgonitesodn.ca\/fr\/shipping-returns\/","title":{"rendered":"Exp\u00e9dition &amp; Retours"},"content":{"rendered":"<div data-elementor-type=\"wp-page\" data-elementor-id=\"11\" class=\"elementor elementor-11\" data-elementor-post-type=\"page\">\n\t\t\t\t\t\t<section class=\"wd-negative-gap elementor-section elementor-top-section elementor-element elementor-element-b325b38 elementor-section-content-middle wd-section-stretch elementor-section-boxed elementor-section-height-default elementor-section-height-default\" data-id=\"b325b38\" data-element_type=\"section\" data-e-type=\"section\" data-settings=\"{&quot;background_background&quot;:&quot;classic&quot;}\">\n\t\t\t\t\t\t<div class=\"elementor-container elementor-column-gap-extended\">\n\t\t\t\t\t<div class=\"elementor-column elementor-col-100 elementor-top-column elementor-element elementor-element-7752d6d\" data-id=\"7752d6d\" data-element_type=\"column\" data-e-type=\"column\">\n\t\t\t<div class=\"elementor-widget-wrap elementor-element-populated\">\n\t\t\t\t\t\t<div class=\"elementor-element elementor-element-06ab5b8 wd-width-100 elementor-widget elementor-widget-wd_title\" data-id=\"06ab5b8\" data-element_type=\"widget\" data-e-type=\"widget\" data-widget_type=\"wd_title.default\">\n\t\t\t\t<div class=\"elementor-widget-container\">\n\t\t\t\t\t\t\t<div class=\"title-wrapper wd-set-mb reset-last-child wd-title-color-primary wd-title-style-default wd-title-size-large text-center\">\n\n\t\t\t\t\t\t\t\t\t\t\t<div class=\"title-subtitle subtitle-color-primary subtitle-style-default wd-fontsize-xs\">\n\t\t\t\t\tIci vous trouverez toute l'information n\u00e9cessaire aux d\u00e9tails de commandes\t\t\t\t<\/div>\n\t\t\t\n\t\t\t<div class=\"liner-continer\">\n\t\t\t\t<h4 class=\"woodmart-title-container title wd-fontsize-xxl\">Exp\u00e9dition &amp; Retours<\/h4> \n\t\t\t\t\t\t\t<\/div>\n\n\t\t\t\t\t<\/div>\n\t\t\t\t\t\t<\/div>\n\t\t\t\t<\/div>\n\t\t\t\t\t<\/div>\n\t\t<\/div>\n\t\t\t\t\t<\/div>\n\t\t<\/section>\n\t\t\t\t<section class=\"wd-negative-gap elementor-section elementor-top-section elementor-element elementor-element-95d897c elementor-section-boxed elementor-section-height-default elementor-section-height-default\" data-id=\"95d897c\" data-element_type=\"section\" data-e-type=\"section\">\n\t\t\t\t\t\t<div class=\"elementor-container elementor-column-gap-default\">\n\t\t\t\t\t<div class=\"elementor-column elementor-col-100 elementor-top-column elementor-element elementor-element-62029de\" data-id=\"62029de\" data-element_type=\"column\" data-e-type=\"column\">\n\t\t\t<div class=\"elementor-widget-wrap elementor-element-populated\">\n\t\t\t\t\t\t<div class=\"elementor-element elementor-element-de71846 elementor-widget elementor-widget-wd_text_block\" data-id=\"de71846\" data-element_type=\"widget\" data-e-type=\"widget\" data-widget_type=\"wd_text_block.default\">\n\t\t\t\t<div class=\"elementor-widget-container\">\n\t\t\t\t\t\t\t<div class=\"wd-text-block reset-last-child text-left\">\n\t\t\t\n\t\t\t<h3>Envoi<\/h3><p>Nous exp\u00e9dions principalement par Poste Canada, \u00e0 moins que des dispositions diff\u00e9rentes aient \u00e9t\u00e9 prises par courriel. Vous recevrez votre num\u00e9ro de suivi par email. Les dates d\u2019arriv\u00e9e affich\u00e9es par le logiciel sont approximatives et ne refl\u00e8tent pas n\u00e9cessairement la date d\u2019arriv\u00e9e r\u00e9elle de votre commande. Si votre envoi est manquant ou endommag\u00e9 pendant le transport, veuillez nous contacter par email.<\/p><h3>Paiement<\/h3><p>Nous acceptons les mandats-poste, les ch\u00e8ques, les virements PayPal, les cartes de cr\u00e9dit, les cartes d\u00e9bit-cr\u00e9dit, les virements bancaires et Interac (en personne seulement, par exemple aux march\u00e9s de No\u00ebl).<\/p><h3>D\u00e9lai de fabrication<\/h3><p>Lorsque votre paiement est re\u00e7u, votre commande entre dans notre cha\u00eene de fabrication. Bien que nous nous effor\u00e7ons d\u2019exp\u00e9dier votre colis dans un court d\u00e9lai de 2 \u00e0 4 jours, un volume \u00e9lev\u00e9 de commandes peut modifier ce d\u00e9lai. Soyez assur\u00e9(e)s que vos produits sont soigneusement fabriqu\u00e9s le plus rapidement possible.<\/p><h3>Retours<\/h3><p>Aucun retour n\u2019est accept\u00e9, sauf en cas de d\u00e9faut mat\u00e9riel d\u2019un outil de bien-\u00eatre avec bo\u00eete \u00e9lectrique. Si un tel cas devait se produire, veuillez nous contacter par e-mail et nous r\u00e9parerons l\u2019appareil gratuitement (transport inclus) dans la premi\u00e8re ann\u00e9e d\u2019achat. Si, pour tout produit achet\u00e9 chez Qu\u00e9bec Orgone, un bris se produit accidentellement ou apr\u00e8s la premi\u00e8re ann\u00e9e, veuillez nous contacter par courriel pour les d\u00e9tails de notre service de r\u00e9paration complet.<\/p>\n\t\t\t\t\t<\/div>\n\t\t\t\t\t\t<\/div>\n\t\t\t\t<\/div>\n\t\t\t\t<div class=\"elementor-element elementor-element-d9515ab elementor-align-center elementor-widget elementor-widget-button\" data-id=\"d9515ab\" data-element_type=\"widget\" data-e-type=\"widget\" data-widget_type=\"button.default\">\n\t\t\t\t<div class=\"elementor-widget-container\">\n\t\t\t\t\t\t\t\t\t<div class=\"elementor-button-wrapper\">\n\t\t\t\t\t<a class=\"elementor-button elementor-button-link elementor-size-sm\" href=\"https:\/\/orgonitesodn.ca\/fr\/contact-us\/\">\n\t\t\t\t\t\t<span class=\"elementor-button-content-wrapper\">\n\t\t\t\t\t\t\t\t\t<span class=\"elementor-button-text\">\u00c9crivez-nous!<\/span>\n\t\t\t\t\t<\/span>\n\t\t\t\t\t<\/a>\n\t\t\t\t<\/div>\n\t\t\t\t\t\t\t\t<\/div>\n\t\t\t\t<\/div>\n\t\t\t\t\t<\/div>\n\t\t<\/div>\n\t\t\t\t\t<\/div>\n\t\t<\/section>\n\t\t\t\t<section class=\"wd-negative-gap elementor-section elementor-top-section elementor-element elementor-element-c2ae32f elementor-section-boxed elementor-section-height-default elementor-section-height-default\" data-id=\"c2ae32f\" data-element_type=\"section\" data-e-type=\"section\">\n\t\t\t\t\t\t<div class=\"elementor-container elementor-column-gap-default\">\n\t\t\t\t\t<div class=\"elementor-column elementor-col-100 elementor-top-column elementor-element elementor-element-e49d39f\" data-id=\"e49d39f\" data-element_type=\"column\" data-e-type=\"column\">\n\t\t\t<div class=\"elementor-widget-wrap elementor-element-populated\">\n\t\t\t\t\t\t<div class=\"elementor-element elementor-element-6744790 elementor-position-top elementor-widget elementor-widget-image-box\" data-id=\"6744790\" data-element_type=\"widget\" data-e-type=\"widget\" data-widget_type=\"image-box.default\">\n\t\t\t\t<div class=\"elementor-widget-container\">\n\t\t\t\t\t<div class=\"elementor-image-box-wrapper\"><figure class=\"elementor-image-box-img\"><img fetchpriority=\"high\" decoding=\"async\" width=\"480\" height=\"640\" src=\"https:\/\/orgonitesodn.ca\/wp-content\/uploads\/2023\/06\/dome-bleu-rotated.jpg\" class=\"attachment-full size-full wp-image-11615\" alt=\"\" srcset=\"https:\/\/orgonitesodn.ca\/wp-content\/uploads\/2023\/06\/dome-bleu-rotated.jpg 480w, https:\/\/orgonitesodn.ca\/wp-content\/uploads\/2023\/06\/dome-bleu-225x300.jpg 225w, https:\/\/orgonitesodn.ca\/wp-content\/uploads\/2023\/06\/dome-bleu-9x12.jpg 9w, https:\/\/orgonitesodn.ca\/wp-content\/uploads\/2023\/06\/dome-bleu-430x573.jpg 430w, https:\/\/orgonitesodn.ca\/wp-content\/uploads\/2023\/06\/dome-bleu-150x200.jpg 150w\" sizes=\"(max-width: 480px) 100vw, 480px\" \/><\/figure><div class=\"elementor-image-box-content\"><h3 class=\"elementor-image-box-title\">Nous pouvons faire des produits sur-mesure<\/h3><p class=\"elementor-image-box-description\">Par exemple, ce D\u00f4me enrichi a des paillettes bleues.<\/p><\/div><\/div>\t\t\t\t<\/div>\n\t\t\t\t<\/div>\n\t\t\t\t<div class=\"elementor-element elementor-element-05e7bb4 elementor-widget elementor-widget-spacer\" data-id=\"05e7bb4\" data-element_type=\"widget\" data-e-type=\"widget\" data-widget_type=\"spacer.default\">\n\t\t\t\t<div class=\"elementor-widget-container\">\n\t\t\t\t\t\t\t<div class=\"elementor-spacer\">\n\t\t\t<div class=\"elementor-spacer-inner\"><\/div>\n\t\t<\/div>\n\t\t\t\t\t\t<\/div>\n\t\t\t\t<\/div>\n\t\t\t\t<div class=\"elementor-element elementor-element-808c99b elementor-widget elementor-widget-wd_image_or_svg\" data-id=\"808c99b\" data-element_type=\"widget\" data-e-type=\"widget\" data-widget_type=\"wd_image_or_svg.default\">\n\t\t\t\t<div class=\"elementor-widget-container\">\n\t\t\t\t\t\n\t\t<div class=\"wd-image text-left\">\n\t\t\t\t\t\t\t\t<img decoding=\"async\" width=\"3064\" height=\"696\" src=\"https:\/\/orgonitesodn.ca\/wp-content\/uploads\/2023\/03\/BlackBanner2.png\" class=\"attachment-full size-full\" alt=\"\" srcset=\"https:\/\/orgonitesodn.ca\/wp-content\/uploads\/2023\/03\/BlackBanner2.png 3064w, https:\/\/orgonitesodn.ca\/wp-content\/uploads\/2023\/03\/BlackBanner2-400x91.png 400w, https:\/\/orgonitesodn.ca\/wp-content\/uploads\/2023\/03\/BlackBanner2-1300x295.png 1300w, https:\/\/orgonitesodn.ca\/wp-content\/uploads\/2023\/03\/BlackBanner2-768x174.png 768w, https:\/\/orgonitesodn.ca\/wp-content\/uploads\/2023\/03\/BlackBanner2-1536x349.png 1536w, https:\/\/orgonitesodn.ca\/wp-content\/uploads\/2023\/03\/BlackBanner2-2048x465.png 2048w, https:\/\/orgonitesodn.ca\/wp-content\/uploads\/2023\/03\/BlackBanner2-860x195.png 860w, https:\/\/orgonitesodn.ca\/wp-content\/uploads\/2023\/03\/BlackBanner2-430x98.png 430w, https:\/\/orgonitesodn.ca\/wp-content\/uploads\/2023\/03\/BlackBanner2-700x159.png 700w, https:\/\/orgonitesodn.ca\/wp-content\/uploads\/2023\/03\/BlackBanner2-150x34.png 150w\" sizes=\"(max-width: 3064px) 100vw, 3064px\" \/>\t\t\t\t\t<\/div>\n\n\t\t\t\t\t\t<\/div>\n\t\t\t\t<\/div>\n\t\t\t\t\t<\/div>\n\t\t<\/div>\n\t\t\t\t\t<\/div>\n\t\t<\/section>\n\t\t\t\t<\/div>","protected":false},"excerpt":{"rendered":"<p>Here you will find all the necessary information for order details Shipping &amp; Returns Shipping We mainly ship via Canada<\/p>","protected":false},"author":1,"featured_media":0,"parent":0,"menu_order":0,"comment_status":"closed","ping_status":"closed","template":"","meta":{"footnotes":""},"class_list":["post-11","page","type-page","status-publish","hentry"],"yoast_head":"<!-- This site is optimized with the Yoast SEO plugin v27.3 - https:\/\/yoast.com\/product\/yoast-seo-wordpress\/ -->\n<title>Shipping &amp; Returns - Orgonites ODN<\/title>\n<meta name=\"robots\" content=\"index, follow, max-snippet:-1, max-image-preview:large, max-video-preview:-1\" \/>\n<link rel=\"canonical\" href=\"https:\/\/orgonitesodn.ca\/fr\/shipping-returns\/\" \/>\n<meta property=\"og:locale\" content=\"fr_CA\" \/>\n<meta property=\"og:type\" content=\"article\" \/>\n<meta property=\"og:title\" content=\"Shipping &amp; Returns - Orgonites ODN\" \/>\n<meta property=\"og:description\" content=\"Here you will find all the necessary information for order details Shipping &amp; Returns Shipping We mainly ship via Canada\" \/>\n<meta property=\"og:url\" content=\"https:\/\/orgonitesodn.ca\/fr\/shipping-returns\/\" \/>\n<meta property=\"og:site_name\" content=\"Orgonites ODN\" \/>\n<meta property=\"article:modified_time\" content=\"2023-06-28T14:14:47+00:00\" \/>\n<meta property=\"og:image\" content=\"https:\/\/orgonitesodn.ca\/wp-content\/uploads\/2023\/06\/dome-bleu-rotated.jpg\" \/>\n<meta name=\"twitter:card\" content=\"summary_large_image\" \/>\n<meta name=\"twitter:label1\" content=\"Estimation du temps de lecture\" \/>\n\t<meta name=\"twitter:data1\" content=\"2 minutes\" \/>\n<script type=\"application\/ld+json\" class=\"yoast-schema-graph\">{\"@context\":\"https:\\\/\\\/schema.org\",\"@graph\":[{\"@type\":\"WebPage\",\"@id\":\"https:\\\/\\\/orgonitesodn.ca\\\/shipping-returns\\\/\",\"url\":\"https:\\\/\\\/orgonitesodn.ca\\\/shipping-returns\\\/\",\"name\":\"Shipping &amp; Returns - Orgonites ODN\",\"isPartOf\":{\"@id\":\"https:\\\/\\\/orgonitesodn.ca\\\/#website\"},\"primaryImageOfPage\":{\"@id\":\"https:\\\/\\\/orgonitesodn.ca\\\/shipping-returns\\\/#primaryimage\"},\"image\":{\"@id\":\"https:\\\/\\\/orgonitesodn.ca\\\/shipping-returns\\\/#primaryimage\"},\"thumbnailUrl\":\"https:\\\/\\\/orgonitesodn.ca\\\/wp-content\\\/uploads\\\/2023\\\/06\\\/dome-bleu-rotated.jpg\",\"datePublished\":\"2023-03-26T02:28:13+00:00\",\"dateModified\":\"2023-06-28T14:14:47+00:00\",\"breadcrumb\":{\"@id\":\"https:\\\/\\\/orgonitesodn.ca\\\/shipping-returns\\\/#breadcrumb\"},\"inLanguage\":\"fr-CA\",\"potentialAction\":[{\"@type\":\"ReadAction\",\"target\":[\"https:\\\/\\\/orgonitesodn.ca\\\/shipping-returns\\\/\"]}]},{\"@type\":\"ImageObject\",\"inLanguage\":\"fr-CA\",\"@id\":\"https:\\\/\\\/orgonitesodn.ca\\\/shipping-returns\\\/#primaryimage\",\"url\":\"https:\\\/\\\/orgonitesodn.ca\\\/wp-content\\\/uploads\\\/2023\\\/06\\\/dome-bleu-rotated.jpg\",\"contentUrl\":\"https:\\\/\\\/orgonitesodn.ca\\\/wp-content\\\/uploads\\\/2023\\\/06\\\/dome-bleu-rotated.jpg\"},{\"@type\":\"BreadcrumbList\",\"@id\":\"https:\\\/\\\/orgonitesodn.ca\\\/shipping-returns\\\/#breadcrumb\",\"itemListElement\":[{\"@type\":\"ListItem\",\"position\":1,\"name\":\"Home\",\"item\":\"https:\\\/\\\/orgonitesodn.ca\\\/\"},{\"@type\":\"ListItem\",\"position\":2,\"name\":\"Shipping &amp; Returns\"}]},{\"@type\":\"WebSite\",\"@id\":\"https:\\\/\\\/orgonitesodn.ca\\\/#website\",\"url\":\"https:\\\/\\\/orgonitesodn.ca\\\/\",\"name\":\"Orgonites ODN\",\"description\":\"\",\"publisher\":{\"@id\":\"https:\\\/\\\/orgonitesodn.ca\\\/#organization\"},\"potentialAction\":[{\"@type\":\"SearchAction\",\"target\":{\"@type\":\"EntryPoint\",\"urlTemplate\":\"https:\\\/\\\/orgonitesodn.ca\\\/?s={search_term_string}\"},\"query-input\":{\"@type\":\"PropertyValueSpecification\",\"valueRequired\":true,\"valueName\":\"search_term_string\"}}],\"inLanguage\":\"fr-CA\"},{\"@type\":\"Organization\",\"@id\":\"https:\\\/\\\/orgonitesodn.ca\\\/#organization\",\"name\":\"Orgonites ODN\",\"url\":\"https:\\\/\\\/orgonitesodn.ca\\\/\",\"logo\":{\"@type\":\"ImageObject\",\"inLanguage\":\"fr-CA\",\"@id\":\"https:\\\/\\\/orgonitesodn.ca\\\/#\\\/schema\\\/logo\\\/image\\\/\",\"url\":\"https:\\\/\\\/orgonitesodn.ca\\\/wp-content\\\/uploads\\\/2023\\\/03\\\/page-3-e1722971186772.jpeg\",\"contentUrl\":\"https:\\\/\\\/orgonitesodn.ca\\\/wp-content\\\/uploads\\\/2023\\\/03\\\/page-3-e1722971186772.jpeg\",\"width\":342,\"height\":167,\"caption\":\"Orgonites ODN\"},\"image\":{\"@id\":\"https:\\\/\\\/orgonitesodn.ca\\\/#\\\/schema\\\/logo\\\/image\\\/\"}}]}<\/script>\n<!-- \/ Yoast SEO plugin. -->","yoast_head_json":{"title":"Shipping &amp; Returns - Orgonites ODN","robots":{"index":"index","follow":"follow","max-snippet":"max-snippet:-1","max-image-preview":"max-image-preview:large","max-video-preview":"max-video-preview:-1"},"canonical":"https:\/\/orgonitesodn.ca\/fr\/shipping-returns\/","og_locale":"fr_CA","og_type":"article","og_title":"Shipping &amp; Returns - Orgonites ODN","og_description":"Here you will find all the necessary information for order details Shipping &amp; Returns Shipping We mainly ship via Canada","og_url":"https:\/\/orgonitesodn.ca\/fr\/shipping-returns\/","og_site_name":"Orgonites ODN","article_modified_time":"2023-06-28T14:14:47+00:00","og_image":[{"url":"https:\/\/orgonitesodn.ca\/wp-content\/uploads\/2023\/06\/dome-bleu-rotated.jpg","type":"","width":"","height":""}],"twitter_card":"summary_large_image","twitter_misc":{"Estimation du temps de lecture":"2 minutes"},"schema":{"@context":"https:\/\/schema.org","@graph":[{"@type":"WebPage","@id":"https:\/\/orgonitesodn.ca\/shipping-returns\/","url":"https:\/\/orgonitesodn.ca\/shipping-returns\/","name":"Shipping &amp; Returns - Orgonites ODN","isPartOf":{"@id":"https:\/\/orgonitesodn.ca\/#website"},"primaryImageOfPage":{"@id":"https:\/\/orgonitesodn.ca\/shipping-returns\/#primaryimage"},"image":{"@id":"https:\/\/orgonitesodn.ca\/shipping-returns\/#primaryimage"},"thumbnailUrl":"https:\/\/orgonitesodn.ca\/wp-content\/uploads\/2023\/06\/dome-bleu-rotated.jpg","datePublished":"2023-03-26T02:28:13+00:00","dateModified":"2023-06-28T14:14:47+00:00","breadcrumb":{"@id":"https:\/\/orgonitesodn.ca\/shipping-returns\/#breadcrumb"},"inLanguage":"fr-CA","potentialAction":[{"@type":"ReadAction","target":["https:\/\/orgonitesodn.ca\/shipping-returns\/"]}]},{"@type":"ImageObject","inLanguage":"fr-CA","@id":"https:\/\/orgonitesodn.ca\/shipping-returns\/#primaryimage","url":"https:\/\/orgonitesodn.ca\/wp-content\/uploads\/2023\/06\/dome-bleu-rotated.jpg","contentUrl":"https:\/\/orgonitesodn.ca\/wp-content\/uploads\/2023\/06\/dome-bleu-rotated.jpg"},{"@type":"BreadcrumbList","@id":"https:\/\/orgonitesodn.ca\/shipping-returns\/#breadcrumb","itemListElement":[{"@type":"ListItem","position":1,"name":"Home","item":"https:\/\/orgonitesodn.ca\/"},{"@type":"ListItem","position":2,"name":"Shipping &amp; Returns"}]},{"@type":"WebSite","@id":"https:\/\/orgonitesodn.ca\/#website","url":"https:\/\/orgonitesodn.ca\/","name":"Orgonites ODN","description":"","publisher":{"@id":"https:\/\/orgonitesodn.ca\/#organization"},"potentialAction":[{"@type":"SearchAction","target":{"@type":"EntryPoint","urlTemplate":"https:\/\/orgonitesodn.ca\/?s={search_term_string}"},"query-input":{"@type":"PropertyValueSpecification","valueRequired":true,"valueName":"search_term_string"}}],"inLanguage":"fr-CA"},{"@type":"Organization","@id":"https:\/\/orgonitesodn.ca\/#organization","name":"Orgonites ODN","url":"https:\/\/orgonitesodn.ca\/","logo":{"@type":"ImageObject","inLanguage":"fr-CA","@id":"https:\/\/orgonitesodn.ca\/#\/schema\/logo\/image\/","url":"https:\/\/orgonitesodn.ca\/wp-content\/uploads\/2023\/03\/page-3-e1722971186772.jpeg","contentUrl":"https:\/\/orgonitesodn.ca\/wp-content\/uploads\/2023\/03\/page-3-e1722971186772.jpeg","width":342,"height":167,"caption":"Orgonites ODN"},"image":{"@id":"https:\/\/orgonitesodn.ca\/#\/schema\/logo\/image\/"}}]}},"jetpack_sharing_enabled":true,"_links":{"self":[{"href":"https:\/\/orgonitesodn.ca\/fr\/wp-json\/wp\/v2\/pages\/11","targetHints":{"allow":["GET"]}}],"collection":[{"href":"https:\/\/orgonitesodn.ca\/fr\/wp-json\/wp\/v2\/pages"}],"about":[{"href":"https:\/\/orgonitesodn.ca\/fr\/wp-json\/wp\/v2\/types\/page"}],"author":[{"embeddable":true,"href":"https:\/\/orgonitesodn.ca\/fr\/wp-json\/wp\/v2\/users\/1"}],"replies":[{"embeddable":true,"href":"https:\/\/orgonitesodn.ca\/fr\/wp-json\/wp\/v2\/comments?post=11"}],"version-history":[{"count":14,"href":"https:\/\/orgonitesodn.ca\/fr\/wp-json\/wp\/v2\/pages\/11\/revisions"}],"predecessor-version":[{"id":11621,"href":"https:\/\/orgonitesodn.ca\/fr\/wp-json\/wp\/v2\/pages\/11\/revisions\/11621"}],"wp:attachment":[{"href":"https:\/\/orgonitesodn.ca\/fr\/wp-json\/wp\/v2\/media?parent=11"}],"curies":[{"name":"wp","href":"https:\/\/api.w.org\/{rel}","templated":true}]}}