{"id":11312,"date":"2023-04-17T20:48:38","date_gmt":"2023-04-17T20:48:38","guid":{"rendered":"https:\/\/orgon.ghostpress.io\/?post_type=product&#038;p=11312"},"modified":"2026-04-12T14:55:06","modified_gmt":"2026-04-12T14:55:06","slug":"the-honor-harmonic-pendant-croft-protection","status":"publish","type":"product","link":"https:\/\/orgonitesodn.ca\/fr\/produit\/the-honor-harmonic-pendant-croft-protection\/","title":{"rendered":"THE HONOR HARMONIC"},"content":{"rendered":"<div data-elementor-type=\"product-post\" data-elementor-id=\"11312\" class=\"elementor elementor-11312\" data-elementor-post-type=\"product\">\n\t\t\t\t\t\t<section class=\"wd-negative-gap elementor-section elementor-top-section elementor-element elementor-element-b501352 elementor-section-boxed elementor-section-height-default elementor-section-height-default\" data-id=\"b501352\" data-element_type=\"section\" data-e-type=\"section\">\n\t\t\t\t\t\t<div class=\"elementor-container elementor-column-gap-default\">\n\t\t\t\t\t<div class=\"elementor-column elementor-col-100 elementor-top-column elementor-element elementor-element-5417583\" data-id=\"5417583\" data-element_type=\"column\" data-e-type=\"column\">\n\t\t\t<div class=\"elementor-widget-wrap elementor-element-populated\">\n\t\t\t\t\t\t<div class=\"elementor-element elementor-element-2eebae4 elementor-widget elementor-widget-wd_text_block\" data-id=\"2eebae4\" data-element_type=\"widget\" data-e-type=\"widget\" data-widget_type=\"wd_text_block.default\">\n\t\t\t\t<div class=\"elementor-widget-container\">\n\t\t\t\t\t\t\t<div class=\"wd-text-block reset-last-child text-left\">\n\t\t\t\n\t\t\t<p>Enti\u00e8rement cr\u00e9\u00e9 par Carol-Anne pour honorer la douce m\u00e9moire de Carol Ann Croft et de son Protecteur Harmonique commercialis\u00e9 en 2003.<\/p><p>Ce pendentif l\u00e9ger, comprenant de la tourmaline pour stimuler l\u2019effet du quartz v\u00e9ritable qui est \u00e0 l\u2019int\u00e9rieur, est fait pour r\u00e9\u00e9quilibrer les \u00e9nergies du corps.<br \/>Il contient aussi une pierre de chaque chakra en son centre et deux coils de cuivre.<\/p><p>Ce pendentif agit comme un miroir d'\u00e9nergie. Il renforce le champs \u00e9nerg\u00e9tique naturel et aide \u00e0 se prot\u00e9ger contre la surcharge d'\u00e9nergie n\u00e9gative propag\u00e9e par les rayonnements \u00e9lectromagn\u00e9tiques ambiants et le stress.<br \/>Cette orgonite contient deux m\u00e9taux.<\/p><p>C'est la meilleure solution pour vous prot\u00e9ger partout et accro\u00eetre votre bien-\u00eatre au naturel!<\/p><p>Choisissez entre un porte-cl\u00e9s, un collier r\u00e9glable en nylon noir satin\u00e9 ou gris satin\u00e9 ou une cha\u00eene en argent sterling.<\/p><p>***Vous devez choisir le motif de bois que vous pr\u00e9f\u00e9rez:<br \/>Note de musique, fleur, oiseau, coeur, papillon, feuille ou champignon<\/p><p>Vous pouvez obtenir le d\u00f4me d\u2019honneur pour le m\u00e9morial de Don Croft ici\u00a0:<em><strong>\u00a0<a href=\"https:\/\/orgonitesodn.ca\/fr\/produit\/orgonite-protection-emf-neutralize-impact-of-smart-meters\/\">https:\/\/orgonitesodn.ca\/product\/orgonite-protection-emf-neutralize-impact-of-smart-meters\/<\/a><\/strong><\/em><\/p><p>Tous les produits sont soigneusement emball\u00e9s, y compris un d\u00e9pliant explicatif et leur carte d\u2019authenticit\u00e9 explicative.<br \/>Fabriqu\u00e9s \u00e0 la main dans un environnement entour\u00e9 par la nature, Qu\u00e9bec, Canada.<\/p><p>Comme Don et Carol Ann Croft, nous aimons beaucoup faire des orgonites avec des designs sp\u00e9ciaux et leurs significations.<em><strong>\u00a0<a href=\"https:\/\/www.croftzappers.com\/orgonite\">https:\/\/www.croftzappers.com\/orgonite<\/a><\/strong><\/em><\/p><p>\u00a0<\/p><h4 class=\"western\">Informations pour faire vos choix:\u00a0<\/h4><p><strong>Cordon noir\/gris: ajustable entre 14'' et 24''.<\/strong><\/p><p><strong>Chaine en argent sterling 925: 17.5'' avec une extension de 1.5''.<\/strong><\/p>\n\t\t\t\t\t<\/div>\n\t\t\t\t\t\t<\/div>\n\t\t\t\t<\/div>\n\t\t\t\t\t<\/div>\n\t\t<\/div>\n\t\t\t\t\t<\/div>\n\t\t<\/section>\n\t\t\t\t<\/div>","protected":false},"excerpt":{"rendered":"<p>Enti\u00e8rement cr\u00e9\u00e9 par Carol-Anne pour honorer la douce m\u00e9moire de Carol Ann Croft et de son Protecteur Harmonique commercialis\u00e9 en 2003.<br \/>\nC'est la meilleure solution pour vous prot\u00e9ger partout et accro\u00eetre votre bien-\u00eatre au naturel!<\/p>\n<p>Chose between a keychain or an adjustable nylon cord in satin black or satin grey.<\/p>","protected":false},"featured_media":11313,"comment_status":"open","ping_status":"closed","template":"","meta":[],"product_brand":[],"product_cat":[74,72],"product_tag":[],"class_list":{"0":"post-11312","1":"product","2":"type-product","3":"status-publish","4":"has-post-thumbnail","6":"product_cat-pendants-keychains-orgone-orgonites-protection-quartz-gemstones-powerful","7":"product_cat-orgone-generators-orgonites-portable-protection","8":"product_shipping_class-little-package","10":"first","11":"instock","12":"taxable","13":"shipping-taxable","14":"purchasable","15":"product-type-variable"},"yoast_head":"<!-- This site is optimized with the Yoast SEO plugin v27.3 - https:\/\/yoast.com\/product\/yoast-seo-wordpress\/ -->\n<title>THE HONOR HARMONIC - Orgonites ODN<\/title>\n<meta name=\"description\" content=\"Honour the sweet memory of Carol Ann Croft and her Harmonic Protector, this pendant or keychain acts as an energy mirror. The best way to protect yourself.\" \/>\n<meta name=\"robots\" content=\"index, follow, max-snippet:-1, max-image-preview:large, max-video-preview:-1\" \/>\n<link rel=\"canonical\" href=\"https:\/\/orgonitesodn.ca\/fr\/produit\/the-honor-harmonic-pendant-croft-protection\/\" \/>\n<meta property=\"og:locale\" content=\"fr_CA\" \/>\n<meta property=\"og:type\" content=\"article\" \/>\n<meta property=\"og:title\" content=\"THE HONOR HARMONIC - Orgonites ODN\" \/>\n<meta property=\"og:description\" content=\"Honour the sweet memory of Carol Ann Croft and her Harmonic Protector, this pendant or keychain acts as an energy mirror. The best way to protect yourself.\" \/>\n<meta property=\"og:url\" content=\"https:\/\/orgonitesodn.ca\/fr\/produit\/the-honor-harmonic-pendant-croft-protection\/\" \/>\n<meta property=\"og:site_name\" content=\"Orgonites ODN\" \/>\n<meta property=\"article:modified_time\" content=\"2026-04-12T14:55:06+00:00\" \/>\n<meta property=\"og:image\" content=\"https:\/\/orgonitesodn.ca\/wp-content\/uploads\/2023\/04\/SAB_pendentif-carolannCroft-scaled.jpg\" \/>\n\t<meta property=\"og:image:width\" content=\"2560\" \/>\n\t<meta property=\"og:image:height\" content=\"1707\" \/>\n\t<meta property=\"og:image:type\" content=\"image\/jpeg\" \/>\n<meta name=\"twitter:card\" content=\"summary_large_image\" \/>\n<meta name=\"twitter:label1\" content=\"Estimation du temps de lecture\" \/>\n\t<meta name=\"twitter:data1\" content=\"2 minutes\" \/>\n<script type=\"application\/ld+json\" class=\"yoast-schema-graph\">{\"@context\":\"https:\\\/\\\/schema.org\",\"@graph\":[{\"@type\":\"WebPage\",\"@id\":\"https:\\\/\\\/orgonitesodn.ca\\\/product\\\/the-honor-harmonic-pendant-croft-protection\\\/\",\"url\":\"https:\\\/\\\/orgonitesodn.ca\\\/product\\\/the-honor-harmonic-pendant-croft-protection\\\/\",\"name\":\"THE HONOR HARMONIC - Orgonites ODN\",\"isPartOf\":{\"@id\":\"https:\\\/\\\/orgonitesodn.ca\\\/#website\"},\"primaryImageOfPage\":{\"@id\":\"https:\\\/\\\/orgonitesodn.ca\\\/product\\\/the-honor-harmonic-pendant-croft-protection\\\/#primaryimage\"},\"image\":{\"@id\":\"https:\\\/\\\/orgonitesodn.ca\\\/product\\\/the-honor-harmonic-pendant-croft-protection\\\/#primaryimage\"},\"thumbnailUrl\":\"https:\\\/\\\/orgonitesodn.ca\\\/wp-content\\\/uploads\\\/2023\\\/04\\\/SAB_pendentif-carolannCroft-scaled.jpg\",\"datePublished\":\"2023-04-17T20:48:38+00:00\",\"dateModified\":\"2026-04-12T14:55:06+00:00\",\"description\":\"Honour the sweet memory of Carol Ann Croft and her Harmonic Protector, this pendant or keychain acts as an energy mirror. The best way to protect yourself.\",\"breadcrumb\":{\"@id\":\"https:\\\/\\\/orgonitesodn.ca\\\/product\\\/the-honor-harmonic-pendant-croft-protection\\\/#breadcrumb\"},\"inLanguage\":\"fr-CA\",\"potentialAction\":[{\"@type\":\"ReadAction\",\"target\":[\"https:\\\/\\\/orgonitesodn.ca\\\/product\\\/the-honor-harmonic-pendant-croft-protection\\\/\"]}]},{\"@type\":\"ImageObject\",\"inLanguage\":\"fr-CA\",\"@id\":\"https:\\\/\\\/orgonitesodn.ca\\\/product\\\/the-honor-harmonic-pendant-croft-protection\\\/#primaryimage\",\"url\":\"https:\\\/\\\/orgonitesodn.ca\\\/wp-content\\\/uploads\\\/2023\\\/04\\\/SAB_pendentif-carolannCroft-scaled.jpg\",\"contentUrl\":\"https:\\\/\\\/orgonitesodn.ca\\\/wp-content\\\/uploads\\\/2023\\\/04\\\/SAB_pendentif-carolannCroft-scaled.jpg\",\"width\":2560,\"height\":1707},{\"@type\":\"BreadcrumbList\",\"@id\":\"https:\\\/\\\/orgonitesodn.ca\\\/product\\\/the-honor-harmonic-pendant-croft-protection\\\/#breadcrumb\",\"itemListElement\":[{\"@type\":\"ListItem\",\"position\":1,\"name\":\"Home\",\"item\":\"https:\\\/\\\/orgonitesodn.ca\\\/\"},{\"@type\":\"ListItem\",\"position\":2,\"name\":\"Shop\",\"item\":\"https:\\\/\\\/orgonitesodn.ca\\\/shop-orgonites\\\/\"},{\"@type\":\"ListItem\",\"position\":3,\"name\":\"THE HONOR HARMONIC\"}]},{\"@type\":\"WebSite\",\"@id\":\"https:\\\/\\\/orgonitesodn.ca\\\/#website\",\"url\":\"https:\\\/\\\/orgonitesodn.ca\\\/\",\"name\":\"Orgonites ODN\",\"description\":\"\",\"publisher\":{\"@id\":\"https:\\\/\\\/orgonitesodn.ca\\\/#organization\"},\"potentialAction\":[{\"@type\":\"SearchAction\",\"target\":{\"@type\":\"EntryPoint\",\"urlTemplate\":\"https:\\\/\\\/orgonitesodn.ca\\\/?s={search_term_string}\"},\"query-input\":{\"@type\":\"PropertyValueSpecification\",\"valueRequired\":true,\"valueName\":\"search_term_string\"}}],\"inLanguage\":\"fr-CA\"},{\"@type\":\"Organization\",\"@id\":\"https:\\\/\\\/orgonitesodn.ca\\\/#organization\",\"name\":\"Orgonites ODN\",\"url\":\"https:\\\/\\\/orgonitesodn.ca\\\/\",\"logo\":{\"@type\":\"ImageObject\",\"inLanguage\":\"fr-CA\",\"@id\":\"https:\\\/\\\/orgonitesodn.ca\\\/#\\\/schema\\\/logo\\\/image\\\/\",\"url\":\"https:\\\/\\\/orgonitesodn.ca\\\/wp-content\\\/uploads\\\/2023\\\/03\\\/page-3-e1722971186772.jpeg\",\"contentUrl\":\"https:\\\/\\\/orgonitesodn.ca\\\/wp-content\\\/uploads\\\/2023\\\/03\\\/page-3-e1722971186772.jpeg\",\"width\":342,\"height\":167,\"caption\":\"Orgonites ODN\"},\"image\":{\"@id\":\"https:\\\/\\\/orgonitesodn.ca\\\/#\\\/schema\\\/logo\\\/image\\\/\"}}]}<\/script>\n<!-- \/ Yoast SEO plugin. -->","yoast_head_json":{"title":"THE HONOR HARMONIC - Orgonites ODN","description":"Honour the sweet memory of Carol Ann Croft and her Harmonic Protector, this pendant or keychain acts as an energy mirror. The best way to protect yourself.","robots":{"index":"index","follow":"follow","max-snippet":"max-snippet:-1","max-image-preview":"max-image-preview:large","max-video-preview":"max-video-preview:-1"},"canonical":"https:\/\/orgonitesodn.ca\/fr\/produit\/the-honor-harmonic-pendant-croft-protection\/","og_locale":"fr_CA","og_type":"article","og_title":"THE HONOR HARMONIC - Orgonites ODN","og_description":"Honour the sweet memory of Carol Ann Croft and her Harmonic Protector, this pendant or keychain acts as an energy mirror. The best way to protect yourself.","og_url":"https:\/\/orgonitesodn.ca\/fr\/produit\/the-honor-harmonic-pendant-croft-protection\/","og_site_name":"Orgonites ODN","article_modified_time":"2026-04-12T14:55:06+00:00","og_image":[{"width":2560,"height":1707,"url":"https:\/\/orgonitesodn.ca\/wp-content\/uploads\/2023\/04\/SAB_pendentif-carolannCroft-scaled.jpg","type":"image\/jpeg"}],"twitter_card":"summary_large_image","twitter_misc":{"Estimation du temps de lecture":"2 minutes"},"schema":{"@context":"https:\/\/schema.org","@graph":[{"@type":"WebPage","@id":"https:\/\/orgonitesodn.ca\/product\/the-honor-harmonic-pendant-croft-protection\/","url":"https:\/\/orgonitesodn.ca\/product\/the-honor-harmonic-pendant-croft-protection\/","name":"THE HONOR HARMONIC - Orgonites ODN","isPartOf":{"@id":"https:\/\/orgonitesodn.ca\/#website"},"primaryImageOfPage":{"@id":"https:\/\/orgonitesodn.ca\/product\/the-honor-harmonic-pendant-croft-protection\/#primaryimage"},"image":{"@id":"https:\/\/orgonitesodn.ca\/product\/the-honor-harmonic-pendant-croft-protection\/#primaryimage"},"thumbnailUrl":"https:\/\/orgonitesodn.ca\/wp-content\/uploads\/2023\/04\/SAB_pendentif-carolannCroft-scaled.jpg","datePublished":"2023-04-17T20:48:38+00:00","dateModified":"2026-04-12T14:55:06+00:00","description":"Honour the sweet memory of Carol Ann Croft and her Harmonic Protector, this pendant or keychain acts as an energy mirror. The best way to protect yourself.","breadcrumb":{"@id":"https:\/\/orgonitesodn.ca\/product\/the-honor-harmonic-pendant-croft-protection\/#breadcrumb"},"inLanguage":"fr-CA","potentialAction":[{"@type":"ReadAction","target":["https:\/\/orgonitesodn.ca\/product\/the-honor-harmonic-pendant-croft-protection\/"]}]},{"@type":"ImageObject","inLanguage":"fr-CA","@id":"https:\/\/orgonitesodn.ca\/product\/the-honor-harmonic-pendant-croft-protection\/#primaryimage","url":"https:\/\/orgonitesodn.ca\/wp-content\/uploads\/2023\/04\/SAB_pendentif-carolannCroft-scaled.jpg","contentUrl":"https:\/\/orgonitesodn.ca\/wp-content\/uploads\/2023\/04\/SAB_pendentif-carolannCroft-scaled.jpg","width":2560,"height":1707},{"@type":"BreadcrumbList","@id":"https:\/\/orgonitesodn.ca\/product\/the-honor-harmonic-pendant-croft-protection\/#breadcrumb","itemListElement":[{"@type":"ListItem","position":1,"name":"Home","item":"https:\/\/orgonitesodn.ca\/"},{"@type":"ListItem","position":2,"name":"Shop","item":"https:\/\/orgonitesodn.ca\/shop-orgonites\/"},{"@type":"ListItem","position":3,"name":"THE HONOR HARMONIC"}]},{"@type":"WebSite","@id":"https:\/\/orgonitesodn.ca\/#website","url":"https:\/\/orgonitesodn.ca\/","name":"Orgonites ODN","description":"","publisher":{"@id":"https:\/\/orgonitesodn.ca\/#organization"},"potentialAction":[{"@type":"SearchAction","target":{"@type":"EntryPoint","urlTemplate":"https:\/\/orgonitesodn.ca\/?s={search_term_string}"},"query-input":{"@type":"PropertyValueSpecification","valueRequired":true,"valueName":"search_term_string"}}],"inLanguage":"fr-CA"},{"@type":"Organization","@id":"https:\/\/orgonitesodn.ca\/#organization","name":"Orgonites ODN","url":"https:\/\/orgonitesodn.ca\/","logo":{"@type":"ImageObject","inLanguage":"fr-CA","@id":"https:\/\/orgonitesodn.ca\/#\/schema\/logo\/image\/","url":"https:\/\/orgonitesodn.ca\/wp-content\/uploads\/2023\/03\/page-3-e1722971186772.jpeg","contentUrl":"https:\/\/orgonitesodn.ca\/wp-content\/uploads\/2023\/03\/page-3-e1722971186772.jpeg","width":342,"height":167,"caption":"Orgonites ODN"},"image":{"@id":"https:\/\/orgonitesodn.ca\/#\/schema\/logo\/image\/"}}]}},"jetpack_sharing_enabled":true,"_links":{"self":[{"href":"https:\/\/orgonitesodn.ca\/fr\/wp-json\/wp\/v2\/product\/11312","targetHints":{"allow":["GET"]}}],"collection":[{"href":"https:\/\/orgonitesodn.ca\/fr\/wp-json\/wp\/v2\/product"}],"about":[{"href":"https:\/\/orgonitesodn.ca\/fr\/wp-json\/wp\/v2\/types\/product"}],"replies":[{"embeddable":true,"href":"https:\/\/orgonitesodn.ca\/fr\/wp-json\/wp\/v2\/comments?post=11312"}],"version-history":[{"count":21,"href":"https:\/\/orgonitesodn.ca\/fr\/wp-json\/wp\/v2\/product\/11312\/revisions"}],"predecessor-version":[{"id":15312,"href":"https:\/\/orgonitesodn.ca\/fr\/wp-json\/wp\/v2\/product\/11312\/revisions\/15312"}],"wp:featuredmedia":[{"embeddable":true,"href":"https:\/\/orgonitesodn.ca\/fr\/wp-json\/wp\/v2\/media\/11313"}],"wp:attachment":[{"href":"https:\/\/orgonitesodn.ca\/fr\/wp-json\/wp\/v2\/media?parent=11312"}],"wp:term":[{"taxonomy":"product_brand","embeddable":true,"href":"https:\/\/orgonitesodn.ca\/fr\/wp-json\/wp\/v2\/product_brand?post=11312"},{"taxonomy":"product_cat","embeddable":true,"href":"https:\/\/orgonitesodn.ca\/fr\/wp-json\/wp\/v2\/product_cat?post=11312"},{"taxonomy":"product_tag","embeddable":true,"href":"https:\/\/orgonitesodn.ca\/fr\/wp-json\/wp\/v2\/product_tag?post=11312"}],"curies":[{"name":"wp","href":"https:\/\/api.w.org\/{rel}","templated":true}]}}