{"id":11476,"date":"2023-05-03T15:15:34","date_gmt":"2023-05-03T15:15:34","guid":{"rendered":"https:\/\/orgon.ghostpress.io\/?post_type=product&#038;p=11476"},"modified":"2026-04-14T21:06:41","modified_gmt":"2026-04-14T21:06:41","slug":"odn-blue-coil-orgonite-small","status":"publish","type":"product","link":"https:\/\/orgonitesodn.ca\/fr\/produit\/odn-blue-coil-orgonite-small\/","title":{"rendered":"LA BLEUE \u00c0 COIL"},"content":{"rendered":"<p>En harmonie avec les chakras de la gorge et du troisi\u00e8me oeil, notre \u00e9dition sensorielle La Bleue \u00e0 Coil avec sa spirale de cuivre vous charmera.<\/p>\n<p>Le coil de cuivre et le titane permettent un plus grand champ d\u2019action \u00e0 cette petite orgonite.<br \/>\nLe quartz clair qualit\u00e9 AAA et le quartz rose vous procurent des \u00e9nergies positives en transmuttant les \u00e9nergies n\u00e9gatives.<\/p>\n<p>La lapis lazuli att\u00e9nue les migraines, r\u00e9duit le stress et encourage une meilleure confiance en soi. Le grenat apporte \u00e0 La Bleue \u00e0 Coil ses propri\u00e9t\u00e9s dynamisantes. Elle est une source de joie de vivre, de courage et de pers\u00e9v\u00e9rance.<br \/>\nLorsque d\u00e9pos\u00e9e sur votre cellulaire ou votre tablette \u00e9lectronique sur la table de chevet, la lapis aide aussi \u00e0 all\u00e9ger les probl\u00e8mes d\u2019insomnie et le grenat absorbe la n\u00e9gativit\u00e9.<\/p>","protected":false},"excerpt":{"rendered":"<p>Dans La Bleue \u00e0 Coil, la pierre lapis lazuli aide \u00e0 soulager les migraines, \u00e0 r\u00e9duire le stress et favorise la confiance en soi. Avec le grenat, cette orgonite est source de joie, de courage et de pers\u00e9v\u00e9rance.<\/p>\n<p>&nbsp;<\/p>","protected":false},"featured_media":11758,"comment_status":"open","ping_status":"closed","template":"","meta":[],"product_brand":[],"product_cat":[72,90],"product_tag":[],"class_list":{"0":"post-11476","1":"product","2":"type-product","3":"status-publish","4":"has-post-thumbnail","6":"product_cat-orgone-generators-orgonites-portable-protection","7":"product_cat-sensory-editions","8":"product_shipping_class-little-package","10":"first","11":"instock","12":"taxable","13":"shipping-taxable","14":"purchasable","15":"product-type-simple"},"yoast_head":"<!-- This site is optimized with the Yoast SEO plugin v27.3 - https:\/\/yoast.com\/product\/yoast-seo-wordpress\/ -->\n<title>The Blue with coil - Orgonites ODN<\/title>\n<meta name=\"description\" content=\"In The Blue at Coil, lapis Lazuli alleviates migraines, reduces stress and promote self-confidence. Source of joy, courage and perseverance with grenat.\" \/>\n<meta name=\"robots\" content=\"index, follow, max-snippet:-1, max-image-preview:large, max-video-preview:-1\" \/>\n<link rel=\"canonical\" href=\"https:\/\/orgonitesodn.ca\/fr\/produit\/odn-blue-coil-orgonite-small\/\" \/>\n<meta property=\"og:locale\" content=\"fr_CA\" \/>\n<meta property=\"og:type\" content=\"article\" \/>\n<meta property=\"og:title\" content=\"The Blue with coil - Orgonites ODN\" \/>\n<meta property=\"og:description\" content=\"In The Blue at Coil, lapis Lazuli alleviates migraines, reduces stress and promote self-confidence. Source of joy, courage and perseverance with grenat.\" \/>\n<meta property=\"og:url\" content=\"https:\/\/orgonitesodn.ca\/fr\/produit\/odn-blue-coil-orgonite-small\/\" \/>\n<meta property=\"og:site_name\" content=\"Orgonites ODN\" \/>\n<meta property=\"article:modified_time\" content=\"2026-04-14T21:06:41+00:00\" \/>\n<meta property=\"og:image\" content=\"https:\/\/orgonitesodn.ca\/wp-content\/uploads\/2023\/05\/test-scaled.jpeg\" \/>\n\t<meta property=\"og:image:width\" content=\"2560\" \/>\n\t<meta property=\"og:image:height\" content=\"1707\" \/>\n\t<meta property=\"og:image:type\" content=\"image\/jpeg\" \/>\n<meta name=\"twitter:card\" content=\"summary_large_image\" \/>\n<meta name=\"twitter:label1\" content=\"Estimation du temps de lecture\" \/>\n\t<meta name=\"twitter:data1\" content=\"1 minute\" \/>\n<script type=\"application\/ld+json\" class=\"yoast-schema-graph\">{\"@context\":\"https:\\\/\\\/schema.org\",\"@graph\":[{\"@type\":\"WebPage\",\"@id\":\"https:\\\/\\\/orgonitesodn.ca\\\/product\\\/odn-blue-coil-orgonite-small\\\/\",\"url\":\"https:\\\/\\\/orgonitesodn.ca\\\/product\\\/odn-blue-coil-orgonite-small\\\/\",\"name\":\"The Blue with coil - Orgonites ODN\",\"isPartOf\":{\"@id\":\"https:\\\/\\\/orgonitesodn.ca\\\/#website\"},\"primaryImageOfPage\":{\"@id\":\"https:\\\/\\\/orgonitesodn.ca\\\/product\\\/odn-blue-coil-orgonite-small\\\/#primaryimage\"},\"image\":{\"@id\":\"https:\\\/\\\/orgonitesodn.ca\\\/product\\\/odn-blue-coil-orgonite-small\\\/#primaryimage\"},\"thumbnailUrl\":\"https:\\\/\\\/orgonitesodn.ca\\\/wp-content\\\/uploads\\\/2023\\\/05\\\/test-scaled.jpeg\",\"datePublished\":\"2023-05-03T15:15:34+00:00\",\"dateModified\":\"2026-04-14T21:06:41+00:00\",\"description\":\"In The Blue at Coil, lapis Lazuli alleviates migraines, reduces stress and promote self-confidence. Source of joy, courage and perseverance with grenat.\",\"breadcrumb\":{\"@id\":\"https:\\\/\\\/orgonitesodn.ca\\\/product\\\/odn-blue-coil-orgonite-small\\\/#breadcrumb\"},\"inLanguage\":\"fr-CA\",\"potentialAction\":[{\"@type\":\"ReadAction\",\"target\":[\"https:\\\/\\\/orgonitesodn.ca\\\/product\\\/odn-blue-coil-orgonite-small\\\/\"]}]},{\"@type\":\"ImageObject\",\"inLanguage\":\"fr-CA\",\"@id\":\"https:\\\/\\\/orgonitesodn.ca\\\/product\\\/odn-blue-coil-orgonite-small\\\/#primaryimage\",\"url\":\"https:\\\/\\\/orgonitesodn.ca\\\/wp-content\\\/uploads\\\/2023\\\/05\\\/test-scaled.jpeg\",\"contentUrl\":\"https:\\\/\\\/orgonitesodn.ca\\\/wp-content\\\/uploads\\\/2023\\\/05\\\/test-scaled.jpeg\",\"width\":2560,\"height\":1707},{\"@type\":\"BreadcrumbList\",\"@id\":\"https:\\\/\\\/orgonitesodn.ca\\\/product\\\/odn-blue-coil-orgonite-small\\\/#breadcrumb\",\"itemListElement\":[{\"@type\":\"ListItem\",\"position\":1,\"name\":\"Home\",\"item\":\"https:\\\/\\\/orgonitesodn.ca\\\/\"},{\"@type\":\"ListItem\",\"position\":2,\"name\":\"Shop\",\"item\":\"https:\\\/\\\/orgonitesodn.ca\\\/shop-orgonites\\\/\"},{\"@type\":\"ListItem\",\"position\":3,\"name\":\"THE BLUE AT COIL\"}]},{\"@type\":\"WebSite\",\"@id\":\"https:\\\/\\\/orgonitesodn.ca\\\/#website\",\"url\":\"https:\\\/\\\/orgonitesodn.ca\\\/\",\"name\":\"Orgonites ODN\",\"description\":\"\",\"publisher\":{\"@id\":\"https:\\\/\\\/orgonitesodn.ca\\\/#organization\"},\"potentialAction\":[{\"@type\":\"SearchAction\",\"target\":{\"@type\":\"EntryPoint\",\"urlTemplate\":\"https:\\\/\\\/orgonitesodn.ca\\\/?s={search_term_string}\"},\"query-input\":{\"@type\":\"PropertyValueSpecification\",\"valueRequired\":true,\"valueName\":\"search_term_string\"}}],\"inLanguage\":\"fr-CA\"},{\"@type\":\"Organization\",\"@id\":\"https:\\\/\\\/orgonitesodn.ca\\\/#organization\",\"name\":\"Orgonites ODN\",\"url\":\"https:\\\/\\\/orgonitesodn.ca\\\/\",\"logo\":{\"@type\":\"ImageObject\",\"inLanguage\":\"fr-CA\",\"@id\":\"https:\\\/\\\/orgonitesodn.ca\\\/#\\\/schema\\\/logo\\\/image\\\/\",\"url\":\"https:\\\/\\\/orgonitesodn.ca\\\/wp-content\\\/uploads\\\/2023\\\/03\\\/page-3-e1722971186772.jpeg\",\"contentUrl\":\"https:\\\/\\\/orgonitesodn.ca\\\/wp-content\\\/uploads\\\/2023\\\/03\\\/page-3-e1722971186772.jpeg\",\"width\":342,\"height\":167,\"caption\":\"Orgonites ODN\"},\"image\":{\"@id\":\"https:\\\/\\\/orgonitesodn.ca\\\/#\\\/schema\\\/logo\\\/image\\\/\"}}]}<\/script>\n<!-- \/ Yoast SEO plugin. -->","yoast_head_json":{"title":"The Blue with coil - Orgonites ODN","description":"In The Blue at Coil, lapis Lazuli alleviates migraines, reduces stress and promote self-confidence. Source of joy, courage and perseverance with grenat.","robots":{"index":"index","follow":"follow","max-snippet":"max-snippet:-1","max-image-preview":"max-image-preview:large","max-video-preview":"max-video-preview:-1"},"canonical":"https:\/\/orgonitesodn.ca\/fr\/produit\/odn-blue-coil-orgonite-small\/","og_locale":"fr_CA","og_type":"article","og_title":"The Blue with coil - Orgonites ODN","og_description":"In The Blue at Coil, lapis Lazuli alleviates migraines, reduces stress and promote self-confidence. Source of joy, courage and perseverance with grenat.","og_url":"https:\/\/orgonitesodn.ca\/fr\/produit\/odn-blue-coil-orgonite-small\/","og_site_name":"Orgonites ODN","article_modified_time":"2026-04-14T21:06:41+00:00","og_image":[{"width":2560,"height":1707,"url":"https:\/\/orgonitesodn.ca\/wp-content\/uploads\/2023\/05\/test-scaled.jpeg","type":"image\/jpeg"}],"twitter_card":"summary_large_image","twitter_misc":{"Estimation du temps de lecture":"1 minute"},"schema":{"@context":"https:\/\/schema.org","@graph":[{"@type":"WebPage","@id":"https:\/\/orgonitesodn.ca\/product\/odn-blue-coil-orgonite-small\/","url":"https:\/\/orgonitesodn.ca\/product\/odn-blue-coil-orgonite-small\/","name":"The Blue with coil - Orgonites ODN","isPartOf":{"@id":"https:\/\/orgonitesodn.ca\/#website"},"primaryImageOfPage":{"@id":"https:\/\/orgonitesodn.ca\/product\/odn-blue-coil-orgonite-small\/#primaryimage"},"image":{"@id":"https:\/\/orgonitesodn.ca\/product\/odn-blue-coil-orgonite-small\/#primaryimage"},"thumbnailUrl":"https:\/\/orgonitesodn.ca\/wp-content\/uploads\/2023\/05\/test-scaled.jpeg","datePublished":"2023-05-03T15:15:34+00:00","dateModified":"2026-04-14T21:06:41+00:00","description":"In The Blue at Coil, lapis Lazuli alleviates migraines, reduces stress and promote self-confidence. Source of joy, courage and perseverance with grenat.","breadcrumb":{"@id":"https:\/\/orgonitesodn.ca\/product\/odn-blue-coil-orgonite-small\/#breadcrumb"},"inLanguage":"fr-CA","potentialAction":[{"@type":"ReadAction","target":["https:\/\/orgonitesodn.ca\/product\/odn-blue-coil-orgonite-small\/"]}]},{"@type":"ImageObject","inLanguage":"fr-CA","@id":"https:\/\/orgonitesodn.ca\/product\/odn-blue-coil-orgonite-small\/#primaryimage","url":"https:\/\/orgonitesodn.ca\/wp-content\/uploads\/2023\/05\/test-scaled.jpeg","contentUrl":"https:\/\/orgonitesodn.ca\/wp-content\/uploads\/2023\/05\/test-scaled.jpeg","width":2560,"height":1707},{"@type":"BreadcrumbList","@id":"https:\/\/orgonitesodn.ca\/product\/odn-blue-coil-orgonite-small\/#breadcrumb","itemListElement":[{"@type":"ListItem","position":1,"name":"Home","item":"https:\/\/orgonitesodn.ca\/"},{"@type":"ListItem","position":2,"name":"Shop","item":"https:\/\/orgonitesodn.ca\/shop-orgonites\/"},{"@type":"ListItem","position":3,"name":"THE BLUE AT COIL"}]},{"@type":"WebSite","@id":"https:\/\/orgonitesodn.ca\/#website","url":"https:\/\/orgonitesodn.ca\/","name":"Orgonites ODN","description":"","publisher":{"@id":"https:\/\/orgonitesodn.ca\/#organization"},"potentialAction":[{"@type":"SearchAction","target":{"@type":"EntryPoint","urlTemplate":"https:\/\/orgonitesodn.ca\/?s={search_term_string}"},"query-input":{"@type":"PropertyValueSpecification","valueRequired":true,"valueName":"search_term_string"}}],"inLanguage":"fr-CA"},{"@type":"Organization","@id":"https:\/\/orgonitesodn.ca\/#organization","name":"Orgonites ODN","url":"https:\/\/orgonitesodn.ca\/","logo":{"@type":"ImageObject","inLanguage":"fr-CA","@id":"https:\/\/orgonitesodn.ca\/#\/schema\/logo\/image\/","url":"https:\/\/orgonitesodn.ca\/wp-content\/uploads\/2023\/03\/page-3-e1722971186772.jpeg","contentUrl":"https:\/\/orgonitesodn.ca\/wp-content\/uploads\/2023\/03\/page-3-e1722971186772.jpeg","width":342,"height":167,"caption":"Orgonites ODN"},"image":{"@id":"https:\/\/orgonitesodn.ca\/#\/schema\/logo\/image\/"}}]}},"jetpack_sharing_enabled":true,"_links":{"self":[{"href":"https:\/\/orgonitesodn.ca\/fr\/wp-json\/wp\/v2\/product\/11476","targetHints":{"allow":["GET"]}}],"collection":[{"href":"https:\/\/orgonitesodn.ca\/fr\/wp-json\/wp\/v2\/product"}],"about":[{"href":"https:\/\/orgonitesodn.ca\/fr\/wp-json\/wp\/v2\/types\/product"}],"replies":[{"embeddable":true,"href":"https:\/\/orgonitesodn.ca\/fr\/wp-json\/wp\/v2\/comments?post=11476"}],"version-history":[{"count":2,"href":"https:\/\/orgonitesodn.ca\/fr\/wp-json\/wp\/v2\/product\/11476\/revisions"}],"predecessor-version":[{"id":13082,"href":"https:\/\/orgonitesodn.ca\/fr\/wp-json\/wp\/v2\/product\/11476\/revisions\/13082"}],"wp:featuredmedia":[{"embeddable":true,"href":"https:\/\/orgonitesodn.ca\/fr\/wp-json\/wp\/v2\/media\/11758"}],"wp:attachment":[{"href":"https:\/\/orgonitesodn.ca\/fr\/wp-json\/wp\/v2\/media?parent=11476"}],"wp:term":[{"taxonomy":"product_brand","embeddable":true,"href":"https:\/\/orgonitesodn.ca\/fr\/wp-json\/wp\/v2\/product_brand?post=11476"},{"taxonomy":"product_cat","embeddable":true,"href":"https:\/\/orgonitesodn.ca\/fr\/wp-json\/wp\/v2\/product_cat?post=11476"},{"taxonomy":"product_tag","embeddable":true,"href":"https:\/\/orgonitesodn.ca\/fr\/wp-json\/wp\/v2\/product_tag?post=11476"}],"curies":[{"name":"wp","href":"https:\/\/api.w.org\/{rel}","templated":true}]}}