{"id":11479,"date":"2023-05-03T15:32:50","date_gmt":"2023-05-03T15:32:50","guid":{"rendered":"https:\/\/orgon.ghostpress.io\/?post_type=product&#038;p=11479"},"modified":"2025-01-14T01:45:46","modified_gmt":"2025-01-14T01:45:46","slug":"orgonite-odn-the-creative-half-sphere","status":"publish","type":"product","link":"https:\/\/orgonitesodn.ca\/fr\/produit\/orgonite-odn-the-creative-half-sphere\/","title":{"rendered":"LA DEMI-SPH\u00c8RE CR\u00c9ATIVE"},"content":{"rendered":"<p>Fabriqu\u00e9e \u00e0 base de titane et de fer, La Demi-Sphere Cr\u00e9ative comprend bien-s\u00fbr du quartz clair de qualit\u00e9 AAA en son centre.<br \/>\nLe p\u00e9ridot tient \u00e0 distance les esprits n\u00e9gatifs. Il vous permet de vous concentrer et de garder le focus.<br \/>\nLa kyanite orange propulse la cr\u00e9ativit\u00e9 et aide \u00e0 l'\u00e9quilibre \u00e9motionnel et mental. Elle est une pierre de motivation.<\/p>\n<p>Malgr\u00e9 sa capacit\u00e9 d'orgonite de protection contre les rayonnements \u00e9lectromagn\u00e9tiques, cette orgonite n'est pas la meilleure \u00e9dition sensorielle \u00e0 garder pr\u00e8s de soi la nuit. Elle pourrait \u00e9lever les r\u00eaves \u00e0 un autre niveau plus cr\u00e9atif.<\/p>\n<p>Elle est donc id\u00e9ale pour \u00eatre laiss\u00e9e \u00e0 son bureau de travail ou \u00e0 l'\u00e9cole. Elle est d'une aide pr\u00e9cieuse pour r\u00e9veiller l'imagination. Faites la bouger dans vos mains pour \u00e9crire un texte, dessiner un croquis, travailler les chiffres, etc.<\/p>","protected":false},"excerpt":{"rendered":"<p>Les propri\u00e9t\u00e9s cr\u00e9atives de la kyanite orange. Votre prochaine orgonite cr\u00e9ative est donc id\u00e9ale pour \u00eatre laiss\u00e9e au bureau ou \u00e0 l\u2019\u00e9cole. Elle est une aide pr\u00e9cieuse pour \u00e9veiller l\u2019imagination. Jouez avec dans vos mains pour \u00e9crire un texte, dessiner un croquis, travailler les chiffres, etc.<\/p>","protected":false},"featured_media":11757,"comment_status":"open","ping_status":"closed","template":"","meta":[],"product_brand":[],"product_cat":[72,90],"product_tag":[],"class_list":{"0":"post-11479","1":"product","2":"type-product","3":"status-publish","4":"has-post-thumbnail","6":"product_cat-orgone-generators-orgonites-portable-protection","7":"product_cat-sensory-editions","8":"product_shipping_class-little-package","10":"first","11":"instock","12":"taxable","13":"shipping-taxable","14":"purchasable","15":"product-type-simple"},"yoast_head":"<!-- This site is optimized with the Yoast SEO plugin v27.3 - https:\/\/yoast.com\/product\/yoast-seo-wordpress\/ -->\n<title>The Creative Orgonite - Orgonites ODN<\/title>\n<meta name=\"description\" content=\"For the creative orgonite half-sphere by North Orgonites, the orange kyanite propels creativity. Move it in your hands to help in awakening the imagination.\" \/>\n<meta name=\"robots\" content=\"index, follow, max-snippet:-1, max-image-preview:large, max-video-preview:-1\" \/>\n<link rel=\"canonical\" href=\"https:\/\/orgonitesodn.ca\/fr\/produit\/orgonite-odn-the-creative-half-sphere\/\" \/>\n<meta property=\"og:locale\" content=\"fr_CA\" \/>\n<meta property=\"og:type\" content=\"article\" \/>\n<meta property=\"og:title\" content=\"The Creative Orgonite - Orgonites ODN\" \/>\n<meta property=\"og:description\" content=\"For the creative orgonite half-sphere by North Orgonites, the orange kyanite propels creativity. Move it in your hands to help in awakening the imagination.\" \/>\n<meta property=\"og:url\" content=\"https:\/\/orgonitesodn.ca\/fr\/produit\/orgonite-odn-the-creative-half-sphere\/\" \/>\n<meta property=\"og:site_name\" content=\"Orgonites ODN\" \/>\n<meta property=\"article:modified_time\" content=\"2025-01-14T01:45:46+00:00\" \/>\n<meta property=\"og:image\" content=\"https:\/\/orgonitesodn.ca\/wp-content\/uploads\/2023\/05\/test-1.jpg\" \/>\n\t<meta property=\"og:image:width\" content=\"1920\" \/>\n\t<meta property=\"og:image:height\" content=\"1280\" \/>\n\t<meta property=\"og:image:type\" content=\"image\/jpeg\" \/>\n<meta name=\"twitter:card\" content=\"summary_large_image\" \/>\n<meta name=\"twitter:label1\" content=\"Estimation du temps de lecture\" \/>\n\t<meta name=\"twitter:data1\" content=\"1 minute\" \/>\n<script type=\"application\/ld+json\" class=\"yoast-schema-graph\">{\"@context\":\"https:\\\/\\\/schema.org\",\"@graph\":[{\"@type\":\"WebPage\",\"@id\":\"https:\\\/\\\/orgonitesodn.ca\\\/product\\\/orgonite-odn-the-creative-half-sphere\\\/\",\"url\":\"https:\\\/\\\/orgonitesodn.ca\\\/product\\\/orgonite-odn-the-creative-half-sphere\\\/\",\"name\":\"The Creative Orgonite - Orgonites ODN\",\"isPartOf\":{\"@id\":\"https:\\\/\\\/orgonitesodn.ca\\\/#website\"},\"primaryImageOfPage\":{\"@id\":\"https:\\\/\\\/orgonitesodn.ca\\\/product\\\/orgonite-odn-the-creative-half-sphere\\\/#primaryimage\"},\"image\":{\"@id\":\"https:\\\/\\\/orgonitesodn.ca\\\/product\\\/orgonite-odn-the-creative-half-sphere\\\/#primaryimage\"},\"thumbnailUrl\":\"https:\\\/\\\/orgonitesodn.ca\\\/wp-content\\\/uploads\\\/2023\\\/05\\\/test-1.jpg\",\"datePublished\":\"2023-05-03T15:32:50+00:00\",\"dateModified\":\"2025-01-14T01:45:46+00:00\",\"description\":\"For the creative orgonite half-sphere by North Orgonites, the orange kyanite propels creativity. Move it in your hands to help in awakening the imagination.\",\"breadcrumb\":{\"@id\":\"https:\\\/\\\/orgonitesodn.ca\\\/product\\\/orgonite-odn-the-creative-half-sphere\\\/#breadcrumb\"},\"inLanguage\":\"fr-CA\",\"potentialAction\":[{\"@type\":\"ReadAction\",\"target\":[\"https:\\\/\\\/orgonitesodn.ca\\\/product\\\/orgonite-odn-the-creative-half-sphere\\\/\"]}]},{\"@type\":\"ImageObject\",\"inLanguage\":\"fr-CA\",\"@id\":\"https:\\\/\\\/orgonitesodn.ca\\\/product\\\/orgonite-odn-the-creative-half-sphere\\\/#primaryimage\",\"url\":\"https:\\\/\\\/orgonitesodn.ca\\\/wp-content\\\/uploads\\\/2023\\\/05\\\/test-1.jpg\",\"contentUrl\":\"https:\\\/\\\/orgonitesodn.ca\\\/wp-content\\\/uploads\\\/2023\\\/05\\\/test-1.jpg\",\"width\":1920,\"height\":1280},{\"@type\":\"BreadcrumbList\",\"@id\":\"https:\\\/\\\/orgonitesodn.ca\\\/product\\\/orgonite-odn-the-creative-half-sphere\\\/#breadcrumb\",\"itemListElement\":[{\"@type\":\"ListItem\",\"position\":1,\"name\":\"Home\",\"item\":\"https:\\\/\\\/orgonitesodn.ca\\\/\"},{\"@type\":\"ListItem\",\"position\":2,\"name\":\"Shop\",\"item\":\"https:\\\/\\\/orgonitesodn.ca\\\/shop-orgonites\\\/\"},{\"@type\":\"ListItem\",\"position\":3,\"name\":\"THE CREATIVE HALF-SPHERE\"}]},{\"@type\":\"WebSite\",\"@id\":\"https:\\\/\\\/orgonitesodn.ca\\\/#website\",\"url\":\"https:\\\/\\\/orgonitesodn.ca\\\/\",\"name\":\"Orgonites ODN\",\"description\":\"\",\"publisher\":{\"@id\":\"https:\\\/\\\/orgonitesodn.ca\\\/#organization\"},\"potentialAction\":[{\"@type\":\"SearchAction\",\"target\":{\"@type\":\"EntryPoint\",\"urlTemplate\":\"https:\\\/\\\/orgonitesodn.ca\\\/?s={search_term_string}\"},\"query-input\":{\"@type\":\"PropertyValueSpecification\",\"valueRequired\":true,\"valueName\":\"search_term_string\"}}],\"inLanguage\":\"fr-CA\"},{\"@type\":\"Organization\",\"@id\":\"https:\\\/\\\/orgonitesodn.ca\\\/#organization\",\"name\":\"Orgonites ODN\",\"url\":\"https:\\\/\\\/orgonitesodn.ca\\\/\",\"logo\":{\"@type\":\"ImageObject\",\"inLanguage\":\"fr-CA\",\"@id\":\"https:\\\/\\\/orgonitesodn.ca\\\/#\\\/schema\\\/logo\\\/image\\\/\",\"url\":\"https:\\\/\\\/orgonitesodn.ca\\\/wp-content\\\/uploads\\\/2023\\\/03\\\/page-3-e1722971186772.jpeg\",\"contentUrl\":\"https:\\\/\\\/orgonitesodn.ca\\\/wp-content\\\/uploads\\\/2023\\\/03\\\/page-3-e1722971186772.jpeg\",\"width\":342,\"height\":167,\"caption\":\"Orgonites ODN\"},\"image\":{\"@id\":\"https:\\\/\\\/orgonitesodn.ca\\\/#\\\/schema\\\/logo\\\/image\\\/\"}}]}<\/script>\n<!-- \/ Yoast SEO plugin. -->","yoast_head_json":{"title":"The Creative Orgonite - Orgonites ODN","description":"For the creative orgonite half-sphere by North Orgonites, the orange kyanite propels creativity. Move it in your hands to help in awakening the imagination.","robots":{"index":"index","follow":"follow","max-snippet":"max-snippet:-1","max-image-preview":"max-image-preview:large","max-video-preview":"max-video-preview:-1"},"canonical":"https:\/\/orgonitesodn.ca\/fr\/produit\/orgonite-odn-the-creative-half-sphere\/","og_locale":"fr_CA","og_type":"article","og_title":"The Creative Orgonite - Orgonites ODN","og_description":"For the creative orgonite half-sphere by North Orgonites, the orange kyanite propels creativity. Move it in your hands to help in awakening the imagination.","og_url":"https:\/\/orgonitesodn.ca\/fr\/produit\/orgonite-odn-the-creative-half-sphere\/","og_site_name":"Orgonites ODN","article_modified_time":"2025-01-14T01:45:46+00:00","og_image":[{"width":1920,"height":1280,"url":"https:\/\/orgonitesodn.ca\/wp-content\/uploads\/2023\/05\/test-1.jpg","type":"image\/jpeg"}],"twitter_card":"summary_large_image","twitter_misc":{"Estimation du temps de lecture":"1 minute"},"schema":{"@context":"https:\/\/schema.org","@graph":[{"@type":"WebPage","@id":"https:\/\/orgonitesodn.ca\/product\/orgonite-odn-the-creative-half-sphere\/","url":"https:\/\/orgonitesodn.ca\/product\/orgonite-odn-the-creative-half-sphere\/","name":"The Creative Orgonite - Orgonites ODN","isPartOf":{"@id":"https:\/\/orgonitesodn.ca\/#website"},"primaryImageOfPage":{"@id":"https:\/\/orgonitesodn.ca\/product\/orgonite-odn-the-creative-half-sphere\/#primaryimage"},"image":{"@id":"https:\/\/orgonitesodn.ca\/product\/orgonite-odn-the-creative-half-sphere\/#primaryimage"},"thumbnailUrl":"https:\/\/orgonitesodn.ca\/wp-content\/uploads\/2023\/05\/test-1.jpg","datePublished":"2023-05-03T15:32:50+00:00","dateModified":"2025-01-14T01:45:46+00:00","description":"For the creative orgonite half-sphere by North Orgonites, the orange kyanite propels creativity. Move it in your hands to help in awakening the imagination.","breadcrumb":{"@id":"https:\/\/orgonitesodn.ca\/product\/orgonite-odn-the-creative-half-sphere\/#breadcrumb"},"inLanguage":"fr-CA","potentialAction":[{"@type":"ReadAction","target":["https:\/\/orgonitesodn.ca\/product\/orgonite-odn-the-creative-half-sphere\/"]}]},{"@type":"ImageObject","inLanguage":"fr-CA","@id":"https:\/\/orgonitesodn.ca\/product\/orgonite-odn-the-creative-half-sphere\/#primaryimage","url":"https:\/\/orgonitesodn.ca\/wp-content\/uploads\/2023\/05\/test-1.jpg","contentUrl":"https:\/\/orgonitesodn.ca\/wp-content\/uploads\/2023\/05\/test-1.jpg","width":1920,"height":1280},{"@type":"BreadcrumbList","@id":"https:\/\/orgonitesodn.ca\/product\/orgonite-odn-the-creative-half-sphere\/#breadcrumb","itemListElement":[{"@type":"ListItem","position":1,"name":"Home","item":"https:\/\/orgonitesodn.ca\/"},{"@type":"ListItem","position":2,"name":"Shop","item":"https:\/\/orgonitesodn.ca\/shop-orgonites\/"},{"@type":"ListItem","position":3,"name":"THE CREATIVE HALF-SPHERE"}]},{"@type":"WebSite","@id":"https:\/\/orgonitesodn.ca\/#website","url":"https:\/\/orgonitesodn.ca\/","name":"Orgonites ODN","description":"","publisher":{"@id":"https:\/\/orgonitesodn.ca\/#organization"},"potentialAction":[{"@type":"SearchAction","target":{"@type":"EntryPoint","urlTemplate":"https:\/\/orgonitesodn.ca\/?s={search_term_string}"},"query-input":{"@type":"PropertyValueSpecification","valueRequired":true,"valueName":"search_term_string"}}],"inLanguage":"fr-CA"},{"@type":"Organization","@id":"https:\/\/orgonitesodn.ca\/#organization","name":"Orgonites ODN","url":"https:\/\/orgonitesodn.ca\/","logo":{"@type":"ImageObject","inLanguage":"fr-CA","@id":"https:\/\/orgonitesodn.ca\/#\/schema\/logo\/image\/","url":"https:\/\/orgonitesodn.ca\/wp-content\/uploads\/2023\/03\/page-3-e1722971186772.jpeg","contentUrl":"https:\/\/orgonitesodn.ca\/wp-content\/uploads\/2023\/03\/page-3-e1722971186772.jpeg","width":342,"height":167,"caption":"Orgonites ODN"},"image":{"@id":"https:\/\/orgonitesodn.ca\/#\/schema\/logo\/image\/"}}]}},"jetpack_sharing_enabled":true,"_links":{"self":[{"href":"https:\/\/orgonitesodn.ca\/fr\/wp-json\/wp\/v2\/product\/11479","targetHints":{"allow":["GET"]}}],"collection":[{"href":"https:\/\/orgonitesodn.ca\/fr\/wp-json\/wp\/v2\/product"}],"about":[{"href":"https:\/\/orgonitesodn.ca\/fr\/wp-json\/wp\/v2\/types\/product"}],"replies":[{"embeddable":true,"href":"https:\/\/orgonitesodn.ca\/fr\/wp-json\/wp\/v2\/comments?post=11479"}],"version-history":[{"count":1,"href":"https:\/\/orgonitesodn.ca\/fr\/wp-json\/wp\/v2\/product\/11479\/revisions"}],"predecessor-version":[{"id":11481,"href":"https:\/\/orgonitesodn.ca\/fr\/wp-json\/wp\/v2\/product\/11479\/revisions\/11481"}],"wp:featuredmedia":[{"embeddable":true,"href":"https:\/\/orgonitesodn.ca\/fr\/wp-json\/wp\/v2\/media\/11757"}],"wp:attachment":[{"href":"https:\/\/orgonitesodn.ca\/fr\/wp-json\/wp\/v2\/media?parent=11479"}],"wp:term":[{"taxonomy":"product_brand","embeddable":true,"href":"https:\/\/orgonitesodn.ca\/fr\/wp-json\/wp\/v2\/product_brand?post=11479"},{"taxonomy":"product_cat","embeddable":true,"href":"https:\/\/orgonitesodn.ca\/fr\/wp-json\/wp\/v2\/product_cat?post=11479"},{"taxonomy":"product_tag","embeddable":true,"href":"https:\/\/orgonitesodn.ca\/fr\/wp-json\/wp\/v2\/product_tag?post=11479"}],"curies":[{"name":"wp","href":"https:\/\/api.w.org\/{rel}","templated":true}]}}