{"id":11482,"date":"2023-05-03T15:53:24","date_gmt":"2023-05-03T15:53:24","guid":{"rendered":"https:\/\/orgon.ghostpress.io\/?post_type=product&#038;p=11482"},"modified":"2026-04-16T13:09:30","modified_gmt":"2026-04-16T13:09:30","slug":"the-mini-dome-sensitive-orgonite","status":"publish","type":"product","link":"https:\/\/orgonitesodn.ca\/fr\/produit\/the-mini-dome-sensitive-orgonite\/","title":{"rendered":"LE MINI D\u00d4ME"},"content":{"rendered":"<p>L'\u00e9dition o\u00f9 nous nous sommes le plus amus\u00e9s pour vous faire plaisir! Le Mini D\u00f4me est une petite g\u00e2terie.<br \/>\nLa fr\u00e9quence d'amour du D\u00f4me Enrichi dans un mini condens\u00e9!<\/p>\n<p>Le Mini D\u00f4me vous apporte protection, d\u00e9tente et concentration.<br \/>\nIl est, selon les exp\u00e9riences client, le plus facile \u00e0 avoir sur soi, toujours pr\u00e8s \u00e0 nous aider.<br \/>\nCette mini orgonite est compos\u00e9 de laiton et d'aluminium fins, de quartz de qualit\u00e9 AAA et de pierres douces.<\/p>\n<p>Vous trouverez cette orgonite sensorielle en trois sensations diff\u00e9rentes: mate, lustr\u00e9e et extratextur\u00e9e.<br \/>\nLaquelle est la v\u00f4tre?<\/p>","protected":false},"excerpt":{"rendered":"<p>La fr\u00e9quence d'amour du D\u00f4me Enrichi dans un mini condens\u00e9!<\/p>\n<p>Trois sensations diff\u00e9rentes sont possibles !<\/p>\n<p>&nbsp;<\/p>","protected":false},"featured_media":11756,"comment_status":"open","ping_status":"closed","template":"","meta":[],"product_brand":[],"product_cat":[72,90],"product_tag":[],"class_list":{"0":"post-11482","1":"product","2":"type-product","3":"status-publish","4":"has-post-thumbnail","6":"product_cat-orgone-generators-orgonites-portable-protection","7":"product_cat-sensory-editions","8":"product_shipping_class-little-package","10":"first","11":"instock","12":"taxable","13":"shipping-taxable","14":"purchasable","15":"product-type-simple"},"yoast_head":"<!-- This site is optimized with the Yoast SEO plugin v27.3 - https:\/\/yoast.com\/product\/yoast-seo-wordpress\/ -->\n<title>Mini orgonite - Orgonites ODN<\/title>\n<meta name=\"description\" content=\"The Mini Dome provides protection, relaxation and concentration in concentrated manufacturing. The best mini orgonite easiest to have on you.\" \/>\n<meta name=\"robots\" content=\"index, follow, max-snippet:-1, max-image-preview:large, max-video-preview:-1\" \/>\n<link rel=\"canonical\" href=\"https:\/\/orgonitesodn.ca\/fr\/produit\/the-mini-dome-sensitive-orgonite\/\" \/>\n<meta property=\"og:locale\" content=\"fr_CA\" \/>\n<meta property=\"og:type\" content=\"article\" \/>\n<meta property=\"og:title\" content=\"Mini orgonite - Orgonites ODN\" \/>\n<meta property=\"og:description\" content=\"The Mini Dome provides protection, relaxation and concentration in concentrated manufacturing. The best mini orgonite easiest to have on you.\" \/>\n<meta property=\"og:url\" content=\"https:\/\/orgonitesodn.ca\/fr\/produit\/the-mini-dome-sensitive-orgonite\/\" \/>\n<meta property=\"og:site_name\" content=\"Orgonites ODN\" \/>\n<meta property=\"article:modified_time\" content=\"2026-04-16T13:09:30+00:00\" \/>\n<meta property=\"og:image\" content=\"https:\/\/orgonitesodn.ca\/wp-content\/uploads\/2023\/05\/test.jpg\" \/>\n\t<meta property=\"og:image:width\" content=\"1920\" \/>\n\t<meta property=\"og:image:height\" content=\"1280\" \/>\n\t<meta property=\"og:image:type\" content=\"image\/jpeg\" \/>\n<meta name=\"twitter:card\" content=\"summary_large_image\" \/>\n<meta name=\"twitter:label1\" content=\"Estimation du temps de lecture\" \/>\n\t<meta name=\"twitter:data1\" content=\"1 minute\" \/>\n<script type=\"application\/ld+json\" class=\"yoast-schema-graph\">{\"@context\":\"https:\\\/\\\/schema.org\",\"@graph\":[{\"@type\":\"WebPage\",\"@id\":\"https:\\\/\\\/orgonitesodn.ca\\\/product\\\/the-mini-dome-sensitive-orgonite\\\/\",\"url\":\"https:\\\/\\\/orgonitesodn.ca\\\/product\\\/the-mini-dome-sensitive-orgonite\\\/\",\"name\":\"Mini orgonite - Orgonites ODN\",\"isPartOf\":{\"@id\":\"https:\\\/\\\/orgonitesodn.ca\\\/#website\"},\"primaryImageOfPage\":{\"@id\":\"https:\\\/\\\/orgonitesodn.ca\\\/product\\\/the-mini-dome-sensitive-orgonite\\\/#primaryimage\"},\"image\":{\"@id\":\"https:\\\/\\\/orgonitesodn.ca\\\/product\\\/the-mini-dome-sensitive-orgonite\\\/#primaryimage\"},\"thumbnailUrl\":\"https:\\\/\\\/orgonitesodn.ca\\\/wp-content\\\/uploads\\\/2023\\\/05\\\/test.jpg\",\"datePublished\":\"2023-05-03T15:53:24+00:00\",\"dateModified\":\"2026-04-16T13:09:30+00:00\",\"description\":\"The Mini Dome provides protection, relaxation and concentration in concentrated manufacturing. The best mini orgonite easiest to have on you.\",\"breadcrumb\":{\"@id\":\"https:\\\/\\\/orgonitesodn.ca\\\/product\\\/the-mini-dome-sensitive-orgonite\\\/#breadcrumb\"},\"inLanguage\":\"fr-CA\",\"potentialAction\":[{\"@type\":\"ReadAction\",\"target\":[\"https:\\\/\\\/orgonitesodn.ca\\\/product\\\/the-mini-dome-sensitive-orgonite\\\/\"]}]},{\"@type\":\"ImageObject\",\"inLanguage\":\"fr-CA\",\"@id\":\"https:\\\/\\\/orgonitesodn.ca\\\/product\\\/the-mini-dome-sensitive-orgonite\\\/#primaryimage\",\"url\":\"https:\\\/\\\/orgonitesodn.ca\\\/wp-content\\\/uploads\\\/2023\\\/05\\\/test.jpg\",\"contentUrl\":\"https:\\\/\\\/orgonitesodn.ca\\\/wp-content\\\/uploads\\\/2023\\\/05\\\/test.jpg\",\"width\":1920,\"height\":1280},{\"@type\":\"BreadcrumbList\",\"@id\":\"https:\\\/\\\/orgonitesodn.ca\\\/product\\\/the-mini-dome-sensitive-orgonite\\\/#breadcrumb\",\"itemListElement\":[{\"@type\":\"ListItem\",\"position\":1,\"name\":\"Home\",\"item\":\"https:\\\/\\\/orgonitesodn.ca\\\/\"},{\"@type\":\"ListItem\",\"position\":2,\"name\":\"Shop\",\"item\":\"https:\\\/\\\/orgonitesodn.ca\\\/shop-orgonites\\\/\"},{\"@type\":\"ListItem\",\"position\":3,\"name\":\"THE MINI DOME\"}]},{\"@type\":\"WebSite\",\"@id\":\"https:\\\/\\\/orgonitesodn.ca\\\/#website\",\"url\":\"https:\\\/\\\/orgonitesodn.ca\\\/\",\"name\":\"Orgonites ODN\",\"description\":\"\",\"publisher\":{\"@id\":\"https:\\\/\\\/orgonitesodn.ca\\\/#organization\"},\"potentialAction\":[{\"@type\":\"SearchAction\",\"target\":{\"@type\":\"EntryPoint\",\"urlTemplate\":\"https:\\\/\\\/orgonitesodn.ca\\\/?s={search_term_string}\"},\"query-input\":{\"@type\":\"PropertyValueSpecification\",\"valueRequired\":true,\"valueName\":\"search_term_string\"}}],\"inLanguage\":\"fr-CA\"},{\"@type\":\"Organization\",\"@id\":\"https:\\\/\\\/orgonitesodn.ca\\\/#organization\",\"name\":\"Orgonites ODN\",\"url\":\"https:\\\/\\\/orgonitesodn.ca\\\/\",\"logo\":{\"@type\":\"ImageObject\",\"inLanguage\":\"fr-CA\",\"@id\":\"https:\\\/\\\/orgonitesodn.ca\\\/#\\\/schema\\\/logo\\\/image\\\/\",\"url\":\"https:\\\/\\\/orgonitesodn.ca\\\/wp-content\\\/uploads\\\/2023\\\/03\\\/page-3-e1722971186772.jpeg\",\"contentUrl\":\"https:\\\/\\\/orgonitesodn.ca\\\/wp-content\\\/uploads\\\/2023\\\/03\\\/page-3-e1722971186772.jpeg\",\"width\":342,\"height\":167,\"caption\":\"Orgonites ODN\"},\"image\":{\"@id\":\"https:\\\/\\\/orgonitesodn.ca\\\/#\\\/schema\\\/logo\\\/image\\\/\"}}]}<\/script>\n<!-- \/ Yoast SEO plugin. -->","yoast_head_json":{"title":"Mini orgonite - Orgonites ODN","description":"The Mini Dome provides protection, relaxation and concentration in concentrated manufacturing. The best mini orgonite easiest to have on you.","robots":{"index":"index","follow":"follow","max-snippet":"max-snippet:-1","max-image-preview":"max-image-preview:large","max-video-preview":"max-video-preview:-1"},"canonical":"https:\/\/orgonitesodn.ca\/fr\/produit\/the-mini-dome-sensitive-orgonite\/","og_locale":"fr_CA","og_type":"article","og_title":"Mini orgonite - Orgonites ODN","og_description":"The Mini Dome provides protection, relaxation and concentration in concentrated manufacturing. The best mini orgonite easiest to have on you.","og_url":"https:\/\/orgonitesodn.ca\/fr\/produit\/the-mini-dome-sensitive-orgonite\/","og_site_name":"Orgonites ODN","article_modified_time":"2026-04-16T13:09:30+00:00","og_image":[{"width":1920,"height":1280,"url":"https:\/\/orgonitesodn.ca\/wp-content\/uploads\/2023\/05\/test.jpg","type":"image\/jpeg"}],"twitter_card":"summary_large_image","twitter_misc":{"Estimation du temps de lecture":"1 minute"},"schema":{"@context":"https:\/\/schema.org","@graph":[{"@type":"WebPage","@id":"https:\/\/orgonitesodn.ca\/product\/the-mini-dome-sensitive-orgonite\/","url":"https:\/\/orgonitesodn.ca\/product\/the-mini-dome-sensitive-orgonite\/","name":"Mini orgonite - Orgonites ODN","isPartOf":{"@id":"https:\/\/orgonitesodn.ca\/#website"},"primaryImageOfPage":{"@id":"https:\/\/orgonitesodn.ca\/product\/the-mini-dome-sensitive-orgonite\/#primaryimage"},"image":{"@id":"https:\/\/orgonitesodn.ca\/product\/the-mini-dome-sensitive-orgonite\/#primaryimage"},"thumbnailUrl":"https:\/\/orgonitesodn.ca\/wp-content\/uploads\/2023\/05\/test.jpg","datePublished":"2023-05-03T15:53:24+00:00","dateModified":"2026-04-16T13:09:30+00:00","description":"The Mini Dome provides protection, relaxation and concentration in concentrated manufacturing. The best mini orgonite easiest to have on you.","breadcrumb":{"@id":"https:\/\/orgonitesodn.ca\/product\/the-mini-dome-sensitive-orgonite\/#breadcrumb"},"inLanguage":"fr-CA","potentialAction":[{"@type":"ReadAction","target":["https:\/\/orgonitesodn.ca\/product\/the-mini-dome-sensitive-orgonite\/"]}]},{"@type":"ImageObject","inLanguage":"fr-CA","@id":"https:\/\/orgonitesodn.ca\/product\/the-mini-dome-sensitive-orgonite\/#primaryimage","url":"https:\/\/orgonitesodn.ca\/wp-content\/uploads\/2023\/05\/test.jpg","contentUrl":"https:\/\/orgonitesodn.ca\/wp-content\/uploads\/2023\/05\/test.jpg","width":1920,"height":1280},{"@type":"BreadcrumbList","@id":"https:\/\/orgonitesodn.ca\/product\/the-mini-dome-sensitive-orgonite\/#breadcrumb","itemListElement":[{"@type":"ListItem","position":1,"name":"Home","item":"https:\/\/orgonitesodn.ca\/"},{"@type":"ListItem","position":2,"name":"Shop","item":"https:\/\/orgonitesodn.ca\/shop-orgonites\/"},{"@type":"ListItem","position":3,"name":"THE MINI DOME"}]},{"@type":"WebSite","@id":"https:\/\/orgonitesodn.ca\/#website","url":"https:\/\/orgonitesodn.ca\/","name":"Orgonites ODN","description":"","publisher":{"@id":"https:\/\/orgonitesodn.ca\/#organization"},"potentialAction":[{"@type":"SearchAction","target":{"@type":"EntryPoint","urlTemplate":"https:\/\/orgonitesodn.ca\/?s={search_term_string}"},"query-input":{"@type":"PropertyValueSpecification","valueRequired":true,"valueName":"search_term_string"}}],"inLanguage":"fr-CA"},{"@type":"Organization","@id":"https:\/\/orgonitesodn.ca\/#organization","name":"Orgonites ODN","url":"https:\/\/orgonitesodn.ca\/","logo":{"@type":"ImageObject","inLanguage":"fr-CA","@id":"https:\/\/orgonitesodn.ca\/#\/schema\/logo\/image\/","url":"https:\/\/orgonitesodn.ca\/wp-content\/uploads\/2023\/03\/page-3-e1722971186772.jpeg","contentUrl":"https:\/\/orgonitesodn.ca\/wp-content\/uploads\/2023\/03\/page-3-e1722971186772.jpeg","width":342,"height":167,"caption":"Orgonites ODN"},"image":{"@id":"https:\/\/orgonitesodn.ca\/#\/schema\/logo\/image\/"}}]}},"jetpack_sharing_enabled":true,"_links":{"self":[{"href":"https:\/\/orgonitesodn.ca\/fr\/wp-json\/wp\/v2\/product\/11482","targetHints":{"allow":["GET"]}}],"collection":[{"href":"https:\/\/orgonitesodn.ca\/fr\/wp-json\/wp\/v2\/product"}],"about":[{"href":"https:\/\/orgonitesodn.ca\/fr\/wp-json\/wp\/v2\/types\/product"}],"replies":[{"embeddable":true,"href":"https:\/\/orgonitesodn.ca\/fr\/wp-json\/wp\/v2\/comments?post=11482"}],"version-history":[{"count":2,"href":"https:\/\/orgonitesodn.ca\/fr\/wp-json\/wp\/v2\/product\/11482\/revisions"}],"predecessor-version":[{"id":11498,"href":"https:\/\/orgonitesodn.ca\/fr\/wp-json\/wp\/v2\/product\/11482\/revisions\/11498"}],"wp:featuredmedia":[{"embeddable":true,"href":"https:\/\/orgonitesodn.ca\/fr\/wp-json\/wp\/v2\/media\/11756"}],"wp:attachment":[{"href":"https:\/\/orgonitesodn.ca\/fr\/wp-json\/wp\/v2\/media?parent=11482"}],"wp:term":[{"taxonomy":"product_brand","embeddable":true,"href":"https:\/\/orgonitesodn.ca\/fr\/wp-json\/wp\/v2\/product_brand?post=11482"},{"taxonomy":"product_cat","embeddable":true,"href":"https:\/\/orgonitesodn.ca\/fr\/wp-json\/wp\/v2\/product_cat?post=11482"},{"taxonomy":"product_tag","embeddable":true,"href":"https:\/\/orgonitesodn.ca\/fr\/wp-json\/wp\/v2\/product_tag?post=11482"}],"curies":[{"name":"wp","href":"https:\/\/api.w.org\/{rel}","templated":true}]}}