{"id":11485,"date":"2023-05-03T18:46:18","date_gmt":"2023-05-03T18:46:18","guid":{"rendered":"https:\/\/orgon.ghostpress.io\/?post_type=product&#038;p=11485"},"modified":"2026-03-28T11:49:28","modified_gmt":"2026-03-28T11:49:28","slug":"quebec-orgone-the-super-regular-orgonite","status":"publish","type":"product","link":"https:\/\/orgonitesodn.ca\/fr\/produit\/quebec-orgone-the-super-regular-orgonite\/","title":{"rendered":"LA SUPER R\u00c9GULI\u00c8RE"},"content":{"rendered":"<p>Le produit id\u00e9al \u00e0 installer dans une chambre d'enfants qui ne contient pas d'appareils \u00e9lectroniques. La super r\u00e9guli\u00e8re apporte une \u00e9nergie douce et r\u00e9confortante.<\/p>\n<p>Pour contrer sa petite taille, nous avons utilis\u00e9 du titane et de la tourmaline pour gonfler l'effet du quartz dans l'orgonite.<br \/>\nEn effet, la capacit\u00e9 pyro\u00e9lectrique de la tourmaline lui permet naturellement de retransmettre les \u00e9nergies positives. La biocompatibilit\u00e9 du titane impose un accord complet avec les \u00e9nergies du corps pour notre orgonite. L'ajout du p\u00e9ridot vient augmenter la protection contre les \u00e9l\u00e9ments n\u00e9gatifs.<\/p>\n<p>On peut placer ce produit dans les pi\u00e8ces secondaires de la maison, comme la salle de bain, la chambre d'ami, la salle de jeux, etc.  Celle rondelle compl\u00e8tera la grille de protection d'orgone de votre environnement. Son champ l\u00e9ger (4pieds) rejoindra celui des orgonites avec un rayon d'action plus \u00e9tendu.<\/p>\n<p>Fabriqu\u00e9e \u00e0 la main dans un environnement entour\u00e9 par la nature avec des mat\u00e9riaux Nord-am\u00e9ricains et internationaux (Br\u00e9sil, France, Inde et Uruguay).<\/p>","protected":false},"excerpt":{"rendered":"<p>Le titane et la tourmaline sont utilis\u00e9s pour donner une efficacit\u00e9 simple \u00e0 cette orgonite.<br \/>\nElle compl\u00e9tera la grille d'orgone de votre maison.<\/p>\n<p>Son champ d\u2019action l\u00e9ger rejoindra le plus grand pour compl\u00e9ter la propulsion des \u00e9nergies positives.<\/p>","protected":false},"featured_media":11486,"comment_status":"open","ping_status":"closed","template":"","meta":[],"product_brand":[],"product_cat":[21,73],"product_tag":[],"class_list":{"0":"post-11485","1":"product","2":"type-product","3":"status-publish","4":"has-post-thumbnail","6":"product_cat-essential-products-orgonites-protection","7":"product_cat-orgonite-hhg-orgone-generators-protection-powerful-quartz-crystals-gemstones","9":"first","10":"instock","11":"taxable","12":"shipping-taxable","13":"purchasable","14":"product-type-simple"},"yoast_head":"<!-- This site is optimized with the Yoast SEO plugin v27.0 - https:\/\/yoast.com\/product\/yoast-seo-wordpress\/ -->\n<title>Regular Orgonite - Orgonites ODN<\/title>\n<meta name=\"description\" content=\"The Super Regular orgonite by Quebec Orgone brings a gentle and comforting energy. This puck will complete the orgone protection grid of your environment.\" \/>\n<meta name=\"robots\" content=\"index, follow, max-snippet:-1, max-image-preview:large, max-video-preview:-1\" \/>\n<link rel=\"canonical\" href=\"https:\/\/orgonitesodn.ca\/fr\/produit\/quebec-orgone-the-super-regular-orgonite\/\" \/>\n<meta property=\"og:locale\" content=\"fr_CA\" \/>\n<meta property=\"og:type\" content=\"article\" \/>\n<meta property=\"og:title\" content=\"Regular Orgonite - Orgonites ODN\" \/>\n<meta property=\"og:description\" content=\"The Super Regular orgonite by Quebec Orgone brings a gentle and comforting energy. This puck will complete the orgone protection grid of your environment.\" \/>\n<meta property=\"og:url\" content=\"https:\/\/orgonitesodn.ca\/fr\/produit\/quebec-orgone-the-super-regular-orgonite\/\" \/>\n<meta property=\"og:site_name\" content=\"Orgonites ODN\" \/>\n<meta property=\"article:modified_time\" content=\"2026-03-28T11:49:28+00:00\" \/>\n<meta property=\"og:image\" content=\"https:\/\/orgonitesodn.ca\/wp-content\/uploads\/2023\/05\/SAB_petite-puck-mat-scaled.jpg\" \/>\n\t<meta property=\"og:image:width\" content=\"1707\" \/>\n\t<meta property=\"og:image:height\" content=\"2560\" \/>\n\t<meta property=\"og:image:type\" content=\"image\/jpeg\" \/>\n<meta name=\"twitter:card\" content=\"summary_large_image\" \/>\n<meta name=\"twitter:label1\" content=\"Estimation du temps de lecture\" \/>\n\t<meta name=\"twitter:data1\" content=\"1 minute\" \/>\n<script type=\"application\/ld+json\" class=\"yoast-schema-graph\">{\"@context\":\"https:\/\/schema.org\",\"@graph\":[{\"@type\":\"WebPage\",\"@id\":\"https:\/\/orgonitesodn.ca\/product\/quebec-orgone-the-super-regular-orgonite\/\",\"url\":\"https:\/\/orgonitesodn.ca\/product\/quebec-orgone-the-super-regular-orgonite\/\",\"name\":\"Regular Orgonite - Orgonites ODN\",\"isPartOf\":{\"@id\":\"https:\/\/orgonitesodn.ca\/#website\"},\"primaryImageOfPage\":{\"@id\":\"https:\/\/orgonitesodn.ca\/product\/quebec-orgone-the-super-regular-orgonite\/#primaryimage\"},\"image\":{\"@id\":\"https:\/\/orgonitesodn.ca\/product\/quebec-orgone-the-super-regular-orgonite\/#primaryimage\"},\"thumbnailUrl\":\"https:\/\/orgonitesodn.ca\/wp-content\/uploads\/2023\/05\/SAB_petite-puck-mat-scaled.jpg\",\"datePublished\":\"2023-05-03T18:46:18+00:00\",\"dateModified\":\"2026-03-28T11:49:28+00:00\",\"description\":\"The Super Regular orgonite by Quebec Orgone brings a gentle and comforting energy. This puck will complete the orgone protection grid of your environment.\",\"breadcrumb\":{\"@id\":\"https:\/\/orgonitesodn.ca\/product\/quebec-orgone-the-super-regular-orgonite\/#breadcrumb\"},\"inLanguage\":\"fr-CA\",\"potentialAction\":[{\"@type\":\"ReadAction\",\"target\":[\"https:\/\/orgonitesodn.ca\/product\/quebec-orgone-the-super-regular-orgonite\/\"]}]},{\"@type\":\"ImageObject\",\"inLanguage\":\"fr-CA\",\"@id\":\"https:\/\/orgonitesodn.ca\/product\/quebec-orgone-the-super-regular-orgonite\/#primaryimage\",\"url\":\"https:\/\/orgonitesodn.ca\/wp-content\/uploads\/2023\/05\/SAB_petite-puck-mat-scaled.jpg\",\"contentUrl\":\"https:\/\/orgonitesodn.ca\/wp-content\/uploads\/2023\/05\/SAB_petite-puck-mat-scaled.jpg\",\"width\":1707,\"height\":2560},{\"@type\":\"BreadcrumbList\",\"@id\":\"https:\/\/orgonitesodn.ca\/product\/quebec-orgone-the-super-regular-orgonite\/#breadcrumb\",\"itemListElement\":[{\"@type\":\"ListItem\",\"position\":1,\"name\":\"Home\",\"item\":\"https:\/\/orgonitesodn.ca\/\"},{\"@type\":\"ListItem\",\"position\":2,\"name\":\"Shop\",\"item\":\"https:\/\/orgonitesodn.ca\/shop-orgonites\/\"},{\"@type\":\"ListItem\",\"position\":3,\"name\":\"THE SUPER REGULAR\"}]},{\"@type\":\"WebSite\",\"@id\":\"https:\/\/orgonitesodn.ca\/#website\",\"url\":\"https:\/\/orgonitesodn.ca\/\",\"name\":\"Orgonites ODN\",\"description\":\"\",\"publisher\":{\"@id\":\"https:\/\/orgonitesodn.ca\/#organization\"},\"potentialAction\":[{\"@type\":\"SearchAction\",\"target\":{\"@type\":\"EntryPoint\",\"urlTemplate\":\"https:\/\/orgonitesodn.ca\/?s={search_term_string}\"},\"query-input\":{\"@type\":\"PropertyValueSpecification\",\"valueRequired\":true,\"valueName\":\"search_term_string\"}}],\"inLanguage\":\"fr-CA\"},{\"@type\":\"Organization\",\"@id\":\"https:\/\/orgonitesodn.ca\/#organization\",\"name\":\"Orgonites ODN\",\"url\":\"https:\/\/orgonitesodn.ca\/\",\"logo\":{\"@type\":\"ImageObject\",\"inLanguage\":\"fr-CA\",\"@id\":\"https:\/\/orgonitesodn.ca\/#\/schema\/logo\/image\/\",\"url\":\"https:\/\/orgonitesodn.ca\/wp-content\/uploads\/2023\/03\/page-3-e1722971186772.jpeg\",\"contentUrl\":\"https:\/\/orgonitesodn.ca\/wp-content\/uploads\/2023\/03\/page-3-e1722971186772.jpeg\",\"width\":342,\"height\":167,\"caption\":\"Orgonites ODN\"},\"image\":{\"@id\":\"https:\/\/orgonitesodn.ca\/#\/schema\/logo\/image\/\"}}]}<\/script>\n<!-- \/ Yoast SEO plugin. -->","yoast_head_json":{"title":"Regular Orgonite - Orgonites ODN","description":"The Super Regular orgonite by Quebec Orgone brings a gentle and comforting energy. This puck will complete the orgone protection grid of your environment.","robots":{"index":"index","follow":"follow","max-snippet":"max-snippet:-1","max-image-preview":"max-image-preview:large","max-video-preview":"max-video-preview:-1"},"canonical":"https:\/\/orgonitesodn.ca\/fr\/produit\/quebec-orgone-the-super-regular-orgonite\/","og_locale":"fr_CA","og_type":"article","og_title":"Regular Orgonite - Orgonites ODN","og_description":"The Super Regular orgonite by Quebec Orgone brings a gentle and comforting energy. This puck will complete the orgone protection grid of your environment.","og_url":"https:\/\/orgonitesodn.ca\/fr\/produit\/quebec-orgone-the-super-regular-orgonite\/","og_site_name":"Orgonites ODN","article_modified_time":"2026-03-28T11:49:28+00:00","og_image":[{"width":1707,"height":2560,"url":"https:\/\/orgonitesodn.ca\/wp-content\/uploads\/2023\/05\/SAB_petite-puck-mat-scaled.jpg","type":"image\/jpeg"}],"twitter_card":"summary_large_image","twitter_misc":{"Estimation du temps de lecture":"1 minute"},"schema":{"@context":"https:\/\/schema.org","@graph":[{"@type":"WebPage","@id":"https:\/\/orgonitesodn.ca\/product\/quebec-orgone-the-super-regular-orgonite\/","url":"https:\/\/orgonitesodn.ca\/product\/quebec-orgone-the-super-regular-orgonite\/","name":"Regular Orgonite - Orgonites ODN","isPartOf":{"@id":"https:\/\/orgonitesodn.ca\/#website"},"primaryImageOfPage":{"@id":"https:\/\/orgonitesodn.ca\/product\/quebec-orgone-the-super-regular-orgonite\/#primaryimage"},"image":{"@id":"https:\/\/orgonitesodn.ca\/product\/quebec-orgone-the-super-regular-orgonite\/#primaryimage"},"thumbnailUrl":"https:\/\/orgonitesodn.ca\/wp-content\/uploads\/2023\/05\/SAB_petite-puck-mat-scaled.jpg","datePublished":"2023-05-03T18:46:18+00:00","dateModified":"2026-03-28T11:49:28+00:00","description":"The Super Regular orgonite by Quebec Orgone brings a gentle and comforting energy. This puck will complete the orgone protection grid of your environment.","breadcrumb":{"@id":"https:\/\/orgonitesodn.ca\/product\/quebec-orgone-the-super-regular-orgonite\/#breadcrumb"},"inLanguage":"fr-CA","potentialAction":[{"@type":"ReadAction","target":["https:\/\/orgonitesodn.ca\/product\/quebec-orgone-the-super-regular-orgonite\/"]}]},{"@type":"ImageObject","inLanguage":"fr-CA","@id":"https:\/\/orgonitesodn.ca\/product\/quebec-orgone-the-super-regular-orgonite\/#primaryimage","url":"https:\/\/orgonitesodn.ca\/wp-content\/uploads\/2023\/05\/SAB_petite-puck-mat-scaled.jpg","contentUrl":"https:\/\/orgonitesodn.ca\/wp-content\/uploads\/2023\/05\/SAB_petite-puck-mat-scaled.jpg","width":1707,"height":2560},{"@type":"BreadcrumbList","@id":"https:\/\/orgonitesodn.ca\/product\/quebec-orgone-the-super-regular-orgonite\/#breadcrumb","itemListElement":[{"@type":"ListItem","position":1,"name":"Home","item":"https:\/\/orgonitesodn.ca\/"},{"@type":"ListItem","position":2,"name":"Shop","item":"https:\/\/orgonitesodn.ca\/shop-orgonites\/"},{"@type":"ListItem","position":3,"name":"THE SUPER REGULAR"}]},{"@type":"WebSite","@id":"https:\/\/orgonitesodn.ca\/#website","url":"https:\/\/orgonitesodn.ca\/","name":"Orgonites ODN","description":"","publisher":{"@id":"https:\/\/orgonitesodn.ca\/#organization"},"potentialAction":[{"@type":"SearchAction","target":{"@type":"EntryPoint","urlTemplate":"https:\/\/orgonitesodn.ca\/?s={search_term_string}"},"query-input":{"@type":"PropertyValueSpecification","valueRequired":true,"valueName":"search_term_string"}}],"inLanguage":"fr-CA"},{"@type":"Organization","@id":"https:\/\/orgonitesodn.ca\/#organization","name":"Orgonites ODN","url":"https:\/\/orgonitesodn.ca\/","logo":{"@type":"ImageObject","inLanguage":"fr-CA","@id":"https:\/\/orgonitesodn.ca\/#\/schema\/logo\/image\/","url":"https:\/\/orgonitesodn.ca\/wp-content\/uploads\/2023\/03\/page-3-e1722971186772.jpeg","contentUrl":"https:\/\/orgonitesodn.ca\/wp-content\/uploads\/2023\/03\/page-3-e1722971186772.jpeg","width":342,"height":167,"caption":"Orgonites ODN"},"image":{"@id":"https:\/\/orgonitesodn.ca\/#\/schema\/logo\/image\/"}}]}},"jetpack_sharing_enabled":true,"_links":{"self":[{"href":"https:\/\/orgonitesodn.ca\/fr\/wp-json\/wp\/v2\/product\/11485","targetHints":{"allow":["GET"]}}],"collection":[{"href":"https:\/\/orgonitesodn.ca\/fr\/wp-json\/wp\/v2\/product"}],"about":[{"href":"https:\/\/orgonitesodn.ca\/fr\/wp-json\/wp\/v2\/types\/product"}],"replies":[{"embeddable":true,"href":"https:\/\/orgonitesodn.ca\/fr\/wp-json\/wp\/v2\/comments?post=11485"}],"version-history":[{"count":3,"href":"https:\/\/orgonitesodn.ca\/fr\/wp-json\/wp\/v2\/product\/11485\/revisions"}],"predecessor-version":[{"id":11490,"href":"https:\/\/orgonitesodn.ca\/fr\/wp-json\/wp\/v2\/product\/11485\/revisions\/11490"}],"wp:featuredmedia":[{"embeddable":true,"href":"https:\/\/orgonitesodn.ca\/fr\/wp-json\/wp\/v2\/media\/11486"}],"wp:attachment":[{"href":"https:\/\/orgonitesodn.ca\/fr\/wp-json\/wp\/v2\/media?parent=11485"}],"wp:term":[{"taxonomy":"product_brand","embeddable":true,"href":"https:\/\/orgonitesodn.ca\/fr\/wp-json\/wp\/v2\/product_brand?post=11485"},{"taxonomy":"product_cat","embeddable":true,"href":"https:\/\/orgonitesodn.ca\/fr\/wp-json\/wp\/v2\/product_cat?post=11485"},{"taxonomy":"product_tag","embeddable":true,"href":"https:\/\/orgonitesodn.ca\/fr\/wp-json\/wp\/v2\/product_tag?post=11485"}],"curies":[{"name":"wp","href":"https:\/\/api.w.org\/{rel}","templated":true}]}}