{"id":11582,"date":"2024-11-18T14:37:18","date_gmt":"2024-11-18T14:37:18","guid":{"rendered":"https:\/\/orgon.ghostpress.io\/?post_type=product&#038;p=11582"},"modified":"2026-02-22T16:01:40","modified_gmt":"2026-02-22T16:01:40","slug":"little-inukshuk-orgone-orgonite","status":"publish","type":"product","link":"https:\/\/orgonitesodn.ca\/fr\/produit\/little-inukshuk-orgone-orgonite\/","title":{"rendered":"INUKSHUK"},"content":{"rendered":"<p>Symbole de l\u2019\u00e2me humaine chez les Am\u00e9rindiens, Inukshuk est depuis longtemps une des figures les plus importantes.<br \/>\nLes pierres qui composent ces statues doivent \u00eatre pos\u00e9es par un groupe de personnes. Chaque pierre est aussi importante qu\u2019une autre. L\u2019\u00e9quilibre naturel les retient et les aide \u00e0 traverser le temps.<br \/>\nInukshuk est un instrument de survie pour plusieurs raisons, y compris la communication des directions et des endroits o\u00f9 camper. Il est donc un symbole de solidarit\u00e9 entre les peuples.<br \/>\nCe monument symbolise la fraternit\u00e9, l\u2019entraide et la solidarit\u00e9. <strong>***<\/strong><em><strong>\u00a0<a href=\"https:\/\/www.youtube.com\/watch?v=emSv0xHmDLs\">Inukshuk explications<\/a><\/strong><\/em><\/p>\n<p>En l\u2019incluant dans notre orgonite porte-cl\u00e9s, nous donnons un sens sinc\u00e8re et puissant \u00e0 ce produit. Nous d\u00e9montrons notre capacit\u00e9 \u00e0 vous transmettre les connaissances d\u2019autres g\u00e9n\u00e9rations. Il est de notre devoir de continuer \u00e0 aider les gens comme Don et Carol Ann Croft l'ont fait, car nous poursuivons le m\u00eame objectif\u00a0: propulser l\u2019\u00e9nergie positive de l\u2019orgone.<strong><em>*** <a href=\"https:\/\/orgonitesodn.ca\/fr\/orgone-how-it-works-croft-humanity-hope-vision-mission-precious-family-company\/\">\u00c0 propos<\/a><a href=\"https:\/\/orgonitesodn.ca\/fr\/orgone-how-it-works-croft-humanity-hope-vision-mission-precious-family-company\/\">de nous<\/a><\/em><\/strong><\/p>\n<p>This product can be installed on the keychain or even on a handbag or backpack. You can also choose to have it on your chest. Tourmaline increases the effect of quartz which increases the effect of piezoelectricity of orgonite. This means that this little product is full of power. We have a radius of 1 to 2 feet.<\/p>\n<p>Chaque produit est soigneusement emball\u00e9 et livr\u00e9 avec sa carte d'authenticit\u00e9 explicative.<br \/>\nFabriqu\u00e9s \u00e0 la main dans un environnement entour\u00e9 par la nature, Qu\u00e9bec, Canada.<\/p>\n<h4 class=\"western\">Informations pour faire vos choix:<\/h4>\n<p><strong>Cordon noir\/gris: ajustable entre 14'' et 24''.<\/strong><\/p>\n<p><strong>Chaine en argent sterling 925: 17.5'' avec une extension de 1.5''.<\/strong><\/p>","protected":false},"excerpt":{"rendered":"<p>The stones and symbol that are part of this keychain or pendant give it a pure and protective energy that you can install in the place that suits you best.<\/p>\n<p>Chose between a keychain or an adjustable nylon cord in satin black or satin grey.<br \/>\nTant pour les hommes que pour les femmes, il r\u00e9pondra aux besoins de tous.<\/p>","protected":false},"featured_media":11914,"comment_status":"open","ping_status":"closed","template":"","meta":[],"product_brand":[],"product_cat":[74,72],"product_tag":[],"class_list":{"0":"post-11582","1":"product","2":"type-product","3":"status-publish","4":"has-post-thumbnail","6":"product_cat-pendants-keychains-orgone-orgonites-protection-quartz-gemstones-powerful","7":"product_cat-orgone-generators-orgonites-portable-protection","8":"product_shipping_class-little-package","10":"first","11":"instock","12":"taxable","13":"shipping-taxable","14":"purchasable","15":"product-type-variable"},"yoast_head":"<!-- This site is optimized with the Yoast SEO plugin v27.3 - https:\/\/yoast.com\/product\/yoast-seo-wordpress\/ -->\n<title>INUKSHUK - Orgonites ODN<\/title>\n<meta name=\"description\" content=\"With this little Inukshuk, you have the power of this symbol in an orgonite. This product is the promise of fraternity, mutual aid and solidarity.\" \/>\n<meta name=\"robots\" content=\"index, follow, max-snippet:-1, max-image-preview:large, max-video-preview:-1\" \/>\n<link rel=\"canonical\" href=\"https:\/\/orgonitesodn.ca\/fr\/produit\/little-inukshuk-orgone-orgonite\/\" \/>\n<meta property=\"og:locale\" content=\"fr_CA\" \/>\n<meta property=\"og:type\" content=\"article\" \/>\n<meta property=\"og:title\" content=\"INUKSHUK - Orgonites ODN\" \/>\n<meta property=\"og:description\" content=\"With this little Inukshuk, you have the power of this symbol in an orgonite. This product is the promise of fraternity, mutual aid and solidarity.\" \/>\n<meta property=\"og:url\" content=\"https:\/\/orgonitesodn.ca\/fr\/produit\/little-inukshuk-orgone-orgonite\/\" \/>\n<meta property=\"og:site_name\" content=\"Orgonites ODN\" \/>\n<meta property=\"article:modified_time\" content=\"2026-02-22T16:01:40+00:00\" \/>\n<meta property=\"og:image\" content=\"https:\/\/orgonitesodn.ca\/wp-content\/uploads\/2024\/11\/inukshuk-2.0.jpg\" \/>\n\t<meta property=\"og:image:width\" content=\"1920\" \/>\n\t<meta property=\"og:image:height\" content=\"1572\" \/>\n\t<meta property=\"og:image:type\" content=\"image\/jpeg\" \/>\n<meta name=\"twitter:card\" content=\"summary_large_image\" \/>\n<meta name=\"twitter:label1\" content=\"Estimation du temps de lecture\" \/>\n\t<meta name=\"twitter:data1\" content=\"2 minutes\" \/>\n<script type=\"application\/ld+json\" class=\"yoast-schema-graph\">{\"@context\":\"https:\\\/\\\/schema.org\",\"@graph\":[{\"@type\":\"WebPage\",\"@id\":\"https:\\\/\\\/orgonitesodn.ca\\\/product\\\/little-inukshuk-orgone-orgonite\\\/\",\"url\":\"https:\\\/\\\/orgonitesodn.ca\\\/product\\\/little-inukshuk-orgone-orgonite\\\/\",\"name\":\"INUKSHUK - Orgonites ODN\",\"isPartOf\":{\"@id\":\"https:\\\/\\\/orgonitesodn.ca\\\/#website\"},\"primaryImageOfPage\":{\"@id\":\"https:\\\/\\\/orgonitesodn.ca\\\/product\\\/little-inukshuk-orgone-orgonite\\\/#primaryimage\"},\"image\":{\"@id\":\"https:\\\/\\\/orgonitesodn.ca\\\/product\\\/little-inukshuk-orgone-orgonite\\\/#primaryimage\"},\"thumbnailUrl\":\"https:\\\/\\\/orgonitesodn.ca\\\/wp-content\\\/uploads\\\/2024\\\/11\\\/inukshuk-2.0.jpg\",\"datePublished\":\"2024-11-18T14:37:18+00:00\",\"dateModified\":\"2026-02-22T16:01:40+00:00\",\"description\":\"With this little Inukshuk, you have the power of this symbol in an orgonite. This product is the promise of fraternity, mutual aid and solidarity.\",\"breadcrumb\":{\"@id\":\"https:\\\/\\\/orgonitesodn.ca\\\/product\\\/little-inukshuk-orgone-orgonite\\\/#breadcrumb\"},\"inLanguage\":\"fr-CA\",\"potentialAction\":[{\"@type\":\"ReadAction\",\"target\":[\"https:\\\/\\\/orgonitesodn.ca\\\/product\\\/little-inukshuk-orgone-orgonite\\\/\"]}]},{\"@type\":\"ImageObject\",\"inLanguage\":\"fr-CA\",\"@id\":\"https:\\\/\\\/orgonitesodn.ca\\\/product\\\/little-inukshuk-orgone-orgonite\\\/#primaryimage\",\"url\":\"https:\\\/\\\/orgonitesodn.ca\\\/wp-content\\\/uploads\\\/2024\\\/11\\\/inukshuk-2.0.jpg\",\"contentUrl\":\"https:\\\/\\\/orgonitesodn.ca\\\/wp-content\\\/uploads\\\/2024\\\/11\\\/inukshuk-2.0.jpg\",\"width\":1920,\"height\":1572},{\"@type\":\"BreadcrumbList\",\"@id\":\"https:\\\/\\\/orgonitesodn.ca\\\/product\\\/little-inukshuk-orgone-orgonite\\\/#breadcrumb\",\"itemListElement\":[{\"@type\":\"ListItem\",\"position\":1,\"name\":\"Home\",\"item\":\"https:\\\/\\\/orgonitesodn.ca\\\/\"},{\"@type\":\"ListItem\",\"position\":2,\"name\":\"Shop\",\"item\":\"https:\\\/\\\/orgonitesodn.ca\\\/shop-orgonites\\\/\"},{\"@type\":\"ListItem\",\"position\":3,\"name\":\"INUKSHUK\"}]},{\"@type\":\"WebSite\",\"@id\":\"https:\\\/\\\/orgonitesodn.ca\\\/#website\",\"url\":\"https:\\\/\\\/orgonitesodn.ca\\\/\",\"name\":\"Orgonites ODN\",\"description\":\"\",\"publisher\":{\"@id\":\"https:\\\/\\\/orgonitesodn.ca\\\/#organization\"},\"potentialAction\":[{\"@type\":\"SearchAction\",\"target\":{\"@type\":\"EntryPoint\",\"urlTemplate\":\"https:\\\/\\\/orgonitesodn.ca\\\/?s={search_term_string}\"},\"query-input\":{\"@type\":\"PropertyValueSpecification\",\"valueRequired\":true,\"valueName\":\"search_term_string\"}}],\"inLanguage\":\"fr-CA\"},{\"@type\":\"Organization\",\"@id\":\"https:\\\/\\\/orgonitesodn.ca\\\/#organization\",\"name\":\"Orgonites ODN\",\"url\":\"https:\\\/\\\/orgonitesodn.ca\\\/\",\"logo\":{\"@type\":\"ImageObject\",\"inLanguage\":\"fr-CA\",\"@id\":\"https:\\\/\\\/orgonitesodn.ca\\\/#\\\/schema\\\/logo\\\/image\\\/\",\"url\":\"https:\\\/\\\/orgonitesodn.ca\\\/wp-content\\\/uploads\\\/2023\\\/03\\\/page-3-e1722971186772.jpeg\",\"contentUrl\":\"https:\\\/\\\/orgonitesodn.ca\\\/wp-content\\\/uploads\\\/2023\\\/03\\\/page-3-e1722971186772.jpeg\",\"width\":342,\"height\":167,\"caption\":\"Orgonites ODN\"},\"image\":{\"@id\":\"https:\\\/\\\/orgonitesodn.ca\\\/#\\\/schema\\\/logo\\\/image\\\/\"}}]}<\/script>\n<!-- \/ Yoast SEO plugin. -->","yoast_head_json":{"title":"INUKSHUK - Orgonites ODN","description":"With this little Inukshuk, you have the power of this symbol in an orgonite. This product is the promise of fraternity, mutual aid and solidarity.","robots":{"index":"index","follow":"follow","max-snippet":"max-snippet:-1","max-image-preview":"max-image-preview:large","max-video-preview":"max-video-preview:-1"},"canonical":"https:\/\/orgonitesodn.ca\/fr\/produit\/little-inukshuk-orgone-orgonite\/","og_locale":"fr_CA","og_type":"article","og_title":"INUKSHUK - Orgonites ODN","og_description":"With this little Inukshuk, you have the power of this symbol in an orgonite. This product is the promise of fraternity, mutual aid and solidarity.","og_url":"https:\/\/orgonitesodn.ca\/fr\/produit\/little-inukshuk-orgone-orgonite\/","og_site_name":"Orgonites ODN","article_modified_time":"2026-02-22T16:01:40+00:00","og_image":[{"width":1920,"height":1572,"url":"https:\/\/orgonitesodn.ca\/wp-content\/uploads\/2024\/11\/inukshuk-2.0.jpg","type":"image\/jpeg"}],"twitter_card":"summary_large_image","twitter_misc":{"Estimation du temps de lecture":"2 minutes"},"schema":{"@context":"https:\/\/schema.org","@graph":[{"@type":"WebPage","@id":"https:\/\/orgonitesodn.ca\/product\/little-inukshuk-orgone-orgonite\/","url":"https:\/\/orgonitesodn.ca\/product\/little-inukshuk-orgone-orgonite\/","name":"INUKSHUK - Orgonites ODN","isPartOf":{"@id":"https:\/\/orgonitesodn.ca\/#website"},"primaryImageOfPage":{"@id":"https:\/\/orgonitesodn.ca\/product\/little-inukshuk-orgone-orgonite\/#primaryimage"},"image":{"@id":"https:\/\/orgonitesodn.ca\/product\/little-inukshuk-orgone-orgonite\/#primaryimage"},"thumbnailUrl":"https:\/\/orgonitesodn.ca\/wp-content\/uploads\/2024\/11\/inukshuk-2.0.jpg","datePublished":"2024-11-18T14:37:18+00:00","dateModified":"2026-02-22T16:01:40+00:00","description":"With this little Inukshuk, you have the power of this symbol in an orgonite. This product is the promise of fraternity, mutual aid and solidarity.","breadcrumb":{"@id":"https:\/\/orgonitesodn.ca\/product\/little-inukshuk-orgone-orgonite\/#breadcrumb"},"inLanguage":"fr-CA","potentialAction":[{"@type":"ReadAction","target":["https:\/\/orgonitesodn.ca\/product\/little-inukshuk-orgone-orgonite\/"]}]},{"@type":"ImageObject","inLanguage":"fr-CA","@id":"https:\/\/orgonitesodn.ca\/product\/little-inukshuk-orgone-orgonite\/#primaryimage","url":"https:\/\/orgonitesodn.ca\/wp-content\/uploads\/2024\/11\/inukshuk-2.0.jpg","contentUrl":"https:\/\/orgonitesodn.ca\/wp-content\/uploads\/2024\/11\/inukshuk-2.0.jpg","width":1920,"height":1572},{"@type":"BreadcrumbList","@id":"https:\/\/orgonitesodn.ca\/product\/little-inukshuk-orgone-orgonite\/#breadcrumb","itemListElement":[{"@type":"ListItem","position":1,"name":"Home","item":"https:\/\/orgonitesodn.ca\/"},{"@type":"ListItem","position":2,"name":"Shop","item":"https:\/\/orgonitesodn.ca\/shop-orgonites\/"},{"@type":"ListItem","position":3,"name":"INUKSHUK"}]},{"@type":"WebSite","@id":"https:\/\/orgonitesodn.ca\/#website","url":"https:\/\/orgonitesodn.ca\/","name":"Orgonites ODN","description":"","publisher":{"@id":"https:\/\/orgonitesodn.ca\/#organization"},"potentialAction":[{"@type":"SearchAction","target":{"@type":"EntryPoint","urlTemplate":"https:\/\/orgonitesodn.ca\/?s={search_term_string}"},"query-input":{"@type":"PropertyValueSpecification","valueRequired":true,"valueName":"search_term_string"}}],"inLanguage":"fr-CA"},{"@type":"Organization","@id":"https:\/\/orgonitesodn.ca\/#organization","name":"Orgonites ODN","url":"https:\/\/orgonitesodn.ca\/","logo":{"@type":"ImageObject","inLanguage":"fr-CA","@id":"https:\/\/orgonitesodn.ca\/#\/schema\/logo\/image\/","url":"https:\/\/orgonitesodn.ca\/wp-content\/uploads\/2023\/03\/page-3-e1722971186772.jpeg","contentUrl":"https:\/\/orgonitesodn.ca\/wp-content\/uploads\/2023\/03\/page-3-e1722971186772.jpeg","width":342,"height":167,"caption":"Orgonites ODN"},"image":{"@id":"https:\/\/orgonitesodn.ca\/#\/schema\/logo\/image\/"}}]}},"jetpack_sharing_enabled":true,"_links":{"self":[{"href":"https:\/\/orgonitesodn.ca\/fr\/wp-json\/wp\/v2\/product\/11582","targetHints":{"allow":["GET"]}}],"collection":[{"href":"https:\/\/orgonitesodn.ca\/fr\/wp-json\/wp\/v2\/product"}],"about":[{"href":"https:\/\/orgonitesodn.ca\/fr\/wp-json\/wp\/v2\/types\/product"}],"replies":[{"embeddable":true,"href":"https:\/\/orgonitesodn.ca\/fr\/wp-json\/wp\/v2\/comments?post=11582"}],"version-history":[{"count":13,"href":"https:\/\/orgonitesodn.ca\/fr\/wp-json\/wp\/v2\/product\/11582\/revisions"}],"predecessor-version":[{"id":15310,"href":"https:\/\/orgonitesodn.ca\/fr\/wp-json\/wp\/v2\/product\/11582\/revisions\/15310"}],"wp:featuredmedia":[{"embeddable":true,"href":"https:\/\/orgonitesodn.ca\/fr\/wp-json\/wp\/v2\/media\/11914"}],"wp:attachment":[{"href":"https:\/\/orgonitesodn.ca\/fr\/wp-json\/wp\/v2\/media?parent=11582"}],"wp:term":[{"taxonomy":"product_brand","embeddable":true,"href":"https:\/\/orgonitesodn.ca\/fr\/wp-json\/wp\/v2\/product_brand?post=11582"},{"taxonomy":"product_cat","embeddable":true,"href":"https:\/\/orgonitesodn.ca\/fr\/wp-json\/wp\/v2\/product_cat?post=11582"},{"taxonomy":"product_tag","embeddable":true,"href":"https:\/\/orgonitesodn.ca\/fr\/wp-json\/wp\/v2\/product_tag?post=11582"}],"curies":[{"name":"wp","href":"https:\/\/api.w.org\/{rel}","templated":true}]}}