{"id":11687,"date":"2024-06-05T18:41:44","date_gmt":"2024-06-05T18:41:44","guid":{"rendered":"https:\/\/quebecorgone.org\/?post_type=product&#038;p=11687"},"modified":"2026-01-22T17:12:06","modified_gmt":"2026-01-22T17:12:06","slug":"chembuster-cloudbuster-chemtrail-orgonite-orgone","status":"publish","type":"product","link":"https:\/\/orgonitesodn.ca\/fr\/produit\/chembuster-cloudbuster-chemtrail-orgonite-orgone\/","title":{"rendered":"Chembuster \/ Cloudbuster d'Orgone"},"content":{"rendered":"<p class=\"western\" lang=\"en-CA\" align=\"justify\"><span style=\"color: #000000;\"><span style=\"font-family: Tahoma, sans-serif;\"><span style=\"font-size: medium;\">En fait, notre Orgone Chembuster \/ Cloudbuster est un produit de qualit\u00e9 pour l\u2019ext\u00e9rieur exclusivement fabriqu\u00e9 \u00e0 la main. Il est construit selon les \u00e9tudes de Don Croft avec une touche personnelle d\u2019Orgonites ODN. Tout d\u2019abord, au bas de la base de votre nouveau Cloudbuster, il y a 4 cristaux de quartz double termin\u00e9s pour les 4 points cardinaux et une tourmaline au centre. La tourmaline amplifie le pouvoir d\u00e9j\u00e0 grand du cristal de roche. Deuxi\u00e8mement, au centre, une couche suppl\u00e9mentaire de cristal de roche. En outre, sur le dessus, du quartz rose et de l\u2019am\u00e9thyste entre chaque tuyau. Le quartz rose augmente l\u2019\u00e9nergie douce et rassurante et l\u2019am\u00e9thyste est utilis\u00e9e pour le nettoyage constant des autres pierres. Ainsi, votre produit reste en efficacit\u00e9 totale. Enfin, tout cela, entour\u00e9 de m\u00e9tal et contract\u00e9 par la r\u00e9sine. Votre base est donc une orgonite compl\u00e8te et forte pour accomplir une grande mission. Le plus important, vous b\u00e9n\u00e9ficierez ainsi d\u2019une base stable et \u00e9nergiquement solide.<\/span><\/span><\/span><\/p>\n<p class=\"western\" lang=\"en-CA\" align=\"justify\"><span style=\"color: #000000;\"><span style=\"font-family: Tahoma, sans-serif;\"><span style=\"font-size: medium;\">Comme d\u00e9montr\u00e9 dans les recherches de Wilhelm Reich, la combinaison de mat\u00e9riaux organiques avec des copeaux de m\u00e9tal, avec des cristaux puissants, fournit une matrice qui a la capacit\u00e9 d\u2019attirer l\u2019\u00e9nergie d\u2019orgone. <a href=\"https:\/\/wilhelmreichmuseum.org\/about\/biography-of-wilhelm-reich\/\">https:\/\/wilhelmreichmuseum.org\/about\/biography-of-wilhelm-reich\/<\/a><\/span><\/span><\/span><\/p>\n<p class=\"western\" lang=\"en-CA\" align=\"justify\"><span style=\"color: #000000;\"><span style=\"font-family: Tahoma, sans-serif;\"><span style=\"font-size: medium;\">De plus, vous recevrez un ensemble complet comprenant des Towerbusters pour ajouter la touche finale. C\u2019est la quantit\u00e9 n\u00e9cessaire pour enterrer un TB (juste assez profond pour le couvrir) dans chaque coin de votre terrain. Vous avez \u00e9galement deux autres TB. Vous pouvez gifter votre compteur \u00e9lectrique.<\/span><\/span><\/span><\/p>\n<p class=\"western\" lang=\"en-CA\" align=\"justify\"><span style=\"color: #000000;\"><span style=\"font-family: Tahoma, sans-serif;\"><span style=\"font-size: medium;\">* Important: les towerbusters ne sont pas pour l'int\u00e9rieur. Ils sont fait de r\u00e9sine ext\u00e9rieure.<br \/>\n<\/span><\/span><\/span><span style=\"color: #000000;\"><span style=\"font-family: Tahoma, sans-serif;\"><span style=\"font-size: medium;\">* Si vous avez besoin de plus, ajoutez en ici:\u00a0<a href=\"https:\/\/orgonitesodn.ca\/fr\/produit\/quebec-orgone-towerbusters-best-outdoor-orgonites-protection-5g-emf-quartz\/\">https:\/\/orgonitesodn.ca\/product\/quebec-orgone-towerbusters-best-outdoor-orgonites-protection-5g-emf-quartz\/<\/a><\/span><\/span><\/span><\/p>\n<p><span style=\"color: #000000; font-family: Tahoma, sans-serif; font-size: medium;\">En effet, votre nouveau Chembuster \/ Cloudbuster d'Orgone peut nettoyer un espace diff\u00e9rent en fonction du nombre de champs \u00e9lectromagn\u00e9tiques propag\u00e9s dans votre rayon.<\/span><\/p>\n<p class=\"western\" lang=\"en-CA\" align=\"left\"><span style=\"font-family: Tahoma, sans-serif;\"><span style=\"font-size: large;\"><i><u>Items<\/u><\/i><\/span><\/span><span style=\"font-family: Tahoma, sans-serif;\"><span style=\"font-size: large;\"><i><u>_<\/u><\/i><\/span><\/span><i style=\"font-size: large; font-family: Tahoma, sans-serif;\"><u>inclus:<br \/>\n<\/u><\/i><span style=\"font-family: Tahoma, sans-serif;\"><span style=\"font-size: medium;\">- 1 Base du Chembuster<br \/>\n<\/span><\/span><span style=\"font-family: Tahoma, sans-serif;\"><span style=\"font-size: medium;\">- 6 cristaux de Quartz<br \/>\n<\/span><\/span><span style=\"font-family: Tahoma, sans-serif;\"><span style=\"font-size: medium;\">\u2013 6 Towerbusters<br \/>\n<\/span><\/span><span style=\"font-family: Tahoma, sans-serif;\"><span style=\"font-size: medium;\">- 6 Unions de cuivre<br \/>\n<\/span><\/span><span style=\"font-family: Tahoma, sans-serif;\"><span style=\"font-size: medium;\">- 1 Pi\u00e8ce de bois avec 6 trous<\/span><\/span><\/p>\n<p class=\"western\" lang=\"en-CA\" align=\"justify\"><strong>Les instructions compl\u00e8tes sont fournies dans l'envoi.<\/strong><\/p>\n<p>*** Non inclus, vous aurez besoin de:<br \/>\n<span style=\"font-family: Tahoma, sans-serif;\"><span style=\"font-size: medium;\">- 6 Tuyau de cuivre de 5'\u00a0 \u00a0 <\/span><\/span><span style=\"font-family: Tahoma, sans-serif;\"><span style=\"font-size: medium;\"><i>(habituellement, vous pouvez acheter 3 tuyaux de cuivre de 10' qu'on demande de couper en 2)<\/i><\/span><\/span><\/p>","protected":false},"excerpt":{"rendered":"<p><span style=\"color: #000000;\"><span style=\"font-family: Tahoma, sans-serif;\"><span style=\"font-size: medium;\">Construit selon les \u00e9tudes de Don Croft avec la touche personnelle d\u2019Orgonites ODN. Votre base est donc une orgonite compl\u00e8te et forte pour accomplir une grande mission. Le plus important, vous b\u00e9n\u00e9ficierez ainsi d\u2019une base stable et \u00e9nergiquement solide. \u00c9nergie propuls\u00e9e par l\u2019amour et la douceur.<\/span><\/span><\/span><\/p>","protected":false},"featured_media":14767,"comment_status":"open","ping_status":"closed","template":"","meta":[],"product_brand":[],"product_cat":[89],"product_tag":[],"class_list":{"0":"post-11687","1":"product","2":"type-product","3":"status-publish","4":"has-post-thumbnail","6":"product_cat-outdoor-orgonites","7":"product_shipping_class-heavy","9":"first","10":"instock","11":"taxable","12":"shipping-taxable","13":"purchasable","14":"product-type-simple"},"yoast_head":"<!-- This site is optimized with the Yoast SEO plugin v27.3 - https:\/\/yoast.com\/product\/yoast-seo-wordpress\/ -->\n<title>Orgone Chembuster \/ Cloudbuster - Orgonites ODN<\/title>\n<meta name=\"description\" content=\"The Orgone Chembusters \/ Cloudbuster will clear chemtrails and restore good health to the sky. The perfect way to protect against chemtrails and EMF!\" \/>\n<meta name=\"robots\" content=\"index, follow, max-snippet:-1, max-image-preview:large, max-video-preview:-1\" \/>\n<link rel=\"canonical\" href=\"https:\/\/orgonitesodn.ca\/fr\/produit\/chembuster-cloudbuster-chemtrail-orgonite-orgone\/\" \/>\n<meta property=\"og:locale\" content=\"fr_CA\" \/>\n<meta property=\"og:type\" content=\"article\" \/>\n<meta property=\"og:title\" content=\"Orgone Chembuster \/ Cloudbuster - Orgonites ODN\" \/>\n<meta property=\"og:description\" content=\"The Orgone Chembusters \/ Cloudbuster will clear chemtrails and restore good health to the sky. The perfect way to protect against chemtrails and EMF!\" \/>\n<meta property=\"og:url\" content=\"https:\/\/orgonitesodn.ca\/fr\/produit\/chembuster-cloudbuster-chemtrail-orgonite-orgone\/\" \/>\n<meta property=\"og:site_name\" content=\"Orgonites ODN\" \/>\n<meta property=\"article:modified_time\" content=\"2026-01-22T17:12:06+00:00\" \/>\n<meta property=\"og:image\" content=\"https:\/\/orgonitesodn.ca\/wp-content\/uploads\/2024\/06\/CB-ODN-ok.jpg\" \/>\n\t<meta property=\"og:image:width\" content=\"748\" \/>\n\t<meta property=\"og:image:height\" content=\"826\" \/>\n\t<meta property=\"og:image:type\" content=\"image\/jpeg\" \/>\n<meta name=\"twitter:card\" content=\"summary_large_image\" \/>\n<meta name=\"twitter:label1\" content=\"Estimation du temps de lecture\" \/>\n\t<meta name=\"twitter:data1\" content=\"2 minutes\" \/>\n<script type=\"application\/ld+json\" class=\"yoast-schema-graph\">{\"@context\":\"https:\\\/\\\/schema.org\",\"@graph\":[{\"@type\":\"WebPage\",\"@id\":\"https:\\\/\\\/orgonitesodn.ca\\\/product\\\/chembuster-cloudbuster-chemtrail-orgonite-orgone\\\/\",\"url\":\"https:\\\/\\\/orgonitesodn.ca\\\/product\\\/chembuster-cloudbuster-chemtrail-orgonite-orgone\\\/\",\"name\":\"Orgone Chembuster \\\/ Cloudbuster - Orgonites ODN\",\"isPartOf\":{\"@id\":\"https:\\\/\\\/orgonitesodn.ca\\\/#website\"},\"primaryImageOfPage\":{\"@id\":\"https:\\\/\\\/orgonitesodn.ca\\\/product\\\/chembuster-cloudbuster-chemtrail-orgonite-orgone\\\/#primaryimage\"},\"image\":{\"@id\":\"https:\\\/\\\/orgonitesodn.ca\\\/product\\\/chembuster-cloudbuster-chemtrail-orgonite-orgone\\\/#primaryimage\"},\"thumbnailUrl\":\"https:\\\/\\\/orgonitesodn.ca\\\/wp-content\\\/uploads\\\/2024\\\/06\\\/CB-ODN-ok.jpg\",\"datePublished\":\"2024-06-05T18:41:44+00:00\",\"dateModified\":\"2026-01-22T17:12:06+00:00\",\"description\":\"The Orgone Chembusters \\\/ Cloudbuster will clear chemtrails and restore good health to the sky. The perfect way to protect against chemtrails and EMF!\",\"breadcrumb\":{\"@id\":\"https:\\\/\\\/orgonitesodn.ca\\\/product\\\/chembuster-cloudbuster-chemtrail-orgonite-orgone\\\/#breadcrumb\"},\"inLanguage\":\"fr-CA\",\"potentialAction\":[{\"@type\":\"ReadAction\",\"target\":[\"https:\\\/\\\/orgonitesodn.ca\\\/product\\\/chembuster-cloudbuster-chemtrail-orgonite-orgone\\\/\"]}]},{\"@type\":\"ImageObject\",\"inLanguage\":\"fr-CA\",\"@id\":\"https:\\\/\\\/orgonitesodn.ca\\\/product\\\/chembuster-cloudbuster-chemtrail-orgonite-orgone\\\/#primaryimage\",\"url\":\"https:\\\/\\\/orgonitesodn.ca\\\/wp-content\\\/uploads\\\/2024\\\/06\\\/CB-ODN-ok.jpg\",\"contentUrl\":\"https:\\\/\\\/orgonitesodn.ca\\\/wp-content\\\/uploads\\\/2024\\\/06\\\/CB-ODN-ok.jpg\",\"width\":748,\"height\":826},{\"@type\":\"BreadcrumbList\",\"@id\":\"https:\\\/\\\/orgonitesodn.ca\\\/product\\\/chembuster-cloudbuster-chemtrail-orgonite-orgone\\\/#breadcrumb\",\"itemListElement\":[{\"@type\":\"ListItem\",\"position\":1,\"name\":\"Home\",\"item\":\"https:\\\/\\\/orgonitesodn.ca\\\/\"},{\"@type\":\"ListItem\",\"position\":2,\"name\":\"Shop\",\"item\":\"https:\\\/\\\/orgonitesodn.ca\\\/shop-orgonites\\\/\"},{\"@type\":\"ListItem\",\"position\":3,\"name\":\"Orgone Chembuster \\\/ Cloudbuster\"}]},{\"@type\":\"WebSite\",\"@id\":\"https:\\\/\\\/orgonitesodn.ca\\\/#website\",\"url\":\"https:\\\/\\\/orgonitesodn.ca\\\/\",\"name\":\"Orgonites ODN\",\"description\":\"\",\"publisher\":{\"@id\":\"https:\\\/\\\/orgonitesodn.ca\\\/#organization\"},\"potentialAction\":[{\"@type\":\"SearchAction\",\"target\":{\"@type\":\"EntryPoint\",\"urlTemplate\":\"https:\\\/\\\/orgonitesodn.ca\\\/?s={search_term_string}\"},\"query-input\":{\"@type\":\"PropertyValueSpecification\",\"valueRequired\":true,\"valueName\":\"search_term_string\"}}],\"inLanguage\":\"fr-CA\"},{\"@type\":\"Organization\",\"@id\":\"https:\\\/\\\/orgonitesodn.ca\\\/#organization\",\"name\":\"Orgonites ODN\",\"url\":\"https:\\\/\\\/orgonitesodn.ca\\\/\",\"logo\":{\"@type\":\"ImageObject\",\"inLanguage\":\"fr-CA\",\"@id\":\"https:\\\/\\\/orgonitesodn.ca\\\/#\\\/schema\\\/logo\\\/image\\\/\",\"url\":\"https:\\\/\\\/orgonitesodn.ca\\\/wp-content\\\/uploads\\\/2023\\\/03\\\/page-3-e1722971186772.jpeg\",\"contentUrl\":\"https:\\\/\\\/orgonitesodn.ca\\\/wp-content\\\/uploads\\\/2023\\\/03\\\/page-3-e1722971186772.jpeg\",\"width\":342,\"height\":167,\"caption\":\"Orgonites ODN\"},\"image\":{\"@id\":\"https:\\\/\\\/orgonitesodn.ca\\\/#\\\/schema\\\/logo\\\/image\\\/\"}}]}<\/script>\n<!-- \/ Yoast SEO plugin. -->","yoast_head_json":{"title":"Orgone Chembuster \/ Cloudbuster - Orgonites ODN","description":"The Orgone Chembusters \/ Cloudbuster will clear chemtrails and restore good health to the sky. The perfect way to protect against chemtrails and EMF!","robots":{"index":"index","follow":"follow","max-snippet":"max-snippet:-1","max-image-preview":"max-image-preview:large","max-video-preview":"max-video-preview:-1"},"canonical":"https:\/\/orgonitesodn.ca\/fr\/produit\/chembuster-cloudbuster-chemtrail-orgonite-orgone\/","og_locale":"fr_CA","og_type":"article","og_title":"Orgone Chembuster \/ Cloudbuster - Orgonites ODN","og_description":"The Orgone Chembusters \/ Cloudbuster will clear chemtrails and restore good health to the sky. The perfect way to protect against chemtrails and EMF!","og_url":"https:\/\/orgonitesodn.ca\/fr\/produit\/chembuster-cloudbuster-chemtrail-orgonite-orgone\/","og_site_name":"Orgonites ODN","article_modified_time":"2026-01-22T17:12:06+00:00","og_image":[{"width":748,"height":826,"url":"https:\/\/orgonitesodn.ca\/wp-content\/uploads\/2024\/06\/CB-ODN-ok.jpg","type":"image\/jpeg"}],"twitter_card":"summary_large_image","twitter_misc":{"Estimation du temps de lecture":"2 minutes"},"schema":{"@context":"https:\/\/schema.org","@graph":[{"@type":"WebPage","@id":"https:\/\/orgonitesodn.ca\/product\/chembuster-cloudbuster-chemtrail-orgonite-orgone\/","url":"https:\/\/orgonitesodn.ca\/product\/chembuster-cloudbuster-chemtrail-orgonite-orgone\/","name":"Orgone Chembuster \/ Cloudbuster - Orgonites ODN","isPartOf":{"@id":"https:\/\/orgonitesodn.ca\/#website"},"primaryImageOfPage":{"@id":"https:\/\/orgonitesodn.ca\/product\/chembuster-cloudbuster-chemtrail-orgonite-orgone\/#primaryimage"},"image":{"@id":"https:\/\/orgonitesodn.ca\/product\/chembuster-cloudbuster-chemtrail-orgonite-orgone\/#primaryimage"},"thumbnailUrl":"https:\/\/orgonitesodn.ca\/wp-content\/uploads\/2024\/06\/CB-ODN-ok.jpg","datePublished":"2024-06-05T18:41:44+00:00","dateModified":"2026-01-22T17:12:06+00:00","description":"The Orgone Chembusters \/ Cloudbuster will clear chemtrails and restore good health to the sky. The perfect way to protect against chemtrails and EMF!","breadcrumb":{"@id":"https:\/\/orgonitesodn.ca\/product\/chembuster-cloudbuster-chemtrail-orgonite-orgone\/#breadcrumb"},"inLanguage":"fr-CA","potentialAction":[{"@type":"ReadAction","target":["https:\/\/orgonitesodn.ca\/product\/chembuster-cloudbuster-chemtrail-orgonite-orgone\/"]}]},{"@type":"ImageObject","inLanguage":"fr-CA","@id":"https:\/\/orgonitesodn.ca\/product\/chembuster-cloudbuster-chemtrail-orgonite-orgone\/#primaryimage","url":"https:\/\/orgonitesodn.ca\/wp-content\/uploads\/2024\/06\/CB-ODN-ok.jpg","contentUrl":"https:\/\/orgonitesodn.ca\/wp-content\/uploads\/2024\/06\/CB-ODN-ok.jpg","width":748,"height":826},{"@type":"BreadcrumbList","@id":"https:\/\/orgonitesodn.ca\/product\/chembuster-cloudbuster-chemtrail-orgonite-orgone\/#breadcrumb","itemListElement":[{"@type":"ListItem","position":1,"name":"Home","item":"https:\/\/orgonitesodn.ca\/"},{"@type":"ListItem","position":2,"name":"Shop","item":"https:\/\/orgonitesodn.ca\/shop-orgonites\/"},{"@type":"ListItem","position":3,"name":"Orgone Chembuster \/ Cloudbuster"}]},{"@type":"WebSite","@id":"https:\/\/orgonitesodn.ca\/#website","url":"https:\/\/orgonitesodn.ca\/","name":"Orgonites ODN","description":"","publisher":{"@id":"https:\/\/orgonitesodn.ca\/#organization"},"potentialAction":[{"@type":"SearchAction","target":{"@type":"EntryPoint","urlTemplate":"https:\/\/orgonitesodn.ca\/?s={search_term_string}"},"query-input":{"@type":"PropertyValueSpecification","valueRequired":true,"valueName":"search_term_string"}}],"inLanguage":"fr-CA"},{"@type":"Organization","@id":"https:\/\/orgonitesodn.ca\/#organization","name":"Orgonites ODN","url":"https:\/\/orgonitesodn.ca\/","logo":{"@type":"ImageObject","inLanguage":"fr-CA","@id":"https:\/\/orgonitesodn.ca\/#\/schema\/logo\/image\/","url":"https:\/\/orgonitesodn.ca\/wp-content\/uploads\/2023\/03\/page-3-e1722971186772.jpeg","contentUrl":"https:\/\/orgonitesodn.ca\/wp-content\/uploads\/2023\/03\/page-3-e1722971186772.jpeg","width":342,"height":167,"caption":"Orgonites ODN"},"image":{"@id":"https:\/\/orgonitesodn.ca\/#\/schema\/logo\/image\/"}}]}},"jetpack_sharing_enabled":true,"_links":{"self":[{"href":"https:\/\/orgonitesodn.ca\/fr\/wp-json\/wp\/v2\/product\/11687","targetHints":{"allow":["GET"]}}],"collection":[{"href":"https:\/\/orgonitesodn.ca\/fr\/wp-json\/wp\/v2\/product"}],"about":[{"href":"https:\/\/orgonitesodn.ca\/fr\/wp-json\/wp\/v2\/types\/product"}],"replies":[{"embeddable":true,"href":"https:\/\/orgonitesodn.ca\/fr\/wp-json\/wp\/v2\/comments?post=11687"}],"version-history":[{"count":7,"href":"https:\/\/orgonitesodn.ca\/fr\/wp-json\/wp\/v2\/product\/11687\/revisions"}],"predecessor-version":[{"id":14765,"href":"https:\/\/orgonitesodn.ca\/fr\/wp-json\/wp\/v2\/product\/11687\/revisions\/14765"}],"wp:featuredmedia":[{"embeddable":true,"href":"https:\/\/orgonitesodn.ca\/fr\/wp-json\/wp\/v2\/media\/14767"}],"wp:attachment":[{"href":"https:\/\/orgonitesodn.ca\/fr\/wp-json\/wp\/v2\/media?parent=11687"}],"wp:term":[{"taxonomy":"product_brand","embeddable":true,"href":"https:\/\/orgonitesodn.ca\/fr\/wp-json\/wp\/v2\/product_brand?post=11687"},{"taxonomy":"product_cat","embeddable":true,"href":"https:\/\/orgonitesodn.ca\/fr\/wp-json\/wp\/v2\/product_cat?post=11687"},{"taxonomy":"product_tag","embeddable":true,"href":"https:\/\/orgonitesodn.ca\/fr\/wp-json\/wp\/v2\/product_tag?post=11687"}],"curies":[{"name":"wp","href":"https:\/\/api.w.org\/{rel}","templated":true}]}}