{"id":11928,"date":"2024-11-20T02:31:08","date_gmt":"2024-11-20T02:31:08","guid":{"rendered":"https:\/\/orgonitesodn.ca\/?post_type=product&#038;p=11928"},"modified":"2025-01-14T01:38:41","modified_gmt":"2025-01-14T01:38:41","slug":"owl-totem-orgonite-keychain-protection","status":"publish","type":"product","link":"https:\/\/orgonitesodn.ca\/fr\/produit\/owl-totem-orgonite-keychain-protection\/","title":{"rendered":"PORTE-CL\u00c9S HIBOU TOTEM"},"content":{"rendered":"<p>Les orgonites porte-cl\u00e9s faites exclusivement \u00e0 la main sont id\u00e9ales pour \u00eatre accrocher sur ce qui vous suit partout.<\/p>\n<p>Ce bel objet vous prot\u00e8gera en tout temps des ondes n\u00e9gatives. Il r\u00e9\u00e9quilibre les champs \u00e9nerg\u00e9tiques qui vous entourent, cr\u00e9ant une bulle de bonheur!<\/p>\n<p>Le coeur de quartz v\u00e9ritable resserr\u00e9 dans les m\u00e9taux par la r\u00e9sine haut-de-gamme assure l'efficacit\u00e9.<br \/>\nVous pouvez aussi vous procurer un autre design ici:<em><strong>\u00a0<a href=\"https:\/\/orgonitesodn.ca\/fr\/produit\/little-inukshuk-keychain-orgone-orgonite\/\">https:\/\/orgonitesodn.ca\/product\/little-inukshuk-keychain-orgone-orgonite\/<\/a><\/strong><\/em><\/p>\n<p>Cette orgonite porte-cl\u00e9s unique arbore fi\u00e8rement le hibou.<br \/>\nAnimal spirituel, le hibou est un puissant symbole de sagesse, de connaissance et de protection.<br \/>\n\u00c0 l'arri\u00e8re, un coil de cuivre augmente l'efficacit\u00e9. Effectivement, il augmente le flux d'\u00e9nergie et sa circulation.<br \/>\nEn plus du quartz, la lapis lazuli aide les chakras gorge et frontal. Aussi, l'aigue-marine prend soin du chakra coeur. Pour finir, la tourmaline agit comme stabilisatrice des sept chakras.<\/p>\n<p>En r\u00e9sum\u00e9, le coeur de quartz v\u00e9ritable et le hibou sont gardiens de votre connexion avec l'univers.<\/p>\n<p>Chaque produit est soigneusement emball\u00e9 et livr\u00e9 avec sa carte d'authenticit\u00e9 explicative.<br \/>\nFabriqu\u00e9s \u00e0 la main dans un environnement entour\u00e9 par la nature, Qu\u00e9bec, Canada.<\/p>\n<p>Comme Don et Carol Ann Croft, nous aimons beaucoup faire des orgonites avec des designs sp\u00e9ciaux et leurs significations.\u00a0<a href=\"https:\/\/www.croftzappers.com\/orgonite\">https:\/\/www.croftzappers.com\/orgonite<\/a><\/p>","protected":false},"excerpt":{"rendered":"<p>Peu importe le design choisi, un porte-cl\u00e9s orgonite est fait pour vous prot\u00e9ger des ondes n\u00e9gatives en tout temps et partout.<br \/>\nD\u00e9couvrez ici le Hibou Totem!<\/p>","protected":false},"featured_media":11933,"comment_status":"open","ping_status":"closed","template":"","meta":[],"product_brand":[],"product_cat":[74,72],"product_tag":[],"class_list":{"0":"post-11928","1":"product","2":"type-product","3":"status-publish","4":"has-post-thumbnail","6":"product_cat-pendants-keychains-orgone-orgonites-protection-quartz-gemstones-powerful","7":"product_cat-orgone-generators-orgonites-portable-protection","8":"product_shipping_class-little-package","10":"first","11":"instock","12":"taxable","13":"shipping-taxable","14":"purchasable","15":"product-type-simple"},"yoast_head":"<!-- This site is optimized with the Yoast SEO plugin v27.3 - https:\/\/yoast.com\/product\/yoast-seo-wordpress\/ -->\n<title>ORGONITE KEYCHAIN OWL TOTEM- Orgonites ODN<\/title>\n<meta name=\"description\" content=\"In this keychain orgonite all handmade with love in Quebec, the heart of AAA quality quartz and the owl are guardians of your connection with the universe.\" \/>\n<meta name=\"robots\" content=\"index, follow, max-snippet:-1, max-image-preview:large, max-video-preview:-1\" \/>\n<link rel=\"canonical\" href=\"https:\/\/orgonitesodn.ca\/fr\/produit\/owl-totem-orgonite-keychain-protection\/\" \/>\n<meta property=\"og:locale\" content=\"fr_CA\" \/>\n<meta property=\"og:type\" content=\"article\" \/>\n<meta property=\"og:title\" content=\"ORGONITE KEYCHAIN OWL TOTEM- Orgonites ODN\" \/>\n<meta property=\"og:description\" content=\"In this keychain orgonite all handmade with love in Quebec, the heart of AAA quality quartz and the owl are guardians of your connection with the universe.\" \/>\n<meta property=\"og:url\" content=\"https:\/\/orgonitesodn.ca\/fr\/produit\/owl-totem-orgonite-keychain-protection\/\" \/>\n<meta property=\"og:site_name\" content=\"Orgonites ODN\" \/>\n<meta property=\"article:modified_time\" content=\"2025-01-14T01:38:41+00:00\" \/>\n<meta property=\"og:image\" content=\"https:\/\/orgonitesodn.ca\/wp-content\/uploads\/2024\/11\/hibou-2.0.jpg\" \/>\n\t<meta property=\"og:image:width\" content=\"1890\" \/>\n\t<meta property=\"og:image:height\" content=\"2062\" \/>\n\t<meta property=\"og:image:type\" content=\"image\/jpeg\" \/>\n<meta name=\"twitter:card\" content=\"summary_large_image\" \/>\n<meta name=\"twitter:label1\" content=\"Estimation du temps de lecture\" \/>\n\t<meta name=\"twitter:data1\" content=\"2 minutes\" \/>\n<script type=\"application\/ld+json\" class=\"yoast-schema-graph\">{\"@context\":\"https:\\\/\\\/schema.org\",\"@graph\":[{\"@type\":\"WebPage\",\"@id\":\"https:\\\/\\\/orgonitesodn.ca\\\/product\\\/owl-totem-orgonite-keychain-protection\\\/\",\"url\":\"https:\\\/\\\/orgonitesodn.ca\\\/product\\\/owl-totem-orgonite-keychain-protection\\\/\",\"name\":\"ORGONITE KEYCHAIN OWL TOTEM- Orgonites ODN\",\"isPartOf\":{\"@id\":\"https:\\\/\\\/orgonitesodn.ca\\\/#website\"},\"primaryImageOfPage\":{\"@id\":\"https:\\\/\\\/orgonitesodn.ca\\\/product\\\/owl-totem-orgonite-keychain-protection\\\/#primaryimage\"},\"image\":{\"@id\":\"https:\\\/\\\/orgonitesodn.ca\\\/product\\\/owl-totem-orgonite-keychain-protection\\\/#primaryimage\"},\"thumbnailUrl\":\"https:\\\/\\\/orgonitesodn.ca\\\/wp-content\\\/uploads\\\/2024\\\/11\\\/hibou-2.0.jpg\",\"datePublished\":\"2024-11-20T02:31:08+00:00\",\"dateModified\":\"2025-01-14T01:38:41+00:00\",\"description\":\"In this keychain orgonite all handmade with love in Quebec, the heart of AAA quality quartz and the owl are guardians of your connection with the universe.\",\"breadcrumb\":{\"@id\":\"https:\\\/\\\/orgonitesodn.ca\\\/product\\\/owl-totem-orgonite-keychain-protection\\\/#breadcrumb\"},\"inLanguage\":\"fr-CA\",\"potentialAction\":[{\"@type\":\"ReadAction\",\"target\":[\"https:\\\/\\\/orgonitesodn.ca\\\/product\\\/owl-totem-orgonite-keychain-protection\\\/\"]}]},{\"@type\":\"ImageObject\",\"inLanguage\":\"fr-CA\",\"@id\":\"https:\\\/\\\/orgonitesodn.ca\\\/product\\\/owl-totem-orgonite-keychain-protection\\\/#primaryimage\",\"url\":\"https:\\\/\\\/orgonitesodn.ca\\\/wp-content\\\/uploads\\\/2024\\\/11\\\/hibou-2.0.jpg\",\"contentUrl\":\"https:\\\/\\\/orgonitesodn.ca\\\/wp-content\\\/uploads\\\/2024\\\/11\\\/hibou-2.0.jpg\",\"width\":1890,\"height\":2062},{\"@type\":\"BreadcrumbList\",\"@id\":\"https:\\\/\\\/orgonitesodn.ca\\\/product\\\/owl-totem-orgonite-keychain-protection\\\/#breadcrumb\",\"itemListElement\":[{\"@type\":\"ListItem\",\"position\":1,\"name\":\"Home\",\"item\":\"https:\\\/\\\/orgonitesodn.ca\\\/\"},{\"@type\":\"ListItem\",\"position\":2,\"name\":\"Shop\",\"item\":\"https:\\\/\\\/orgonitesodn.ca\\\/shop-orgonites\\\/\"},{\"@type\":\"ListItem\",\"position\":3,\"name\":\"OWL TOTEM KEYCHAIN\"}]},{\"@type\":\"WebSite\",\"@id\":\"https:\\\/\\\/orgonitesodn.ca\\\/#website\",\"url\":\"https:\\\/\\\/orgonitesodn.ca\\\/\",\"name\":\"Orgonites ODN\",\"description\":\"\",\"publisher\":{\"@id\":\"https:\\\/\\\/orgonitesodn.ca\\\/#organization\"},\"potentialAction\":[{\"@type\":\"SearchAction\",\"target\":{\"@type\":\"EntryPoint\",\"urlTemplate\":\"https:\\\/\\\/orgonitesodn.ca\\\/?s={search_term_string}\"},\"query-input\":{\"@type\":\"PropertyValueSpecification\",\"valueRequired\":true,\"valueName\":\"search_term_string\"}}],\"inLanguage\":\"fr-CA\"},{\"@type\":\"Organization\",\"@id\":\"https:\\\/\\\/orgonitesodn.ca\\\/#organization\",\"name\":\"Orgonites ODN\",\"url\":\"https:\\\/\\\/orgonitesodn.ca\\\/\",\"logo\":{\"@type\":\"ImageObject\",\"inLanguage\":\"fr-CA\",\"@id\":\"https:\\\/\\\/orgonitesodn.ca\\\/#\\\/schema\\\/logo\\\/image\\\/\",\"url\":\"https:\\\/\\\/orgonitesodn.ca\\\/wp-content\\\/uploads\\\/2023\\\/03\\\/page-3-e1722971186772.jpeg\",\"contentUrl\":\"https:\\\/\\\/orgonitesodn.ca\\\/wp-content\\\/uploads\\\/2023\\\/03\\\/page-3-e1722971186772.jpeg\",\"width\":342,\"height\":167,\"caption\":\"Orgonites ODN\"},\"image\":{\"@id\":\"https:\\\/\\\/orgonitesodn.ca\\\/#\\\/schema\\\/logo\\\/image\\\/\"}}]}<\/script>\n<!-- \/ Yoast SEO plugin. -->","yoast_head_json":{"title":"ORGONITE KEYCHAIN OWL TOTEM- Orgonites ODN","description":"In this keychain orgonite all handmade with love in Quebec, the heart of AAA quality quartz and the owl are guardians of your connection with the universe.","robots":{"index":"index","follow":"follow","max-snippet":"max-snippet:-1","max-image-preview":"max-image-preview:large","max-video-preview":"max-video-preview:-1"},"canonical":"https:\/\/orgonitesodn.ca\/fr\/produit\/owl-totem-orgonite-keychain-protection\/","og_locale":"fr_CA","og_type":"article","og_title":"ORGONITE KEYCHAIN OWL TOTEM- Orgonites ODN","og_description":"In this keychain orgonite all handmade with love in Quebec, the heart of AAA quality quartz and the owl are guardians of your connection with the universe.","og_url":"https:\/\/orgonitesodn.ca\/fr\/produit\/owl-totem-orgonite-keychain-protection\/","og_site_name":"Orgonites ODN","article_modified_time":"2025-01-14T01:38:41+00:00","og_image":[{"width":1890,"height":2062,"url":"https:\/\/orgonitesodn.ca\/wp-content\/uploads\/2024\/11\/hibou-2.0.jpg","type":"image\/jpeg"}],"twitter_card":"summary_large_image","twitter_misc":{"Estimation du temps de lecture":"2 minutes"},"schema":{"@context":"https:\/\/schema.org","@graph":[{"@type":"WebPage","@id":"https:\/\/orgonitesodn.ca\/product\/owl-totem-orgonite-keychain-protection\/","url":"https:\/\/orgonitesodn.ca\/product\/owl-totem-orgonite-keychain-protection\/","name":"ORGONITE KEYCHAIN OWL TOTEM- Orgonites ODN","isPartOf":{"@id":"https:\/\/orgonitesodn.ca\/#website"},"primaryImageOfPage":{"@id":"https:\/\/orgonitesodn.ca\/product\/owl-totem-orgonite-keychain-protection\/#primaryimage"},"image":{"@id":"https:\/\/orgonitesodn.ca\/product\/owl-totem-orgonite-keychain-protection\/#primaryimage"},"thumbnailUrl":"https:\/\/orgonitesodn.ca\/wp-content\/uploads\/2024\/11\/hibou-2.0.jpg","datePublished":"2024-11-20T02:31:08+00:00","dateModified":"2025-01-14T01:38:41+00:00","description":"In this keychain orgonite all handmade with love in Quebec, the heart of AAA quality quartz and the owl are guardians of your connection with the universe.","breadcrumb":{"@id":"https:\/\/orgonitesodn.ca\/product\/owl-totem-orgonite-keychain-protection\/#breadcrumb"},"inLanguage":"fr-CA","potentialAction":[{"@type":"ReadAction","target":["https:\/\/orgonitesodn.ca\/product\/owl-totem-orgonite-keychain-protection\/"]}]},{"@type":"ImageObject","inLanguage":"fr-CA","@id":"https:\/\/orgonitesodn.ca\/product\/owl-totem-orgonite-keychain-protection\/#primaryimage","url":"https:\/\/orgonitesodn.ca\/wp-content\/uploads\/2024\/11\/hibou-2.0.jpg","contentUrl":"https:\/\/orgonitesodn.ca\/wp-content\/uploads\/2024\/11\/hibou-2.0.jpg","width":1890,"height":2062},{"@type":"BreadcrumbList","@id":"https:\/\/orgonitesodn.ca\/product\/owl-totem-orgonite-keychain-protection\/#breadcrumb","itemListElement":[{"@type":"ListItem","position":1,"name":"Home","item":"https:\/\/orgonitesodn.ca\/"},{"@type":"ListItem","position":2,"name":"Shop","item":"https:\/\/orgonitesodn.ca\/shop-orgonites\/"},{"@type":"ListItem","position":3,"name":"OWL TOTEM KEYCHAIN"}]},{"@type":"WebSite","@id":"https:\/\/orgonitesodn.ca\/#website","url":"https:\/\/orgonitesodn.ca\/","name":"Orgonites ODN","description":"","publisher":{"@id":"https:\/\/orgonitesodn.ca\/#organization"},"potentialAction":[{"@type":"SearchAction","target":{"@type":"EntryPoint","urlTemplate":"https:\/\/orgonitesodn.ca\/?s={search_term_string}"},"query-input":{"@type":"PropertyValueSpecification","valueRequired":true,"valueName":"search_term_string"}}],"inLanguage":"fr-CA"},{"@type":"Organization","@id":"https:\/\/orgonitesodn.ca\/#organization","name":"Orgonites ODN","url":"https:\/\/orgonitesodn.ca\/","logo":{"@type":"ImageObject","inLanguage":"fr-CA","@id":"https:\/\/orgonitesodn.ca\/#\/schema\/logo\/image\/","url":"https:\/\/orgonitesodn.ca\/wp-content\/uploads\/2023\/03\/page-3-e1722971186772.jpeg","contentUrl":"https:\/\/orgonitesodn.ca\/wp-content\/uploads\/2023\/03\/page-3-e1722971186772.jpeg","width":342,"height":167,"caption":"Orgonites ODN"},"image":{"@id":"https:\/\/orgonitesodn.ca\/#\/schema\/logo\/image\/"}}]}},"jetpack_sharing_enabled":true,"_links":{"self":[{"href":"https:\/\/orgonitesodn.ca\/fr\/wp-json\/wp\/v2\/product\/11928","targetHints":{"allow":["GET"]}}],"collection":[{"href":"https:\/\/orgonitesodn.ca\/fr\/wp-json\/wp\/v2\/product"}],"about":[{"href":"https:\/\/orgonitesodn.ca\/fr\/wp-json\/wp\/v2\/types\/product"}],"replies":[{"embeddable":true,"href":"https:\/\/orgonitesodn.ca\/fr\/wp-json\/wp\/v2\/comments?post=11928"}],"version-history":[{"count":2,"href":"https:\/\/orgonitesodn.ca\/fr\/wp-json\/wp\/v2\/product\/11928\/revisions"}],"predecessor-version":[{"id":11936,"href":"https:\/\/orgonitesodn.ca\/fr\/wp-json\/wp\/v2\/product\/11928\/revisions\/11936"}],"wp:featuredmedia":[{"embeddable":true,"href":"https:\/\/orgonitesodn.ca\/fr\/wp-json\/wp\/v2\/media\/11933"}],"wp:attachment":[{"href":"https:\/\/orgonitesodn.ca\/fr\/wp-json\/wp\/v2\/media?parent=11928"}],"wp:term":[{"taxonomy":"product_brand","embeddable":true,"href":"https:\/\/orgonitesodn.ca\/fr\/wp-json\/wp\/v2\/product_brand?post=11928"},{"taxonomy":"product_cat","embeddable":true,"href":"https:\/\/orgonitesodn.ca\/fr\/wp-json\/wp\/v2\/product_cat?post=11928"},{"taxonomy":"product_tag","embeddable":true,"href":"https:\/\/orgonitesodn.ca\/fr\/wp-json\/wp\/v2\/product_tag?post=11928"}],"curies":[{"name":"wp","href":"https:\/\/api.w.org\/{rel}","templated":true}]}}