{"id":11955,"date":"2024-11-21T03:23:30","date_gmt":"2024-11-21T03:23:30","guid":{"rendered":"https:\/\/orgonitesodn.ca\/?post_type=product&#038;p=11955"},"modified":"2025-04-07T15:06:57","modified_gmt":"2025-04-07T15:06:57","slug":"silky-frog-jewel-keychain-orgonite","status":"publish","type":"product","link":"https:\/\/orgonitesodn.ca\/fr\/produit\/silky-frog-jewel-keychain-orgonite\/","title":{"rendered":"PORTE-CL\u00c9S GRENOUILLE SOYEUSE"},"content":{"rendered":"<p>Le porte-cl\u00e9s orgonite exclusivement fait \u00e0 la main, ici un v\u00e9ritable bijou arborant la grenouille, est id\u00e9al pour \u00eatre accroch\u00e9 sur ce qui vous suit partout.<\/p>\n<p>Ce bel objet vous prot\u00e8gera en tout temps des ondes n\u00e9gatives. Il r\u00e9\u00e9quilibre les champs \u00e9nerg\u00e9tiques qui vous entourent, cr\u00e9ant une bulle de bonheur!<\/p>\n<p>Le coeur de quartz v\u00e9ritable resserr\u00e9 dans les m\u00e9taux par la r\u00e9sine haut-de-gamme assure l'efficacit\u00e9.<\/p>\n<p>Vous pouvez aussi vous procurer un autre design ici:<em><strong>\u00a0<a href=\"https:\/\/orgonitesodn.ca\/fr\/categorie-produit\/orgone-generators-orgonites-protection-home-energy-positive-wifi-quartz-gemstone\/pendants-keychains-orgone-orgonites-protection-quartz-gemstones-powerful\/\">https:\/\/orgonitesodn.ca\/fr\/categorie-produit\/orgone-generators-orgonites-protection-home-energy-positive-wifi-quartz-gemstone\/pendants-keychains-orgone-orgonites-protection-quartz-gemstones-powerful\/<\/a><\/strong><\/em><\/p>\n<p>Cette orgonite porte-cl\u00e9s unique arbore fi\u00e8rement la grenouille.<br \/>\nLa capacit\u00e9 exceptionnelle de cet animal b\u00e9n\u00e9fique de dispara\u00eetre l'hiver pour r\u00e9appara\u00eetre au printemps lui donne une forte symbolique.<br \/>\nLa grenouille a une relation privil\u00e9gi\u00e9e avec l'Eau et la Terre.<br \/>\nAinsi, elle est depuis la nuit des temps un symbole de paix, de fertilit\u00e9, de purification et d'abondance.<\/p>\n<p>\u00c0 l'arri\u00e8re, un coil de cuivre augmente l'efficacit\u00e9. Effectivement, il augmente le flux d'\u00e9nergie et sa circulation.<\/p>\n<p>En plus du quartz de qualit\u00e9 AAA, la grenat aide le chakra racine. Le p\u00e9ridot prend soin du chakra coeur. Quant \u00e0 elle, l'am\u00e9thyste apaise le chakra couronne.<\/p>\n<p>En r\u00e9sum\u00e9, le coeur de quartz et l'esprit de la grenouille positive est un appel \u00e0 se laisser porter par la vague, sans lutter contre le courant. Appr\u00e9cier l\u00e0 o\u00f9 la vie nous porte.<\/p>\n<p>Chaque produit est soigneusement emball\u00e9 et livr\u00e9 avec sa carte d'authenticit\u00e9 explicative.<br \/>\nFabriqu\u00e9s \u00e0 la main dans un environnement entour\u00e9 par la nature, Qu\u00e9bec, Canada.<br \/>\nComme Don et Carol Ann Croft, nous aimons beaucoup faire des orgonites avec des designs sp\u00e9ciaux et leurs significations.<em><strong>\u00a0<a href=\"https:\/\/www.croftzappers.com\/orgonite\">https:\/\/www.croftzappers.com\/orgonite<\/a><\/strong><\/em><\/p>","protected":false},"excerpt":{"rendered":"<p>Peu importe le design choisi, un porte-cl\u00e9s orgonite est fait pour vous prot\u00e9ger des ondes n\u00e9gatives en tout temps et partout.<\/p>\n<p>D\u00e9couvrez ici la Grenouille Soyeuse!<\/p>","protected":false},"featured_media":14703,"comment_status":"open","ping_status":"closed","template":"","meta":[],"product_brand":[],"product_cat":[74,72],"product_tag":[],"class_list":{"0":"post-11955","1":"product","2":"type-product","3":"status-publish","4":"has-post-thumbnail","6":"product_cat-pendants-keychains-orgone-orgonites-protection-quartz-gemstones-powerful","7":"product_cat-orgone-generators-orgonites-portable-protection","8":"product_shipping_class-little-package","10":"first","11":"instock","12":"taxable","13":"shipping-taxable","14":"purchasable","15":"product-type-simple"},"yoast_head":"<!-- This site is optimized with the Yoast SEO plugin v27.3 - https:\/\/yoast.com\/product\/yoast-seo-wordpress\/ -->\n<title>JEWEL KEYCHAIN FROG SILKY- Orgonites ODN<\/title>\n<meta name=\"description\" content=\"In this frog jewel kaychain, the heart of quartz and the spirit of the positive frog is a call to be carried by the wave. Enjoy where life takes us.\" \/>\n<meta name=\"robots\" content=\"index, follow, max-snippet:-1, max-image-preview:large, max-video-preview:-1\" \/>\n<link rel=\"canonical\" href=\"https:\/\/orgonitesodn.ca\/fr\/produit\/silky-frog-jewel-keychain-orgonite\/\" \/>\n<meta property=\"og:locale\" content=\"fr_CA\" \/>\n<meta property=\"og:type\" content=\"article\" \/>\n<meta property=\"og:title\" content=\"JEWEL KEYCHAIN FROG SILKY- Orgonites ODN\" \/>\n<meta property=\"og:description\" content=\"In this frog jewel kaychain, the heart of quartz and the spirit of the positive frog is a call to be carried by the wave. Enjoy where life takes us.\" \/>\n<meta property=\"og:url\" content=\"https:\/\/orgonitesodn.ca\/fr\/produit\/silky-frog-jewel-keychain-orgonite\/\" \/>\n<meta property=\"og:site_name\" content=\"Orgonites ODN\" \/>\n<meta property=\"article:modified_time\" content=\"2025-04-07T15:06:57+00:00\" \/>\n<meta property=\"og:image\" content=\"https:\/\/orgonitesodn.ca\/wp-content\/uploads\/2024\/11\/grenouille-blanc.jpg\" \/>\n\t<meta property=\"og:image:width\" content=\"1440\" \/>\n\t<meta property=\"og:image:height\" content=\"1920\" \/>\n\t<meta property=\"og:image:type\" content=\"image\/jpeg\" \/>\n<meta name=\"twitter:card\" content=\"summary_large_image\" \/>\n<meta name=\"twitter:label1\" content=\"Estimation du temps de lecture\" \/>\n\t<meta name=\"twitter:data1\" content=\"2 minutes\" \/>\n<script type=\"application\/ld+json\" class=\"yoast-schema-graph\">{\"@context\":\"https:\\\/\\\/schema.org\",\"@graph\":[{\"@type\":\"WebPage\",\"@id\":\"https:\\\/\\\/orgonitesodn.ca\\\/product\\\/silky-frog-jewel-keychain-orgonite\\\/\",\"url\":\"https:\\\/\\\/orgonitesodn.ca\\\/product\\\/silky-frog-jewel-keychain-orgonite\\\/\",\"name\":\"JEWEL KEYCHAIN FROG SILKY- Orgonites ODN\",\"isPartOf\":{\"@id\":\"https:\\\/\\\/orgonitesodn.ca\\\/#website\"},\"primaryImageOfPage\":{\"@id\":\"https:\\\/\\\/orgonitesodn.ca\\\/product\\\/silky-frog-jewel-keychain-orgonite\\\/#primaryimage\"},\"image\":{\"@id\":\"https:\\\/\\\/orgonitesodn.ca\\\/product\\\/silky-frog-jewel-keychain-orgonite\\\/#primaryimage\"},\"thumbnailUrl\":\"https:\\\/\\\/orgonitesodn.ca\\\/wp-content\\\/uploads\\\/2024\\\/11\\\/grenouille-blanc.jpg\",\"datePublished\":\"2024-11-21T03:23:30+00:00\",\"dateModified\":\"2025-04-07T15:06:57+00:00\",\"description\":\"In this frog jewel kaychain, the heart of quartz and the spirit of the positive frog is a call to be carried by the wave. Enjoy where life takes us.\",\"breadcrumb\":{\"@id\":\"https:\\\/\\\/orgonitesodn.ca\\\/product\\\/silky-frog-jewel-keychain-orgonite\\\/#breadcrumb\"},\"inLanguage\":\"fr-CA\",\"potentialAction\":[{\"@type\":\"ReadAction\",\"target\":[\"https:\\\/\\\/orgonitesodn.ca\\\/product\\\/silky-frog-jewel-keychain-orgonite\\\/\"]}]},{\"@type\":\"ImageObject\",\"inLanguage\":\"fr-CA\",\"@id\":\"https:\\\/\\\/orgonitesodn.ca\\\/product\\\/silky-frog-jewel-keychain-orgonite\\\/#primaryimage\",\"url\":\"https:\\\/\\\/orgonitesodn.ca\\\/wp-content\\\/uploads\\\/2024\\\/11\\\/grenouille-blanc.jpg\",\"contentUrl\":\"https:\\\/\\\/orgonitesodn.ca\\\/wp-content\\\/uploads\\\/2024\\\/11\\\/grenouille-blanc.jpg\",\"width\":1440,\"height\":1920},{\"@type\":\"BreadcrumbList\",\"@id\":\"https:\\\/\\\/orgonitesodn.ca\\\/product\\\/silky-frog-jewel-keychain-orgonite\\\/#breadcrumb\",\"itemListElement\":[{\"@type\":\"ListItem\",\"position\":1,\"name\":\"Home\",\"item\":\"https:\\\/\\\/orgonitesodn.ca\\\/\"},{\"@type\":\"ListItem\",\"position\":2,\"name\":\"Shop\",\"item\":\"https:\\\/\\\/orgonitesodn.ca\\\/shop-orgonites\\\/\"},{\"@type\":\"ListItem\",\"position\":3,\"name\":\"SILKY FROG KEYCHAIN\"}]},{\"@type\":\"WebSite\",\"@id\":\"https:\\\/\\\/orgonitesodn.ca\\\/#website\",\"url\":\"https:\\\/\\\/orgonitesodn.ca\\\/\",\"name\":\"Orgonites ODN\",\"description\":\"\",\"publisher\":{\"@id\":\"https:\\\/\\\/orgonitesodn.ca\\\/#organization\"},\"potentialAction\":[{\"@type\":\"SearchAction\",\"target\":{\"@type\":\"EntryPoint\",\"urlTemplate\":\"https:\\\/\\\/orgonitesodn.ca\\\/?s={search_term_string}\"},\"query-input\":{\"@type\":\"PropertyValueSpecification\",\"valueRequired\":true,\"valueName\":\"search_term_string\"}}],\"inLanguage\":\"fr-CA\"},{\"@type\":\"Organization\",\"@id\":\"https:\\\/\\\/orgonitesodn.ca\\\/#organization\",\"name\":\"Orgonites ODN\",\"url\":\"https:\\\/\\\/orgonitesodn.ca\\\/\",\"logo\":{\"@type\":\"ImageObject\",\"inLanguage\":\"fr-CA\",\"@id\":\"https:\\\/\\\/orgonitesodn.ca\\\/#\\\/schema\\\/logo\\\/image\\\/\",\"url\":\"https:\\\/\\\/orgonitesodn.ca\\\/wp-content\\\/uploads\\\/2023\\\/03\\\/page-3-e1722971186772.jpeg\",\"contentUrl\":\"https:\\\/\\\/orgonitesodn.ca\\\/wp-content\\\/uploads\\\/2023\\\/03\\\/page-3-e1722971186772.jpeg\",\"width\":342,\"height\":167,\"caption\":\"Orgonites ODN\"},\"image\":{\"@id\":\"https:\\\/\\\/orgonitesodn.ca\\\/#\\\/schema\\\/logo\\\/image\\\/\"}}]}<\/script>\n<!-- \/ Yoast SEO plugin. -->","yoast_head_json":{"title":"JEWEL KEYCHAIN FROG SILKY- Orgonites ODN","description":"In this frog jewel kaychain, the heart of quartz and the spirit of the positive frog is a call to be carried by the wave. Enjoy where life takes us.","robots":{"index":"index","follow":"follow","max-snippet":"max-snippet:-1","max-image-preview":"max-image-preview:large","max-video-preview":"max-video-preview:-1"},"canonical":"https:\/\/orgonitesodn.ca\/fr\/produit\/silky-frog-jewel-keychain-orgonite\/","og_locale":"fr_CA","og_type":"article","og_title":"JEWEL KEYCHAIN FROG SILKY- Orgonites ODN","og_description":"In this frog jewel kaychain, the heart of quartz and the spirit of the positive frog is a call to be carried by the wave. Enjoy where life takes us.","og_url":"https:\/\/orgonitesodn.ca\/fr\/produit\/silky-frog-jewel-keychain-orgonite\/","og_site_name":"Orgonites ODN","article_modified_time":"2025-04-07T15:06:57+00:00","og_image":[{"width":1440,"height":1920,"url":"https:\/\/orgonitesodn.ca\/wp-content\/uploads\/2024\/11\/grenouille-blanc.jpg","type":"image\/jpeg"}],"twitter_card":"summary_large_image","twitter_misc":{"Estimation du temps de lecture":"2 minutes"},"schema":{"@context":"https:\/\/schema.org","@graph":[{"@type":"WebPage","@id":"https:\/\/orgonitesodn.ca\/product\/silky-frog-jewel-keychain-orgonite\/","url":"https:\/\/orgonitesodn.ca\/product\/silky-frog-jewel-keychain-orgonite\/","name":"JEWEL KEYCHAIN FROG SILKY- Orgonites ODN","isPartOf":{"@id":"https:\/\/orgonitesodn.ca\/#website"},"primaryImageOfPage":{"@id":"https:\/\/orgonitesodn.ca\/product\/silky-frog-jewel-keychain-orgonite\/#primaryimage"},"image":{"@id":"https:\/\/orgonitesodn.ca\/product\/silky-frog-jewel-keychain-orgonite\/#primaryimage"},"thumbnailUrl":"https:\/\/orgonitesodn.ca\/wp-content\/uploads\/2024\/11\/grenouille-blanc.jpg","datePublished":"2024-11-21T03:23:30+00:00","dateModified":"2025-04-07T15:06:57+00:00","description":"In this frog jewel kaychain, the heart of quartz and the spirit of the positive frog is a call to be carried by the wave. Enjoy where life takes us.","breadcrumb":{"@id":"https:\/\/orgonitesodn.ca\/product\/silky-frog-jewel-keychain-orgonite\/#breadcrumb"},"inLanguage":"fr-CA","potentialAction":[{"@type":"ReadAction","target":["https:\/\/orgonitesodn.ca\/product\/silky-frog-jewel-keychain-orgonite\/"]}]},{"@type":"ImageObject","inLanguage":"fr-CA","@id":"https:\/\/orgonitesodn.ca\/product\/silky-frog-jewel-keychain-orgonite\/#primaryimage","url":"https:\/\/orgonitesodn.ca\/wp-content\/uploads\/2024\/11\/grenouille-blanc.jpg","contentUrl":"https:\/\/orgonitesodn.ca\/wp-content\/uploads\/2024\/11\/grenouille-blanc.jpg","width":1440,"height":1920},{"@type":"BreadcrumbList","@id":"https:\/\/orgonitesodn.ca\/product\/silky-frog-jewel-keychain-orgonite\/#breadcrumb","itemListElement":[{"@type":"ListItem","position":1,"name":"Home","item":"https:\/\/orgonitesodn.ca\/"},{"@type":"ListItem","position":2,"name":"Shop","item":"https:\/\/orgonitesodn.ca\/shop-orgonites\/"},{"@type":"ListItem","position":3,"name":"SILKY FROG KEYCHAIN"}]},{"@type":"WebSite","@id":"https:\/\/orgonitesodn.ca\/#website","url":"https:\/\/orgonitesodn.ca\/","name":"Orgonites ODN","description":"","publisher":{"@id":"https:\/\/orgonitesodn.ca\/#organization"},"potentialAction":[{"@type":"SearchAction","target":{"@type":"EntryPoint","urlTemplate":"https:\/\/orgonitesodn.ca\/?s={search_term_string}"},"query-input":{"@type":"PropertyValueSpecification","valueRequired":true,"valueName":"search_term_string"}}],"inLanguage":"fr-CA"},{"@type":"Organization","@id":"https:\/\/orgonitesodn.ca\/#organization","name":"Orgonites ODN","url":"https:\/\/orgonitesodn.ca\/","logo":{"@type":"ImageObject","inLanguage":"fr-CA","@id":"https:\/\/orgonitesodn.ca\/#\/schema\/logo\/image\/","url":"https:\/\/orgonitesodn.ca\/wp-content\/uploads\/2023\/03\/page-3-e1722971186772.jpeg","contentUrl":"https:\/\/orgonitesodn.ca\/wp-content\/uploads\/2023\/03\/page-3-e1722971186772.jpeg","width":342,"height":167,"caption":"Orgonites ODN"},"image":{"@id":"https:\/\/orgonitesodn.ca\/#\/schema\/logo\/image\/"}}]}},"jetpack_sharing_enabled":true,"_links":{"self":[{"href":"https:\/\/orgonitesodn.ca\/fr\/wp-json\/wp\/v2\/product\/11955","targetHints":{"allow":["GET"]}}],"collection":[{"href":"https:\/\/orgonitesodn.ca\/fr\/wp-json\/wp\/v2\/product"}],"about":[{"href":"https:\/\/orgonitesodn.ca\/fr\/wp-json\/wp\/v2\/types\/product"}],"replies":[{"embeddable":true,"href":"https:\/\/orgonitesodn.ca\/fr\/wp-json\/wp\/v2\/comments?post=11955"}],"version-history":[{"count":1,"href":"https:\/\/orgonitesodn.ca\/fr\/wp-json\/wp\/v2\/product\/11955\/revisions"}],"predecessor-version":[{"id":11958,"href":"https:\/\/orgonitesodn.ca\/fr\/wp-json\/wp\/v2\/product\/11955\/revisions\/11958"}],"wp:featuredmedia":[{"embeddable":true,"href":"https:\/\/orgonitesodn.ca\/fr\/wp-json\/wp\/v2\/media\/14703"}],"wp:attachment":[{"href":"https:\/\/orgonitesodn.ca\/fr\/wp-json\/wp\/v2\/media?parent=11955"}],"wp:term":[{"taxonomy":"product_brand","embeddable":true,"href":"https:\/\/orgonitesodn.ca\/fr\/wp-json\/wp\/v2\/product_brand?post=11955"},{"taxonomy":"product_cat","embeddable":true,"href":"https:\/\/orgonitesodn.ca\/fr\/wp-json\/wp\/v2\/product_cat?post=11955"},{"taxonomy":"product_tag","embeddable":true,"href":"https:\/\/orgonitesodn.ca\/fr\/wp-json\/wp\/v2\/product_tag?post=11955"}],"curies":[{"name":"wp","href":"https:\/\/api.w.org\/{rel}","templated":true}]}}