{"id":12041,"date":"2024-11-26T16:25:04","date_gmt":"2024-11-26T16:25:04","guid":{"rendered":"https:\/\/orgonitesodn.ca\/?post_type=product&#038;p=12041"},"modified":"2025-11-19T20:01:42","modified_gmt":"2025-11-19T20:01:42","slug":"orgonite-trio-heart","status":"publish","type":"product","link":"https:\/\/orgonitesodn.ca\/fr\/produit\/orgonite-trio-heart\/","title":{"rendered":"TRIO D'ORGONITES"},"content":{"rendered":"<p>Le trio d\u2019orgonite le plus doux jamais con\u00e7u!<br \/>\nCombinez la chaleur d\u2019un porte-cl\u00e9s\/pendentif c\u0153ur, les avantages d\u2019une \u00e9dition sensorielle Coeur pr\u00e9cieux et une rondelle sp\u00e9ciale con\u00e7ue pour s\u2019agencer parfaitement \u00e0 ses deux amis.<\/p>\n<p>Firstly, the keychain\/necklace have an easy-to-adopt styles that will follow you everywhere. Despite its small size, it is filled with wonderful protective energies!<\/p>\n<p>Deuxi\u00e8mement, les orgonites sensorielles vous prot\u00e8gent des radiations \u00e9lectromagn\u00e9tiques n\u00e9gatives. Elles r\u00e9duisent le stress et l\u2019anxi\u00e9t\u00e9. Elles apportent un sentiment de paix. Les \u00e9ditions sensorielles augmentent la concentration en occupant les petites mains agit\u00e9es. Au coucher, mettez votre sensoriel sur votre appareil \u00e9lectronique pour prot\u00e9ger votre sommeil.<br \/>\nCes petits bijoux vous aident \u00e0 diff\u00e9rents niveaux.<\/p>\n<p>Finalement, la rondelle est soigneusement fabriqu\u00e9e, comme ses paires, en respectant les principes \u00e9nerg\u00e9tiques de protection des g\u00e9n\u00e9rateurs d'orgone. On constate une diminution des maux de t\u00eate et de la fatigue g\u00e9n\u00e9rale lorsqu'install\u00e9e sur notre bureau d'ordinateur ou \u00e0 c\u00f4t\u00e9 de notre chaise de relaxation avec nos appareils \u00e9lectroniques. Un sommeil calme se fait sentir lorsqu'elle vous accompagne sur la table de chevet.<\/p>\n<p>Le coeur de quartz de grade AAA reserr\u00e9 dans les m\u00e9taux par la r\u00e9sine permet l\u2019efficacit\u00e9 de chaque produit. Il est accompagn\u00e9 d\u2019autres pierres v\u00e9ritables pour prendre soin des chakras.<\/p>\n<p>En bref, le trio d'orgonites r\u00e9pond \u00e0 de nombreux besoins.<\/p>\n<p>Vous pouvez \u00e9galement choisir d\u2019autres mod\u00e8les s\u00e9par\u00e9ment ici:<em><strong>\u00a0<a href=\"https:\/\/orgonitesodn.ca\/fr\/shop-orgonites\/\">https:\/\/orgonitesodn.ca\/shop-orgonites\/<\/a><\/strong><\/em><\/p>\n<p>&nbsp;<\/p>\n<p>Tous les produits sont soigneusement emball\u00e9s, y compris un d\u00e9pliant explicatif et leur carte d\u2019authenticit\u00e9 explicative.<br \/>\nFabriqu\u00e9s \u00e0 la main dans un environnement entour\u00e9 par la nature, Qu\u00e9bec, Canada.<\/p>\n<p>Comme Don et Carol Ann Croft, nous aimons beaucoup faire des orgonites avec des designs sp\u00e9ciaux et leurs significations.<em><strong>\u00a0<a href=\"https:\/\/www.croftzappers.com\/orgonite\">https:\/\/www.croftzappers.com\/orgonite<\/a><\/strong><\/em><\/p>\n<p>&nbsp;<\/p>\n<h4 class=\"western\">Informations pour faire vos choix:<\/h4>\n<p><u>1- Chakra Racine:<\/u> <em>grenat<\/em> * aide \u00e0 trouver la joie sur le plan physique, \u00e0 se sentir soutenu dans nos besoins et d\u00e9sirs.<\/p>\n<p><u>2- Chakra Sacr\u00e9:<\/u> <em>quartz rose<\/em> * attire l\u2019amour et l\u2019abondance. Invitez-vous \u00e0 prendre du temps pour vous et cr\u00e9ez un espace propice \u00e0 votre bien-\u00eatre.<\/p>\n<p><u>3- Chakra Plexus solaire:<\/u> <em>labradorite<\/em> * fournit une vision. Harmonise l\u2019esprit pour fournir le discernement, la confiance en soi et l\u2019enthousiasme. (non-recommand\u00e9 pour les enfants)<\/p>\n<p><u>4- Chakra coeur:<\/u> <em>p\u00e9ridot<\/em> * favorise l\u2019amour, la compassion et la gu\u00e9rison \u00e9motionnelle, aide \u00e0 lib\u00e9rer les \u00e9motions n\u00e9gatives et \u00e0 favoriser un sentiment de paix int\u00e9rieure.<\/p>\n<p><u>5- Chakra de la Gorge:<\/u> <em>aigue-marine<\/em> * Am\u00e9liore la capacit\u00e9 de communiquer clairement, d\u2019exprimer ses pens\u00e9es et ses sentiments, d\u2019\u00e9couter attentivement les autres et de se connecter avec son moi int\u00e9rieur.<\/p>\n<p><u>6- Chakra du 3e oeil:<\/u> <em>lapis lazuli<\/em> * Pierre des dieux sous l\u2019Egypte ancienne. Aide \u00e0 d\u00e9velopper la concentration et la visualisation. Favorise les relations fond\u00e9es sur la communication, l\u2019honn\u00eatet\u00e9 et la franchise.<br \/>\n<u>7- Chakra Couronne:<\/u> <em>am\u00e9thyste<\/em> * calme le stress et augmente les pens\u00e9es positives. Aide \u00e0 r\u00e9duire la douleur et \u00e0 \u00e9quilibrer les sensations du corps.<\/p>\n<p><strong>Cordon noir\/gris: ajustable entre 14'' et 24''.<\/strong><\/p>\n<p><strong>Chaine en argent sterling 925: 17.5'' avec une extension de 1.5''.<\/strong><\/p>","protected":false},"excerpt":{"rendered":"<p>Le trio d\u2019orgonite le plus doux jamais con\u00e7u!<br \/>\nCombinez la chaleur d\u2019un porte-cl\u00e9s\/pendentif c\u0153ur, les avantages d\u2019une \u00e9dition sensorielle Coeur pr\u00e9cieux et une rondelle sp\u00e9ciale con\u00e7ue pour s\u2019agencer parfaitement \u00e0 ses deux amis.<\/p>","protected":false},"featured_media":12042,"comment_status":"open","ping_status":"closed","template":"","meta":[],"product_brand":[],"product_cat":[74,72,73,90,21],"product_tag":[],"class_list":{"0":"post-12041","1":"product","2":"type-product","3":"status-publish","4":"has-post-thumbnail","6":"product_cat-pendants-keychains-orgone-orgonites-protection-quartz-gemstones-powerful","7":"product_cat-orgone-generators-orgonites-portable-protection","8":"product_cat-orgonite-hhg-orgone-generators-protection-powerful-quartz-crystals-gemstones","9":"product_cat-sensory-editions","10":"product_cat-essential-products-orgonites-protection","12":"first","13":"instock","14":"taxable","15":"shipping-taxable","16":"purchasable","17":"product-type-variable"},"yoast_head":"<!-- This site is optimized with the Yoast SEO plugin v27.3 - https:\/\/yoast.com\/product\/yoast-seo-wordpress\/ -->\n<title>ORGONITE TRIO - Orgonites ODN<\/title>\n<meta name=\"description\" content=\"The sweetest orgonite trio ever! Keychain, sensory edition and puck HHG, always carefully handmade with the Croft&#039;s principles\" \/>\n<meta name=\"robots\" content=\"index, follow, max-snippet:-1, max-image-preview:large, max-video-preview:-1\" \/>\n<link rel=\"canonical\" href=\"https:\/\/orgonitesodn.ca\/fr\/produit\/orgonite-trio-heart\/\" \/>\n<meta property=\"og:locale\" content=\"fr_CA\" \/>\n<meta property=\"og:type\" content=\"article\" \/>\n<meta property=\"og:title\" content=\"ORGONITE TRIO - Orgonites ODN\" \/>\n<meta property=\"og:description\" content=\"The sweetest orgonite trio ever! Keychain, sensory edition and puck HHG, always carefully handmade with the Croft&#039;s principles\" \/>\n<meta property=\"og:url\" content=\"https:\/\/orgonitesodn.ca\/fr\/produit\/orgonite-trio-heart\/\" \/>\n<meta property=\"og:site_name\" content=\"Orgonites ODN\" \/>\n<meta property=\"article:modified_time\" content=\"2025-11-19T20:01:42+00:00\" \/>\n<meta property=\"og:image\" content=\"https:\/\/orgonitesodn.ca\/wp-content\/uploads\/2024\/11\/trio-coeur2.0-scaled.jpg\" \/>\n\t<meta property=\"og:image:width\" content=\"2560\" \/>\n\t<meta property=\"og:image:height\" content=\"2256\" \/>\n\t<meta property=\"og:image:type\" content=\"image\/jpeg\" \/>\n<meta name=\"twitter:card\" content=\"summary_large_image\" \/>\n<meta name=\"twitter:label1\" content=\"Estimation du temps de lecture\" \/>\n\t<meta name=\"twitter:data1\" content=\"3 minutes\" \/>\n<script type=\"application\/ld+json\" class=\"yoast-schema-graph\">{\"@context\":\"https:\\\/\\\/schema.org\",\"@graph\":[{\"@type\":\"WebPage\",\"@id\":\"https:\\\/\\\/orgonitesodn.ca\\\/product\\\/orgonite-trio-heart\\\/\",\"url\":\"https:\\\/\\\/orgonitesodn.ca\\\/product\\\/orgonite-trio-heart\\\/\",\"name\":\"ORGONITE TRIO - Orgonites ODN\",\"isPartOf\":{\"@id\":\"https:\\\/\\\/orgonitesodn.ca\\\/#website\"},\"primaryImageOfPage\":{\"@id\":\"https:\\\/\\\/orgonitesodn.ca\\\/product\\\/orgonite-trio-heart\\\/#primaryimage\"},\"image\":{\"@id\":\"https:\\\/\\\/orgonitesodn.ca\\\/product\\\/orgonite-trio-heart\\\/#primaryimage\"},\"thumbnailUrl\":\"https:\\\/\\\/orgonitesodn.ca\\\/wp-content\\\/uploads\\\/2024\\\/11\\\/trio-coeur2.0-scaled.jpg\",\"datePublished\":\"2024-11-26T16:25:04+00:00\",\"dateModified\":\"2025-11-19T20:01:42+00:00\",\"description\":\"The sweetest orgonite trio ever! Keychain, sensory edition and puck HHG, always carefully handmade with the Croft's principles\",\"breadcrumb\":{\"@id\":\"https:\\\/\\\/orgonitesodn.ca\\\/product\\\/orgonite-trio-heart\\\/#breadcrumb\"},\"inLanguage\":\"fr-CA\",\"potentialAction\":[{\"@type\":\"ReadAction\",\"target\":[\"https:\\\/\\\/orgonitesodn.ca\\\/product\\\/orgonite-trio-heart\\\/\"]}]},{\"@type\":\"ImageObject\",\"inLanguage\":\"fr-CA\",\"@id\":\"https:\\\/\\\/orgonitesodn.ca\\\/product\\\/orgonite-trio-heart\\\/#primaryimage\",\"url\":\"https:\\\/\\\/orgonitesodn.ca\\\/wp-content\\\/uploads\\\/2024\\\/11\\\/trio-coeur2.0-scaled.jpg\",\"contentUrl\":\"https:\\\/\\\/orgonitesodn.ca\\\/wp-content\\\/uploads\\\/2024\\\/11\\\/trio-coeur2.0-scaled.jpg\",\"width\":2560,\"height\":2256},{\"@type\":\"BreadcrumbList\",\"@id\":\"https:\\\/\\\/orgonitesodn.ca\\\/product\\\/orgonite-trio-heart\\\/#breadcrumb\",\"itemListElement\":[{\"@type\":\"ListItem\",\"position\":1,\"name\":\"Home\",\"item\":\"https:\\\/\\\/orgonitesodn.ca\\\/\"},{\"@type\":\"ListItem\",\"position\":2,\"name\":\"Shop\",\"item\":\"https:\\\/\\\/orgonitesodn.ca\\\/shop-orgonites\\\/\"},{\"@type\":\"ListItem\",\"position\":3,\"name\":\"ORGONITE TRIO\"}]},{\"@type\":\"WebSite\",\"@id\":\"https:\\\/\\\/orgonitesodn.ca\\\/#website\",\"url\":\"https:\\\/\\\/orgonitesodn.ca\\\/\",\"name\":\"Orgonites ODN\",\"description\":\"\",\"publisher\":{\"@id\":\"https:\\\/\\\/orgonitesodn.ca\\\/#organization\"},\"potentialAction\":[{\"@type\":\"SearchAction\",\"target\":{\"@type\":\"EntryPoint\",\"urlTemplate\":\"https:\\\/\\\/orgonitesodn.ca\\\/?s={search_term_string}\"},\"query-input\":{\"@type\":\"PropertyValueSpecification\",\"valueRequired\":true,\"valueName\":\"search_term_string\"}}],\"inLanguage\":\"fr-CA\"},{\"@type\":\"Organization\",\"@id\":\"https:\\\/\\\/orgonitesodn.ca\\\/#organization\",\"name\":\"Orgonites ODN\",\"url\":\"https:\\\/\\\/orgonitesodn.ca\\\/\",\"logo\":{\"@type\":\"ImageObject\",\"inLanguage\":\"fr-CA\",\"@id\":\"https:\\\/\\\/orgonitesodn.ca\\\/#\\\/schema\\\/logo\\\/image\\\/\",\"url\":\"https:\\\/\\\/orgonitesodn.ca\\\/wp-content\\\/uploads\\\/2023\\\/03\\\/page-3-e1722971186772.jpeg\",\"contentUrl\":\"https:\\\/\\\/orgonitesodn.ca\\\/wp-content\\\/uploads\\\/2023\\\/03\\\/page-3-e1722971186772.jpeg\",\"width\":342,\"height\":167,\"caption\":\"Orgonites ODN\"},\"image\":{\"@id\":\"https:\\\/\\\/orgonitesodn.ca\\\/#\\\/schema\\\/logo\\\/image\\\/\"}}]}<\/script>\n<!-- \/ Yoast SEO plugin. -->","yoast_head_json":{"title":"ORGONITE TRIO - Orgonites ODN","description":"The sweetest orgonite trio ever! Keychain, sensory edition and puck HHG, always carefully handmade with the Croft's principles","robots":{"index":"index","follow":"follow","max-snippet":"max-snippet:-1","max-image-preview":"max-image-preview:large","max-video-preview":"max-video-preview:-1"},"canonical":"https:\/\/orgonitesodn.ca\/fr\/produit\/orgonite-trio-heart\/","og_locale":"fr_CA","og_type":"article","og_title":"ORGONITE TRIO - Orgonites ODN","og_description":"The sweetest orgonite trio ever! Keychain, sensory edition and puck HHG, always carefully handmade with the Croft's principles","og_url":"https:\/\/orgonitesodn.ca\/fr\/produit\/orgonite-trio-heart\/","og_site_name":"Orgonites ODN","article_modified_time":"2025-11-19T20:01:42+00:00","og_image":[{"width":2560,"height":2256,"url":"https:\/\/orgonitesodn.ca\/wp-content\/uploads\/2024\/11\/trio-coeur2.0-scaled.jpg","type":"image\/jpeg"}],"twitter_card":"summary_large_image","twitter_misc":{"Estimation du temps de lecture":"3 minutes"},"schema":{"@context":"https:\/\/schema.org","@graph":[{"@type":"WebPage","@id":"https:\/\/orgonitesodn.ca\/product\/orgonite-trio-heart\/","url":"https:\/\/orgonitesodn.ca\/product\/orgonite-trio-heart\/","name":"ORGONITE TRIO - Orgonites ODN","isPartOf":{"@id":"https:\/\/orgonitesodn.ca\/#website"},"primaryImageOfPage":{"@id":"https:\/\/orgonitesodn.ca\/product\/orgonite-trio-heart\/#primaryimage"},"image":{"@id":"https:\/\/orgonitesodn.ca\/product\/orgonite-trio-heart\/#primaryimage"},"thumbnailUrl":"https:\/\/orgonitesodn.ca\/wp-content\/uploads\/2024\/11\/trio-coeur2.0-scaled.jpg","datePublished":"2024-11-26T16:25:04+00:00","dateModified":"2025-11-19T20:01:42+00:00","description":"The sweetest orgonite trio ever! Keychain, sensory edition and puck HHG, always carefully handmade with the Croft's principles","breadcrumb":{"@id":"https:\/\/orgonitesodn.ca\/product\/orgonite-trio-heart\/#breadcrumb"},"inLanguage":"fr-CA","potentialAction":[{"@type":"ReadAction","target":["https:\/\/orgonitesodn.ca\/product\/orgonite-trio-heart\/"]}]},{"@type":"ImageObject","inLanguage":"fr-CA","@id":"https:\/\/orgonitesodn.ca\/product\/orgonite-trio-heart\/#primaryimage","url":"https:\/\/orgonitesodn.ca\/wp-content\/uploads\/2024\/11\/trio-coeur2.0-scaled.jpg","contentUrl":"https:\/\/orgonitesodn.ca\/wp-content\/uploads\/2024\/11\/trio-coeur2.0-scaled.jpg","width":2560,"height":2256},{"@type":"BreadcrumbList","@id":"https:\/\/orgonitesodn.ca\/product\/orgonite-trio-heart\/#breadcrumb","itemListElement":[{"@type":"ListItem","position":1,"name":"Home","item":"https:\/\/orgonitesodn.ca\/"},{"@type":"ListItem","position":2,"name":"Shop","item":"https:\/\/orgonitesodn.ca\/shop-orgonites\/"},{"@type":"ListItem","position":3,"name":"ORGONITE TRIO"}]},{"@type":"WebSite","@id":"https:\/\/orgonitesodn.ca\/#website","url":"https:\/\/orgonitesodn.ca\/","name":"Orgonites ODN","description":"","publisher":{"@id":"https:\/\/orgonitesodn.ca\/#organization"},"potentialAction":[{"@type":"SearchAction","target":{"@type":"EntryPoint","urlTemplate":"https:\/\/orgonitesodn.ca\/?s={search_term_string}"},"query-input":{"@type":"PropertyValueSpecification","valueRequired":true,"valueName":"search_term_string"}}],"inLanguage":"fr-CA"},{"@type":"Organization","@id":"https:\/\/orgonitesodn.ca\/#organization","name":"Orgonites ODN","url":"https:\/\/orgonitesodn.ca\/","logo":{"@type":"ImageObject","inLanguage":"fr-CA","@id":"https:\/\/orgonitesodn.ca\/#\/schema\/logo\/image\/","url":"https:\/\/orgonitesodn.ca\/wp-content\/uploads\/2023\/03\/page-3-e1722971186772.jpeg","contentUrl":"https:\/\/orgonitesodn.ca\/wp-content\/uploads\/2023\/03\/page-3-e1722971186772.jpeg","width":342,"height":167,"caption":"Orgonites ODN"},"image":{"@id":"https:\/\/orgonitesodn.ca\/#\/schema\/logo\/image\/"}}]}},"jetpack_sharing_enabled":true,"_links":{"self":[{"href":"https:\/\/orgonitesodn.ca\/fr\/wp-json\/wp\/v2\/product\/12041","targetHints":{"allow":["GET"]}}],"collection":[{"href":"https:\/\/orgonitesodn.ca\/fr\/wp-json\/wp\/v2\/product"}],"about":[{"href":"https:\/\/orgonitesodn.ca\/fr\/wp-json\/wp\/v2\/types\/product"}],"replies":[{"embeddable":true,"href":"https:\/\/orgonitesodn.ca\/fr\/wp-json\/wp\/v2\/comments?post=12041"}],"version-history":[{"count":5,"href":"https:\/\/orgonitesodn.ca\/fr\/wp-json\/wp\/v2\/product\/12041\/revisions"}],"predecessor-version":[{"id":14954,"href":"https:\/\/orgonitesodn.ca\/fr\/wp-json\/wp\/v2\/product\/12041\/revisions\/14954"}],"wp:featuredmedia":[{"embeddable":true,"href":"https:\/\/orgonitesodn.ca\/fr\/wp-json\/wp\/v2\/media\/12042"}],"wp:attachment":[{"href":"https:\/\/orgonitesodn.ca\/fr\/wp-json\/wp\/v2\/media?parent=12041"}],"wp:term":[{"taxonomy":"product_brand","embeddable":true,"href":"https:\/\/orgonitesodn.ca\/fr\/wp-json\/wp\/v2\/product_brand?post=12041"},{"taxonomy":"product_cat","embeddable":true,"href":"https:\/\/orgonitesodn.ca\/fr\/wp-json\/wp\/v2\/product_cat?post=12041"},{"taxonomy":"product_tag","embeddable":true,"href":"https:\/\/orgonitesodn.ca\/fr\/wp-json\/wp\/v2\/product_tag?post=12041"}],"curies":[{"name":"wp","href":"https:\/\/api.w.org\/{rel}","templated":true}]}}