{"id":14948,"date":"2025-11-18T18:43:01","date_gmt":"2025-11-18T18:43:01","guid":{"rendered":"https:\/\/orgonitesodn.ca\/?post_type=product&#038;p=14948"},"modified":"2026-05-11T19:46:14","modified_gmt":"2026-05-11T19:46:14","slug":"indoor-towerbusters","status":"publish","type":"product","link":"https:\/\/orgonitesodn.ca\/fr\/produit\/indoor-towerbusters\/","title":{"rendered":"TOWERBUSTERS INT\u00c9RIEURS"},"content":{"rendered":"<p>Towerbusters int\u00e9rieurs, un produit que vous nous demandiez depuis longtemps ! Enfin !<\/p>\n<p>Ces petits bijoux peuvent \u00eatre dispos\u00e9s n\u2019importe o\u00f9 \u00e0 l\u2019int\u00e9rieur. Soit en plus grande quantit\u00e9 si vous n\u2019avez pas d\u2019autres solutions strat\u00e9giques. Soit en plus petites quantit\u00e9s pour compl\u00e9ter la mise en place d\u2019une grille compl\u00e8te d\u2019orgone en combinant ces TBs internes avec vos autres solutions strat\u00e9giques (pyramides, d\u00f4me, etc)\u00a0<a href=\"https:\/\/orgonitesodn.ca\/fr\/categorie-produit\/essential-products-orgonites-protection\/\">https:\/\/orgonitesodn.ca\/product-category\/essential-products-orgonites-protection\/<\/a><\/p>\n<p>Les TowerBusters Int\u00e9rieurs sont les meilleurs orgonites pour ajouter la touche finale \u00e0 votre lieu de vie !<br \/>\nLe quartz et les pierres protectrices (quartz rose et am\u00e9thyste) sont comprim\u00e9s par le m\u00e9tal gr\u00e2ce \u00e0 la r\u00e9sine. Il en r\u00e9sulte des rondelles abordables et efficaces pour terminer la protection compl\u00e8te de votre maison.<\/p>\n<p>Vous aurez un diam\u00e8tre d\u2019action entre 3 \u00e0 4 pieds.<\/p>\n<p>Pour plus de protection, voyez Towerbusters Ext\u00e9rieurs ici\u00a0:\u00a0<a href=\"https:\/\/orgonitesodn.ca\/fr\/categorie-produit\/outdoor-orgonites\/\">https:\/\/orgonitesodn.ca\/product-category\/outdoor-orgonites\/<\/a><\/p>\n<p>* Il peut y avoir une diff\u00e9rence de couleur des m\u00e9taux utilis\u00e9s, mais ce sera toujours dans un gris bleut\u00e9 fonc\u00e9.<\/p>\n<p>Tous les produits sont soigneusement emball\u00e9s, y compris un d\u00e9pliant explicatif et leur carte d\u2019authenticit\u00e9 explicative.<br \/>\nFabriqu\u00e9s \u00e0 la main dans un environnement entour\u00e9 par la nature, Qu\u00e9bec, Canada.<\/p>","protected":false},"excerpt":{"rendered":"<p>Vous nous l'avez demand\u00e9!<\/p>\n<p>Con\u00e7us pour \u00e9tendre la protection tout autour de vous.<br \/>\nProt\u00e9gez-vous des ondes 5G.<br \/>\nTowerbusters qui sont faits pour \u00eatre install\u00e9s o\u00f9 vous voulez \u00e0 l\u2019int\u00e9rieur gr\u00e2ce \u00e0 la r\u00e9sine haut de gamme que nous utilisons pour toutes nos solutions int\u00e9rieures.<\/p>\n<p>Les TowerBusters sont les meilleurs orgonites pour ajouter la touche finale \u00e0 votre lieu de vie !<\/p>","protected":false},"featured_media":14949,"comment_status":"open","ping_status":"closed","template":"","meta":[],"product_brand":[],"product_cat":[73,21],"product_tag":[],"class_list":{"0":"post-14948","1":"product","2":"type-product","3":"status-publish","4":"has-post-thumbnail","6":"product_cat-orgonite-hhg-orgone-generators-protection-powerful-quartz-crystals-gemstones","7":"product_cat-essential-products-orgonites-protection","9":"first","10":"instock","11":"taxable","12":"shipping-taxable","13":"purchasable","14":"product-type-simple"},"yoast_head":"<!-- This site is optimized with the Yoast SEO plugin v27.3 - https:\/\/yoast.com\/product\/yoast-seo-wordpress\/ -->\n<title>INDOOR TOWERBUSTERS - Quebec Orgone<\/title>\n<meta name=\"description\" content=\"The Indoor TowerBusters are the best orgonites to add the finishing touch to your place of life. They are affordable and effective.\" \/>\n<meta name=\"robots\" content=\"index, follow, max-snippet:-1, max-image-preview:large, max-video-preview:-1\" \/>\n<link rel=\"canonical\" href=\"https:\/\/orgonitesodn.ca\/fr\/produit\/indoor-towerbusters\/\" \/>\n<meta property=\"og:locale\" content=\"fr_CA\" \/>\n<meta property=\"og:type\" content=\"article\" \/>\n<meta property=\"og:title\" content=\"INDOOR TOWERBUSTERS - Quebec Orgone\" \/>\n<meta property=\"og:description\" content=\"The Indoor TowerBusters are the best orgonites to add the finishing touch to your place of life. They are affordable and effective.\" \/>\n<meta property=\"og:url\" content=\"https:\/\/orgonitesodn.ca\/fr\/produit\/indoor-towerbusters\/\" \/>\n<meta property=\"og:site_name\" content=\"Orgonites ODN\" \/>\n<meta property=\"article:modified_time\" content=\"2026-05-11T19:46:14+00:00\" \/>\n<meta property=\"og:image\" content=\"https:\/\/orgonitesodn.ca\/wp-content\/uploads\/2025\/11\/tb-interieur.jpg\" \/>\n\t<meta property=\"og:image:width\" content=\"585\" \/>\n\t<meta property=\"og:image:height\" content=\"640\" \/>\n\t<meta property=\"og:image:type\" content=\"image\/jpeg\" \/>\n<meta name=\"twitter:card\" content=\"summary_large_image\" \/>\n<meta name=\"twitter:label1\" content=\"Estimation du temps de lecture\" \/>\n\t<meta name=\"twitter:data1\" content=\"1 minute\" \/>\n<script type=\"application\/ld+json\" class=\"yoast-schema-graph\">{\"@context\":\"https:\\\/\\\/schema.org\",\"@graph\":[{\"@type\":\"WebPage\",\"@id\":\"https:\\\/\\\/orgonitesodn.ca\\\/product\\\/indoor-towerbusters\\\/\",\"url\":\"https:\\\/\\\/orgonitesodn.ca\\\/product\\\/indoor-towerbusters\\\/\",\"name\":\"INDOOR TOWERBUSTERS - Quebec Orgone\",\"isPartOf\":{\"@id\":\"https:\\\/\\\/orgonitesodn.ca\\\/#website\"},\"primaryImageOfPage\":{\"@id\":\"https:\\\/\\\/orgonitesodn.ca\\\/product\\\/indoor-towerbusters\\\/#primaryimage\"},\"image\":{\"@id\":\"https:\\\/\\\/orgonitesodn.ca\\\/product\\\/indoor-towerbusters\\\/#primaryimage\"},\"thumbnailUrl\":\"https:\\\/\\\/orgonitesodn.ca\\\/wp-content\\\/uploads\\\/2025\\\/11\\\/tb-interieur.jpg\",\"datePublished\":\"2025-11-18T18:43:01+00:00\",\"dateModified\":\"2026-05-11T19:46:14+00:00\",\"description\":\"The Indoor TowerBusters are the best orgonites to add the finishing touch to your place of life. They are affordable and effective.\",\"breadcrumb\":{\"@id\":\"https:\\\/\\\/orgonitesodn.ca\\\/product\\\/indoor-towerbusters\\\/#breadcrumb\"},\"inLanguage\":\"fr-CA\",\"potentialAction\":[{\"@type\":\"ReadAction\",\"target\":[\"https:\\\/\\\/orgonitesodn.ca\\\/product\\\/indoor-towerbusters\\\/\"]}]},{\"@type\":\"ImageObject\",\"inLanguage\":\"fr-CA\",\"@id\":\"https:\\\/\\\/orgonitesodn.ca\\\/product\\\/indoor-towerbusters\\\/#primaryimage\",\"url\":\"https:\\\/\\\/orgonitesodn.ca\\\/wp-content\\\/uploads\\\/2025\\\/11\\\/tb-interieur.jpg\",\"contentUrl\":\"https:\\\/\\\/orgonitesodn.ca\\\/wp-content\\\/uploads\\\/2025\\\/11\\\/tb-interieur.jpg\",\"width\":585,\"height\":640},{\"@type\":\"BreadcrumbList\",\"@id\":\"https:\\\/\\\/orgonitesodn.ca\\\/product\\\/indoor-towerbusters\\\/#breadcrumb\",\"itemListElement\":[{\"@type\":\"ListItem\",\"position\":1,\"name\":\"Home\",\"item\":\"https:\\\/\\\/orgonitesodn.ca\\\/\"},{\"@type\":\"ListItem\",\"position\":2,\"name\":\"Shop\",\"item\":\"https:\\\/\\\/orgonitesodn.ca\\\/shop-orgonites\\\/\"},{\"@type\":\"ListItem\",\"position\":3,\"name\":\"INDOOR TOWERBUSTERS\"}]},{\"@type\":\"WebSite\",\"@id\":\"https:\\\/\\\/orgonitesodn.ca\\\/#website\",\"url\":\"https:\\\/\\\/orgonitesodn.ca\\\/\",\"name\":\"Orgonites ODN\",\"description\":\"\",\"publisher\":{\"@id\":\"https:\\\/\\\/orgonitesodn.ca\\\/#organization\"},\"potentialAction\":[{\"@type\":\"SearchAction\",\"target\":{\"@type\":\"EntryPoint\",\"urlTemplate\":\"https:\\\/\\\/orgonitesodn.ca\\\/?s={search_term_string}\"},\"query-input\":{\"@type\":\"PropertyValueSpecification\",\"valueRequired\":true,\"valueName\":\"search_term_string\"}}],\"inLanguage\":\"fr-CA\"},{\"@type\":\"Organization\",\"@id\":\"https:\\\/\\\/orgonitesodn.ca\\\/#organization\",\"name\":\"Orgonites ODN\",\"url\":\"https:\\\/\\\/orgonitesodn.ca\\\/\",\"logo\":{\"@type\":\"ImageObject\",\"inLanguage\":\"fr-CA\",\"@id\":\"https:\\\/\\\/orgonitesodn.ca\\\/#\\\/schema\\\/logo\\\/image\\\/\",\"url\":\"https:\\\/\\\/orgonitesodn.ca\\\/wp-content\\\/uploads\\\/2023\\\/03\\\/page-3-e1722971186772.jpeg\",\"contentUrl\":\"https:\\\/\\\/orgonitesodn.ca\\\/wp-content\\\/uploads\\\/2023\\\/03\\\/page-3-e1722971186772.jpeg\",\"width\":342,\"height\":167,\"caption\":\"Orgonites ODN\"},\"image\":{\"@id\":\"https:\\\/\\\/orgonitesodn.ca\\\/#\\\/schema\\\/logo\\\/image\\\/\"}}]}<\/script>\n<!-- \/ Yoast SEO plugin. -->","yoast_head_json":{"title":"INDOOR TOWERBUSTERS - Quebec Orgone","description":"The Indoor TowerBusters are the best orgonites to add the finishing touch to your place of life. They are affordable and effective.","robots":{"index":"index","follow":"follow","max-snippet":"max-snippet:-1","max-image-preview":"max-image-preview:large","max-video-preview":"max-video-preview:-1"},"canonical":"https:\/\/orgonitesodn.ca\/fr\/produit\/indoor-towerbusters\/","og_locale":"fr_CA","og_type":"article","og_title":"INDOOR TOWERBUSTERS - Quebec Orgone","og_description":"The Indoor TowerBusters are the best orgonites to add the finishing touch to your place of life. They are affordable and effective.","og_url":"https:\/\/orgonitesodn.ca\/fr\/produit\/indoor-towerbusters\/","og_site_name":"Orgonites ODN","article_modified_time":"2026-05-11T19:46:14+00:00","og_image":[{"width":585,"height":640,"url":"https:\/\/orgonitesodn.ca\/wp-content\/uploads\/2025\/11\/tb-interieur.jpg","type":"image\/jpeg"}],"twitter_card":"summary_large_image","twitter_misc":{"Estimation du temps de lecture":"1 minute"},"schema":{"@context":"https:\/\/schema.org","@graph":[{"@type":"WebPage","@id":"https:\/\/orgonitesodn.ca\/product\/indoor-towerbusters\/","url":"https:\/\/orgonitesodn.ca\/product\/indoor-towerbusters\/","name":"INDOOR TOWERBUSTERS - Quebec Orgone","isPartOf":{"@id":"https:\/\/orgonitesodn.ca\/#website"},"primaryImageOfPage":{"@id":"https:\/\/orgonitesodn.ca\/product\/indoor-towerbusters\/#primaryimage"},"image":{"@id":"https:\/\/orgonitesodn.ca\/product\/indoor-towerbusters\/#primaryimage"},"thumbnailUrl":"https:\/\/orgonitesodn.ca\/wp-content\/uploads\/2025\/11\/tb-interieur.jpg","datePublished":"2025-11-18T18:43:01+00:00","dateModified":"2026-05-11T19:46:14+00:00","description":"The Indoor TowerBusters are the best orgonites to add the finishing touch to your place of life. They are affordable and effective.","breadcrumb":{"@id":"https:\/\/orgonitesodn.ca\/product\/indoor-towerbusters\/#breadcrumb"},"inLanguage":"fr-CA","potentialAction":[{"@type":"ReadAction","target":["https:\/\/orgonitesodn.ca\/product\/indoor-towerbusters\/"]}]},{"@type":"ImageObject","inLanguage":"fr-CA","@id":"https:\/\/orgonitesodn.ca\/product\/indoor-towerbusters\/#primaryimage","url":"https:\/\/orgonitesodn.ca\/wp-content\/uploads\/2025\/11\/tb-interieur.jpg","contentUrl":"https:\/\/orgonitesodn.ca\/wp-content\/uploads\/2025\/11\/tb-interieur.jpg","width":585,"height":640},{"@type":"BreadcrumbList","@id":"https:\/\/orgonitesodn.ca\/product\/indoor-towerbusters\/#breadcrumb","itemListElement":[{"@type":"ListItem","position":1,"name":"Home","item":"https:\/\/orgonitesodn.ca\/"},{"@type":"ListItem","position":2,"name":"Shop","item":"https:\/\/orgonitesodn.ca\/shop-orgonites\/"},{"@type":"ListItem","position":3,"name":"INDOOR TOWERBUSTERS"}]},{"@type":"WebSite","@id":"https:\/\/orgonitesodn.ca\/#website","url":"https:\/\/orgonitesodn.ca\/","name":"Orgonites ODN","description":"","publisher":{"@id":"https:\/\/orgonitesodn.ca\/#organization"},"potentialAction":[{"@type":"SearchAction","target":{"@type":"EntryPoint","urlTemplate":"https:\/\/orgonitesodn.ca\/?s={search_term_string}"},"query-input":{"@type":"PropertyValueSpecification","valueRequired":true,"valueName":"search_term_string"}}],"inLanguage":"fr-CA"},{"@type":"Organization","@id":"https:\/\/orgonitesodn.ca\/#organization","name":"Orgonites ODN","url":"https:\/\/orgonitesodn.ca\/","logo":{"@type":"ImageObject","inLanguage":"fr-CA","@id":"https:\/\/orgonitesodn.ca\/#\/schema\/logo\/image\/","url":"https:\/\/orgonitesodn.ca\/wp-content\/uploads\/2023\/03\/page-3-e1722971186772.jpeg","contentUrl":"https:\/\/orgonitesodn.ca\/wp-content\/uploads\/2023\/03\/page-3-e1722971186772.jpeg","width":342,"height":167,"caption":"Orgonites ODN"},"image":{"@id":"https:\/\/orgonitesodn.ca\/#\/schema\/logo\/image\/"}}]}},"jetpack_sharing_enabled":true,"_links":{"self":[{"href":"https:\/\/orgonitesodn.ca\/fr\/wp-json\/wp\/v2\/product\/14948","targetHints":{"allow":["GET"]}}],"collection":[{"href":"https:\/\/orgonitesodn.ca\/fr\/wp-json\/wp\/v2\/product"}],"about":[{"href":"https:\/\/orgonitesodn.ca\/fr\/wp-json\/wp\/v2\/types\/product"}],"replies":[{"embeddable":true,"href":"https:\/\/orgonitesodn.ca\/fr\/wp-json\/wp\/v2\/comments?post=14948"}],"version-history":[{"count":3,"href":"https:\/\/orgonitesodn.ca\/fr\/wp-json\/wp\/v2\/product\/14948\/revisions"}],"predecessor-version":[{"id":14952,"href":"https:\/\/orgonitesodn.ca\/fr\/wp-json\/wp\/v2\/product\/14948\/revisions\/14952"}],"wp:featuredmedia":[{"embeddable":true,"href":"https:\/\/orgonitesodn.ca\/fr\/wp-json\/wp\/v2\/media\/14949"}],"wp:attachment":[{"href":"https:\/\/orgonitesodn.ca\/fr\/wp-json\/wp\/v2\/media?parent=14948"}],"wp:term":[{"taxonomy":"product_brand","embeddable":true,"href":"https:\/\/orgonitesodn.ca\/fr\/wp-json\/wp\/v2\/product_brand?post=14948"},{"taxonomy":"product_cat","embeddable":true,"href":"https:\/\/orgonitesodn.ca\/fr\/wp-json\/wp\/v2\/product_cat?post=14948"},{"taxonomy":"product_tag","embeddable":true,"href":"https:\/\/orgonitesodn.ca\/fr\/wp-json\/wp\/v2\/product_tag?post=14948"}],"curies":[{"name":"wp","href":"https:\/\/api.w.org\/{rel}","templated":true}]}}