{"id":300,"date":"2021-08-26T16:17:37","date_gmt":"2021-08-26T16:17:37","guid":{"rendered":"http:\/\/dummy.xtemos.com\/woodmart2\/elementor\/?post_type=product&#038;p=300"},"modified":"2024-12-30T17:59:43","modified_gmt":"2024-12-30T17:59:43","slug":"orgonite-zapper-mega-powerwand","status":"publish","type":"product","link":"https:\/\/orgonitesodn.ca\/fr\/produit\/orgonite-zapper-mega-powerwand\/","title":{"rendered":"MEGA HERTZ POWERWAND"},"content":{"rendered":"<p><span style=\"color: #636363;\">Le Mega Powerwand est la version la plus avanc\u00e9e de nos appareils psychiques. Il est \u00e9quip\u00e9 d\u2019un g\u00e9n\u00e9rateur de fr\u00e9quence LP Zapper 15 hertz int\u00e9gr\u00e9, assurant un fonctionnement de protection fiable. Les 3 piles AAA sont incluses. L\u2019indicateur LED est situ\u00e9 \u00e0 c\u00f4t\u00e9 du cristal mont\u00e9 sur le dessus, permettant une surveillance facile de la performance de l\u2019appareil. Le Mega Powerwand est envelopp\u00e9 dans une s\u00e9lection sp\u00e9ciale de pierres pr\u00e9cieuses et d\u2019orgone et a une signature \u00e9nerg\u00e9tique \u00e9pic\u00e9e unique qui ne se trouve pas dans d\u2019autres outils de bien-\u00eatre avanc\u00e9s! C\u2019est l\u2019outil psychique le plus puissant jamais cr\u00e9\u00e9 chez Qu\u00e9bec Orgone. Pour \u00e9viter l\u2019oxydation du cuivre, le Mega Powerwand est recouvert d\u2019une couche d\u2019\u00e9poxy, assurant une durabilit\u00e9 \u00e0 long terme. Placez-le dans votre maison et voyez une incroyable diff\u00e9rence d\u2019\u00e9nergie!<br \/>\n<\/span><\/p>\n<p><span style=\"color: #636363;\"><br \/>\nDiam\u00e8tre des dimensions sur le dessus 3\u201d, sur la base 3.75\u201d, hauteur 8\u201d \/ diam\u00e8tre sur le dessus 8cm, sur la base 10cm, hauteur 20cm<\/span><\/p>","protected":false},"excerpt":{"rendered":"<p>The Mega Powerwand is the most advanced version of our psychic devices. It is equipped with an integrated 15 hertz<\/p>","protected":false},"featured_media":11301,"comment_status":"open","ping_status":"closed","template":"","meta":[],"product_brand":[],"product_cat":[81],"product_tag":[],"class_list":{"0":"post-300","1":"product","2":"type-product","3":"status-publish","4":"has-post-thumbnail","6":"product_cat-meditation-aid-concentration-psychic-frequency-hertz","8":"first","9":"instock","10":"taxable","11":"shipping-taxable","12":"purchasable","13":"product-type-simple"},"yoast_head":"<!-- This site is optimized with the Yoast SEO plugin v27.3 - https:\/\/yoast.com\/product\/yoast-seo-wordpress\/ -->\n<title>Orgonite with frequency - MEGA HERTZ POWERWAND - Orgonites ODN<\/title>\n<meta name=\"description\" content=\"The Mega hertz Powerwand is an orgonite equipped with an integrated 15 hertz LP Zapper frequency generator, ensuring reliable protection operation.\" \/>\n<meta name=\"robots\" content=\"index, follow, max-snippet:-1, max-image-preview:large, max-video-preview:-1\" \/>\n<link rel=\"canonical\" href=\"https:\/\/orgonitesodn.ca\/fr\/produit\/orgonite-zapper-mega-powerwand\/\" \/>\n<meta property=\"og:locale\" content=\"fr_CA\" \/>\n<meta property=\"og:type\" content=\"article\" \/>\n<meta property=\"og:title\" content=\"Orgonite with frequency - MEGA HERTZ POWERWAND - Orgonites ODN\" \/>\n<meta property=\"og:description\" content=\"The Mega hertz Powerwand is an orgonite equipped with an integrated 15 hertz LP Zapper frequency generator, ensuring reliable protection operation.\" \/>\n<meta property=\"og:url\" content=\"https:\/\/orgonitesodn.ca\/fr\/produit\/orgonite-zapper-mega-powerwand\/\" \/>\n<meta property=\"og:site_name\" content=\"Orgonites ODN\" \/>\n<meta property=\"article:modified_time\" content=\"2024-12-30T17:59:43+00:00\" \/>\n<meta property=\"og:image\" content=\"https:\/\/orgonitesodn.ca\/wp-content\/uploads\/2021\/08\/SAB_petit-mega-powerw-top-scaled.jpg\" \/>\n\t<meta property=\"og:image:width\" content=\"1707\" \/>\n\t<meta property=\"og:image:height\" content=\"2560\" \/>\n\t<meta property=\"og:image:type\" content=\"image\/jpeg\" \/>\n<meta name=\"twitter:card\" content=\"summary_large_image\" \/>\n<meta name=\"twitter:label1\" content=\"Estimation du temps de lecture\" \/>\n\t<meta name=\"twitter:data1\" content=\"1 minute\" \/>\n<script type=\"application\/ld+json\" class=\"yoast-schema-graph\">{\"@context\":\"https:\\\/\\\/schema.org\",\"@graph\":[{\"@type\":\"WebPage\",\"@id\":\"https:\\\/\\\/orgonitesodn.ca\\\/product\\\/orgonite-zapper-mega-powerwand\\\/\",\"url\":\"https:\\\/\\\/orgonitesodn.ca\\\/product\\\/orgonite-zapper-mega-powerwand\\\/\",\"name\":\"Orgonite with frequency - MEGA HERTZ POWERWAND - Orgonites ODN\",\"isPartOf\":{\"@id\":\"https:\\\/\\\/orgonitesodn.ca\\\/#website\"},\"primaryImageOfPage\":{\"@id\":\"https:\\\/\\\/orgonitesodn.ca\\\/product\\\/orgonite-zapper-mega-powerwand\\\/#primaryimage\"},\"image\":{\"@id\":\"https:\\\/\\\/orgonitesodn.ca\\\/product\\\/orgonite-zapper-mega-powerwand\\\/#primaryimage\"},\"thumbnailUrl\":\"https:\\\/\\\/orgonitesodn.ca\\\/wp-content\\\/uploads\\\/2021\\\/08\\\/SAB_petit-mega-powerw-top-scaled.jpg\",\"datePublished\":\"2021-08-26T16:17:37+00:00\",\"dateModified\":\"2024-12-30T17:59:43+00:00\",\"description\":\"The Mega hertz Powerwand is an orgonite equipped with an integrated 15 hertz LP Zapper frequency generator, ensuring reliable protection operation.\",\"breadcrumb\":{\"@id\":\"https:\\\/\\\/orgonitesodn.ca\\\/product\\\/orgonite-zapper-mega-powerwand\\\/#breadcrumb\"},\"inLanguage\":\"fr-CA\",\"potentialAction\":[{\"@type\":\"ReadAction\",\"target\":[\"https:\\\/\\\/orgonitesodn.ca\\\/product\\\/orgonite-zapper-mega-powerwand\\\/\"]}]},{\"@type\":\"ImageObject\",\"inLanguage\":\"fr-CA\",\"@id\":\"https:\\\/\\\/orgonitesodn.ca\\\/product\\\/orgonite-zapper-mega-powerwand\\\/#primaryimage\",\"url\":\"https:\\\/\\\/orgonitesodn.ca\\\/wp-content\\\/uploads\\\/2021\\\/08\\\/SAB_petit-mega-powerw-top-scaled.jpg\",\"contentUrl\":\"https:\\\/\\\/orgonitesodn.ca\\\/wp-content\\\/uploads\\\/2021\\\/08\\\/SAB_petit-mega-powerw-top-scaled.jpg\",\"width\":1707,\"height\":2560},{\"@type\":\"BreadcrumbList\",\"@id\":\"https:\\\/\\\/orgonitesodn.ca\\\/product\\\/orgonite-zapper-mega-powerwand\\\/#breadcrumb\",\"itemListElement\":[{\"@type\":\"ListItem\",\"position\":1,\"name\":\"Home\",\"item\":\"https:\\\/\\\/orgonitesodn.ca\\\/\"},{\"@type\":\"ListItem\",\"position\":2,\"name\":\"Shop\",\"item\":\"https:\\\/\\\/orgonitesodn.ca\\\/shop-orgonites\\\/\"},{\"@type\":\"ListItem\",\"position\":3,\"name\":\"MEGA HERTZ POWERWAND\"}]},{\"@type\":\"WebSite\",\"@id\":\"https:\\\/\\\/orgonitesodn.ca\\\/#website\",\"url\":\"https:\\\/\\\/orgonitesodn.ca\\\/\",\"name\":\"Orgonites ODN\",\"description\":\"\",\"publisher\":{\"@id\":\"https:\\\/\\\/orgonitesodn.ca\\\/#organization\"},\"potentialAction\":[{\"@type\":\"SearchAction\",\"target\":{\"@type\":\"EntryPoint\",\"urlTemplate\":\"https:\\\/\\\/orgonitesodn.ca\\\/?s={search_term_string}\"},\"query-input\":{\"@type\":\"PropertyValueSpecification\",\"valueRequired\":true,\"valueName\":\"search_term_string\"}}],\"inLanguage\":\"fr-CA\"},{\"@type\":\"Organization\",\"@id\":\"https:\\\/\\\/orgonitesodn.ca\\\/#organization\",\"name\":\"Orgonites ODN\",\"url\":\"https:\\\/\\\/orgonitesodn.ca\\\/\",\"logo\":{\"@type\":\"ImageObject\",\"inLanguage\":\"fr-CA\",\"@id\":\"https:\\\/\\\/orgonitesodn.ca\\\/#\\\/schema\\\/logo\\\/image\\\/\",\"url\":\"https:\\\/\\\/orgonitesodn.ca\\\/wp-content\\\/uploads\\\/2023\\\/03\\\/page-3-e1722971186772.jpeg\",\"contentUrl\":\"https:\\\/\\\/orgonitesodn.ca\\\/wp-content\\\/uploads\\\/2023\\\/03\\\/page-3-e1722971186772.jpeg\",\"width\":342,\"height\":167,\"caption\":\"Orgonites ODN\"},\"image\":{\"@id\":\"https:\\\/\\\/orgonitesodn.ca\\\/#\\\/schema\\\/logo\\\/image\\\/\"}}]}<\/script>\n<!-- \/ Yoast SEO plugin. -->","yoast_head_json":{"title":"Orgonite with frequency - MEGA HERTZ POWERWAND - Orgonites ODN","description":"The Mega hertz Powerwand is an orgonite equipped with an integrated 15 hertz LP Zapper frequency generator, ensuring reliable protection operation.","robots":{"index":"index","follow":"follow","max-snippet":"max-snippet:-1","max-image-preview":"max-image-preview:large","max-video-preview":"max-video-preview:-1"},"canonical":"https:\/\/orgonitesodn.ca\/fr\/produit\/orgonite-zapper-mega-powerwand\/","og_locale":"fr_CA","og_type":"article","og_title":"Orgonite with frequency - MEGA HERTZ POWERWAND - Orgonites ODN","og_description":"The Mega hertz Powerwand is an orgonite equipped with an integrated 15 hertz LP Zapper frequency generator, ensuring reliable protection operation.","og_url":"https:\/\/orgonitesodn.ca\/fr\/produit\/orgonite-zapper-mega-powerwand\/","og_site_name":"Orgonites ODN","article_modified_time":"2024-12-30T17:59:43+00:00","og_image":[{"width":1707,"height":2560,"url":"https:\/\/orgonitesodn.ca\/wp-content\/uploads\/2021\/08\/SAB_petit-mega-powerw-top-scaled.jpg","type":"image\/jpeg"}],"twitter_card":"summary_large_image","twitter_misc":{"Estimation du temps de lecture":"1 minute"},"schema":{"@context":"https:\/\/schema.org","@graph":[{"@type":"WebPage","@id":"https:\/\/orgonitesodn.ca\/product\/orgonite-zapper-mega-powerwand\/","url":"https:\/\/orgonitesodn.ca\/product\/orgonite-zapper-mega-powerwand\/","name":"Orgonite with frequency - MEGA HERTZ POWERWAND - Orgonites ODN","isPartOf":{"@id":"https:\/\/orgonitesodn.ca\/#website"},"primaryImageOfPage":{"@id":"https:\/\/orgonitesodn.ca\/product\/orgonite-zapper-mega-powerwand\/#primaryimage"},"image":{"@id":"https:\/\/orgonitesodn.ca\/product\/orgonite-zapper-mega-powerwand\/#primaryimage"},"thumbnailUrl":"https:\/\/orgonitesodn.ca\/wp-content\/uploads\/2021\/08\/SAB_petit-mega-powerw-top-scaled.jpg","datePublished":"2021-08-26T16:17:37+00:00","dateModified":"2024-12-30T17:59:43+00:00","description":"The Mega hertz Powerwand is an orgonite equipped with an integrated 15 hertz LP Zapper frequency generator, ensuring reliable protection operation.","breadcrumb":{"@id":"https:\/\/orgonitesodn.ca\/product\/orgonite-zapper-mega-powerwand\/#breadcrumb"},"inLanguage":"fr-CA","potentialAction":[{"@type":"ReadAction","target":["https:\/\/orgonitesodn.ca\/product\/orgonite-zapper-mega-powerwand\/"]}]},{"@type":"ImageObject","inLanguage":"fr-CA","@id":"https:\/\/orgonitesodn.ca\/product\/orgonite-zapper-mega-powerwand\/#primaryimage","url":"https:\/\/orgonitesodn.ca\/wp-content\/uploads\/2021\/08\/SAB_petit-mega-powerw-top-scaled.jpg","contentUrl":"https:\/\/orgonitesodn.ca\/wp-content\/uploads\/2021\/08\/SAB_petit-mega-powerw-top-scaled.jpg","width":1707,"height":2560},{"@type":"BreadcrumbList","@id":"https:\/\/orgonitesodn.ca\/product\/orgonite-zapper-mega-powerwand\/#breadcrumb","itemListElement":[{"@type":"ListItem","position":1,"name":"Home","item":"https:\/\/orgonitesodn.ca\/"},{"@type":"ListItem","position":2,"name":"Shop","item":"https:\/\/orgonitesodn.ca\/shop-orgonites\/"},{"@type":"ListItem","position":3,"name":"MEGA HERTZ POWERWAND"}]},{"@type":"WebSite","@id":"https:\/\/orgonitesodn.ca\/#website","url":"https:\/\/orgonitesodn.ca\/","name":"Orgonites ODN","description":"","publisher":{"@id":"https:\/\/orgonitesodn.ca\/#organization"},"potentialAction":[{"@type":"SearchAction","target":{"@type":"EntryPoint","urlTemplate":"https:\/\/orgonitesodn.ca\/?s={search_term_string}"},"query-input":{"@type":"PropertyValueSpecification","valueRequired":true,"valueName":"search_term_string"}}],"inLanguage":"fr-CA"},{"@type":"Organization","@id":"https:\/\/orgonitesodn.ca\/#organization","name":"Orgonites ODN","url":"https:\/\/orgonitesodn.ca\/","logo":{"@type":"ImageObject","inLanguage":"fr-CA","@id":"https:\/\/orgonitesodn.ca\/#\/schema\/logo\/image\/","url":"https:\/\/orgonitesodn.ca\/wp-content\/uploads\/2023\/03\/page-3-e1722971186772.jpeg","contentUrl":"https:\/\/orgonitesodn.ca\/wp-content\/uploads\/2023\/03\/page-3-e1722971186772.jpeg","width":342,"height":167,"caption":"Orgonites ODN"},"image":{"@id":"https:\/\/orgonitesodn.ca\/#\/schema\/logo\/image\/"}}]}},"jetpack_sharing_enabled":true,"_links":{"self":[{"href":"https:\/\/orgonitesodn.ca\/fr\/wp-json\/wp\/v2\/product\/300","targetHints":{"allow":["GET"]}}],"collection":[{"href":"https:\/\/orgonitesodn.ca\/fr\/wp-json\/wp\/v2\/product"}],"about":[{"href":"https:\/\/orgonitesodn.ca\/fr\/wp-json\/wp\/v2\/types\/product"}],"replies":[{"embeddable":true,"href":"https:\/\/orgonitesodn.ca\/fr\/wp-json\/wp\/v2\/comments?post=300"}],"version-history":[{"count":6,"href":"https:\/\/orgonitesodn.ca\/fr\/wp-json\/wp\/v2\/product\/300\/revisions"}],"predecessor-version":[{"id":11603,"href":"https:\/\/orgonitesodn.ca\/fr\/wp-json\/wp\/v2\/product\/300\/revisions\/11603"}],"wp:featuredmedia":[{"embeddable":true,"href":"https:\/\/orgonitesodn.ca\/fr\/wp-json\/wp\/v2\/media\/11301"}],"wp:attachment":[{"href":"https:\/\/orgonitesodn.ca\/fr\/wp-json\/wp\/v2\/media?parent=300"}],"wp:term":[{"taxonomy":"product_brand","embeddable":true,"href":"https:\/\/orgonitesodn.ca\/fr\/wp-json\/wp\/v2\/product_brand?post=300"},{"taxonomy":"product_cat","embeddable":true,"href":"https:\/\/orgonitesodn.ca\/fr\/wp-json\/wp\/v2\/product_cat?post=300"},{"taxonomy":"product_tag","embeddable":true,"href":"https:\/\/orgonitesodn.ca\/fr\/wp-json\/wp\/v2\/product_tag?post=300"}],"curies":[{"name":"wp","href":"https:\/\/api.w.org\/{rel}","templated":true}]}}