{"id":312,"date":"2021-08-26T16:22:24","date_gmt":"2021-08-26T16:22:24","guid":{"rendered":"http:\/\/dummy.xtemos.com\/woodmart2\/elementor\/?post_type=product&#038;p=312"},"modified":"2024-12-30T17:59:10","modified_gmt":"2024-12-30T17:59:10","slug":"orgonite-mini-powerwand-hertz-orgone","status":"publish","type":"product","link":"https:\/\/orgonitesodn.ca\/fr\/produit\/orgonite-mini-powerwand-hertz-orgone\/","title":{"rendered":"MINI HERTZ POWERWAND"},"content":{"rendered":"<p>Le Mini Powerwand est une version compacte et \u00e9conomique de notre populaire appareil le Mega Powerwand. Il est livr\u00e9 avec toutes les m\u00eames caract\u00e9ristiques, y compris un g\u00e9n\u00e9rateur de fr\u00e9quence LP Zapper, qui dispose de 3 piles AAA. Le Mini PowerWand amplifiera vos intentions et votre visualisation. Avec des applications possibles d\u2019autod\u00e9fense psychique, de manifestation, de blocage de la surveillance \u00e9lectronique et\/ou de visualisation \u00e0 distance, et de r\u00e9solution de probl\u00e8mes. Le Mini PowerWand est \u00e9galement un puissant outil de bien-\u00eatre entre les mains d\u2019un praticien qualifi\u00e9.<\/p>\n<p>Pour assurer la durabilit\u00e9, nous trempons maintenant le Mini Powerwand dans l\u2019\u00e9poxy, lui donnant une finition brillante qui gardera le cuivre brillant pour les ann\u00e9es \u00e0 venir. Si vous avez eu envie de poss\u00e9der un Mega Powerwand mais que vous \u00eates retenus par le co\u00fbt, le Mini Powerwand est la solution parfaite. C\u2019est un moyen abordable de d\u00e9couvrir tous les avantages d\u2019un Mega Powerwand pour vous-m\u00eame.<\/p>","protected":false},"excerpt":{"rendered":"<p>The Mini Powerwand is a compact, budget-friendly version of our popular Psionic device, the Mega Powerwand. It comes with all<\/p>","protected":false},"featured_media":11299,"comment_status":"open","ping_status":"closed","template":"","meta":[],"product_brand":[],"product_cat":[81],"product_tag":[],"class_list":{"0":"post-312","1":"product","2":"type-product","3":"status-publish","4":"has-post-thumbnail","6":"product_cat-meditation-aid-concentration-psychic-frequency-hertz","8":"first","9":"instock","10":"taxable","11":"shipping-taxable","12":"purchasable","13":"product-type-simple"},"yoast_head":"<!-- This site is optimized with the Yoast SEO plugin v27.3 - https:\/\/yoast.com\/product\/yoast-seo-wordpress\/ -->\n<title>Orgonite with frequency - MINI HERTZ POWERWAND - Orgonites ODN<\/title>\n<meta name=\"description\" content=\"The Mini PowerWand is an orgonite with a frequency generator LP Zapper. It will actually amplify your intentions and visualization.\" \/>\n<meta name=\"robots\" content=\"index, follow, max-snippet:-1, max-image-preview:large, max-video-preview:-1\" \/>\n<link rel=\"canonical\" href=\"https:\/\/orgonitesodn.ca\/fr\/produit\/orgonite-mini-powerwand-hertz-orgone\/\" \/>\n<meta property=\"og:locale\" content=\"fr_CA\" \/>\n<meta property=\"og:type\" content=\"article\" \/>\n<meta property=\"og:title\" content=\"Orgonite with frequency - MINI HERTZ POWERWAND - Orgonites ODN\" \/>\n<meta property=\"og:description\" content=\"The Mini PowerWand is an orgonite with a frequency generator LP Zapper. It will actually amplify your intentions and visualization.\" \/>\n<meta property=\"og:url\" content=\"https:\/\/orgonitesodn.ca\/fr\/produit\/orgonite-mini-powerwand-hertz-orgone\/\" \/>\n<meta property=\"og:site_name\" content=\"Orgonites ODN\" \/>\n<meta property=\"article:modified_time\" content=\"2024-12-30T17:59:10+00:00\" \/>\n<meta property=\"og:image\" content=\"https:\/\/orgonitesodn.ca\/wp-content\/uploads\/2021\/08\/SAB_petit-mega-powerw-scaled.jpg\" \/>\n\t<meta property=\"og:image:width\" content=\"2560\" \/>\n\t<meta property=\"og:image:height\" content=\"1707\" \/>\n\t<meta property=\"og:image:type\" content=\"image\/jpeg\" \/>\n<meta name=\"twitter:card\" content=\"summary_large_image\" \/>\n<meta name=\"twitter:label1\" content=\"Estimation du temps de lecture\" \/>\n\t<meta name=\"twitter:data1\" content=\"1 minute\" \/>\n<script type=\"application\/ld+json\" class=\"yoast-schema-graph\">{\"@context\":\"https:\\\/\\\/schema.org\",\"@graph\":[{\"@type\":\"WebPage\",\"@id\":\"https:\\\/\\\/orgonitesodn.ca\\\/product\\\/orgonite-mini-powerwand-hertz-orgone\\\/\",\"url\":\"https:\\\/\\\/orgonitesodn.ca\\\/product\\\/orgonite-mini-powerwand-hertz-orgone\\\/\",\"name\":\"Orgonite with frequency - MINI HERTZ POWERWAND - Orgonites ODN\",\"isPartOf\":{\"@id\":\"https:\\\/\\\/orgonitesodn.ca\\\/#website\"},\"primaryImageOfPage\":{\"@id\":\"https:\\\/\\\/orgonitesodn.ca\\\/product\\\/orgonite-mini-powerwand-hertz-orgone\\\/#primaryimage\"},\"image\":{\"@id\":\"https:\\\/\\\/orgonitesodn.ca\\\/product\\\/orgonite-mini-powerwand-hertz-orgone\\\/#primaryimage\"},\"thumbnailUrl\":\"https:\\\/\\\/orgonitesodn.ca\\\/wp-content\\\/uploads\\\/2021\\\/08\\\/SAB_petit-mega-powerw-scaled.jpg\",\"datePublished\":\"2021-08-26T16:22:24+00:00\",\"dateModified\":\"2024-12-30T17:59:10+00:00\",\"description\":\"The Mini PowerWand is an orgonite with a frequency generator LP Zapper. It will actually amplify your intentions and visualization.\",\"breadcrumb\":{\"@id\":\"https:\\\/\\\/orgonitesodn.ca\\\/product\\\/orgonite-mini-powerwand-hertz-orgone\\\/#breadcrumb\"},\"inLanguage\":\"fr-CA\",\"potentialAction\":[{\"@type\":\"ReadAction\",\"target\":[\"https:\\\/\\\/orgonitesodn.ca\\\/product\\\/orgonite-mini-powerwand-hertz-orgone\\\/\"]}]},{\"@type\":\"ImageObject\",\"inLanguage\":\"fr-CA\",\"@id\":\"https:\\\/\\\/orgonitesodn.ca\\\/product\\\/orgonite-mini-powerwand-hertz-orgone\\\/#primaryimage\",\"url\":\"https:\\\/\\\/orgonitesodn.ca\\\/wp-content\\\/uploads\\\/2021\\\/08\\\/SAB_petit-mega-powerw-scaled.jpg\",\"contentUrl\":\"https:\\\/\\\/orgonitesodn.ca\\\/wp-content\\\/uploads\\\/2021\\\/08\\\/SAB_petit-mega-powerw-scaled.jpg\",\"width\":2560,\"height\":1707},{\"@type\":\"BreadcrumbList\",\"@id\":\"https:\\\/\\\/orgonitesodn.ca\\\/product\\\/orgonite-mini-powerwand-hertz-orgone\\\/#breadcrumb\",\"itemListElement\":[{\"@type\":\"ListItem\",\"position\":1,\"name\":\"Home\",\"item\":\"https:\\\/\\\/orgonitesodn.ca\\\/\"},{\"@type\":\"ListItem\",\"position\":2,\"name\":\"Shop\",\"item\":\"https:\\\/\\\/orgonitesodn.ca\\\/shop-orgonites\\\/\"},{\"@type\":\"ListItem\",\"position\":3,\"name\":\"MINI HERTZ POWERWAND\"}]},{\"@type\":\"WebSite\",\"@id\":\"https:\\\/\\\/orgonitesodn.ca\\\/#website\",\"url\":\"https:\\\/\\\/orgonitesodn.ca\\\/\",\"name\":\"Orgonites ODN\",\"description\":\"\",\"publisher\":{\"@id\":\"https:\\\/\\\/orgonitesodn.ca\\\/#organization\"},\"potentialAction\":[{\"@type\":\"SearchAction\",\"target\":{\"@type\":\"EntryPoint\",\"urlTemplate\":\"https:\\\/\\\/orgonitesodn.ca\\\/?s={search_term_string}\"},\"query-input\":{\"@type\":\"PropertyValueSpecification\",\"valueRequired\":true,\"valueName\":\"search_term_string\"}}],\"inLanguage\":\"fr-CA\"},{\"@type\":\"Organization\",\"@id\":\"https:\\\/\\\/orgonitesodn.ca\\\/#organization\",\"name\":\"Orgonites ODN\",\"url\":\"https:\\\/\\\/orgonitesodn.ca\\\/\",\"logo\":{\"@type\":\"ImageObject\",\"inLanguage\":\"fr-CA\",\"@id\":\"https:\\\/\\\/orgonitesodn.ca\\\/#\\\/schema\\\/logo\\\/image\\\/\",\"url\":\"https:\\\/\\\/orgonitesodn.ca\\\/wp-content\\\/uploads\\\/2023\\\/03\\\/page-3-e1722971186772.jpeg\",\"contentUrl\":\"https:\\\/\\\/orgonitesodn.ca\\\/wp-content\\\/uploads\\\/2023\\\/03\\\/page-3-e1722971186772.jpeg\",\"width\":342,\"height\":167,\"caption\":\"Orgonites ODN\"},\"image\":{\"@id\":\"https:\\\/\\\/orgonitesodn.ca\\\/#\\\/schema\\\/logo\\\/image\\\/\"}}]}<\/script>\n<!-- \/ Yoast SEO plugin. -->","yoast_head_json":{"title":"Orgonite with frequency - MINI HERTZ POWERWAND - Orgonites ODN","description":"The Mini PowerWand is an orgonite with a frequency generator LP Zapper. It will actually amplify your intentions and visualization.","robots":{"index":"index","follow":"follow","max-snippet":"max-snippet:-1","max-image-preview":"max-image-preview:large","max-video-preview":"max-video-preview:-1"},"canonical":"https:\/\/orgonitesodn.ca\/fr\/produit\/orgonite-mini-powerwand-hertz-orgone\/","og_locale":"fr_CA","og_type":"article","og_title":"Orgonite with frequency - MINI HERTZ POWERWAND - Orgonites ODN","og_description":"The Mini PowerWand is an orgonite with a frequency generator LP Zapper. It will actually amplify your intentions and visualization.","og_url":"https:\/\/orgonitesodn.ca\/fr\/produit\/orgonite-mini-powerwand-hertz-orgone\/","og_site_name":"Orgonites ODN","article_modified_time":"2024-12-30T17:59:10+00:00","og_image":[{"width":2560,"height":1707,"url":"https:\/\/orgonitesodn.ca\/wp-content\/uploads\/2021\/08\/SAB_petit-mega-powerw-scaled.jpg","type":"image\/jpeg"}],"twitter_card":"summary_large_image","twitter_misc":{"Estimation du temps de lecture":"1 minute"},"schema":{"@context":"https:\/\/schema.org","@graph":[{"@type":"WebPage","@id":"https:\/\/orgonitesodn.ca\/product\/orgonite-mini-powerwand-hertz-orgone\/","url":"https:\/\/orgonitesodn.ca\/product\/orgonite-mini-powerwand-hertz-orgone\/","name":"Orgonite with frequency - MINI HERTZ POWERWAND - Orgonites ODN","isPartOf":{"@id":"https:\/\/orgonitesodn.ca\/#website"},"primaryImageOfPage":{"@id":"https:\/\/orgonitesodn.ca\/product\/orgonite-mini-powerwand-hertz-orgone\/#primaryimage"},"image":{"@id":"https:\/\/orgonitesodn.ca\/product\/orgonite-mini-powerwand-hertz-orgone\/#primaryimage"},"thumbnailUrl":"https:\/\/orgonitesodn.ca\/wp-content\/uploads\/2021\/08\/SAB_petit-mega-powerw-scaled.jpg","datePublished":"2021-08-26T16:22:24+00:00","dateModified":"2024-12-30T17:59:10+00:00","description":"The Mini PowerWand is an orgonite with a frequency generator LP Zapper. It will actually amplify your intentions and visualization.","breadcrumb":{"@id":"https:\/\/orgonitesodn.ca\/product\/orgonite-mini-powerwand-hertz-orgone\/#breadcrumb"},"inLanguage":"fr-CA","potentialAction":[{"@type":"ReadAction","target":["https:\/\/orgonitesodn.ca\/product\/orgonite-mini-powerwand-hertz-orgone\/"]}]},{"@type":"ImageObject","inLanguage":"fr-CA","@id":"https:\/\/orgonitesodn.ca\/product\/orgonite-mini-powerwand-hertz-orgone\/#primaryimage","url":"https:\/\/orgonitesodn.ca\/wp-content\/uploads\/2021\/08\/SAB_petit-mega-powerw-scaled.jpg","contentUrl":"https:\/\/orgonitesodn.ca\/wp-content\/uploads\/2021\/08\/SAB_petit-mega-powerw-scaled.jpg","width":2560,"height":1707},{"@type":"BreadcrumbList","@id":"https:\/\/orgonitesodn.ca\/product\/orgonite-mini-powerwand-hertz-orgone\/#breadcrumb","itemListElement":[{"@type":"ListItem","position":1,"name":"Home","item":"https:\/\/orgonitesodn.ca\/"},{"@type":"ListItem","position":2,"name":"Shop","item":"https:\/\/orgonitesodn.ca\/shop-orgonites\/"},{"@type":"ListItem","position":3,"name":"MINI HERTZ POWERWAND"}]},{"@type":"WebSite","@id":"https:\/\/orgonitesodn.ca\/#website","url":"https:\/\/orgonitesodn.ca\/","name":"Orgonites ODN","description":"","publisher":{"@id":"https:\/\/orgonitesodn.ca\/#organization"},"potentialAction":[{"@type":"SearchAction","target":{"@type":"EntryPoint","urlTemplate":"https:\/\/orgonitesodn.ca\/?s={search_term_string}"},"query-input":{"@type":"PropertyValueSpecification","valueRequired":true,"valueName":"search_term_string"}}],"inLanguage":"fr-CA"},{"@type":"Organization","@id":"https:\/\/orgonitesodn.ca\/#organization","name":"Orgonites ODN","url":"https:\/\/orgonitesodn.ca\/","logo":{"@type":"ImageObject","inLanguage":"fr-CA","@id":"https:\/\/orgonitesodn.ca\/#\/schema\/logo\/image\/","url":"https:\/\/orgonitesodn.ca\/wp-content\/uploads\/2023\/03\/page-3-e1722971186772.jpeg","contentUrl":"https:\/\/orgonitesodn.ca\/wp-content\/uploads\/2023\/03\/page-3-e1722971186772.jpeg","width":342,"height":167,"caption":"Orgonites ODN"},"image":{"@id":"https:\/\/orgonitesodn.ca\/#\/schema\/logo\/image\/"}}]}},"jetpack_sharing_enabled":true,"_links":{"self":[{"href":"https:\/\/orgonitesodn.ca\/fr\/wp-json\/wp\/v2\/product\/312","targetHints":{"allow":["GET"]}}],"collection":[{"href":"https:\/\/orgonitesodn.ca\/fr\/wp-json\/wp\/v2\/product"}],"about":[{"href":"https:\/\/orgonitesodn.ca\/fr\/wp-json\/wp\/v2\/types\/product"}],"replies":[{"embeddable":true,"href":"https:\/\/orgonitesodn.ca\/fr\/wp-json\/wp\/v2\/comments?post=312"}],"version-history":[{"count":6,"href":"https:\/\/orgonitesodn.ca\/fr\/wp-json\/wp\/v2\/product\/312\/revisions"}],"predecessor-version":[{"id":11602,"href":"https:\/\/orgonitesodn.ca\/fr\/wp-json\/wp\/v2\/product\/312\/revisions\/11602"}],"wp:featuredmedia":[{"embeddable":true,"href":"https:\/\/orgonitesodn.ca\/fr\/wp-json\/wp\/v2\/media\/11299"}],"wp:attachment":[{"href":"https:\/\/orgonitesodn.ca\/fr\/wp-json\/wp\/v2\/media?parent=312"}],"wp:term":[{"taxonomy":"product_brand","embeddable":true,"href":"https:\/\/orgonitesodn.ca\/fr\/wp-json\/wp\/v2\/product_brand?post=312"},{"taxonomy":"product_cat","embeddable":true,"href":"https:\/\/orgonitesodn.ca\/fr\/wp-json\/wp\/v2\/product_cat?post=312"},{"taxonomy":"product_tag","embeddable":true,"href":"https:\/\/orgonitesodn.ca\/fr\/wp-json\/wp\/v2\/product_tag?post=312"}],"curies":[{"name":"wp","href":"https:\/\/api.w.org\/{rel}","templated":true}]}}