{"id":323,"date":"2021-08-27T11:34:33","date_gmt":"2021-08-27T11:34:33","guid":{"rendered":"http:\/\/dummy.xtemos.com\/woodmart2\/elementor\/?post_type=product&#038;p=323"},"modified":"2025-05-07T19:32:37","modified_gmt":"2025-05-07T19:32:37","slug":"powered-quartz-crystal-protection-don-croft-zapper","status":"publish","type":"product","link":"https:\/\/orgonitesodn.ca\/fr\/produit\/powered-quartz-crystal-protection-don-croft-zapper\/","title":{"rendered":"LE QUARTZ PROPULS\u00c9"},"content":{"rendered":"<p>Le Quartz Propuls\u00e9, ou Succor Punch, ou Psionisateur, est un puissant dispositif de protection.<br \/>\nUn gros cristal de quartz qualit\u00e9 AAA est enroul\u00e9 finement \u00e0 la main par un coil Mobius. Le tout est ensuite raccord\u00e9 \u00e0 notre g\u00e9n\u00e9rateur de fr\u00e9quences (zapper). L'\u00e9nergie du cristal est ainsi actionn\u00e9e par la fr\u00e9quence 15hz.<br \/>\nCet outil, d\u00e9velopp\u00e9 en 2001 par Don Croft, est un outil pr\u00e9cieux. <a href=\"https:\/\/educate-yourself.org\/dc\/dcsuccorpunchdescrip.shtml\">https:\/\/educate-yourself.org\/dc\/dcsuccorpunchdescrip.shtml<\/a><br \/>\nL'\u00e9nergie g\u00e9n\u00e9r\u00e9e peut \u00eatre dirig\u00e9e par intentions.<br \/>\nIl est ainsi un ami indispensable pour la m\u00e9ditation, la protection et la gu\u00e9rison spirituelles ou pour le d\u00e9veloppement des capacit\u00e9s psychiques.<\/p>\n<p>En m\u00e9ditation, on l'utilise pour amplifier nos ancrages. On peut s'en servir aussi pour transmettre des \u00e9nergies bienfaisantes \u00e0 quelqu'un. Dans cet esprit, il est ainsi possible de l'aider \u00e0 atteindre ses buts ou m\u00eame \u00e0 r\u00e9cup\u00e9rer, par exemple.<br \/>\nIn addition, our intention in offering The Powered Quartz may be to protect the home from negative energies. Just drop it at the right place and point it at the door.<br \/>\n\u00c9galement, les gens qui pratiquent le gifting l'apportent avec eux pour prot\u00e9ger leurs propres \u00e9nergies.\u00a0<a href=\"https:\/\/orgonitesodn.ca\/fr\/produit\/towerbusters-best-outdoor-orgonites-protection-5g-emf-quartz\/\">https:\/\/orgonitesodn.ca\/product\/towerbusters-best-outdoor-orgonites-protection-5g-emf-quartz\/<\/a><\/p>\n<p>Enfin, les \u00e9nergies propuls\u00e9es par le cristal de quartz pur et amplifi\u00e9 sont uniques, pures et positives. Il y a plusieurs raisons d\u2019acqu\u00e9rir ce bijou.<\/p>\n<p>Note: Le zapper utilis\u00e9 ici est un bo\u00eetier \u00e9lectronique sans orgonite, d\u00e9velopp\u00e9 initialement par le docteur Hulda Clark (Naturopathe, auteure et praticienne de la m\u00e9decine alternative canadienne aux USA) et modifi\u00e9 par Don Croft. Ce n'est pas la version am\u00e9lior\u00e9e ''terminator zapper'' fabriqu\u00e9e par Don Croft. <a href=\"https:\/\/www.quebecorgone.com\/docs\/Introduction_orgone.pdf\">https:\/\/www.quebecorgone.com\/docs\/Introduction_orgone.pdf<\/a><\/p>","protected":false},"excerpt":{"rendered":"<p>Le Quartz Propuls\u00e9 est fabriqu\u00e9 avec une bobine de mobius faite \u00e0 la main et un cristal de quartz de qualit\u00e9 AAA, aliment\u00e9 par un courant \u00e9lectrique pour activer les propri\u00e9t\u00e9s uniques du cristal.<\/p>\n<p>Le psionisateur (amplificateur vibratoire) est le choix parfait pour am\u00e9liorer vos pratiques spirituelles ou simplement prot\u00e9ger votre \u00e9nergie.<\/p>","protected":false},"featured_media":11306,"comment_status":"open","ping_status":"closed","template":"","meta":[],"product_brand":[],"product_cat":[21,75],"product_tag":[],"class_list":{"0":"post-323","1":"product","2":"type-product","3":"status-publish","4":"has-post-thumbnail","6":"product_cat-essential-products-orgonites-protection","7":"product_cat-wellness-tools-healing","9":"first","10":"instock","11":"taxable","12":"shipping-taxable","13":"purchasable","14":"product-type-simple"},"yoast_head":"<!-- This site is optimized with the Yoast SEO plugin v27.0 - https:\/\/yoast.com\/product\/yoast-seo-wordpress\/ -->\n<title>Crystal protection - The Powered Quartz - Orgonites ODN<\/title>\n<meta name=\"description\" content=\"High-quality quartz crystal device with zapper electronic box for the EMF protection and more, this 15hz frequency generator that creates a protective field.\" \/>\n<meta name=\"robots\" content=\"index, follow, max-snippet:-1, max-image-preview:large, max-video-preview:-1\" \/>\n<link rel=\"canonical\" href=\"https:\/\/orgonitesodn.ca\/fr\/produit\/powered-quartz-crystal-protection-don-croft-zapper\/\" \/>\n<meta property=\"og:locale\" content=\"fr_CA\" \/>\n<meta property=\"og:type\" content=\"article\" \/>\n<meta property=\"og:title\" content=\"Crystal protection - The Powered Quartz - Orgonites ODN\" \/>\n<meta property=\"og:description\" content=\"High-quality quartz crystal device with zapper electronic box for the EMF protection and more, this 15hz frequency generator that creates a protective field.\" \/>\n<meta property=\"og:url\" content=\"https:\/\/orgonitesodn.ca\/fr\/produit\/powered-quartz-crystal-protection-don-croft-zapper\/\" \/>\n<meta property=\"og:site_name\" content=\"Orgonites ODN\" \/>\n<meta property=\"article:modified_time\" content=\"2025-05-07T19:32:37+00:00\" \/>\n<meta property=\"og:image\" content=\"https:\/\/orgonitesodn.ca\/wp-content\/uploads\/2021\/08\/SAB_Succorpunch-scaled.jpg\" \/>\n\t<meta property=\"og:image:width\" content=\"2560\" \/>\n\t<meta property=\"og:image:height\" content=\"1707\" \/>\n\t<meta property=\"og:image:type\" content=\"image\/jpeg\" \/>\n<meta name=\"twitter:card\" content=\"summary_large_image\" \/>\n<meta name=\"twitter:label1\" content=\"Estimation du temps de lecture\" \/>\n\t<meta name=\"twitter:data1\" content=\"2 minutes\" \/>\n<script type=\"application\/ld+json\" class=\"yoast-schema-graph\">{\"@context\":\"https:\/\/schema.org\",\"@graph\":[{\"@type\":\"WebPage\",\"@id\":\"https:\/\/orgonitesodn.ca\/product\/powered-quartz-crystal-protection-don-croft-zapper\/\",\"url\":\"https:\/\/orgonitesodn.ca\/product\/powered-quartz-crystal-protection-don-croft-zapper\/\",\"name\":\"Crystal protection - The Powered Quartz - Orgonites ODN\",\"isPartOf\":{\"@id\":\"https:\/\/orgonitesodn.ca\/#website\"},\"primaryImageOfPage\":{\"@id\":\"https:\/\/orgonitesodn.ca\/product\/powered-quartz-crystal-protection-don-croft-zapper\/#primaryimage\"},\"image\":{\"@id\":\"https:\/\/orgonitesodn.ca\/product\/powered-quartz-crystal-protection-don-croft-zapper\/#primaryimage\"},\"thumbnailUrl\":\"https:\/\/orgonitesodn.ca\/wp-content\/uploads\/2021\/08\/SAB_Succorpunch-scaled.jpg\",\"datePublished\":\"2021-08-27T11:34:33+00:00\",\"dateModified\":\"2025-05-07T19:32:37+00:00\",\"description\":\"High-quality quartz crystal device with zapper electronic box for the EMF protection and more, this 15hz frequency generator that creates a protective field.\",\"breadcrumb\":{\"@id\":\"https:\/\/orgonitesodn.ca\/product\/powered-quartz-crystal-protection-don-croft-zapper\/#breadcrumb\"},\"inLanguage\":\"fr-CA\",\"potentialAction\":[{\"@type\":\"ReadAction\",\"target\":[\"https:\/\/orgonitesodn.ca\/product\/powered-quartz-crystal-protection-don-croft-zapper\/\"]}]},{\"@type\":\"ImageObject\",\"inLanguage\":\"fr-CA\",\"@id\":\"https:\/\/orgonitesodn.ca\/product\/powered-quartz-crystal-protection-don-croft-zapper\/#primaryimage\",\"url\":\"https:\/\/orgonitesodn.ca\/wp-content\/uploads\/2021\/08\/SAB_Succorpunch-scaled.jpg\",\"contentUrl\":\"https:\/\/orgonitesodn.ca\/wp-content\/uploads\/2021\/08\/SAB_Succorpunch-scaled.jpg\",\"width\":2560,\"height\":1707},{\"@type\":\"BreadcrumbList\",\"@id\":\"https:\/\/orgonitesodn.ca\/product\/powered-quartz-crystal-protection-don-croft-zapper\/#breadcrumb\",\"itemListElement\":[{\"@type\":\"ListItem\",\"position\":1,\"name\":\"Home\",\"item\":\"https:\/\/orgonitesodn.ca\/\"},{\"@type\":\"ListItem\",\"position\":2,\"name\":\"Shop\",\"item\":\"https:\/\/orgonitesodn.ca\/shop-orgonites\/\"},{\"@type\":\"ListItem\",\"position\":3,\"name\":\"THE POWERED QUARTZ\"}]},{\"@type\":\"WebSite\",\"@id\":\"https:\/\/orgonitesodn.ca\/#website\",\"url\":\"https:\/\/orgonitesodn.ca\/\",\"name\":\"Orgonites ODN\",\"description\":\"\",\"publisher\":{\"@id\":\"https:\/\/orgonitesodn.ca\/#organization\"},\"potentialAction\":[{\"@type\":\"SearchAction\",\"target\":{\"@type\":\"EntryPoint\",\"urlTemplate\":\"https:\/\/orgonitesodn.ca\/?s={search_term_string}\"},\"query-input\":{\"@type\":\"PropertyValueSpecification\",\"valueRequired\":true,\"valueName\":\"search_term_string\"}}],\"inLanguage\":\"fr-CA\"},{\"@type\":\"Organization\",\"@id\":\"https:\/\/orgonitesodn.ca\/#organization\",\"name\":\"Orgonites ODN\",\"url\":\"https:\/\/orgonitesodn.ca\/\",\"logo\":{\"@type\":\"ImageObject\",\"inLanguage\":\"fr-CA\",\"@id\":\"https:\/\/orgonitesodn.ca\/#\/schema\/logo\/image\/\",\"url\":\"https:\/\/orgonitesodn.ca\/wp-content\/uploads\/2023\/03\/page-3-e1722971186772.jpeg\",\"contentUrl\":\"https:\/\/orgonitesodn.ca\/wp-content\/uploads\/2023\/03\/page-3-e1722971186772.jpeg\",\"width\":342,\"height\":167,\"caption\":\"Orgonites ODN\"},\"image\":{\"@id\":\"https:\/\/orgonitesodn.ca\/#\/schema\/logo\/image\/\"}}]}<\/script>\n<!-- \/ Yoast SEO plugin. -->","yoast_head_json":{"title":"Crystal protection - The Powered Quartz - Orgonites ODN","description":"High-quality quartz crystal device with zapper electronic box for the EMF protection and more, this 15hz frequency generator that creates a protective field.","robots":{"index":"index","follow":"follow","max-snippet":"max-snippet:-1","max-image-preview":"max-image-preview:large","max-video-preview":"max-video-preview:-1"},"canonical":"https:\/\/orgonitesodn.ca\/fr\/produit\/powered-quartz-crystal-protection-don-croft-zapper\/","og_locale":"fr_CA","og_type":"article","og_title":"Crystal protection - The Powered Quartz - Orgonites ODN","og_description":"High-quality quartz crystal device with zapper electronic box for the EMF protection and more, this 15hz frequency generator that creates a protective field.","og_url":"https:\/\/orgonitesodn.ca\/fr\/produit\/powered-quartz-crystal-protection-don-croft-zapper\/","og_site_name":"Orgonites ODN","article_modified_time":"2025-05-07T19:32:37+00:00","og_image":[{"width":2560,"height":1707,"url":"https:\/\/orgonitesodn.ca\/wp-content\/uploads\/2021\/08\/SAB_Succorpunch-scaled.jpg","type":"image\/jpeg"}],"twitter_card":"summary_large_image","twitter_misc":{"Estimation du temps de lecture":"2 minutes"},"schema":{"@context":"https:\/\/schema.org","@graph":[{"@type":"WebPage","@id":"https:\/\/orgonitesodn.ca\/product\/powered-quartz-crystal-protection-don-croft-zapper\/","url":"https:\/\/orgonitesodn.ca\/product\/powered-quartz-crystal-protection-don-croft-zapper\/","name":"Crystal protection - The Powered Quartz - Orgonites ODN","isPartOf":{"@id":"https:\/\/orgonitesodn.ca\/#website"},"primaryImageOfPage":{"@id":"https:\/\/orgonitesodn.ca\/product\/powered-quartz-crystal-protection-don-croft-zapper\/#primaryimage"},"image":{"@id":"https:\/\/orgonitesodn.ca\/product\/powered-quartz-crystal-protection-don-croft-zapper\/#primaryimage"},"thumbnailUrl":"https:\/\/orgonitesodn.ca\/wp-content\/uploads\/2021\/08\/SAB_Succorpunch-scaled.jpg","datePublished":"2021-08-27T11:34:33+00:00","dateModified":"2025-05-07T19:32:37+00:00","description":"High-quality quartz crystal device with zapper electronic box for the EMF protection and more, this 15hz frequency generator that creates a protective field.","breadcrumb":{"@id":"https:\/\/orgonitesodn.ca\/product\/powered-quartz-crystal-protection-don-croft-zapper\/#breadcrumb"},"inLanguage":"fr-CA","potentialAction":[{"@type":"ReadAction","target":["https:\/\/orgonitesodn.ca\/product\/powered-quartz-crystal-protection-don-croft-zapper\/"]}]},{"@type":"ImageObject","inLanguage":"fr-CA","@id":"https:\/\/orgonitesodn.ca\/product\/powered-quartz-crystal-protection-don-croft-zapper\/#primaryimage","url":"https:\/\/orgonitesodn.ca\/wp-content\/uploads\/2021\/08\/SAB_Succorpunch-scaled.jpg","contentUrl":"https:\/\/orgonitesodn.ca\/wp-content\/uploads\/2021\/08\/SAB_Succorpunch-scaled.jpg","width":2560,"height":1707},{"@type":"BreadcrumbList","@id":"https:\/\/orgonitesodn.ca\/product\/powered-quartz-crystal-protection-don-croft-zapper\/#breadcrumb","itemListElement":[{"@type":"ListItem","position":1,"name":"Home","item":"https:\/\/orgonitesodn.ca\/"},{"@type":"ListItem","position":2,"name":"Shop","item":"https:\/\/orgonitesodn.ca\/shop-orgonites\/"},{"@type":"ListItem","position":3,"name":"THE POWERED QUARTZ"}]},{"@type":"WebSite","@id":"https:\/\/orgonitesodn.ca\/#website","url":"https:\/\/orgonitesodn.ca\/","name":"Orgonites ODN","description":"","publisher":{"@id":"https:\/\/orgonitesodn.ca\/#organization"},"potentialAction":[{"@type":"SearchAction","target":{"@type":"EntryPoint","urlTemplate":"https:\/\/orgonitesodn.ca\/?s={search_term_string}"},"query-input":{"@type":"PropertyValueSpecification","valueRequired":true,"valueName":"search_term_string"}}],"inLanguage":"fr-CA"},{"@type":"Organization","@id":"https:\/\/orgonitesodn.ca\/#organization","name":"Orgonites ODN","url":"https:\/\/orgonitesodn.ca\/","logo":{"@type":"ImageObject","inLanguage":"fr-CA","@id":"https:\/\/orgonitesodn.ca\/#\/schema\/logo\/image\/","url":"https:\/\/orgonitesodn.ca\/wp-content\/uploads\/2023\/03\/page-3-e1722971186772.jpeg","contentUrl":"https:\/\/orgonitesodn.ca\/wp-content\/uploads\/2023\/03\/page-3-e1722971186772.jpeg","width":342,"height":167,"caption":"Orgonites ODN"},"image":{"@id":"https:\/\/orgonitesodn.ca\/#\/schema\/logo\/image\/"}}]}},"jetpack_sharing_enabled":true,"_links":{"self":[{"href":"https:\/\/orgonitesodn.ca\/fr\/wp-json\/wp\/v2\/product\/323","targetHints":{"allow":["GET"]}}],"collection":[{"href":"https:\/\/orgonitesodn.ca\/fr\/wp-json\/wp\/v2\/product"}],"about":[{"href":"https:\/\/orgonitesodn.ca\/fr\/wp-json\/wp\/v2\/types\/product"}],"replies":[{"embeddable":true,"href":"https:\/\/orgonitesodn.ca\/fr\/wp-json\/wp\/v2\/comments?post=323"}],"version-history":[{"count":11,"href":"https:\/\/orgonitesodn.ca\/fr\/wp-json\/wp\/v2\/product\/323\/revisions"}],"predecessor-version":[{"id":11797,"href":"https:\/\/orgonitesodn.ca\/fr\/wp-json\/wp\/v2\/product\/323\/revisions\/11797"}],"wp:featuredmedia":[{"embeddable":true,"href":"https:\/\/orgonitesodn.ca\/fr\/wp-json\/wp\/v2\/media\/11306"}],"wp:attachment":[{"href":"https:\/\/orgonitesodn.ca\/fr\/wp-json\/wp\/v2\/media?parent=323"}],"wp:term":[{"taxonomy":"product_brand","embeddable":true,"href":"https:\/\/orgonitesodn.ca\/fr\/wp-json\/wp\/v2\/product_brand?post=323"},{"taxonomy":"product_cat","embeddable":true,"href":"https:\/\/orgonitesodn.ca\/fr\/wp-json\/wp\/v2\/product_cat?post=323"},{"taxonomy":"product_tag","embeddable":true,"href":"https:\/\/orgonitesodn.ca\/fr\/wp-json\/wp\/v2\/product_tag?post=323"}],"curies":[{"name":"wp","href":"https:\/\/api.w.org\/{rel}","templated":true}]}}