{"id":334,"date":"2021-08-27T11:42:20","date_gmt":"2021-08-27T11:42:20","guid":{"rendered":"http:\/\/dummy.xtemos.com\/woodmart2\/elementor\/?post_type=product&#038;p=334"},"modified":"2025-11-19T20:11:47","modified_gmt":"2025-11-19T20:11:47","slug":"heart-orgonite-emf-children-protection-negative-waves","status":"publish","type":"product","link":"https:\/\/orgonitesodn.ca\/fr\/produit\/heart-orgonite-emf-children-protection-negative-waves\/","title":{"rendered":"LE PENDENTIF COEUR"},"content":{"rendered":"<div data-elementor-type=\"wp-post\" data-elementor-id=\"334\" class=\"elementor elementor-334\" data-elementor-post-type=\"product\">\n\t\t\t\t\t\t<section class=\"wd-negative-gap elementor-section elementor-top-section elementor-element elementor-element-f48f922 elementor-section-boxed elementor-section-height-default elementor-section-height-default\" data-id=\"f48f922\" data-element_type=\"section\" data-e-type=\"section\">\n\t\t\t\t\t\t<div class=\"elementor-container elementor-column-gap-default\">\n\t\t\t\t\t<div class=\"elementor-column elementor-col-100 elementor-top-column elementor-element elementor-element-6f02ee5\" data-id=\"6f02ee5\" data-element_type=\"column\" data-e-type=\"column\">\n\t\t\t<div class=\"elementor-widget-wrap\">\n\t\t\t\t\t\t\t<\/div>\n\t\t<\/div>\n\t\t\t\t\t<\/div>\n\t\t<\/section>\n\t\t\t\t<section class=\"wd-negative-gap elementor-section elementor-top-section elementor-element elementor-element-ae7d9d0 elementor-section-boxed elementor-section-height-default elementor-section-height-default\" data-id=\"ae7d9d0\" data-element_type=\"section\" data-e-type=\"section\">\n\t\t\t\t\t\t<div class=\"elementor-container elementor-column-gap-default\">\n\t\t\t\t\t<div class=\"elementor-column elementor-col-100 elementor-top-column elementor-element elementor-element-6a16fe6\" data-id=\"6a16fe6\" data-element_type=\"column\" data-e-type=\"column\">\n\t\t\t<div class=\"elementor-widget-wrap elementor-element-populated\">\n\t\t\t\t\t\t<div class=\"elementor-element elementor-element-e84b88e elementor-widget elementor-widget-wd_text_block\" data-id=\"e84b88e\" data-element_type=\"widget\" data-e-type=\"widget\" data-widget_type=\"wd_text_block.default\">\n\t\t\t\t<div class=\"elementor-widget-container\">\n\t\t\t\t\t\t\t<div class=\"wd-text-block reset-last-child text-left\">\n\t\t\t\n\t\t\t<p>Orgonite pour la protection des CEM. Le Pendentif Coeur est con\u00e7ue pour augmenter l\u2019\u00e9nergie vibratoire du chakra du c\u0153ur en le prot\u00e9geant des ondes \u00e9lectromagn\u00e9tiques. <br \/>La signature \u00e9nergique du chakra choisi privil\u00e9gie le bien-\u00eatre et pr\u00e9serve le calme du porteur. Id\u00e9al pour les soignants, les parents, les enfants quand ils sont avec un appareil \u00e9lectronique (peu importe la pierre).<\/p><p><span style=\"text-decoration: underline;\">1- Chakra Racine:<\/span> <em>grenat<\/em> * aide \u00e0 trouver la joie sur le plan physique, \u00e0 se sentir soutenu dans nos besoins et d\u00e9sirs.<\/p><p><span style=\"text-decoration: underline;\">2- Chakra Sacr\u00e9:<\/span> <em>quartz rose<\/em> * attire l\u2019amour et l\u2019abondance. Invitez-vous \u00e0 prendre du temps pour vous et cr\u00e9ez un espace propice \u00e0 votre bien-\u00eatre.<\/p><p><span style=\"text-decoration: underline;\">3- Chakra Plexus solaire:<\/span> <em>labradorite<\/em> * fournit une vision. Harmonise l\u2019esprit pour fournir le discernement, la confiance en soi et l\u2019enthousiasme. (non-recommand\u00e9 pour les enfants)<\/p><p><span style=\"text-decoration: underline;\">4- Chakra coeur:<\/span> <em>p\u00e9ridot<\/em> * favorise l\u2019amour, la compassion et la gu\u00e9rison \u00e9motionnelle, aide \u00e0 lib\u00e9rer les \u00e9motions n\u00e9gatives et \u00e0 favoriser un sentiment de paix int\u00e9rieure.<\/p><p><span style=\"text-decoration: underline;\">5- Chakra de la Gorge:<\/span> <em>aigue-marine<\/em> * Am\u00e9liore la capacit\u00e9 de communiquer clairement, d\u2019exprimer ses pens\u00e9es et ses sentiments, d\u2019\u00e9couter attentivement les autres et de se connecter avec son moi int\u00e9rieur.<\/p><p><span style=\"text-decoration: underline;\">6- Chakra du 3e oeil:<\/span> <em>lapis lazuli<\/em> * Pierre des dieux sous l\u2019Egypte ancienne. Aide \u00e0 d\u00e9velopper la concentration et la visualisation. Favorise les relations fond\u00e9es sur la communication, l\u2019honn\u00eatet\u00e9 et la franchise.<br \/><span style=\"text-decoration: underline;\">7- Chakra Couronne:<\/span> <em>am\u00e9thyste<\/em> * calme le stress et augmente les pens\u00e9es positives. Aide \u00e0 r\u00e9duire la douleur et \u00e0 \u00e9quilibrer les sensations du corps.<\/p><p><strong>Cordon noir\/gris: ajustable entre 14'' et 24''.<\/strong><\/p><p><strong>Chaine en argent sterling 925: 17.5'' avec une extension de 1.5''.<\/strong><\/p><p>Voyez d'autres produits Coeur pour compl\u00e9ter votre commande ici:<a href=\"https:\/\/orgonitesodn.ca\/fr\/produit\/orgonite-trio-heart\/\">https:\/\/orgonitesodn.ca\/fr\/produit\/orgonite-trio-heart\/<\/a><\/p>\n\t\t\t\t\t<\/div>\n\t\t\t\t\t\t<\/div>\n\t\t\t\t<\/div>\n\t\t\t\t\t<\/div>\n\t\t<\/div>\n\t\t\t\t\t<\/div>\n\t\t<\/section>\n\t\t\t\t<\/div>","protected":false},"excerpt":{"rendered":"<p>Notre plus petite pi\u00e8ce orgone est sp\u00e9cialement con\u00e7ue pour augmenter les \u00e9nergies du c\u0153ur. Sa petite taille est \u00e9gale au bien-\u00eatre que ce petit c\u0153ur peut vous apporter.<\/p>\n<p>Il est id\u00e9al pour les enfants. S\u2019ils s\u2019habituent d\u00e9j\u00e0 \u00e0 le porter lorsqu\u2019ils sont en pr\u00e9sence d\u2019appareils \u00e9lectroniques, par exemple en jouant sur la tablette, un cellulaire ou une console et en regardant la t\u00e9l\u00e9vision, vous leur permettrez d\u2019\u00eatre prot\u00e9g\u00e9s des ondes n\u00e9gatives en plus d\u2019augmenter l\u2019\u00e9nergie de l\u2019amour.<\/p>\n<p>Fait \u00e0 la main avec 20\u00a0% de feuilles d\u2019or, 50\u00a0% de copeaux de m\u00e9tal et 30\u00a0% de quartz clair de qualit\u00e9 AAA, ce pendentif c\u0153ur-\u00e0-c\u0153ur est tout ce dont vous avez besoin pour vous entourer d\u2019amour.<\/p>\n<p>Offrez aussi l\u2019\u00e9nergie pure d\u2019amour en cadeau !<\/p>","protected":false},"featured_media":11296,"comment_status":"open","ping_status":"closed","template":"","meta":[],"product_brand":[],"product_cat":[72,74],"product_tag":[],"class_list":{"0":"post-334","1":"product","2":"type-product","3":"status-publish","4":"has-post-thumbnail","6":"product_cat-orgone-generators-orgonites-portable-protection","7":"product_cat-pendants-keychains-orgone-orgonites-protection-quartz-gemstones-powerful","8":"product_shipping_class-little-package","10":"first","11":"instock","12":"taxable","13":"shipping-taxable","14":"purchasable","15":"product-type-variable"},"yoast_head":"<!-- This site is optimized with the Yoast SEO plugin v27.0 - https:\/\/yoast.com\/product\/yoast-seo-wordpress\/ -->\n<title>HEART ORGONITE PENDANT - EMF protection - Orgonites ODN<\/title>\n<meta name=\"description\" content=\"Heart Orgonite for EMF protection perfect for all when they play on electronic devices. Increase well-being and protect from n\u00e9gative waves.\" \/>\n<meta name=\"robots\" content=\"index, follow, max-snippet:-1, max-image-preview:large, max-video-preview:-1\" \/>\n<link rel=\"canonical\" href=\"https:\/\/orgonitesodn.ca\/fr\/produit\/heart-orgonite-emf-children-protection-negative-waves\/\" \/>\n<meta property=\"og:locale\" content=\"fr_CA\" \/>\n<meta property=\"og:type\" content=\"article\" \/>\n<meta property=\"og:title\" content=\"HEART ORGONITE PENDANT - EMF protection - Orgonites ODN\" \/>\n<meta property=\"og:description\" content=\"Heart Orgonite for EMF protection perfect for all when they play on electronic devices. Increase well-being and protect from n\u00e9gative waves.\" \/>\n<meta property=\"og:url\" content=\"https:\/\/orgonitesodn.ca\/fr\/produit\/heart-orgonite-emf-children-protection-negative-waves\/\" \/>\n<meta property=\"og:site_name\" content=\"Orgonites ODN\" \/>\n<meta property=\"article:modified_time\" content=\"2025-11-19T20:11:47+00:00\" \/>\n<meta property=\"og:image\" content=\"https:\/\/orgonitesodn.ca\/wp-content\/uploads\/2021\/08\/SAB_pendentif-coeur-3-scaled.jpg\" \/>\n\t<meta property=\"og:image:width\" content=\"2560\" \/>\n\t<meta property=\"og:image:height\" content=\"1707\" \/>\n\t<meta property=\"og:image:type\" content=\"image\/jpeg\" \/>\n<meta name=\"twitter:card\" content=\"summary_large_image\" \/>\n<meta name=\"twitter:label1\" content=\"Estimation du temps de lecture\" \/>\n\t<meta name=\"twitter:data1\" content=\"2 minutes\" \/>\n<script type=\"application\/ld+json\" class=\"yoast-schema-graph\">{\"@context\":\"https:\/\/schema.org\",\"@graph\":[{\"@type\":\"WebPage\",\"@id\":\"https:\/\/orgonitesodn.ca\/product\/heart-orgonite-emf-children-protection-negative-waves\/\",\"url\":\"https:\/\/orgonitesodn.ca\/product\/heart-orgonite-emf-children-protection-negative-waves\/\",\"name\":\"HEART ORGONITE PENDANT - EMF protection - Orgonites ODN\",\"isPartOf\":{\"@id\":\"https:\/\/orgonitesodn.ca\/#website\"},\"primaryImageOfPage\":{\"@id\":\"https:\/\/orgonitesodn.ca\/product\/heart-orgonite-emf-children-protection-negative-waves\/#primaryimage\"},\"image\":{\"@id\":\"https:\/\/orgonitesodn.ca\/product\/heart-orgonite-emf-children-protection-negative-waves\/#primaryimage\"},\"thumbnailUrl\":\"https:\/\/orgonitesodn.ca\/wp-content\/uploads\/2021\/08\/SAB_pendentif-coeur-3-scaled.jpg\",\"datePublished\":\"2021-08-27T11:42:20+00:00\",\"dateModified\":\"2025-11-19T20:11:47+00:00\",\"description\":\"Heart Orgonite for EMF protection perfect for all when they play on electronic devices. Increase well-being and protect from n\u00e9gative waves.\",\"breadcrumb\":{\"@id\":\"https:\/\/orgonitesodn.ca\/product\/heart-orgonite-emf-children-protection-negative-waves\/#breadcrumb\"},\"inLanguage\":\"fr-CA\",\"potentialAction\":[{\"@type\":\"ReadAction\",\"target\":[\"https:\/\/orgonitesodn.ca\/product\/heart-orgonite-emf-children-protection-negative-waves\/\"]}]},{\"@type\":\"ImageObject\",\"inLanguage\":\"fr-CA\",\"@id\":\"https:\/\/orgonitesodn.ca\/product\/heart-orgonite-emf-children-protection-negative-waves\/#primaryimage\",\"url\":\"https:\/\/orgonitesodn.ca\/wp-content\/uploads\/2021\/08\/SAB_pendentif-coeur-3-scaled.jpg\",\"contentUrl\":\"https:\/\/orgonitesodn.ca\/wp-content\/uploads\/2021\/08\/SAB_pendentif-coeur-3-scaled.jpg\",\"width\":2560,\"height\":1707},{\"@type\":\"BreadcrumbList\",\"@id\":\"https:\/\/orgonitesodn.ca\/product\/heart-orgonite-emf-children-protection-negative-waves\/#breadcrumb\",\"itemListElement\":[{\"@type\":\"ListItem\",\"position\":1,\"name\":\"Home\",\"item\":\"https:\/\/orgonitesodn.ca\/\"},{\"@type\":\"ListItem\",\"position\":2,\"name\":\"Shop\",\"item\":\"https:\/\/orgonitesodn.ca\/shop-orgonites\/\"},{\"@type\":\"ListItem\",\"position\":3,\"name\":\"THE HEART PENDANT\"}]},{\"@type\":\"WebSite\",\"@id\":\"https:\/\/orgonitesodn.ca\/#website\",\"url\":\"https:\/\/orgonitesodn.ca\/\",\"name\":\"Orgonites ODN\",\"description\":\"\",\"publisher\":{\"@id\":\"https:\/\/orgonitesodn.ca\/#organization\"},\"potentialAction\":[{\"@type\":\"SearchAction\",\"target\":{\"@type\":\"EntryPoint\",\"urlTemplate\":\"https:\/\/orgonitesodn.ca\/?s={search_term_string}\"},\"query-input\":{\"@type\":\"PropertyValueSpecification\",\"valueRequired\":true,\"valueName\":\"search_term_string\"}}],\"inLanguage\":\"fr-CA\"},{\"@type\":\"Organization\",\"@id\":\"https:\/\/orgonitesodn.ca\/#organization\",\"name\":\"Orgonites ODN\",\"url\":\"https:\/\/orgonitesodn.ca\/\",\"logo\":{\"@type\":\"ImageObject\",\"inLanguage\":\"fr-CA\",\"@id\":\"https:\/\/orgonitesodn.ca\/#\/schema\/logo\/image\/\",\"url\":\"https:\/\/orgonitesodn.ca\/wp-content\/uploads\/2023\/03\/page-3-e1722971186772.jpeg\",\"contentUrl\":\"https:\/\/orgonitesodn.ca\/wp-content\/uploads\/2023\/03\/page-3-e1722971186772.jpeg\",\"width\":342,\"height\":167,\"caption\":\"Orgonites ODN\"},\"image\":{\"@id\":\"https:\/\/orgonitesodn.ca\/#\/schema\/logo\/image\/\"}}]}<\/script>\n<!-- \/ Yoast SEO plugin. -->","yoast_head_json":{"title":"HEART ORGONITE PENDANT - EMF protection - Orgonites ODN","description":"Heart Orgonite for EMF protection perfect for all when they play on electronic devices. Increase well-being and protect from n\u00e9gative waves.","robots":{"index":"index","follow":"follow","max-snippet":"max-snippet:-1","max-image-preview":"max-image-preview:large","max-video-preview":"max-video-preview:-1"},"canonical":"https:\/\/orgonitesodn.ca\/fr\/produit\/heart-orgonite-emf-children-protection-negative-waves\/","og_locale":"fr_CA","og_type":"article","og_title":"HEART ORGONITE PENDANT - EMF protection - Orgonites ODN","og_description":"Heart Orgonite for EMF protection perfect for all when they play on electronic devices. Increase well-being and protect from n\u00e9gative waves.","og_url":"https:\/\/orgonitesodn.ca\/fr\/produit\/heart-orgonite-emf-children-protection-negative-waves\/","og_site_name":"Orgonites ODN","article_modified_time":"2025-11-19T20:11:47+00:00","og_image":[{"width":2560,"height":1707,"url":"https:\/\/orgonitesodn.ca\/wp-content\/uploads\/2021\/08\/SAB_pendentif-coeur-3-scaled.jpg","type":"image\/jpeg"}],"twitter_card":"summary_large_image","twitter_misc":{"Estimation du temps de lecture":"2 minutes"},"schema":{"@context":"https:\/\/schema.org","@graph":[{"@type":"WebPage","@id":"https:\/\/orgonitesodn.ca\/product\/heart-orgonite-emf-children-protection-negative-waves\/","url":"https:\/\/orgonitesodn.ca\/product\/heart-orgonite-emf-children-protection-negative-waves\/","name":"HEART ORGONITE PENDANT - EMF protection - Orgonites ODN","isPartOf":{"@id":"https:\/\/orgonitesodn.ca\/#website"},"primaryImageOfPage":{"@id":"https:\/\/orgonitesodn.ca\/product\/heart-orgonite-emf-children-protection-negative-waves\/#primaryimage"},"image":{"@id":"https:\/\/orgonitesodn.ca\/product\/heart-orgonite-emf-children-protection-negative-waves\/#primaryimage"},"thumbnailUrl":"https:\/\/orgonitesodn.ca\/wp-content\/uploads\/2021\/08\/SAB_pendentif-coeur-3-scaled.jpg","datePublished":"2021-08-27T11:42:20+00:00","dateModified":"2025-11-19T20:11:47+00:00","description":"Heart Orgonite for EMF protection perfect for all when they play on electronic devices. Increase well-being and protect from n\u00e9gative waves.","breadcrumb":{"@id":"https:\/\/orgonitesodn.ca\/product\/heart-orgonite-emf-children-protection-negative-waves\/#breadcrumb"},"inLanguage":"fr-CA","potentialAction":[{"@type":"ReadAction","target":["https:\/\/orgonitesodn.ca\/product\/heart-orgonite-emf-children-protection-negative-waves\/"]}]},{"@type":"ImageObject","inLanguage":"fr-CA","@id":"https:\/\/orgonitesodn.ca\/product\/heart-orgonite-emf-children-protection-negative-waves\/#primaryimage","url":"https:\/\/orgonitesodn.ca\/wp-content\/uploads\/2021\/08\/SAB_pendentif-coeur-3-scaled.jpg","contentUrl":"https:\/\/orgonitesodn.ca\/wp-content\/uploads\/2021\/08\/SAB_pendentif-coeur-3-scaled.jpg","width":2560,"height":1707},{"@type":"BreadcrumbList","@id":"https:\/\/orgonitesodn.ca\/product\/heart-orgonite-emf-children-protection-negative-waves\/#breadcrumb","itemListElement":[{"@type":"ListItem","position":1,"name":"Home","item":"https:\/\/orgonitesodn.ca\/"},{"@type":"ListItem","position":2,"name":"Shop","item":"https:\/\/orgonitesodn.ca\/shop-orgonites\/"},{"@type":"ListItem","position":3,"name":"THE HEART PENDANT"}]},{"@type":"WebSite","@id":"https:\/\/orgonitesodn.ca\/#website","url":"https:\/\/orgonitesodn.ca\/","name":"Orgonites ODN","description":"","publisher":{"@id":"https:\/\/orgonitesodn.ca\/#organization"},"potentialAction":[{"@type":"SearchAction","target":{"@type":"EntryPoint","urlTemplate":"https:\/\/orgonitesodn.ca\/?s={search_term_string}"},"query-input":{"@type":"PropertyValueSpecification","valueRequired":true,"valueName":"search_term_string"}}],"inLanguage":"fr-CA"},{"@type":"Organization","@id":"https:\/\/orgonitesodn.ca\/#organization","name":"Orgonites ODN","url":"https:\/\/orgonitesodn.ca\/","logo":{"@type":"ImageObject","inLanguage":"fr-CA","@id":"https:\/\/orgonitesodn.ca\/#\/schema\/logo\/image\/","url":"https:\/\/orgonitesodn.ca\/wp-content\/uploads\/2023\/03\/page-3-e1722971186772.jpeg","contentUrl":"https:\/\/orgonitesodn.ca\/wp-content\/uploads\/2023\/03\/page-3-e1722971186772.jpeg","width":342,"height":167,"caption":"Orgonites ODN"},"image":{"@id":"https:\/\/orgonitesodn.ca\/#\/schema\/logo\/image\/"}}]}},"jetpack_sharing_enabled":true,"_links":{"self":[{"href":"https:\/\/orgonitesodn.ca\/fr\/wp-json\/wp\/v2\/product\/334","targetHints":{"allow":["GET"]}}],"collection":[{"href":"https:\/\/orgonitesodn.ca\/fr\/wp-json\/wp\/v2\/product"}],"about":[{"href":"https:\/\/orgonitesodn.ca\/fr\/wp-json\/wp\/v2\/types\/product"}],"replies":[{"embeddable":true,"href":"https:\/\/orgonitesodn.ca\/fr\/wp-json\/wp\/v2\/comments?post=334"}],"version-history":[{"count":39,"href":"https:\/\/orgonitesodn.ca\/fr\/wp-json\/wp\/v2\/product\/334\/revisions"}],"predecessor-version":[{"id":14957,"href":"https:\/\/orgonitesodn.ca\/fr\/wp-json\/wp\/v2\/product\/334\/revisions\/14957"}],"wp:featuredmedia":[{"embeddable":true,"href":"https:\/\/orgonitesodn.ca\/fr\/wp-json\/wp\/v2\/media\/11296"}],"wp:attachment":[{"href":"https:\/\/orgonitesodn.ca\/fr\/wp-json\/wp\/v2\/media?parent=334"}],"wp:term":[{"taxonomy":"product_brand","embeddable":true,"href":"https:\/\/orgonitesodn.ca\/fr\/wp-json\/wp\/v2\/product_brand?post=334"},{"taxonomy":"product_cat","embeddable":true,"href":"https:\/\/orgonitesodn.ca\/fr\/wp-json\/wp\/v2\/product_cat?post=334"},{"taxonomy":"product_tag","embeddable":true,"href":"https:\/\/orgonitesodn.ca\/fr\/wp-json\/wp\/v2\/product_tag?post=334"}],"curies":[{"name":"wp","href":"https:\/\/api.w.org\/{rel}","templated":true}]}}