{"id":344,"date":"2021-08-27T11:48:12","date_gmt":"2021-08-27T11:48:12","guid":{"rendered":"http:\/\/dummy.xtemos.com\/woodmart2\/elementor\/?post_type=product&#038;p=344"},"modified":"2026-04-01T02:00:38","modified_gmt":"2026-04-01T02:00:38","slug":"quebec-boosting-orgonite-pendant","status":"publish","type":"product","link":"https:\/\/orgonitesodn.ca\/fr\/produit\/quebec-boosting-orgonite-pendant\/","title":{"rendered":"LE PENDENTIF PROPULS\u00c9"},"content":{"rendered":"<p><span style=\"color: #636363;\">Le pendentif Propuls\u00e9 est connu pour son efficacit\u00e9 \u00e0 donner plus d\u2019\u00e9nergie et de zeste. Ce pendentif est parfait pour tous ceux qui cherchent \u00e0 atteindre leur plein potentiel tout en restant \u00e0 l\u2019abri des \u00e9nergies nocives. Que vous soyez une personne cr\u00e9ative, un gu\u00e9risseur, un enseignant, un leader ou que vous cherchiez simplement \u00e0 am\u00e9liorer votre champ aurique, le pendentif Propuls\u00e9 est un outil essentiel. Il favorise l\u2019expression de soi et la communication claire, ce qui le rend parfait pour les guerriers s\u00e9rieux de l'orgone et les travailleurs de l\u2019\u00e9nergie. <\/span><\/p>\n<p><span style=\"color: #636363;\">La meilleure partie? Non seulement tirerez-vous profit de l\u2019\u00e9nergie du Pendentif Propuls\u00e9, mais vous apprendrez \u00e9galement \u00e0 vous \u00ab booster\u00a0\u00bb et \u00e0 booster les autres aussi. Vous ressentirez la diff\u00e9rence lorsque vous le porterez. De plus, vous recevez des instructions imprim\u00e9es sur la technique Boosting lorsque vous commandez. C\u2019est l\u2019occasion d\u2019am\u00e9liorer votre \u00e9nergie et votre vitalit\u00e9!<br \/>\n<\/span><\/p>\n<p><span style=\"color: #636363;\"><span id=\"p1047\">L'orgonite Pendentif Propuls\u00e9 est fabriqu\u00e9 \u00e0 la main avec de la r\u00e9sine d'\u00e9poxy non-toxique lorsqu'elle est s\u00e8che.<\/span><span id=\"p779\">\u00a0Sur la face avant, nous\u00a0<span id=\"1043-1044\">retrouvons<\/span>\u00a0une lame de kyanite orange pour une communication cr\u00e9ative, de la feuille d'or et des copeaux de laiton.<\/span><span id=\"p780\">\u00a0Au milieu \u00e0 l'int\u00e9rieur\u00a0<span id=\"805\">des cristaux de quartz,<\/span>du quartz\u00a0<span id=\"806\">rose<\/span>\u00a0et de l'am\u00e9thyste.<\/span><span id=\"p781\">\u00a0Du copeaux d'aluminium et une spirale de cuivre.<\/span><span id=\"p782\"><span id=\"p782-pp\">\u00a0Sur\u00a0<\/span><span id=\"1007-1008-p782-pp\">le haut<\/span><span id=\"p782-pp\">\u00a0de la\u00a0<\/span><span id=\"1009-p782-pp\">spirale<\/span><span id=\"p782-pp\">\u00a0nous\u00a0<\/span><span id=\"1045-1046-826-p782-pp\">retrouvons<\/span><span id=\"p782-pp\">\u00a0un p\u00e9ridot\u00a0<\/span><span id=\"p776\">(chakra vert<\/span><span id=\"p777\">\u00a0du coeur)<\/span><span id=\"p782-pp\">\u00a0et une grenat\u00a0<\/span><span id=\"p775\">(chakra rouge sacr\u00e9)<\/span><span id=\"p782-pp\">\u00a0at\u00a0the\u00a0<\/span><span id=\"1010-1011-p782-pp\">bottom<\/span><span id=\"p782-pp\">.<\/span><\/span><span id=\"p783\">\u00a0The\u00a0<span id=\"807-1012-1013\">rope<\/span>\u00a0is\u00a0adjustable\u00a0<span id=\"809\">if<\/span>\u00a0<span id=\"800\">you<\/span>\u00a0simultaneously\u00a0<span id=\"811\">pull<\/span>\u00a0on the two\u00a0<span id=\"1014\">extremities<\/span>\u00a0or\u00a0<span id=\"810\">if<\/span>\u00a0<span id=\"801\">you<\/span>\u00a0<span id=\"812\">pull<\/span>\u00a0on both sides of the\u00a0<span id=\"808-1015-1016\">rope<\/span>.<\/span><br \/>\n<\/span><\/p>\n<p><span style=\"color: #636363;\"><span id=\"p785\">Tous les produits sont soigneusement emball\u00e9s, y compris un d\u00e9pliant explicatif et leur carte d\u2019authenticit\u00e9 explicative.<br \/>\nFabriqu\u00e9s \u00e0 la main dans un environnement entour\u00e9 par la nature, Qu\u00e9bec, Canada.<\/span><\/span><\/p>\n<h4 class=\"western\">Informations pour faire vos choix:<\/h4>\n<p><strong>Cordon noir\/gris: ajustable entre 14'' et 24''.<\/strong><\/p>\n<p><strong>Chaine en argent sterling 925: 17.5'' avec une extension de 1.5''.<\/strong><\/p>","protected":false},"excerpt":{"rendered":"<p><span style=\"color: #636363;\">Vous avez besoin d'un coup de pouce? Le Pendentif Boosting est l\u00e0 pour vous aider!<\/span><span style=\"color: #636363;\"><span id=\"p785\"><span id=\"p784\"><\/span><\/span><br \/>\n<\/span><\/p>","protected":false},"featured_media":8536,"comment_status":"open","ping_status":"closed","template":"","meta":[],"product_brand":[],"product_cat":[74,72],"product_tag":[],"class_list":{"0":"post-344","1":"product","2":"type-product","3":"status-publish","4":"has-post-thumbnail","6":"product_cat-pendants-keychains-orgone-orgonites-protection-quartz-gemstones-powerful","7":"product_cat-orgone-generators-orgonites-portable-protection","8":"product_shipping_class-little-package","10":"first","11":"instock","12":"featured","13":"taxable","14":"shipping-taxable","15":"purchasable","16":"product-type-variable"},"yoast_head":"<!-- This site is optimized with the Yoast SEO plugin v27.3 - https:\/\/yoast.com\/product\/yoast-seo-wordpress\/ -->\n<title>The Propulsed orgonite Pendant - Orgonites ODN<\/title>\n<meta name=\"description\" content=\"The Propulsed orgonite pendant promotes self-expression and clear communication, making it perfect for serious orgone warriors and energy workers.\" \/>\n<meta name=\"robots\" content=\"index, follow, max-snippet:-1, max-image-preview:large, max-video-preview:-1\" \/>\n<link rel=\"canonical\" href=\"https:\/\/orgonitesodn.ca\/fr\/produit\/quebec-boosting-orgonite-pendant\/\" \/>\n<meta property=\"og:locale\" content=\"fr_CA\" \/>\n<meta property=\"og:type\" content=\"article\" \/>\n<meta property=\"og:title\" content=\"The Propulsed orgonite Pendant - Orgonites ODN\" \/>\n<meta property=\"og:description\" content=\"The Propulsed orgonite pendant promotes self-expression and clear communication, making it perfect for serious orgone warriors and energy workers.\" \/>\n<meta property=\"og:url\" content=\"https:\/\/orgonitesodn.ca\/fr\/produit\/quebec-boosting-orgonite-pendant\/\" \/>\n<meta property=\"og:site_name\" content=\"Orgonites ODN\" \/>\n<meta property=\"article:modified_time\" content=\"2026-04-01T02:00:38+00:00\" \/>\n<meta property=\"og:image\" content=\"https:\/\/orgonitesodn.ca\/wp-content\/uploads\/2021\/08\/001-300x300-1.jpg\" \/>\n\t<meta property=\"og:image:width\" content=\"300\" \/>\n\t<meta property=\"og:image:height\" content=\"300\" \/>\n\t<meta property=\"og:image:type\" content=\"image\/jpeg\" \/>\n<meta name=\"twitter:card\" content=\"summary_large_image\" \/>\n<meta name=\"twitter:label1\" content=\"Estimation du temps de lecture\" \/>\n\t<meta name=\"twitter:data1\" content=\"2 minutes\" \/>\n<script type=\"application\/ld+json\" class=\"yoast-schema-graph\">{\"@context\":\"https:\\\/\\\/schema.org\",\"@graph\":[{\"@type\":\"WebPage\",\"@id\":\"https:\\\/\\\/orgonitesodn.ca\\\/product\\\/quebec-boosting-orgonite-pendant\\\/\",\"url\":\"https:\\\/\\\/orgonitesodn.ca\\\/product\\\/quebec-boosting-orgonite-pendant\\\/\",\"name\":\"The Propulsed orgonite Pendant - Orgonites ODN\",\"isPartOf\":{\"@id\":\"https:\\\/\\\/orgonitesodn.ca\\\/#website\"},\"primaryImageOfPage\":{\"@id\":\"https:\\\/\\\/orgonitesodn.ca\\\/product\\\/quebec-boosting-orgonite-pendant\\\/#primaryimage\"},\"image\":{\"@id\":\"https:\\\/\\\/orgonitesodn.ca\\\/product\\\/quebec-boosting-orgonite-pendant\\\/#primaryimage\"},\"thumbnailUrl\":\"https:\\\/\\\/orgonitesodn.ca\\\/wp-content\\\/uploads\\\/2021\\\/08\\\/001-300x300-1.jpg\",\"datePublished\":\"2021-08-27T11:48:12+00:00\",\"dateModified\":\"2026-04-01T02:00:38+00:00\",\"description\":\"The Propulsed orgonite pendant promotes self-expression and clear communication, making it perfect for serious orgone warriors and energy workers.\",\"breadcrumb\":{\"@id\":\"https:\\\/\\\/orgonitesodn.ca\\\/product\\\/quebec-boosting-orgonite-pendant\\\/#breadcrumb\"},\"inLanguage\":\"fr-CA\",\"potentialAction\":[{\"@type\":\"ReadAction\",\"target\":[\"https:\\\/\\\/orgonitesodn.ca\\\/product\\\/quebec-boosting-orgonite-pendant\\\/\"]}]},{\"@type\":\"ImageObject\",\"inLanguage\":\"fr-CA\",\"@id\":\"https:\\\/\\\/orgonitesodn.ca\\\/product\\\/quebec-boosting-orgonite-pendant\\\/#primaryimage\",\"url\":\"https:\\\/\\\/orgonitesodn.ca\\\/wp-content\\\/uploads\\\/2021\\\/08\\\/001-300x300-1.jpg\",\"contentUrl\":\"https:\\\/\\\/orgonitesodn.ca\\\/wp-content\\\/uploads\\\/2021\\\/08\\\/001-300x300-1.jpg\",\"width\":300,\"height\":300},{\"@type\":\"BreadcrumbList\",\"@id\":\"https:\\\/\\\/orgonitesodn.ca\\\/product\\\/quebec-boosting-orgonite-pendant\\\/#breadcrumb\",\"itemListElement\":[{\"@type\":\"ListItem\",\"position\":1,\"name\":\"Home\",\"item\":\"https:\\\/\\\/orgonitesodn.ca\\\/\"},{\"@type\":\"ListItem\",\"position\":2,\"name\":\"Shop\",\"item\":\"https:\\\/\\\/orgonitesodn.ca\\\/shop-orgonites\\\/\"},{\"@type\":\"ListItem\",\"position\":3,\"name\":\"THE PROPULSED PENDANT\"}]},{\"@type\":\"WebSite\",\"@id\":\"https:\\\/\\\/orgonitesodn.ca\\\/#website\",\"url\":\"https:\\\/\\\/orgonitesodn.ca\\\/\",\"name\":\"Orgonites ODN\",\"description\":\"\",\"publisher\":{\"@id\":\"https:\\\/\\\/orgonitesodn.ca\\\/#organization\"},\"potentialAction\":[{\"@type\":\"SearchAction\",\"target\":{\"@type\":\"EntryPoint\",\"urlTemplate\":\"https:\\\/\\\/orgonitesodn.ca\\\/?s={search_term_string}\"},\"query-input\":{\"@type\":\"PropertyValueSpecification\",\"valueRequired\":true,\"valueName\":\"search_term_string\"}}],\"inLanguage\":\"fr-CA\"},{\"@type\":\"Organization\",\"@id\":\"https:\\\/\\\/orgonitesodn.ca\\\/#organization\",\"name\":\"Orgonites ODN\",\"url\":\"https:\\\/\\\/orgonitesodn.ca\\\/\",\"logo\":{\"@type\":\"ImageObject\",\"inLanguage\":\"fr-CA\",\"@id\":\"https:\\\/\\\/orgonitesodn.ca\\\/#\\\/schema\\\/logo\\\/image\\\/\",\"url\":\"https:\\\/\\\/orgonitesodn.ca\\\/wp-content\\\/uploads\\\/2023\\\/03\\\/page-3-e1722971186772.jpeg\",\"contentUrl\":\"https:\\\/\\\/orgonitesodn.ca\\\/wp-content\\\/uploads\\\/2023\\\/03\\\/page-3-e1722971186772.jpeg\",\"width\":342,\"height\":167,\"caption\":\"Orgonites ODN\"},\"image\":{\"@id\":\"https:\\\/\\\/orgonitesodn.ca\\\/#\\\/schema\\\/logo\\\/image\\\/\"}}]}<\/script>\n<!-- \/ Yoast SEO plugin. -->","yoast_head_json":{"title":"The Propulsed orgonite Pendant - Orgonites ODN","description":"The Propulsed orgonite pendant promotes self-expression and clear communication, making it perfect for serious orgone warriors and energy workers.","robots":{"index":"index","follow":"follow","max-snippet":"max-snippet:-1","max-image-preview":"max-image-preview:large","max-video-preview":"max-video-preview:-1"},"canonical":"https:\/\/orgonitesodn.ca\/fr\/produit\/quebec-boosting-orgonite-pendant\/","og_locale":"fr_CA","og_type":"article","og_title":"The Propulsed orgonite Pendant - Orgonites ODN","og_description":"The Propulsed orgonite pendant promotes self-expression and clear communication, making it perfect for serious orgone warriors and energy workers.","og_url":"https:\/\/orgonitesodn.ca\/fr\/produit\/quebec-boosting-orgonite-pendant\/","og_site_name":"Orgonites ODN","article_modified_time":"2026-04-01T02:00:38+00:00","og_image":[{"width":300,"height":300,"url":"https:\/\/orgonitesodn.ca\/wp-content\/uploads\/2021\/08\/001-300x300-1.jpg","type":"image\/jpeg"}],"twitter_card":"summary_large_image","twitter_misc":{"Estimation du temps de lecture":"2 minutes"},"schema":{"@context":"https:\/\/schema.org","@graph":[{"@type":"WebPage","@id":"https:\/\/orgonitesodn.ca\/product\/quebec-boosting-orgonite-pendant\/","url":"https:\/\/orgonitesodn.ca\/product\/quebec-boosting-orgonite-pendant\/","name":"The Propulsed orgonite Pendant - Orgonites ODN","isPartOf":{"@id":"https:\/\/orgonitesodn.ca\/#website"},"primaryImageOfPage":{"@id":"https:\/\/orgonitesodn.ca\/product\/quebec-boosting-orgonite-pendant\/#primaryimage"},"image":{"@id":"https:\/\/orgonitesodn.ca\/product\/quebec-boosting-orgonite-pendant\/#primaryimage"},"thumbnailUrl":"https:\/\/orgonitesodn.ca\/wp-content\/uploads\/2021\/08\/001-300x300-1.jpg","datePublished":"2021-08-27T11:48:12+00:00","dateModified":"2026-04-01T02:00:38+00:00","description":"The Propulsed orgonite pendant promotes self-expression and clear communication, making it perfect for serious orgone warriors and energy workers.","breadcrumb":{"@id":"https:\/\/orgonitesodn.ca\/product\/quebec-boosting-orgonite-pendant\/#breadcrumb"},"inLanguage":"fr-CA","potentialAction":[{"@type":"ReadAction","target":["https:\/\/orgonitesodn.ca\/product\/quebec-boosting-orgonite-pendant\/"]}]},{"@type":"ImageObject","inLanguage":"fr-CA","@id":"https:\/\/orgonitesodn.ca\/product\/quebec-boosting-orgonite-pendant\/#primaryimage","url":"https:\/\/orgonitesodn.ca\/wp-content\/uploads\/2021\/08\/001-300x300-1.jpg","contentUrl":"https:\/\/orgonitesodn.ca\/wp-content\/uploads\/2021\/08\/001-300x300-1.jpg","width":300,"height":300},{"@type":"BreadcrumbList","@id":"https:\/\/orgonitesodn.ca\/product\/quebec-boosting-orgonite-pendant\/#breadcrumb","itemListElement":[{"@type":"ListItem","position":1,"name":"Home","item":"https:\/\/orgonitesodn.ca\/"},{"@type":"ListItem","position":2,"name":"Shop","item":"https:\/\/orgonitesodn.ca\/shop-orgonites\/"},{"@type":"ListItem","position":3,"name":"THE PROPULSED PENDANT"}]},{"@type":"WebSite","@id":"https:\/\/orgonitesodn.ca\/#website","url":"https:\/\/orgonitesodn.ca\/","name":"Orgonites ODN","description":"","publisher":{"@id":"https:\/\/orgonitesodn.ca\/#organization"},"potentialAction":[{"@type":"SearchAction","target":{"@type":"EntryPoint","urlTemplate":"https:\/\/orgonitesodn.ca\/?s={search_term_string}"},"query-input":{"@type":"PropertyValueSpecification","valueRequired":true,"valueName":"search_term_string"}}],"inLanguage":"fr-CA"},{"@type":"Organization","@id":"https:\/\/orgonitesodn.ca\/#organization","name":"Orgonites ODN","url":"https:\/\/orgonitesodn.ca\/","logo":{"@type":"ImageObject","inLanguage":"fr-CA","@id":"https:\/\/orgonitesodn.ca\/#\/schema\/logo\/image\/","url":"https:\/\/orgonitesodn.ca\/wp-content\/uploads\/2023\/03\/page-3-e1722971186772.jpeg","contentUrl":"https:\/\/orgonitesodn.ca\/wp-content\/uploads\/2023\/03\/page-3-e1722971186772.jpeg","width":342,"height":167,"caption":"Orgonites ODN"},"image":{"@id":"https:\/\/orgonitesodn.ca\/#\/schema\/logo\/image\/"}}]}},"jetpack_sharing_enabled":true,"_links":{"self":[{"href":"https:\/\/orgonitesodn.ca\/fr\/wp-json\/wp\/v2\/product\/344","targetHints":{"allow":["GET"]}}],"collection":[{"href":"https:\/\/orgonitesodn.ca\/fr\/wp-json\/wp\/v2\/product"}],"about":[{"href":"https:\/\/orgonitesodn.ca\/fr\/wp-json\/wp\/v2\/types\/product"}],"replies":[{"embeddable":true,"href":"https:\/\/orgonitesodn.ca\/fr\/wp-json\/wp\/v2\/comments?post=344"}],"version-history":[{"count":8,"href":"https:\/\/orgonitesodn.ca\/fr\/wp-json\/wp\/v2\/product\/344\/revisions"}],"predecessor-version":[{"id":14947,"href":"https:\/\/orgonitesodn.ca\/fr\/wp-json\/wp\/v2\/product\/344\/revisions\/14947"}],"wp:featuredmedia":[{"embeddable":true,"href":"https:\/\/orgonitesodn.ca\/fr\/wp-json\/wp\/v2\/media\/8536"}],"wp:attachment":[{"href":"https:\/\/orgonitesodn.ca\/fr\/wp-json\/wp\/v2\/media?parent=344"}],"wp:term":[{"taxonomy":"product_brand","embeddable":true,"href":"https:\/\/orgonitesodn.ca\/fr\/wp-json\/wp\/v2\/product_brand?post=344"},{"taxonomy":"product_cat","embeddable":true,"href":"https:\/\/orgonitesodn.ca\/fr\/wp-json\/wp\/v2\/product_cat?post=344"},{"taxonomy":"product_tag","embeddable":true,"href":"https:\/\/orgonitesodn.ca\/fr\/wp-json\/wp\/v2\/product_tag?post=344"}],"curies":[{"name":"wp","href":"https:\/\/api.w.org\/{rel}","templated":true}]}}