{"id":361,"date":"2021-08-27T11:55:26","date_gmt":"2021-08-27T11:55:26","guid":{"rendered":"http:\/\/dummy.xtemos.com\/woodmart2\/elementor\/?post_type=product&#038;p=361"},"modified":"2026-03-15T19:46:43","modified_gmt":"2026-03-15T19:46:43","slug":"quebec-orgonite-original-orgone-pendant","status":"publish","type":"product","link":"https:\/\/orgonitesodn.ca\/fr\/produit\/quebec-orgonite-original-orgone-pendant\/","title":{"rendered":"PENDENTIF DEMI-SPH\u00c8RE"},"content":{"rendered":"<p>Le pendentif orgonite Demi-Sph\u00e8re, fait \u00e0 la main au Qu\u00e9bec, Canada, est une source fiable de protection et de grounding, peu importe o\u00f9 vous \u00eates. En tant que petite pi\u00e8ce la plus populaire, ce pendentif est un excellent choix pour bloquer l\u2019\u00e9nergie n\u00e9gative. C\u2019est aussi le meilleur produit pour aider \u00e0 soulager l\u2019irritabilit\u00e9 et l\u2019anxi\u00e9t\u00e9 dans les espaces publics. Dot\u00e9 d\u2019une forme de demi-sph\u00e8re confortable et d\u2019une longueur de corde r\u00e9glable, le pendentif Demi-Sph\u00e8re repose confortablement sur votre poitrine. Il filtre l\u2019\u00e9nergie n\u00e9gative ambiante et la redirige vers vous en tant que sortie positive. Cela aide \u00e0 r\u00e9\u00e9quilibrer le flux d\u2019\u00e9nergie normal de vos m\u00e9ridiens. Plus important encore, il vous prot\u00e8ge des effets nocifs du rayonnement \u00e9lectromagn\u00e9tique.<\/p>\n<p>Les attributs de protection sont r\u00e9alis\u00e9s en utilisant la direction du coil de cuivre. Le v\u00e9ritable quartz de qualit\u00e9 AAA dans son centre lui donne l\u2019efficacit\u00e9 positive souhait\u00e9e. La r\u00e9sine de qualit\u00e9 alimentaire haut de gamme permet \u00e0 l\u2019aluminium et au laiton de resserrer le quartz. Vous verrez des pierres de p\u00e9ridot sur le dessus de la bobine de cuivre pour le chakra du c\u0153ur et du grenat \u00e0 la base pour le chakra racine.<\/p>\n<p>Pour trouver la m\u00eame protection avec un autre design, avec les sept pierres de chakra, nous vous invitons \u00e0 d\u00e9couvrir le pendentif Harmonique d\u2019Honneur\u00a0:<em><strong> <a href=\"https:\/\/orgonitesodn.ca\/fr\/produit\/the-honor-harmonic-pendant-croft-protection\/\">https:\/\/orgonitesodn.ca\/product\/the-honor-harmonic-pendant-croft-protection\/<\/a><\/strong><\/em><\/p>\n<p>Que vous ayez besoin de protection, que vous recherchiez la gu\u00e9rison ou que vous souhaitiez simplement garder l\u2019\u00e9nergie d'orgone pr\u00e8s de votre t\u00eate et du centre cardiaque, le pendentif orgonite Demi-Sph\u00e8re fabriqu\u00e9 au Qu\u00e9bec est un choix id\u00e9al.<\/p>\n<p>Tous les produits sont soigneusement emball\u00e9s, y compris un d\u00e9pliant explicatif et leur carte d\u2019authenticit\u00e9 explicative.<br \/>\nFabriqu\u00e9s \u00e0 la main dans un environnement entour\u00e9 par la nature, Qu\u00e9bec, Canada.<\/p>\n<p>&nbsp;<\/p>\n<h4>Informations pour faire vos choix:<\/h4>\n<p><strong>Cordon noir\/gris: ajustable entre 14'' et 24''.<\/strong><\/p>\n<p><strong>Chaine en argent sterling 925: 17.5'' avec une extension de 1.5''.<\/strong><\/p>","protected":false},"excerpt":{"rendered":"<p>Vous cherchez une source fiable de protection et de grounding, peu importe o\u00f9 vous allez? Le pendentif orgonite Demi-Sph\u00e8re est parfait.<\/p>","protected":false},"featured_media":8533,"comment_status":"open","ping_status":"closed","template":"","meta":[],"product_brand":[],"product_cat":[72,74],"product_tag":[],"class_list":{"0":"post-361","1":"product","2":"type-product","3":"status-publish","4":"has-post-thumbnail","6":"product_cat-orgone-generators-orgonites-portable-protection","7":"product_cat-pendants-keychains-orgone-orgonites-protection-quartz-gemstones-powerful","8":"product_shipping_class-little-package","10":"first","11":"instock","12":"taxable","13":"shipping-taxable","14":"purchasable","15":"product-type-variable"},"yoast_head":"<!-- This site is optimized with the Yoast SEO plugin v27.0 - https:\/\/yoast.com\/product\/yoast-seo-wordpress\/ -->\n<title>Demi-Sphere orgonite pendant - Quebec - Orgonite ODN<\/title>\n<meta name=\"description\" content=\"The orgonite Pendant Demi-Sphere is the best for helping to alleviate irritability and anxiety in public spaces and rebalance the normal energy flow.\" \/>\n<meta name=\"robots\" content=\"index, follow, max-snippet:-1, max-image-preview:large, max-video-preview:-1\" \/>\n<link rel=\"canonical\" href=\"https:\/\/orgonitesodn.ca\/fr\/produit\/quebec-orgonite-original-orgone-pendant\/\" \/>\n<meta property=\"og:locale\" content=\"fr_CA\" \/>\n<meta property=\"og:type\" content=\"article\" \/>\n<meta property=\"og:title\" content=\"Demi-Sphere orgonite pendant - Quebec - Orgonite ODN\" \/>\n<meta property=\"og:description\" content=\"The orgonite Pendant Demi-Sphere is the best for helping to alleviate irritability and anxiety in public spaces and rebalance the normal energy flow.\" \/>\n<meta property=\"og:url\" content=\"https:\/\/orgonitesodn.ca\/fr\/produit\/quebec-orgonite-original-orgone-pendant\/\" \/>\n<meta property=\"og:site_name\" content=\"Orgonites ODN\" \/>\n<meta property=\"article:modified_time\" content=\"2026-03-15T19:46:43+00:00\" \/>\n<meta property=\"og:image\" content=\"https:\/\/orgonitesodn.ca\/wp-content\/uploads\/2021\/08\/pendantorgone-300x300-1.jpg\" \/>\n\t<meta property=\"og:image:width\" content=\"300\" \/>\n\t<meta property=\"og:image:height\" content=\"300\" \/>\n\t<meta property=\"og:image:type\" content=\"image\/jpeg\" \/>\n<meta name=\"twitter:card\" content=\"summary_large_image\" \/>\n<meta name=\"twitter:label1\" content=\"Estimation du temps de lecture\" \/>\n\t<meta name=\"twitter:data1\" content=\"2 minutes\" \/>\n<script type=\"application\/ld+json\" class=\"yoast-schema-graph\">{\"@context\":\"https:\/\/schema.org\",\"@graph\":[{\"@type\":\"WebPage\",\"@id\":\"https:\/\/orgonitesodn.ca\/product\/quebec-orgonite-original-orgone-pendant\/\",\"url\":\"https:\/\/orgonitesodn.ca\/product\/quebec-orgonite-original-orgone-pendant\/\",\"name\":\"Demi-Sphere orgonite pendant - Quebec - Orgonite ODN\",\"isPartOf\":{\"@id\":\"https:\/\/orgonitesodn.ca\/#website\"},\"primaryImageOfPage\":{\"@id\":\"https:\/\/orgonitesodn.ca\/product\/quebec-orgonite-original-orgone-pendant\/#primaryimage\"},\"image\":{\"@id\":\"https:\/\/orgonitesodn.ca\/product\/quebec-orgonite-original-orgone-pendant\/#primaryimage\"},\"thumbnailUrl\":\"https:\/\/orgonitesodn.ca\/wp-content\/uploads\/2021\/08\/pendantorgone-300x300-1.jpg\",\"datePublished\":\"2021-08-27T11:55:26+00:00\",\"dateModified\":\"2026-03-15T19:46:43+00:00\",\"description\":\"The orgonite Pendant Demi-Sphere is the best for helping to alleviate irritability and anxiety in public spaces and rebalance the normal energy flow.\",\"breadcrumb\":{\"@id\":\"https:\/\/orgonitesodn.ca\/product\/quebec-orgonite-original-orgone-pendant\/#breadcrumb\"},\"inLanguage\":\"fr-CA\",\"potentialAction\":[{\"@type\":\"ReadAction\",\"target\":[\"https:\/\/orgonitesodn.ca\/product\/quebec-orgonite-original-orgone-pendant\/\"]}]},{\"@type\":\"ImageObject\",\"inLanguage\":\"fr-CA\",\"@id\":\"https:\/\/orgonitesodn.ca\/product\/quebec-orgonite-original-orgone-pendant\/#primaryimage\",\"url\":\"https:\/\/orgonitesodn.ca\/wp-content\/uploads\/2021\/08\/pendantorgone-300x300-1.jpg\",\"contentUrl\":\"https:\/\/orgonitesodn.ca\/wp-content\/uploads\/2021\/08\/pendantorgone-300x300-1.jpg\",\"width\":300,\"height\":300},{\"@type\":\"BreadcrumbList\",\"@id\":\"https:\/\/orgonitesodn.ca\/product\/quebec-orgonite-original-orgone-pendant\/#breadcrumb\",\"itemListElement\":[{\"@type\":\"ListItem\",\"position\":1,\"name\":\"Home\",\"item\":\"https:\/\/orgonitesodn.ca\/\"},{\"@type\":\"ListItem\",\"position\":2,\"name\":\"Shop\",\"item\":\"https:\/\/orgonitesodn.ca\/shop-orgonites\/\"},{\"@type\":\"ListItem\",\"position\":3,\"name\":\"DEMI-SPHERE PENDANT\"}]},{\"@type\":\"WebSite\",\"@id\":\"https:\/\/orgonitesodn.ca\/#website\",\"url\":\"https:\/\/orgonitesodn.ca\/\",\"name\":\"Orgonites ODN\",\"description\":\"\",\"publisher\":{\"@id\":\"https:\/\/orgonitesodn.ca\/#organization\"},\"potentialAction\":[{\"@type\":\"SearchAction\",\"target\":{\"@type\":\"EntryPoint\",\"urlTemplate\":\"https:\/\/orgonitesodn.ca\/?s={search_term_string}\"},\"query-input\":{\"@type\":\"PropertyValueSpecification\",\"valueRequired\":true,\"valueName\":\"search_term_string\"}}],\"inLanguage\":\"fr-CA\"},{\"@type\":\"Organization\",\"@id\":\"https:\/\/orgonitesodn.ca\/#organization\",\"name\":\"Orgonites ODN\",\"url\":\"https:\/\/orgonitesodn.ca\/\",\"logo\":{\"@type\":\"ImageObject\",\"inLanguage\":\"fr-CA\",\"@id\":\"https:\/\/orgonitesodn.ca\/#\/schema\/logo\/image\/\",\"url\":\"https:\/\/orgonitesodn.ca\/wp-content\/uploads\/2023\/03\/page-3-e1722971186772.jpeg\",\"contentUrl\":\"https:\/\/orgonitesodn.ca\/wp-content\/uploads\/2023\/03\/page-3-e1722971186772.jpeg\",\"width\":342,\"height\":167,\"caption\":\"Orgonites ODN\"},\"image\":{\"@id\":\"https:\/\/orgonitesodn.ca\/#\/schema\/logo\/image\/\"}}]}<\/script>\n<!-- \/ Yoast SEO plugin. -->","yoast_head_json":{"title":"Demi-Sphere orgonite pendant - Quebec - Orgonite ODN","description":"The orgonite Pendant Demi-Sphere is the best for helping to alleviate irritability and anxiety in public spaces and rebalance the normal energy flow.","robots":{"index":"index","follow":"follow","max-snippet":"max-snippet:-1","max-image-preview":"max-image-preview:large","max-video-preview":"max-video-preview:-1"},"canonical":"https:\/\/orgonitesodn.ca\/fr\/produit\/quebec-orgonite-original-orgone-pendant\/","og_locale":"fr_CA","og_type":"article","og_title":"Demi-Sphere orgonite pendant - Quebec - Orgonite ODN","og_description":"The orgonite Pendant Demi-Sphere is the best for helping to alleviate irritability and anxiety in public spaces and rebalance the normal energy flow.","og_url":"https:\/\/orgonitesodn.ca\/fr\/produit\/quebec-orgonite-original-orgone-pendant\/","og_site_name":"Orgonites ODN","article_modified_time":"2026-03-15T19:46:43+00:00","og_image":[{"width":300,"height":300,"url":"https:\/\/orgonitesodn.ca\/wp-content\/uploads\/2021\/08\/pendantorgone-300x300-1.jpg","type":"image\/jpeg"}],"twitter_card":"summary_large_image","twitter_misc":{"Estimation du temps de lecture":"2 minutes"},"schema":{"@context":"https:\/\/schema.org","@graph":[{"@type":"WebPage","@id":"https:\/\/orgonitesodn.ca\/product\/quebec-orgonite-original-orgone-pendant\/","url":"https:\/\/orgonitesodn.ca\/product\/quebec-orgonite-original-orgone-pendant\/","name":"Demi-Sphere orgonite pendant - Quebec - Orgonite ODN","isPartOf":{"@id":"https:\/\/orgonitesodn.ca\/#website"},"primaryImageOfPage":{"@id":"https:\/\/orgonitesodn.ca\/product\/quebec-orgonite-original-orgone-pendant\/#primaryimage"},"image":{"@id":"https:\/\/orgonitesodn.ca\/product\/quebec-orgonite-original-orgone-pendant\/#primaryimage"},"thumbnailUrl":"https:\/\/orgonitesodn.ca\/wp-content\/uploads\/2021\/08\/pendantorgone-300x300-1.jpg","datePublished":"2021-08-27T11:55:26+00:00","dateModified":"2026-03-15T19:46:43+00:00","description":"The orgonite Pendant Demi-Sphere is the best for helping to alleviate irritability and anxiety in public spaces and rebalance the normal energy flow.","breadcrumb":{"@id":"https:\/\/orgonitesodn.ca\/product\/quebec-orgonite-original-orgone-pendant\/#breadcrumb"},"inLanguage":"fr-CA","potentialAction":[{"@type":"ReadAction","target":["https:\/\/orgonitesodn.ca\/product\/quebec-orgonite-original-orgone-pendant\/"]}]},{"@type":"ImageObject","inLanguage":"fr-CA","@id":"https:\/\/orgonitesodn.ca\/product\/quebec-orgonite-original-orgone-pendant\/#primaryimage","url":"https:\/\/orgonitesodn.ca\/wp-content\/uploads\/2021\/08\/pendantorgone-300x300-1.jpg","contentUrl":"https:\/\/orgonitesodn.ca\/wp-content\/uploads\/2021\/08\/pendantorgone-300x300-1.jpg","width":300,"height":300},{"@type":"BreadcrumbList","@id":"https:\/\/orgonitesodn.ca\/product\/quebec-orgonite-original-orgone-pendant\/#breadcrumb","itemListElement":[{"@type":"ListItem","position":1,"name":"Home","item":"https:\/\/orgonitesodn.ca\/"},{"@type":"ListItem","position":2,"name":"Shop","item":"https:\/\/orgonitesodn.ca\/shop-orgonites\/"},{"@type":"ListItem","position":3,"name":"DEMI-SPHERE PENDANT"}]},{"@type":"WebSite","@id":"https:\/\/orgonitesodn.ca\/#website","url":"https:\/\/orgonitesodn.ca\/","name":"Orgonites ODN","description":"","publisher":{"@id":"https:\/\/orgonitesodn.ca\/#organization"},"potentialAction":[{"@type":"SearchAction","target":{"@type":"EntryPoint","urlTemplate":"https:\/\/orgonitesodn.ca\/?s={search_term_string}"},"query-input":{"@type":"PropertyValueSpecification","valueRequired":true,"valueName":"search_term_string"}}],"inLanguage":"fr-CA"},{"@type":"Organization","@id":"https:\/\/orgonitesodn.ca\/#organization","name":"Orgonites ODN","url":"https:\/\/orgonitesodn.ca\/","logo":{"@type":"ImageObject","inLanguage":"fr-CA","@id":"https:\/\/orgonitesodn.ca\/#\/schema\/logo\/image\/","url":"https:\/\/orgonitesodn.ca\/wp-content\/uploads\/2023\/03\/page-3-e1722971186772.jpeg","contentUrl":"https:\/\/orgonitesodn.ca\/wp-content\/uploads\/2023\/03\/page-3-e1722971186772.jpeg","width":342,"height":167,"caption":"Orgonites ODN"},"image":{"@id":"https:\/\/orgonitesodn.ca\/#\/schema\/logo\/image\/"}}]}},"jetpack_sharing_enabled":true,"_links":{"self":[{"href":"https:\/\/orgonitesodn.ca\/fr\/wp-json\/wp\/v2\/product\/361","targetHints":{"allow":["GET"]}}],"collection":[{"href":"https:\/\/orgonitesodn.ca\/fr\/wp-json\/wp\/v2\/product"}],"about":[{"href":"https:\/\/orgonitesodn.ca\/fr\/wp-json\/wp\/v2\/types\/product"}],"replies":[{"embeddable":true,"href":"https:\/\/orgonitesodn.ca\/fr\/wp-json\/wp\/v2\/comments?post=361"}],"version-history":[{"count":9,"href":"https:\/\/orgonitesodn.ca\/fr\/wp-json\/wp\/v2\/product\/361\/revisions"}],"predecessor-version":[{"id":14936,"href":"https:\/\/orgonitesodn.ca\/fr\/wp-json\/wp\/v2\/product\/361\/revisions\/14936"}],"wp:featuredmedia":[{"embeddable":true,"href":"https:\/\/orgonitesodn.ca\/fr\/wp-json\/wp\/v2\/media\/8533"}],"wp:attachment":[{"href":"https:\/\/orgonitesodn.ca\/fr\/wp-json\/wp\/v2\/media?parent=361"}],"wp:term":[{"taxonomy":"product_brand","embeddable":true,"href":"https:\/\/orgonitesodn.ca\/fr\/wp-json\/wp\/v2\/product_brand?post=361"},{"taxonomy":"product_cat","embeddable":true,"href":"https:\/\/orgonitesodn.ca\/fr\/wp-json\/wp\/v2\/product_cat?post=361"},{"taxonomy":"product_tag","embeddable":true,"href":"https:\/\/orgonitesodn.ca\/fr\/wp-json\/wp\/v2\/product_tag?post=361"}],"curies":[{"name":"wp","href":"https:\/\/api.w.org\/{rel}","templated":true}]}}