{"id":372,"date":"2021-08-27T11:59:19","date_gmt":"2021-08-27T11:59:19","guid":{"rendered":"http:\/\/dummy.xtemos.com\/woodmart2\/elementor\/?post_type=product&#038;p=372"},"modified":"2026-04-01T02:00:17","modified_gmt":"2026-04-01T02:00:17","slug":"orgonite-protection-emf-neutralize-impact-of-smart-meters","status":"publish","type":"product","link":"https:\/\/orgonitesodn.ca\/fr\/produit\/orgonite-protection-emf-neutralize-impact-of-smart-meters\/","title":{"rendered":"LE D\u00d4ME D'HONNEUR"},"content":{"rendered":"<p>Cette belle orgonite est soigneusement faite \u00e0 la main pour augmenter les fr\u00e9quences positives de l\u2019amour. En m\u00eame temps, vous vous prot\u00e9gez des vagues \u00e9lectromagn\u00e9tiques nuisibles.<\/p>\n<p>Le concept de d\u00f4me est bas\u00e9 sur le concept du HHG original de Don Croft. Don Croft a invent\u00e9 le terme HHG (signifiant Holy Hand Grenade) comme un hommage humoristique au Saint Graal de Monty Python. Pour la m\u00e9moire de Donald Croft, Le D\u00f4me D'Honneur est le produit parfait.<\/p>\n<p>Dans les chambres, avec sa douceur et son \u00e9quilibre parfait, c\u2019est l\u00e0 que le D\u00f4me D'Honneur est id\u00e9al pour \u00eatre install\u00e9. Il cr\u00e9era un champ d\u2019\u00e9nergie pur et apaisant. Il neutralisera les ondes n\u00e9gatives.<\/p>\n<p>Dans l\u2019ensemble, ce beau r\u00e9sultat est obtenu gr\u00e2ce au quartz accompagn\u00e9 de pierres soigneusement choisies. Les deux spirales de cuivre, toujours enroul\u00e9es \u00e0 la main, am\u00e9liorent les effets des pierres pr\u00e9cieuses. Pour se sentir mieux et en meilleure sant\u00e9, mettre le d\u00f4me sous le lit. Il donnera les ions positifs dont votre corps se nourrit et se reg\u00e9n\u00e8re.<\/p>\n<p>Si vous \u00eates pr\u00e9occup\u00e9 par l\u2019impact des \u00ab\u00a0compteurs intelligents\u00a0\u00bb et d\u2019autres sources de rayonnement EMF, notre D\u00f4me D'Honneur est le meilleur ami \u00e0 avoir \u00e9galement dans la voiture ou au bureau. Vous d\u00e9couvrirez les doux effets de l\u2019orgonite.<\/p>\n<p>Lorsque vous \u00eates \u00e0 l\u2019ordinateur, d\u00e9posez le D\u00f4me D'Honneur pr\u00e8s de vous. Certains de nos clients et nous-m\u00eame avons remarqu\u00e9 une grande diminution des maux de t\u00eate caus\u00e9s par les \u00e9crans.<\/p>\n<p>Laissez le champ de protection d\u2019\u00e9nergie positive vous apaiser dans un rayon de 8 \u00e0 10 pieds.<\/p>","protected":false},"excerpt":{"rendered":"<p>Cette belle orgonite est soigneusement faite \u00e0 la main pour augmenter les fr\u00e9quences positives de l\u2019amour tout en vous prot\u00e9geant des fr\u00e9quences \u00e9lectromagn\u00e9tiques nuisibles.<\/p>\n<p>Le concept de d\u00f4me est bas\u00e9 sur le concept du HHG original de Don Croft.<\/p>","protected":false},"featured_media":11289,"comment_status":"open","ping_status":"closed","template":"","meta":[],"product_brand":[],"product_cat":[73,21],"product_tag":[],"class_list":{"0":"post-372","1":"product","2":"type-product","3":"status-publish","4":"has-post-thumbnail","6":"product_cat-orgonite-hhg-orgone-generators-protection-powerful-quartz-crystals-gemstones","7":"product_cat-essential-products-orgonites-protection","9":"first","10":"instock","11":"taxable","12":"shipping-taxable","13":"purchasable","14":"product-type-simple"},"yoast_head":"<!-- This site is optimized with the Yoast SEO plugin v27.3 - https:\/\/yoast.com\/product\/yoast-seo-wordpress\/ -->\n<title>Neutralize impact of smart meters -THE HONOR DOME - Orgonites ODN<\/title>\n<meta name=\"description\" content=\"If you&#039;re concerned about the impact of &quot;smart meters&quot; and other sources of EMF radiation, The Honor Dome will neutralizes negative waves.\" \/>\n<meta name=\"robots\" content=\"index, follow, max-snippet:-1, max-image-preview:large, max-video-preview:-1\" \/>\n<link rel=\"canonical\" href=\"https:\/\/orgonitesodn.ca\/fr\/produit\/orgonite-protection-emf-neutralize-impact-of-smart-meters\/\" \/>\n<meta property=\"og:locale\" content=\"fr_CA\" \/>\n<meta property=\"og:type\" content=\"article\" \/>\n<meta property=\"og:title\" content=\"Neutralize impact of smart meters -THE HONOR DOME - Orgonites ODN\" \/>\n<meta property=\"og:description\" content=\"If you&#039;re concerned about the impact of &quot;smart meters&quot; and other sources of EMF radiation, The Honor Dome will neutralizes negative waves.\" \/>\n<meta property=\"og:url\" content=\"https:\/\/orgonitesodn.ca\/fr\/produit\/orgonite-protection-emf-neutralize-impact-of-smart-meters\/\" \/>\n<meta property=\"og:site_name\" content=\"Orgonites ODN\" \/>\n<meta property=\"article:modified_time\" content=\"2026-04-01T02:00:17+00:00\" \/>\n<meta property=\"og:image\" content=\"https:\/\/orgonitesodn.ca\/wp-content\/uploads\/2021\/08\/SAB_dome-scaled.jpg\" \/>\n\t<meta property=\"og:image:width\" content=\"2560\" \/>\n\t<meta property=\"og:image:height\" content=\"1707\" \/>\n\t<meta property=\"og:image:type\" content=\"image\/jpeg\" \/>\n<meta name=\"twitter:card\" content=\"summary_large_image\" \/>\n<meta name=\"twitter:label1\" content=\"Estimation du temps de lecture\" \/>\n\t<meta name=\"twitter:data1\" content=\"2 minutes\" \/>\n<script type=\"application\/ld+json\" class=\"yoast-schema-graph\">{\"@context\":\"https:\\\/\\\/schema.org\",\"@graph\":[{\"@type\":\"WebPage\",\"@id\":\"https:\\\/\\\/orgonitesodn.ca\\\/product\\\/orgonite-protection-emf-neutralize-impact-of-smart-meters\\\/\",\"url\":\"https:\\\/\\\/orgonitesodn.ca\\\/product\\\/orgonite-protection-emf-neutralize-impact-of-smart-meters\\\/\",\"name\":\"Neutralize impact of smart meters -THE HONOR DOME - Orgonites ODN\",\"isPartOf\":{\"@id\":\"https:\\\/\\\/orgonitesodn.ca\\\/#website\"},\"primaryImageOfPage\":{\"@id\":\"https:\\\/\\\/orgonitesodn.ca\\\/product\\\/orgonite-protection-emf-neutralize-impact-of-smart-meters\\\/#primaryimage\"},\"image\":{\"@id\":\"https:\\\/\\\/orgonitesodn.ca\\\/product\\\/orgonite-protection-emf-neutralize-impact-of-smart-meters\\\/#primaryimage\"},\"thumbnailUrl\":\"https:\\\/\\\/orgonitesodn.ca\\\/wp-content\\\/uploads\\\/2021\\\/08\\\/SAB_dome-scaled.jpg\",\"datePublished\":\"2021-08-27T11:59:19+00:00\",\"dateModified\":\"2026-04-01T02:00:17+00:00\",\"description\":\"If you're concerned about the impact of \\\"smart meters\\\" and other sources of EMF radiation, The Honor Dome will neutralizes negative waves.\",\"breadcrumb\":{\"@id\":\"https:\\\/\\\/orgonitesodn.ca\\\/product\\\/orgonite-protection-emf-neutralize-impact-of-smart-meters\\\/#breadcrumb\"},\"inLanguage\":\"fr-CA\",\"potentialAction\":[{\"@type\":\"ReadAction\",\"target\":[\"https:\\\/\\\/orgonitesodn.ca\\\/product\\\/orgonite-protection-emf-neutralize-impact-of-smart-meters\\\/\"]}]},{\"@type\":\"ImageObject\",\"inLanguage\":\"fr-CA\",\"@id\":\"https:\\\/\\\/orgonitesodn.ca\\\/product\\\/orgonite-protection-emf-neutralize-impact-of-smart-meters\\\/#primaryimage\",\"url\":\"https:\\\/\\\/orgonitesodn.ca\\\/wp-content\\\/uploads\\\/2021\\\/08\\\/SAB_dome-scaled.jpg\",\"contentUrl\":\"https:\\\/\\\/orgonitesodn.ca\\\/wp-content\\\/uploads\\\/2021\\\/08\\\/SAB_dome-scaled.jpg\",\"width\":2560,\"height\":1707},{\"@type\":\"BreadcrumbList\",\"@id\":\"https:\\\/\\\/orgonitesodn.ca\\\/product\\\/orgonite-protection-emf-neutralize-impact-of-smart-meters\\\/#breadcrumb\",\"itemListElement\":[{\"@type\":\"ListItem\",\"position\":1,\"name\":\"Home\",\"item\":\"https:\\\/\\\/orgonitesodn.ca\\\/\"},{\"@type\":\"ListItem\",\"position\":2,\"name\":\"Shop\",\"item\":\"https:\\\/\\\/orgonitesodn.ca\\\/shop-orgonites\\\/\"},{\"@type\":\"ListItem\",\"position\":3,\"name\":\"THE HONOR DOME\"}]},{\"@type\":\"WebSite\",\"@id\":\"https:\\\/\\\/orgonitesodn.ca\\\/#website\",\"url\":\"https:\\\/\\\/orgonitesodn.ca\\\/\",\"name\":\"Orgonites ODN\",\"description\":\"\",\"publisher\":{\"@id\":\"https:\\\/\\\/orgonitesodn.ca\\\/#organization\"},\"potentialAction\":[{\"@type\":\"SearchAction\",\"target\":{\"@type\":\"EntryPoint\",\"urlTemplate\":\"https:\\\/\\\/orgonitesodn.ca\\\/?s={search_term_string}\"},\"query-input\":{\"@type\":\"PropertyValueSpecification\",\"valueRequired\":true,\"valueName\":\"search_term_string\"}}],\"inLanguage\":\"fr-CA\"},{\"@type\":\"Organization\",\"@id\":\"https:\\\/\\\/orgonitesodn.ca\\\/#organization\",\"name\":\"Orgonites ODN\",\"url\":\"https:\\\/\\\/orgonitesodn.ca\\\/\",\"logo\":{\"@type\":\"ImageObject\",\"inLanguage\":\"fr-CA\",\"@id\":\"https:\\\/\\\/orgonitesodn.ca\\\/#\\\/schema\\\/logo\\\/image\\\/\",\"url\":\"https:\\\/\\\/orgonitesodn.ca\\\/wp-content\\\/uploads\\\/2023\\\/03\\\/page-3-e1722971186772.jpeg\",\"contentUrl\":\"https:\\\/\\\/orgonitesodn.ca\\\/wp-content\\\/uploads\\\/2023\\\/03\\\/page-3-e1722971186772.jpeg\",\"width\":342,\"height\":167,\"caption\":\"Orgonites ODN\"},\"image\":{\"@id\":\"https:\\\/\\\/orgonitesodn.ca\\\/#\\\/schema\\\/logo\\\/image\\\/\"}}]}<\/script>\n<!-- \/ Yoast SEO plugin. -->","yoast_head_json":{"title":"Neutralize impact of smart meters -THE HONOR DOME - Orgonites ODN","description":"If you're concerned about the impact of \"smart meters\" and other sources of EMF radiation, The Honor Dome will neutralizes negative waves.","robots":{"index":"index","follow":"follow","max-snippet":"max-snippet:-1","max-image-preview":"max-image-preview:large","max-video-preview":"max-video-preview:-1"},"canonical":"https:\/\/orgonitesodn.ca\/fr\/produit\/orgonite-protection-emf-neutralize-impact-of-smart-meters\/","og_locale":"fr_CA","og_type":"article","og_title":"Neutralize impact of smart meters -THE HONOR DOME - Orgonites ODN","og_description":"If you're concerned about the impact of \"smart meters\" and other sources of EMF radiation, The Honor Dome will neutralizes negative waves.","og_url":"https:\/\/orgonitesodn.ca\/fr\/produit\/orgonite-protection-emf-neutralize-impact-of-smart-meters\/","og_site_name":"Orgonites ODN","article_modified_time":"2026-04-01T02:00:17+00:00","og_image":[{"width":2560,"height":1707,"url":"https:\/\/orgonitesodn.ca\/wp-content\/uploads\/2021\/08\/SAB_dome-scaled.jpg","type":"image\/jpeg"}],"twitter_card":"summary_large_image","twitter_misc":{"Estimation du temps de lecture":"2 minutes"},"schema":{"@context":"https:\/\/schema.org","@graph":[{"@type":"WebPage","@id":"https:\/\/orgonitesodn.ca\/product\/orgonite-protection-emf-neutralize-impact-of-smart-meters\/","url":"https:\/\/orgonitesodn.ca\/product\/orgonite-protection-emf-neutralize-impact-of-smart-meters\/","name":"Neutralize impact of smart meters -THE HONOR DOME - Orgonites ODN","isPartOf":{"@id":"https:\/\/orgonitesodn.ca\/#website"},"primaryImageOfPage":{"@id":"https:\/\/orgonitesodn.ca\/product\/orgonite-protection-emf-neutralize-impact-of-smart-meters\/#primaryimage"},"image":{"@id":"https:\/\/orgonitesodn.ca\/product\/orgonite-protection-emf-neutralize-impact-of-smart-meters\/#primaryimage"},"thumbnailUrl":"https:\/\/orgonitesodn.ca\/wp-content\/uploads\/2021\/08\/SAB_dome-scaled.jpg","datePublished":"2021-08-27T11:59:19+00:00","dateModified":"2026-04-01T02:00:17+00:00","description":"If you're concerned about the impact of \"smart meters\" and other sources of EMF radiation, The Honor Dome will neutralizes negative waves.","breadcrumb":{"@id":"https:\/\/orgonitesodn.ca\/product\/orgonite-protection-emf-neutralize-impact-of-smart-meters\/#breadcrumb"},"inLanguage":"fr-CA","potentialAction":[{"@type":"ReadAction","target":["https:\/\/orgonitesodn.ca\/product\/orgonite-protection-emf-neutralize-impact-of-smart-meters\/"]}]},{"@type":"ImageObject","inLanguage":"fr-CA","@id":"https:\/\/orgonitesodn.ca\/product\/orgonite-protection-emf-neutralize-impact-of-smart-meters\/#primaryimage","url":"https:\/\/orgonitesodn.ca\/wp-content\/uploads\/2021\/08\/SAB_dome-scaled.jpg","contentUrl":"https:\/\/orgonitesodn.ca\/wp-content\/uploads\/2021\/08\/SAB_dome-scaled.jpg","width":2560,"height":1707},{"@type":"BreadcrumbList","@id":"https:\/\/orgonitesodn.ca\/product\/orgonite-protection-emf-neutralize-impact-of-smart-meters\/#breadcrumb","itemListElement":[{"@type":"ListItem","position":1,"name":"Home","item":"https:\/\/orgonitesodn.ca\/"},{"@type":"ListItem","position":2,"name":"Shop","item":"https:\/\/orgonitesodn.ca\/shop-orgonites\/"},{"@type":"ListItem","position":3,"name":"THE HONOR DOME"}]},{"@type":"WebSite","@id":"https:\/\/orgonitesodn.ca\/#website","url":"https:\/\/orgonitesodn.ca\/","name":"Orgonites ODN","description":"","publisher":{"@id":"https:\/\/orgonitesodn.ca\/#organization"},"potentialAction":[{"@type":"SearchAction","target":{"@type":"EntryPoint","urlTemplate":"https:\/\/orgonitesodn.ca\/?s={search_term_string}"},"query-input":{"@type":"PropertyValueSpecification","valueRequired":true,"valueName":"search_term_string"}}],"inLanguage":"fr-CA"},{"@type":"Organization","@id":"https:\/\/orgonitesodn.ca\/#organization","name":"Orgonites ODN","url":"https:\/\/orgonitesodn.ca\/","logo":{"@type":"ImageObject","inLanguage":"fr-CA","@id":"https:\/\/orgonitesodn.ca\/#\/schema\/logo\/image\/","url":"https:\/\/orgonitesodn.ca\/wp-content\/uploads\/2023\/03\/page-3-e1722971186772.jpeg","contentUrl":"https:\/\/orgonitesodn.ca\/wp-content\/uploads\/2023\/03\/page-3-e1722971186772.jpeg","width":342,"height":167,"caption":"Orgonites ODN"},"image":{"@id":"https:\/\/orgonitesodn.ca\/#\/schema\/logo\/image\/"}}]}},"jetpack_sharing_enabled":true,"_links":{"self":[{"href":"https:\/\/orgonitesodn.ca\/fr\/wp-json\/wp\/v2\/product\/372","targetHints":{"allow":["GET"]}}],"collection":[{"href":"https:\/\/orgonitesodn.ca\/fr\/wp-json\/wp\/v2\/product"}],"about":[{"href":"https:\/\/orgonitesodn.ca\/fr\/wp-json\/wp\/v2\/types\/product"}],"replies":[{"embeddable":true,"href":"https:\/\/orgonitesodn.ca\/fr\/wp-json\/wp\/v2\/comments?post=372"}],"version-history":[{"count":9,"href":"https:\/\/orgonitesodn.ca\/fr\/wp-json\/wp\/v2\/product\/372\/revisions"}],"predecessor-version":[{"id":11293,"href":"https:\/\/orgonitesodn.ca\/fr\/wp-json\/wp\/v2\/product\/372\/revisions\/11293"}],"wp:featuredmedia":[{"embeddable":true,"href":"https:\/\/orgonitesodn.ca\/fr\/wp-json\/wp\/v2\/media\/11289"}],"wp:attachment":[{"href":"https:\/\/orgonitesodn.ca\/fr\/wp-json\/wp\/v2\/media?parent=372"}],"wp:term":[{"taxonomy":"product_brand","embeddable":true,"href":"https:\/\/orgonitesodn.ca\/fr\/wp-json\/wp\/v2\/product_brand?post=372"},{"taxonomy":"product_cat","embeddable":true,"href":"https:\/\/orgonitesodn.ca\/fr\/wp-json\/wp\/v2\/product_cat?post=372"},{"taxonomy":"product_tag","embeddable":true,"href":"https:\/\/orgonitesodn.ca\/fr\/wp-json\/wp\/v2\/product_tag?post=372"}],"curies":[{"name":"wp","href":"https:\/\/api.w.org\/{rel}","templated":true}]}}