{"id":381,"date":"2021-08-27T12:02:01","date_gmt":"2021-08-27T12:02:01","guid":{"rendered":"http:\/\/dummy.xtemos.com\/woodmart2\/elementor\/?post_type=product&#038;p=381"},"modified":"2025-03-11T09:57:21","modified_gmt":"2025-03-11T09:57:21","slug":"orgonite-lemurian-pyramid-protection-emf","status":"publish","type":"product","link":"https:\/\/orgonitesodn.ca\/fr\/produit\/orgonite-lemurian-pyramid-protection-emf\/","title":{"rendered":"LA F\u00c9\u00c9RIQUE"},"content":{"rendered":"<p>La meilleure fa\u00e7on de mettre en valeur votre c\u00f4t\u00e9 cr\u00e9atif.\u00a0 De plus, vous \u00eates prot\u00e9g\u00e9 des ondes \u00e9lectromagn\u00e9tiques nocives avec cette puissante pyramide de cristal de quartz l\u00e9murien.<\/p>\n<p>Le cristal l\u00e9murien de qualit\u00e9 AAA embobin\u00e9 qui domine cette pyramide d\u2019orgone, aid\u00e9 par le quartz rose, l'am\u00e9thyste et l'h\u00e9matite vibrera pour vous aider dans le d\u00e9veloppement personnel, spirituel et cr\u00e9atif. Aussi, cette pyramide comprend deux m\u00e9taux et une base brillante gr\u00e2ce \u00e0 la feuille d\u2019or. Les pierres chakra et pierres pr\u00e9cieuses sont choisies pour amplifier l'effet de cette pyramide.<\/p>\n<p>Id\u00e9al pour \u00eatre \u00e0 proximit\u00e9 de vous au bureau, dans l\u2019atelier ou m\u00eame dans la cuisine. La F\u00e9\u00e9rique est m\u00e9ticuleusement fabriqu\u00e9e \u00e0 la main pour pr\u00e9server l\u2019histoire ancienne port\u00e9e par les L\u00e9muriens.<\/p>\n<p>Dans la chambre \u00e0 coucher, elle \u00e9l\u00e8vera les r\u00eaves \u00e0 un niveau sup\u00e9rieur.<\/p>\n<p>Laissez entrer la force du cristal l\u00e9murien \u00e0 l'endroit qui vous convient le mieux et voyez la diff\u00e9rence du champ \u00e9nerg\u00e9tique puissant et \u00e9quilibr\u00e9 dans un rayon de 12 \u00e0 15 pieds.<\/p>\n<p>Fabriqu\u00e9e \u00e0 la main dans un environnement entour\u00e9 par la nature.<\/p>","protected":false},"excerpt":{"rendered":"<p>Vous cherchez \u00e0 bonifier votre c\u00f4t\u00e9 cr\u00e9atif tout en vous prot\u00e9geant des ondes \u00e9lectromagn\u00e9tiques?<\/p>\n<p>Id\u00e9al pour \u00eatre proche de vous au bureau, dans l\u2019atelier ou m\u00eame dans la cuisine !<\/p>\n<p>&nbsp;<\/p>","protected":false},"featured_media":11272,"comment_status":"open","ping_status":"closed","template":"","meta":[],"product_brand":[],"product_cat":[73,21],"product_tag":[],"class_list":{"0":"post-381","1":"product","2":"type-product","3":"status-publish","4":"has-post-thumbnail","6":"product_cat-orgonite-hhg-orgone-generators-protection-powerful-quartz-crystals-gemstones","7":"product_cat-essential-products-orgonites-protection","9":"first","10":"instock","11":"taxable","12":"shipping-taxable","13":"purchasable","14":"product-type-simple"},"yoast_head":"<!-- This site is optimized with the Yoast SEO plugin v27.3 - https:\/\/yoast.com\/product\/yoast-seo-wordpress\/ -->\n<title>Lemurian Quartz Pyramid - The Fairytale - Orgonites ODN<\/title>\n<meta name=\"description\" content=\"This lemurian quartz crystal pyramid; The Fairytale, is a powerful orgonite that vibrate to increase your creativity and protect yourself from EMF.\" \/>\n<meta name=\"robots\" content=\"index, follow, max-snippet:-1, max-image-preview:large, max-video-preview:-1\" \/>\n<link rel=\"canonical\" href=\"https:\/\/orgonitesodn.ca\/fr\/produit\/orgonite-lemurian-pyramid-protection-emf\/\" \/>\n<meta property=\"og:locale\" content=\"fr_CA\" \/>\n<meta property=\"og:type\" content=\"article\" \/>\n<meta property=\"og:title\" content=\"Lemurian Orgon Pyramid\" \/>\n<meta property=\"og:description\" content=\"The most powerful orgonite pyramid to increase your creativity and protect you from electromagnetic waves (EMF). The Lemurian crystal vibrate to help you in personal, spiritual and creative development.\" \/>\n<meta property=\"og:url\" content=\"https:\/\/orgonitesodn.ca\/fr\/produit\/orgonite-lemurian-pyramid-protection-emf\/\" \/>\n<meta property=\"og:site_name\" content=\"Orgonites ODN\" \/>\n<meta property=\"article:modified_time\" content=\"2025-03-11T09:57:21+00:00\" \/>\n<meta property=\"og:image\" content=\"https:\/\/orgonitesodn.ca\/wp-content\/uploads\/2021\/08\/SAB_lemurienne-avec-dessous-scaled.jpg\" \/>\n\t<meta property=\"og:image:width\" content=\"2560\" \/>\n\t<meta property=\"og:image:height\" content=\"1707\" \/>\n\t<meta property=\"og:image:type\" content=\"image\/jpeg\" \/>\n<meta name=\"twitter:card\" content=\"summary_large_image\" \/>\n<meta name=\"twitter:title\" content=\"Lemurian Orgon Pyramid\" \/>\n<meta name=\"twitter:description\" content=\"The most powerful orgonite pyramid to increase your creativity and protect you from electromagnetic waves (EMF). The Lemurian crystal vibrate to help you in personal, spiritual and creative development.\" \/>\n<meta name=\"twitter:image\" content=\"https:\/\/orgonitesodn.ca\/wp-content\/uploads\/2021\/08\/SAB_lemurienne-avec-dessous-scaled.jpg\" \/>\n<meta name=\"twitter:label1\" content=\"Estimation du temps de lecture\" \/>\n\t<meta name=\"twitter:data1\" content=\"2 minutes\" \/>\n<script type=\"application\/ld+json\" class=\"yoast-schema-graph\">{\"@context\":\"https:\\\/\\\/schema.org\",\"@graph\":[{\"@type\":\"WebPage\",\"@id\":\"https:\\\/\\\/orgonitesodn.ca\\\/product\\\/orgonite-lemurian-pyramid-protection-emf\\\/\",\"url\":\"https:\\\/\\\/orgonitesodn.ca\\\/product\\\/orgonite-lemurian-pyramid-protection-emf\\\/\",\"name\":\"Lemurian Quartz Pyramid - The Fairytale - Orgonites ODN\",\"isPartOf\":{\"@id\":\"https:\\\/\\\/orgonitesodn.ca\\\/#website\"},\"primaryImageOfPage\":{\"@id\":\"https:\\\/\\\/orgonitesodn.ca\\\/product\\\/orgonite-lemurian-pyramid-protection-emf\\\/#primaryimage\"},\"image\":{\"@id\":\"https:\\\/\\\/orgonitesodn.ca\\\/product\\\/orgonite-lemurian-pyramid-protection-emf\\\/#primaryimage\"},\"thumbnailUrl\":\"https:\\\/\\\/orgonitesodn.ca\\\/wp-content\\\/uploads\\\/2021\\\/08\\\/SAB_lemurienne-avec-dessous-scaled.jpg\",\"datePublished\":\"2021-08-27T12:02:01+00:00\",\"dateModified\":\"2025-03-11T09:57:21+00:00\",\"description\":\"This lemurian quartz crystal pyramid; The Fairytale, is a powerful orgonite that vibrate to increase your creativity and protect yourself from EMF.\",\"breadcrumb\":{\"@id\":\"https:\\\/\\\/orgonitesodn.ca\\\/product\\\/orgonite-lemurian-pyramid-protection-emf\\\/#breadcrumb\"},\"inLanguage\":\"fr-CA\",\"potentialAction\":[{\"@type\":\"ReadAction\",\"target\":[\"https:\\\/\\\/orgonitesodn.ca\\\/product\\\/orgonite-lemurian-pyramid-protection-emf\\\/\"]}]},{\"@type\":\"ImageObject\",\"inLanguage\":\"fr-CA\",\"@id\":\"https:\\\/\\\/orgonitesodn.ca\\\/product\\\/orgonite-lemurian-pyramid-protection-emf\\\/#primaryimage\",\"url\":\"https:\\\/\\\/orgonitesodn.ca\\\/wp-content\\\/uploads\\\/2021\\\/08\\\/SAB_lemurienne-avec-dessous-scaled.jpg\",\"contentUrl\":\"https:\\\/\\\/orgonitesodn.ca\\\/wp-content\\\/uploads\\\/2021\\\/08\\\/SAB_lemurienne-avec-dessous-scaled.jpg\",\"width\":2560,\"height\":1707},{\"@type\":\"BreadcrumbList\",\"@id\":\"https:\\\/\\\/orgonitesodn.ca\\\/product\\\/orgonite-lemurian-pyramid-protection-emf\\\/#breadcrumb\",\"itemListElement\":[{\"@type\":\"ListItem\",\"position\":1,\"name\":\"Home\",\"item\":\"https:\\\/\\\/orgonitesodn.ca\\\/\"},{\"@type\":\"ListItem\",\"position\":2,\"name\":\"Shop\",\"item\":\"https:\\\/\\\/orgonitesodn.ca\\\/shop-orgonites\\\/\"},{\"@type\":\"ListItem\",\"position\":3,\"name\":\"THE FAIRYTALE\"}]},{\"@type\":\"WebSite\",\"@id\":\"https:\\\/\\\/orgonitesodn.ca\\\/#website\",\"url\":\"https:\\\/\\\/orgonitesodn.ca\\\/\",\"name\":\"Orgonites ODN\",\"description\":\"\",\"publisher\":{\"@id\":\"https:\\\/\\\/orgonitesodn.ca\\\/#organization\"},\"potentialAction\":[{\"@type\":\"SearchAction\",\"target\":{\"@type\":\"EntryPoint\",\"urlTemplate\":\"https:\\\/\\\/orgonitesodn.ca\\\/?s={search_term_string}\"},\"query-input\":{\"@type\":\"PropertyValueSpecification\",\"valueRequired\":true,\"valueName\":\"search_term_string\"}}],\"inLanguage\":\"fr-CA\"},{\"@type\":\"Organization\",\"@id\":\"https:\\\/\\\/orgonitesodn.ca\\\/#organization\",\"name\":\"Orgonites ODN\",\"url\":\"https:\\\/\\\/orgonitesodn.ca\\\/\",\"logo\":{\"@type\":\"ImageObject\",\"inLanguage\":\"fr-CA\",\"@id\":\"https:\\\/\\\/orgonitesodn.ca\\\/#\\\/schema\\\/logo\\\/image\\\/\",\"url\":\"https:\\\/\\\/orgonitesodn.ca\\\/wp-content\\\/uploads\\\/2023\\\/03\\\/page-3-e1722971186772.jpeg\",\"contentUrl\":\"https:\\\/\\\/orgonitesodn.ca\\\/wp-content\\\/uploads\\\/2023\\\/03\\\/page-3-e1722971186772.jpeg\",\"width\":342,\"height\":167,\"caption\":\"Orgonites ODN\"},\"image\":{\"@id\":\"https:\\\/\\\/orgonitesodn.ca\\\/#\\\/schema\\\/logo\\\/image\\\/\"}}]}<\/script>\n<!-- \/ Yoast SEO plugin. -->","yoast_head_json":{"title":"Lemurian Quartz Pyramid - The Fairytale - Orgonites ODN","description":"This lemurian quartz crystal pyramid; The Fairytale, is a powerful orgonite that vibrate to increase your creativity and protect yourself from EMF.","robots":{"index":"index","follow":"follow","max-snippet":"max-snippet:-1","max-image-preview":"max-image-preview:large","max-video-preview":"max-video-preview:-1"},"canonical":"https:\/\/orgonitesodn.ca\/fr\/produit\/orgonite-lemurian-pyramid-protection-emf\/","og_locale":"fr_CA","og_type":"article","og_title":"Lemurian Orgon Pyramid","og_description":"The most powerful orgonite pyramid to increase your creativity and protect you from electromagnetic waves (EMF). The Lemurian crystal vibrate to help you in personal, spiritual and creative development.","og_url":"https:\/\/orgonitesodn.ca\/fr\/produit\/orgonite-lemurian-pyramid-protection-emf\/","og_site_name":"Orgonites ODN","article_modified_time":"2025-03-11T09:57:21+00:00","og_image":[{"width":2560,"height":1707,"url":"https:\/\/orgonitesodn.ca\/wp-content\/uploads\/2021\/08\/SAB_lemurienne-avec-dessous-scaled.jpg","type":"image\/jpeg"}],"twitter_card":"summary_large_image","twitter_title":"Lemurian Orgon Pyramid","twitter_description":"The most powerful orgonite pyramid to increase your creativity and protect you from electromagnetic waves (EMF). The Lemurian crystal vibrate to help you in personal, spiritual and creative development.","twitter_image":"https:\/\/orgonitesodn.ca\/wp-content\/uploads\/2021\/08\/SAB_lemurienne-avec-dessous-scaled.jpg","twitter_misc":{"Estimation du temps de lecture":"2 minutes"},"schema":{"@context":"https:\/\/schema.org","@graph":[{"@type":"WebPage","@id":"https:\/\/orgonitesodn.ca\/product\/orgonite-lemurian-pyramid-protection-emf\/","url":"https:\/\/orgonitesodn.ca\/product\/orgonite-lemurian-pyramid-protection-emf\/","name":"Lemurian Quartz Pyramid - The Fairytale - Orgonites ODN","isPartOf":{"@id":"https:\/\/orgonitesodn.ca\/#website"},"primaryImageOfPage":{"@id":"https:\/\/orgonitesodn.ca\/product\/orgonite-lemurian-pyramid-protection-emf\/#primaryimage"},"image":{"@id":"https:\/\/orgonitesodn.ca\/product\/orgonite-lemurian-pyramid-protection-emf\/#primaryimage"},"thumbnailUrl":"https:\/\/orgonitesodn.ca\/wp-content\/uploads\/2021\/08\/SAB_lemurienne-avec-dessous-scaled.jpg","datePublished":"2021-08-27T12:02:01+00:00","dateModified":"2025-03-11T09:57:21+00:00","description":"This lemurian quartz crystal pyramid; The Fairytale, is a powerful orgonite that vibrate to increase your creativity and protect yourself from EMF.","breadcrumb":{"@id":"https:\/\/orgonitesodn.ca\/product\/orgonite-lemurian-pyramid-protection-emf\/#breadcrumb"},"inLanguage":"fr-CA","potentialAction":[{"@type":"ReadAction","target":["https:\/\/orgonitesodn.ca\/product\/orgonite-lemurian-pyramid-protection-emf\/"]}]},{"@type":"ImageObject","inLanguage":"fr-CA","@id":"https:\/\/orgonitesodn.ca\/product\/orgonite-lemurian-pyramid-protection-emf\/#primaryimage","url":"https:\/\/orgonitesodn.ca\/wp-content\/uploads\/2021\/08\/SAB_lemurienne-avec-dessous-scaled.jpg","contentUrl":"https:\/\/orgonitesodn.ca\/wp-content\/uploads\/2021\/08\/SAB_lemurienne-avec-dessous-scaled.jpg","width":2560,"height":1707},{"@type":"BreadcrumbList","@id":"https:\/\/orgonitesodn.ca\/product\/orgonite-lemurian-pyramid-protection-emf\/#breadcrumb","itemListElement":[{"@type":"ListItem","position":1,"name":"Home","item":"https:\/\/orgonitesodn.ca\/"},{"@type":"ListItem","position":2,"name":"Shop","item":"https:\/\/orgonitesodn.ca\/shop-orgonites\/"},{"@type":"ListItem","position":3,"name":"THE FAIRYTALE"}]},{"@type":"WebSite","@id":"https:\/\/orgonitesodn.ca\/#website","url":"https:\/\/orgonitesodn.ca\/","name":"Orgonites ODN","description":"","publisher":{"@id":"https:\/\/orgonitesodn.ca\/#organization"},"potentialAction":[{"@type":"SearchAction","target":{"@type":"EntryPoint","urlTemplate":"https:\/\/orgonitesodn.ca\/?s={search_term_string}"},"query-input":{"@type":"PropertyValueSpecification","valueRequired":true,"valueName":"search_term_string"}}],"inLanguage":"fr-CA"},{"@type":"Organization","@id":"https:\/\/orgonitesodn.ca\/#organization","name":"Orgonites ODN","url":"https:\/\/orgonitesodn.ca\/","logo":{"@type":"ImageObject","inLanguage":"fr-CA","@id":"https:\/\/orgonitesodn.ca\/#\/schema\/logo\/image\/","url":"https:\/\/orgonitesodn.ca\/wp-content\/uploads\/2023\/03\/page-3-e1722971186772.jpeg","contentUrl":"https:\/\/orgonitesodn.ca\/wp-content\/uploads\/2023\/03\/page-3-e1722971186772.jpeg","width":342,"height":167,"caption":"Orgonites ODN"},"image":{"@id":"https:\/\/orgonitesodn.ca\/#\/schema\/logo\/image\/"}}]}},"jetpack_sharing_enabled":true,"_links":{"self":[{"href":"https:\/\/orgonitesodn.ca\/fr\/wp-json\/wp\/v2\/product\/381","targetHints":{"allow":["GET"]}}],"collection":[{"href":"https:\/\/orgonitesodn.ca\/fr\/wp-json\/wp\/v2\/product"}],"about":[{"href":"https:\/\/orgonitesodn.ca\/fr\/wp-json\/wp\/v2\/types\/product"}],"replies":[{"embeddable":true,"href":"https:\/\/orgonitesodn.ca\/fr\/wp-json\/wp\/v2\/comments?post=381"}],"version-history":[{"count":7,"href":"https:\/\/orgonitesodn.ca\/fr\/wp-json\/wp\/v2\/product\/381\/revisions"}],"predecessor-version":[{"id":11793,"href":"https:\/\/orgonitesodn.ca\/fr\/wp-json\/wp\/v2\/product\/381\/revisions\/11793"}],"wp:featuredmedia":[{"embeddable":true,"href":"https:\/\/orgonitesodn.ca\/fr\/wp-json\/wp\/v2\/media\/11272"}],"wp:attachment":[{"href":"https:\/\/orgonitesodn.ca\/fr\/wp-json\/wp\/v2\/media?parent=381"}],"wp:term":[{"taxonomy":"product_brand","embeddable":true,"href":"https:\/\/orgonitesodn.ca\/fr\/wp-json\/wp\/v2\/product_brand?post=381"},{"taxonomy":"product_cat","embeddable":true,"href":"https:\/\/orgonitesodn.ca\/fr\/wp-json\/wp\/v2\/product_cat?post=381"},{"taxonomy":"product_tag","embeddable":true,"href":"https:\/\/orgonitesodn.ca\/fr\/wp-json\/wp\/v2\/product_tag?post=381"}],"curies":[{"name":"wp","href":"https:\/\/api.w.org\/{rel}","templated":true}]}}