{"id":395,"date":"2021-08-27T12:11:46","date_gmt":"2021-08-27T12:11:46","guid":{"rendered":"http:\/\/dummy.xtemos.com\/woodmart2\/elementor\/?post_type=product&#038;p=395"},"modified":"2026-03-28T11:48:57","modified_gmt":"2026-03-28T11:48:57","slug":"pyramid-orgonite-garden-wifi-emf-positive-energy-quartz-powerful-essential-rebalance-field","status":"publish","type":"product","link":"https:\/\/orgonitesodn.ca\/fr\/produit\/pyramid-orgonite-garden-wifi-emf-positive-energy-quartz-powerful-essential-rebalance-field\/","title":{"rendered":"LA PROTECTRICE"},"content":{"rendered":"<div data-elementor-type=\"wp-post\" data-elementor-id=\"395\" class=\"elementor elementor-395\" data-elementor-post-type=\"product\">\n\t\t\t\t\t\t<section class=\"wd-negative-gap elementor-section elementor-top-section elementor-element elementor-element-5c4d4f1c elementor-section-content-top elementor-section-boxed elementor-section-height-default elementor-section-height-default\" data-id=\"5c4d4f1c\" data-element_type=\"section\" data-e-type=\"section\">\n\t\t\t\t\t\t<div class=\"elementor-container elementor-column-gap-default\">\n\t\t\t\t\t<div class=\"elementor-column elementor-col-50 elementor-top-column elementor-element elementor-element-596d6e65\" data-id=\"596d6e65\" data-element_type=\"column\" data-e-type=\"column\">\n\t\t\t<div class=\"elementor-widget-wrap elementor-element-populated\">\n\t\t\t\t\t\t<div class=\"elementor-element elementor-element-21a4c91 elementor-widget elementor-widget-wd_text_block\" data-id=\"21a4c91\" data-element_type=\"widget\" data-e-type=\"widget\" data-widget_type=\"wd_text_block.default\">\n\t\t\t\t<div class=\"elementor-widget-container\">\n\t\t\t\t\t\t\t<div class=\"wd-text-block reset-last-child text-left\">\n\t\t\t\n\t\t\t<p>Avec son quartz double-termin\u00e9 Grade AAA en son centre qui est entour\u00e9 par la force positive de l'am\u00e9thyste et du quartz rose, cette pyramide r\u00e9\u00e9quilibrera le champ \u00e9nerg\u00e9tique de fa\u00e7on calme et puissante. Le sommet de cuivre, le m\u00e9lange de m\u00e9taux et les d\u00e9tails de la base comprenant 4 quartz double-termin\u00e9s embobin\u00e9s de cuivre entour\u00e9s d'un choix de pierres exclusif, donnent \u00e0 La Protectrice une force unique.  Fabriqu\u00e9e en respect des proportions du nombre d'or, La Protectrice est un essentiel pr\u00e8s des installations Wifi de la maison (routeur). Elle propulsera des ions n\u00e9gatifs dans un p\u00e9rim\u00e8tre de 18 \u00e0 20 pieds pour vous offrir une tr\u00e8s grande protection. Le champs d'ondes positives s\u2019installera doucement et vous profiterez des bienfaits relaxants.<\/p><p>Vous avez un jardin ? Que ce soit \u00e0 l\u2019int\u00e9rieur ou \u00e0 l\u2019ext\u00e9rieur, installez cette pyramide en son centre pour offrir une \u00e9nergie douce et fortifiante \u00e0 vos plantes bien-aim\u00e9es. Elles vous remercieront avec des fruits plus gros et plus savoureux. Laissez l\u2019orgone positive, la force de la vie, entrer dans votre maison!<\/p><p>Fabriqu\u00e9e \u00e0 la main dans un environnement entour\u00e9 par la nature.<\/p>\n\t\t\t\t\t<\/div>\n\t\t\t\t\t\t<\/div>\n\t\t\t\t<\/div>\n\t\t\t\t\t<\/div>\n\t\t<\/div>\n\t\t\t\t<div class=\"elementor-column elementor-col-50 elementor-top-column elementor-element elementor-element-2c92bdae\" data-id=\"2c92bdae\" data-element_type=\"column\" data-e-type=\"column\">\n\t\t\t<div class=\"elementor-widget-wrap elementor-element-populated\">\n\t\t\t\t\t\t<section class=\"wd-negative-gap elementor-section elementor-inner-section elementor-element elementor-element-1a8f9bc8 elementor-section-content-top elementor-section-boxed elementor-section-height-default elementor-section-height-default\" data-id=\"1a8f9bc8\" data-element_type=\"section\" data-e-type=\"section\">\n\t\t\t\t\t\t<div class=\"elementor-container elementor-column-gap-default\">\n\t\t\t\t\t<div class=\"elementor-column elementor-col-50 elementor-inner-column elementor-element elementor-element-33fa3dd9\" data-id=\"33fa3dd9\" data-element_type=\"column\" data-e-type=\"column\">\n\t\t\t<div class=\"elementor-widget-wrap elementor-element-populated\">\n\t\t\t\t\t\t<div class=\"elementor-element elementor-element-469518eb elementor-widget elementor-widget-wd_infobox\" data-id=\"469518eb\" data-element_type=\"widget\" data-e-type=\"widget\" data-widget_type=\"wd_infobox.default\">\n\t\t\t\t<div class=\"elementor-widget-container\">\n\t\t\t\t\t\t\t<div class=\"info-box-wrapper\">\n\t\t\t<div class=\"wd-info-box text-center box-icon-align-top box-style-base color-scheme-\">\n\t\t\t\t\t\t\t\t\t<div class=\"box-icon-wrapper  box-with-icon box-icon-simple\">\n\t\t\t\t\t\t<div class=\"info-box-icon\">\n\t\t\t\t\t\t\t\t\t\t\t\t\t\t\t<img decoding=\"async\" width=\"50\" height=\"50\" src=\"https:\/\/orgonitesodn.ca\/wp-content\/uploads\/2021\/08\/94923601-dessin-au-trait-d-un-cristal-de-quartz-50x50.webp\" class=\"attachment-50x50 size-50x50\" alt=\"\" srcset=\"https:\/\/orgonitesodn.ca\/wp-content\/uploads\/2021\/08\/94923601-dessin-au-trait-d-un-cristal-de-quartz-50x50.webp 50w, https:\/\/orgonitesodn.ca\/wp-content\/uploads\/2021\/08\/94923601-dessin-au-trait-d-un-cristal-de-quartz-300x300.webp 300w, https:\/\/orgonitesodn.ca\/wp-content\/uploads\/2021\/08\/94923601-dessin-au-trait-d-un-cristal-de-quartz-150x150.webp 150w, https:\/\/orgonitesodn.ca\/wp-content\/uploads\/2021\/08\/94923601-dessin-au-trait-d-un-cristal-de-quartz-12x12.webp 12w, https:\/\/orgonitesodn.ca\/wp-content\/uploads\/2021\/08\/94923601-dessin-au-trait-d-un-cristal-de-quartz-430x430.webp 430w, https:\/\/orgonitesodn.ca\/wp-content\/uploads\/2021\/08\/94923601-dessin-au-trait-d-un-cristal-de-quartz.webp 450w\" sizes=\"(max-width: 50px) 100vw, 50px\" \/>\t\t\t\t\t\t\t\t\t\t\t\t\t<\/div>\n\t\t\t\t\t<\/div>\n\t\t\t\t\n\t\t\t\t<div class=\"info-box-content\">\n\t\t\t\t\t\n\t\t\t\t\t\t\t\t\t\t\t<h4\t\t\t\t\t\tclass=\"info-box-title title box-title-style-default wd-fontsize-s\" data-elementor-setting-key=\"title\">\n\t\t\t\t\t\t\t\tPuissant Quartz de Qualit\u00e9 AAA\t\t\t\t\t\t<\/h4>\n\t\t\t\t\t\n\t\t\t\t\t<div class=\"info-box-inner reset-last-child\"data-elementor-setting-key=\"content\"><p style=\"text-align: center\">Le produit avec le plus gros Quartz dans notre collection<\/p>\n<\/div>\n\n\t\t\t\t\t\t\t\t\t<\/div>\n\n\t\t\t\t\t\t\t\t\t<a href=\"#\" class=\"wd-info-box-link wd-fill\" aria-label=\"Infobox link\"><\/a>\n\t\t\t\t\t\t\t<\/div>\n\t\t<\/div>\n\t\t\t\t\t\t<\/div>\n\t\t\t\t<\/div>\n\t\t\t\t<div class=\"elementor-element elementor-element-300ce022 elementor-widget elementor-widget-wd_infobox\" data-id=\"300ce022\" data-element_type=\"widget\" data-e-type=\"widget\" data-widget_type=\"wd_infobox.default\">\n\t\t\t\t<div class=\"elementor-widget-container\">\n\t\t\t\t\t\t\t<div class=\"info-box-wrapper\">\n\t\t\t<div class=\"wd-info-box text-center box-icon-align-top box-style-base color-scheme-\">\n\t\t\t\t\t\t\t\t\t<div class=\"box-icon-wrapper  box-with-icon box-icon-simple\">\n\t\t\t\t\t\t<div class=\"info-box-icon\">\n\t\t\t\t\t\t\t\t\t\t\t\t\t\t\t<img decoding=\"async\" width=\"50\" height=\"50\" src=\"https:\/\/orgonitesodn.ca\/wp-content\/uploads\/2021\/08\/depositphotos_236066716-stock-photo-explode-flash-cartoon-explosion-star-50x50.webp\" class=\"attachment-50x50 size-50x50\" alt=\"\" srcset=\"https:\/\/orgonitesodn.ca\/wp-content\/uploads\/2021\/08\/depositphotos_236066716-stock-photo-explode-flash-cartoon-explosion-star-50x50.webp 50w, https:\/\/orgonitesodn.ca\/wp-content\/uploads\/2021\/08\/depositphotos_236066716-stock-photo-explode-flash-cartoon-explosion-star-300x300.webp 300w, https:\/\/orgonitesodn.ca\/wp-content\/uploads\/2021\/08\/depositphotos_236066716-stock-photo-explode-flash-cartoon-explosion-star-150x150.webp 150w, https:\/\/orgonitesodn.ca\/wp-content\/uploads\/2021\/08\/depositphotos_236066716-stock-photo-explode-flash-cartoon-explosion-star-12x12.webp 12w, https:\/\/orgonitesodn.ca\/wp-content\/uploads\/2021\/08\/depositphotos_236066716-stock-photo-explode-flash-cartoon-explosion-star-430x430.webp 430w, https:\/\/orgonitesodn.ca\/wp-content\/uploads\/2021\/08\/depositphotos_236066716-stock-photo-explode-flash-cartoon-explosion-star.webp 600w\" sizes=\"(max-width: 50px) 100vw, 50px\" \/>\t\t\t\t\t\t\t\t\t\t\t\t\t<\/div>\n\t\t\t\t\t<\/div>\n\t\t\t\t\n\t\t\t\t<div class=\"info-box-content\">\n\t\t\t\t\t\n\t\t\t\t\t\t\t\t\t\t\t<h4\t\t\t\t\t\tclass=\"info-box-title title box-title-style-default wd-fontsize-s\" data-elementor-setting-key=\"title\">\n\t\t\t\t\t\t\t\tMeilleur rayon d'efficacit\u00e9\t\t\t\t\t\t<\/h4>\n\t\t\t\t\t\n\t\t\t\t\t<div class=\"info-box-inner reset-last-child\"data-elementor-setting-key=\"content\"><p style=\"text-align: center\">Notre orgonite avec le plus gros diam\u00e8tre d'effectivit\u00e9<\/p>\n<\/div>\n\n\t\t\t\t\t\t\t\t\t<\/div>\n\n\t\t\t\t\t\t\t\t\t<a href=\"#\" class=\"wd-info-box-link wd-fill\" aria-label=\"Infobox link\"><\/a>\n\t\t\t\t\t\t\t<\/div>\n\t\t<\/div>\n\t\t\t\t\t\t<\/div>\n\t\t\t\t<\/div>\n\t\t\t\t\t<\/div>\n\t\t<\/div>\n\t\t\t\t<div class=\"elementor-column elementor-col-50 elementor-top-column elementor-element elementor-element-5633ee36\" data-id=\"5633ee36\" data-element_type=\"column\" data-e-type=\"column\">\n\t\t\t<div class=\"elementor-widget-wrap elementor-element-populated\">\n\t\t\t\t\t\t<div class=\"elementor-element elementor-element-3ac37d75 elementor-widget elementor-widget-wd_infobox\" data-id=\"3ac37d75\" data-element_type=\"widget\" data-e-type=\"widget\" data-widget_type=\"wd_infobox.default\">\n\t\t\t\t<div class=\"elementor-widget-container\">\n\t\t\t\t\t\t\t<div class=\"info-box-wrapper\">\n\t\t\t<div class=\"wd-info-box text-center box-icon-align-top box-style-base color-scheme-\">\n\t\t\t\t\t\t\t\t\t<div class=\"box-icon-wrapper  box-with-icon box-icon-simple\">\n\t\t\t\t\t\t<div class=\"info-box-icon\">\n\t\t\t\t\t\t\t\t\t\t\t\t\t\t\t<img decoding=\"async\" width=\"50\" height=\"50\" src=\"https:\/\/orgonitesodn.ca\/wp-content\/uploads\/2021\/08\/istockphoto-1271132926-612x612-1-50x50.jpg\" class=\"attachment-50x50 size-50x50\" alt=\"\" srcset=\"https:\/\/orgonitesodn.ca\/wp-content\/uploads\/2021\/08\/istockphoto-1271132926-612x612-1-50x50.jpg 50w, https:\/\/orgonitesodn.ca\/wp-content\/uploads\/2021\/08\/istockphoto-1271132926-612x612-1-300x300.jpg 300w, https:\/\/orgonitesodn.ca\/wp-content\/uploads\/2021\/08\/istockphoto-1271132926-612x612-1-150x150.jpg 150w, https:\/\/orgonitesodn.ca\/wp-content\/uploads\/2021\/08\/istockphoto-1271132926-612x612-1-12x12.jpg 12w, https:\/\/orgonitesodn.ca\/wp-content\/uploads\/2021\/08\/istockphoto-1271132926-612x612-1-430x430.jpg 430w, https:\/\/orgonitesodn.ca\/wp-content\/uploads\/2021\/08\/istockphoto-1271132926-612x612-1.jpg 612w\" sizes=\"(max-width: 50px) 100vw, 50px\" \/>\t\t\t\t\t\t\t\t\t\t\t\t\t<\/div>\n\t\t\t\t\t<\/div>\n\t\t\t\t\n\t\t\t\t<div class=\"info-box-content\">\n\t\t\t\t\t\n\t\t\t\t\t\t\t\t\t\t\t<h4\t\t\t\t\t\tclass=\"info-box-title title box-title-style-default wd-fontsize-s\" data-elementor-setting-key=\"title\">\n\t\t\t\t\t\t\t\tInstall\u00e9e pr\u00e8s des installations Wifi\t\t\t\t\t\t<\/h4>\n\t\t\t\t\t\n\t\t\t\t\t<div class=\"info-box-inner reset-last-child\"data-elementor-setting-key=\"content\"><p style=\"text-align: center;\">Propage des ions n\u00e9gatifs naturels<\/p>\n<\/div>\n\n\t\t\t\t\t\t\t\t\t<\/div>\n\n\t\t\t\t\t\t\t\t\t<a href=\"#\" class=\"wd-info-box-link wd-fill\" aria-label=\"Infobox link\"><\/a>\n\t\t\t\t\t\t\t<\/div>\n\t\t<\/div>\n\t\t\t\t\t\t<\/div>\n\t\t\t\t<\/div>\n\t\t\t\t<div class=\"elementor-element elementor-element-58574e07 elementor-widget elementor-widget-wd_infobox\" data-id=\"58574e07\" data-element_type=\"widget\" data-e-type=\"widget\" data-widget_type=\"wd_infobox.default\">\n\t\t\t\t<div class=\"elementor-widget-container\">\n\t\t\t\t\t\t\t<div class=\"info-box-wrapper\">\n\t\t\t<div class=\"wd-info-box text-center box-icon-align-top box-style-base color-scheme-\">\n\t\t\t\t\t\t\t\t\t<div class=\"box-icon-wrapper  box-with-icon box-icon-simple\">\n\t\t\t\t\t\t<div class=\"info-box-icon\">\n\t\t\t\t\t\t\t\t\t\t\t\t\t\t\t<img loading=\"lazy\" decoding=\"async\" width=\"60\" height=\"60\" src=\"https:\/\/orgonitesodn.ca\/wp-content\/uploads\/2021\/08\/istockphoto-1328455500-612x612-1-60x60.jpg\" class=\"attachment-60x60 size-60x60\" alt=\"\" srcset=\"https:\/\/orgonitesodn.ca\/wp-content\/uploads\/2021\/08\/istockphoto-1328455500-612x612-1-60x60.jpg 60w, https:\/\/orgonitesodn.ca\/wp-content\/uploads\/2021\/08\/istockphoto-1328455500-612x612-1-150x150.jpg 150w\" sizes=\"(max-width: 60px) 100vw, 60px\" \/>\t\t\t\t\t\t\t\t\t\t\t\t\t<\/div>\n\t\t\t\t\t<\/div>\n\t\t\t\t\n\t\t\t\t<div class=\"info-box-content\">\n\t\t\t\t\t\n\t\t\t\t\t\t\t\t\t\t\t<h4\t\t\t\t\t\tclass=\"info-box-title title box-title-style-default wd-fontsize-s\" data-elementor-setting-key=\"title\">\n\t\t\t\t\t\t\t\tNombre d'Or\t\t\t\t\t\t<\/h4>\n\t\t\t\t\t\n\t\t\t\t\t<div class=\"info-box-inner reset-last-child\"data-elementor-setting-key=\"content\"><p style=\"text-align: center\">Fabriqu\u00e9e \u00e0 la main en respect des proportions du Nombre D'Or<\/p>\n<\/div>\n\n\t\t\t\t\t\t\t\t\t<\/div>\n\n\t\t\t\t\t\t\t\t\t<a href=\"#\" class=\"wd-info-box-link wd-fill\" aria-label=\"Infobox link\"><\/a>\n\t\t\t\t\t\t\t<\/div>\n\t\t<\/div>\n\t\t\t\t\t\t<\/div>\n\t\t\t\t<\/div>\n\t\t\t\t\t<\/div>\n\t\t<\/div>\n\t\t\t\t\t<\/div>\n\t\t<\/section>\n\t\t\t\t\t<\/div>\n\t\t<\/div>\n\t\t\t\t\t<\/div>\n\t\t<\/section>\n\t\t\t\t<\/div>","protected":false},"excerpt":{"rendered":"<p>Fabriqu\u00e9e selon les proportions du Nombre d'Or, La Protectrice est un incontournable \u00e0 proximit\u00e9 des installations Wifi de votre maison.<\/p>\n<p>Tr\u00e8s haute protection. Le champ \u00e9nerg\u00e9tique r\u00e9\u00e9quilibr\u00e9 s\u2019installera doucement et vous profiterez des bienfaits relaxants.<\/p>\n<p>&nbsp;<\/p>","protected":false},"featured_media":11279,"comment_status":"open","ping_status":"closed","template":"","meta":[],"product_brand":[],"product_cat":[21,73],"product_tag":[],"class_list":{"0":"post-395","1":"product","2":"type-product","3":"status-publish","4":"has-post-thumbnail","6":"product_cat-essential-products-orgonites-protection","7":"product_cat-orgonite-hhg-orgone-generators-protection-powerful-quartz-crystals-gemstones","9":"first","10":"instock","11":"taxable","12":"shipping-taxable","13":"purchasable","14":"product-type-simple"},"yoast_head":"<!-- This site is optimized with the Yoast SEO plugin v27.0 - https:\/\/yoast.com\/product\/yoast-seo-wordpress\/ -->\n<title>Pyramid rebalance energy field - THE PROTECTOR - ODN<\/title>\n<meta name=\"description\" content=\"The Protector will rebalance the energy field in a calm and powerful way. It&#039;s an essential near the Wifi facilities of your home and the garden.\" \/>\n<meta name=\"robots\" content=\"index, follow, max-snippet:-1, max-image-preview:large, max-video-preview:-1\" \/>\n<link rel=\"canonical\" href=\"https:\/\/orgonitesodn.ca\/fr\/produit\/pyramid-orgonite-garden-wifi-emf-positive-energy-quartz-powerful-essential-rebalance-field\/\" \/>\n<meta property=\"og:locale\" content=\"fr_CA\" \/>\n<meta property=\"og:type\" content=\"article\" \/>\n<meta property=\"og:title\" content=\"Pyramid rebalance energy field - THE PROTECTOR - ODN\" \/>\n<meta property=\"og:description\" content=\"The Protector will rebalance the energy field in a calm and powerful way. It&#039;s an essential near the Wifi facilities of your home and the garden.\" \/>\n<meta property=\"og:url\" content=\"https:\/\/orgonitesodn.ca\/fr\/produit\/pyramid-orgonite-garden-wifi-emf-positive-energy-quartz-powerful-essential-rebalance-field\/\" \/>\n<meta property=\"og:site_name\" content=\"Orgonites ODN\" \/>\n<meta property=\"article:modified_time\" content=\"2026-03-28T11:48:57+00:00\" \/>\n<meta property=\"og:image\" content=\"https:\/\/orgonitesodn.ca\/wp-content\/uploads\/2021\/08\/SAB_sublime-scaled.jpg\" \/>\n\t<meta property=\"og:image:width\" content=\"2560\" \/>\n\t<meta property=\"og:image:height\" content=\"1707\" \/>\n\t<meta property=\"og:image:type\" content=\"image\/jpeg\" \/>\n<meta name=\"twitter:card\" content=\"summary_large_image\" \/>\n<meta name=\"twitter:label1\" content=\"Estimation du temps de lecture\" \/>\n\t<meta name=\"twitter:data1\" content=\"2 minutes\" \/>\n<script type=\"application\/ld+json\" class=\"yoast-schema-graph\">{\"@context\":\"https:\/\/schema.org\",\"@graph\":[{\"@type\":\"WebPage\",\"@id\":\"https:\/\/orgonitesodn.ca\/product\/pyramid-orgonite-garden-wifi-emf-positive-energy-quartz-powerful-essential-rebalance-field\/\",\"url\":\"https:\/\/orgonitesodn.ca\/product\/pyramid-orgonite-garden-wifi-emf-positive-energy-quartz-powerful-essential-rebalance-field\/\",\"name\":\"Pyramid rebalance energy field - THE PROTECTOR - ODN\",\"isPartOf\":{\"@id\":\"https:\/\/orgonitesodn.ca\/#website\"},\"primaryImageOfPage\":{\"@id\":\"https:\/\/orgonitesodn.ca\/product\/pyramid-orgonite-garden-wifi-emf-positive-energy-quartz-powerful-essential-rebalance-field\/#primaryimage\"},\"image\":{\"@id\":\"https:\/\/orgonitesodn.ca\/product\/pyramid-orgonite-garden-wifi-emf-positive-energy-quartz-powerful-essential-rebalance-field\/#primaryimage\"},\"thumbnailUrl\":\"https:\/\/orgonitesodn.ca\/wp-content\/uploads\/2021\/08\/SAB_sublime-scaled.jpg\",\"datePublished\":\"2021-08-27T12:11:46+00:00\",\"dateModified\":\"2026-03-28T11:48:57+00:00\",\"description\":\"The Protector will rebalance the energy field in a calm and powerful way. It's an essential near the Wifi facilities of your home and the garden.\",\"breadcrumb\":{\"@id\":\"https:\/\/orgonitesodn.ca\/product\/pyramid-orgonite-garden-wifi-emf-positive-energy-quartz-powerful-essential-rebalance-field\/#breadcrumb\"},\"inLanguage\":\"fr-CA\",\"potentialAction\":[{\"@type\":\"ReadAction\",\"target\":[\"https:\/\/orgonitesodn.ca\/product\/pyramid-orgonite-garden-wifi-emf-positive-energy-quartz-powerful-essential-rebalance-field\/\"]}]},{\"@type\":\"ImageObject\",\"inLanguage\":\"fr-CA\",\"@id\":\"https:\/\/orgonitesodn.ca\/product\/pyramid-orgonite-garden-wifi-emf-positive-energy-quartz-powerful-essential-rebalance-field\/#primaryimage\",\"url\":\"https:\/\/orgonitesodn.ca\/wp-content\/uploads\/2021\/08\/SAB_sublime-scaled.jpg\",\"contentUrl\":\"https:\/\/orgonitesodn.ca\/wp-content\/uploads\/2021\/08\/SAB_sublime-scaled.jpg\",\"width\":2560,\"height\":1707},{\"@type\":\"BreadcrumbList\",\"@id\":\"https:\/\/orgonitesodn.ca\/product\/pyramid-orgonite-garden-wifi-emf-positive-energy-quartz-powerful-essential-rebalance-field\/#breadcrumb\",\"itemListElement\":[{\"@type\":\"ListItem\",\"position\":1,\"name\":\"Home\",\"item\":\"https:\/\/orgonitesodn.ca\/\"},{\"@type\":\"ListItem\",\"position\":2,\"name\":\"Shop\",\"item\":\"https:\/\/orgonitesodn.ca\/shop-orgonites\/\"},{\"@type\":\"ListItem\",\"position\":3,\"name\":\"THE PROTECTOR\"}]},{\"@type\":\"WebSite\",\"@id\":\"https:\/\/orgonitesodn.ca\/#website\",\"url\":\"https:\/\/orgonitesodn.ca\/\",\"name\":\"Orgonites ODN\",\"description\":\"\",\"publisher\":{\"@id\":\"https:\/\/orgonitesodn.ca\/#organization\"},\"potentialAction\":[{\"@type\":\"SearchAction\",\"target\":{\"@type\":\"EntryPoint\",\"urlTemplate\":\"https:\/\/orgonitesodn.ca\/?s={search_term_string}\"},\"query-input\":{\"@type\":\"PropertyValueSpecification\",\"valueRequired\":true,\"valueName\":\"search_term_string\"}}],\"inLanguage\":\"fr-CA\"},{\"@type\":\"Organization\",\"@id\":\"https:\/\/orgonitesodn.ca\/#organization\",\"name\":\"Orgonites ODN\",\"url\":\"https:\/\/orgonitesodn.ca\/\",\"logo\":{\"@type\":\"ImageObject\",\"inLanguage\":\"fr-CA\",\"@id\":\"https:\/\/orgonitesodn.ca\/#\/schema\/logo\/image\/\",\"url\":\"https:\/\/orgonitesodn.ca\/wp-content\/uploads\/2023\/03\/page-3-e1722971186772.jpeg\",\"contentUrl\":\"https:\/\/orgonitesodn.ca\/wp-content\/uploads\/2023\/03\/page-3-e1722971186772.jpeg\",\"width\":342,\"height\":167,\"caption\":\"Orgonites ODN\"},\"image\":{\"@id\":\"https:\/\/orgonitesodn.ca\/#\/schema\/logo\/image\/\"}}]}<\/script>\n<!-- \/ Yoast SEO plugin. -->","yoast_head_json":{"title":"Pyramid rebalance energy field - THE PROTECTOR - ODN","description":"The Protector will rebalance the energy field in a calm and powerful way. It's an essential near the Wifi facilities of your home and the garden.","robots":{"index":"index","follow":"follow","max-snippet":"max-snippet:-1","max-image-preview":"max-image-preview:large","max-video-preview":"max-video-preview:-1"},"canonical":"https:\/\/orgonitesodn.ca\/fr\/produit\/pyramid-orgonite-garden-wifi-emf-positive-energy-quartz-powerful-essential-rebalance-field\/","og_locale":"fr_CA","og_type":"article","og_title":"Pyramid rebalance energy field - THE PROTECTOR - ODN","og_description":"The Protector will rebalance the energy field in a calm and powerful way. It's an essential near the Wifi facilities of your home and the garden.","og_url":"https:\/\/orgonitesodn.ca\/fr\/produit\/pyramid-orgonite-garden-wifi-emf-positive-energy-quartz-powerful-essential-rebalance-field\/","og_site_name":"Orgonites ODN","article_modified_time":"2026-03-28T11:48:57+00:00","og_image":[{"width":2560,"height":1707,"url":"https:\/\/orgonitesodn.ca\/wp-content\/uploads\/2021\/08\/SAB_sublime-scaled.jpg","type":"image\/jpeg"}],"twitter_card":"summary_large_image","twitter_misc":{"Estimation du temps de lecture":"2 minutes"},"schema":{"@context":"https:\/\/schema.org","@graph":[{"@type":"WebPage","@id":"https:\/\/orgonitesodn.ca\/product\/pyramid-orgonite-garden-wifi-emf-positive-energy-quartz-powerful-essential-rebalance-field\/","url":"https:\/\/orgonitesodn.ca\/product\/pyramid-orgonite-garden-wifi-emf-positive-energy-quartz-powerful-essential-rebalance-field\/","name":"Pyramid rebalance energy field - THE PROTECTOR - ODN","isPartOf":{"@id":"https:\/\/orgonitesodn.ca\/#website"},"primaryImageOfPage":{"@id":"https:\/\/orgonitesodn.ca\/product\/pyramid-orgonite-garden-wifi-emf-positive-energy-quartz-powerful-essential-rebalance-field\/#primaryimage"},"image":{"@id":"https:\/\/orgonitesodn.ca\/product\/pyramid-orgonite-garden-wifi-emf-positive-energy-quartz-powerful-essential-rebalance-field\/#primaryimage"},"thumbnailUrl":"https:\/\/orgonitesodn.ca\/wp-content\/uploads\/2021\/08\/SAB_sublime-scaled.jpg","datePublished":"2021-08-27T12:11:46+00:00","dateModified":"2026-03-28T11:48:57+00:00","description":"The Protector will rebalance the energy field in a calm and powerful way. It's an essential near the Wifi facilities of your home and the garden.","breadcrumb":{"@id":"https:\/\/orgonitesodn.ca\/product\/pyramid-orgonite-garden-wifi-emf-positive-energy-quartz-powerful-essential-rebalance-field\/#breadcrumb"},"inLanguage":"fr-CA","potentialAction":[{"@type":"ReadAction","target":["https:\/\/orgonitesodn.ca\/product\/pyramid-orgonite-garden-wifi-emf-positive-energy-quartz-powerful-essential-rebalance-field\/"]}]},{"@type":"ImageObject","inLanguage":"fr-CA","@id":"https:\/\/orgonitesodn.ca\/product\/pyramid-orgonite-garden-wifi-emf-positive-energy-quartz-powerful-essential-rebalance-field\/#primaryimage","url":"https:\/\/orgonitesodn.ca\/wp-content\/uploads\/2021\/08\/SAB_sublime-scaled.jpg","contentUrl":"https:\/\/orgonitesodn.ca\/wp-content\/uploads\/2021\/08\/SAB_sublime-scaled.jpg","width":2560,"height":1707},{"@type":"BreadcrumbList","@id":"https:\/\/orgonitesodn.ca\/product\/pyramid-orgonite-garden-wifi-emf-positive-energy-quartz-powerful-essential-rebalance-field\/#breadcrumb","itemListElement":[{"@type":"ListItem","position":1,"name":"Home","item":"https:\/\/orgonitesodn.ca\/"},{"@type":"ListItem","position":2,"name":"Shop","item":"https:\/\/orgonitesodn.ca\/shop-orgonites\/"},{"@type":"ListItem","position":3,"name":"THE PROTECTOR"}]},{"@type":"WebSite","@id":"https:\/\/orgonitesodn.ca\/#website","url":"https:\/\/orgonitesodn.ca\/","name":"Orgonites ODN","description":"","publisher":{"@id":"https:\/\/orgonitesodn.ca\/#organization"},"potentialAction":[{"@type":"SearchAction","target":{"@type":"EntryPoint","urlTemplate":"https:\/\/orgonitesodn.ca\/?s={search_term_string}"},"query-input":{"@type":"PropertyValueSpecification","valueRequired":true,"valueName":"search_term_string"}}],"inLanguage":"fr-CA"},{"@type":"Organization","@id":"https:\/\/orgonitesodn.ca\/#organization","name":"Orgonites ODN","url":"https:\/\/orgonitesodn.ca\/","logo":{"@type":"ImageObject","inLanguage":"fr-CA","@id":"https:\/\/orgonitesodn.ca\/#\/schema\/logo\/image\/","url":"https:\/\/orgonitesodn.ca\/wp-content\/uploads\/2023\/03\/page-3-e1722971186772.jpeg","contentUrl":"https:\/\/orgonitesodn.ca\/wp-content\/uploads\/2023\/03\/page-3-e1722971186772.jpeg","width":342,"height":167,"caption":"Orgonites ODN"},"image":{"@id":"https:\/\/orgonitesodn.ca\/#\/schema\/logo\/image\/"}}]}},"jetpack_sharing_enabled":true,"_links":{"self":[{"href":"https:\/\/orgonitesodn.ca\/fr\/wp-json\/wp\/v2\/product\/395","targetHints":{"allow":["GET"]}}],"collection":[{"href":"https:\/\/orgonitesodn.ca\/fr\/wp-json\/wp\/v2\/product"}],"about":[{"href":"https:\/\/orgonitesodn.ca\/fr\/wp-json\/wp\/v2\/types\/product"}],"replies":[{"embeddable":true,"href":"https:\/\/orgonitesodn.ca\/fr\/wp-json\/wp\/v2\/comments?post=395"}],"version-history":[{"count":31,"href":"https:\/\/orgonitesodn.ca\/fr\/wp-json\/wp\/v2\/product\/395\/revisions"}],"predecessor-version":[{"id":14793,"href":"https:\/\/orgonitesodn.ca\/fr\/wp-json\/wp\/v2\/product\/395\/revisions\/14793"}],"wp:featuredmedia":[{"embeddable":true,"href":"https:\/\/orgonitesodn.ca\/fr\/wp-json\/wp\/v2\/media\/11279"}],"wp:attachment":[{"href":"https:\/\/orgonitesodn.ca\/fr\/wp-json\/wp\/v2\/media?parent=395"}],"wp:term":[{"taxonomy":"product_brand","embeddable":true,"href":"https:\/\/orgonitesodn.ca\/fr\/wp-json\/wp\/v2\/product_brand?post=395"},{"taxonomy":"product_cat","embeddable":true,"href":"https:\/\/orgonitesodn.ca\/fr\/wp-json\/wp\/v2\/product_cat?post=395"},{"taxonomy":"product_tag","embeddable":true,"href":"https:\/\/orgonitesodn.ca\/fr\/wp-json\/wp\/v2\/product_tag?post=395"}],"curies":[{"name":"wp","href":"https:\/\/api.w.org\/{rel}","templated":true}]}}