{"id":8934,"date":"2010-10-04T16:32:40","date_gmt":"2010-10-04T16:32:40","guid":{"rendered":"https:\/\/orgon.ghostpress.io\/product\/implant-killer\/"},"modified":"2025-03-13T19:54:10","modified_gmt":"2025-03-13T19:54:10","slug":"rebalancer-energies-chakras","status":"publish","type":"product","link":"https:\/\/orgonitesodn.ca\/fr\/produit\/rebalancer-energies-chakras\/","title":{"rendered":"LE R\u00c9\u00c9QUILIBREUR"},"content":{"rendered":"<p>Le R\u00e9\u00e9quilibreur aide \u00e0 r\u00e9\u00e9quilibrer et \u00e0 nettoyer les \u00e9nergies et les chakras. Cet outil est fait, entre autres, pour vous aider pendant les m\u00e9ditations de gu\u00e9rison. Nous obtenons ainsi des ancrages personnels clairs parce que nous supprimons les parasites. Le R\u00e9\u00e9quilibreur peut \u00eatre utilis\u00e9 sur toutes les parties du corps.<\/p>\n<p>Son aide procure un sentiment de bien-\u00eatre et de vitalit\u00e9. Son efficacit\u00e9 est obtenue gr\u00e2ce \u00e0 ses 4 quartz de qualit\u00e9 AAA embobin\u00e9s et \u00e0 son aimant au n\u00e9odyme. D\u2019autant plus que la kyanite bleue amplifie et harmonise les \u00e9nergies. Le r\u00e9sultat est un puissant c\u00f4ne d\u2019orgone et d\u2019\u00e9nergie magn\u00e9tique.<br \/>\nVous pourrez enfin retrouver votre plein potentiel \u00e9nerg\u00e9tique, un \u00e9tat mental et des comportements plus pos\u00e9s ainsi qu\u2019une humeur plus positive.<br \/>\nDans un contexte plus exceptionnel, il est \u00e9galement utilis\u00e9 pour \u00e9liminer les dispositifs \u00e9lectroniques nanovisibles.<\/p>\n<p>Enfin, il est important pour nous de vous envoyer toutes les instructions avec votre outil dans un document clair et facile, \u00e9tape par \u00e9tape. Donc, que vous soyez novice ou exp\u00e9riment\u00e9 avec les aides naturelles, vous pouvez profiter pleinement de votre nettoyeur d\u2019ancrages.<\/p>","protected":false},"excerpt":{"rendered":"<p>The Rebalancer helps to rebalance and clean the energies and the chakras. This tool is made, among other things, to<\/p>","protected":false},"featured_media":11308,"comment_status":"open","ping_status":"closed","template":"","meta":[],"product_brand":[],"product_cat":[75],"product_tag":[],"class_list":{"0":"post-8934","1":"product","2":"type-product","3":"status-publish","4":"has-post-thumbnail","6":"product_cat-wellness-tools-healing","8":"first","9":"instock","10":"taxable","11":"shipping-taxable","12":"purchasable","13":"product-type-simple"},"yoast_head":"<!-- This site is optimized with the Yoast SEO plugin v27.3 - https:\/\/yoast.com\/product\/yoast-seo-wordpress\/ -->\n<title>Balance energies and chakras - The Rebalancer - Orgonites ODN<\/title>\n<meta name=\"description\" content=\"The Rebalancer is a powerful orgone tool used to rebalance energies and chakras and also to threat local pain or injury.\" \/>\n<meta name=\"robots\" content=\"index, follow, max-snippet:-1, max-image-preview:large, max-video-preview:-1\" \/>\n<link rel=\"canonical\" href=\"https:\/\/orgonitesodn.ca\/fr\/produit\/rebalancer-energies-chakras\/\" \/>\n<meta property=\"og:locale\" content=\"fr_CA\" \/>\n<meta property=\"og:type\" content=\"article\" \/>\n<meta property=\"og:title\" content=\"Balance energies and chakras - The Rebalancer - Orgonites ODN\" \/>\n<meta property=\"og:description\" content=\"The Rebalancer is a powerful orgone tool used to rebalance energies and chakras and also to threat local pain or injury.\" \/>\n<meta property=\"og:url\" content=\"https:\/\/orgonitesodn.ca\/fr\/produit\/rebalancer-energies-chakras\/\" \/>\n<meta property=\"og:site_name\" content=\"Orgonites ODN\" \/>\n<meta property=\"article:modified_time\" content=\"2025-03-13T19:54:10+00:00\" \/>\n<meta property=\"og:image\" content=\"https:\/\/orgonitesodn.ca\/wp-content\/uploads\/2010\/10\/SAB_nettoyeur-ancrages-scaled.jpg\" \/>\n\t<meta property=\"og:image:width\" content=\"1707\" \/>\n\t<meta property=\"og:image:height\" content=\"2560\" \/>\n\t<meta property=\"og:image:type\" content=\"image\/jpeg\" \/>\n<meta name=\"twitter:card\" content=\"summary_large_image\" \/>\n<meta name=\"twitter:label1\" content=\"Estimation du temps de lecture\" \/>\n\t<meta name=\"twitter:data1\" content=\"2 minutes\" \/>\n<script type=\"application\/ld+json\" class=\"yoast-schema-graph\">{\"@context\":\"https:\\\/\\\/schema.org\",\"@graph\":[{\"@type\":\"WebPage\",\"@id\":\"https:\\\/\\\/orgonitesodn.ca\\\/product\\\/rebalancer-energies-chakras\\\/\",\"url\":\"https:\\\/\\\/orgonitesodn.ca\\\/product\\\/rebalancer-energies-chakras\\\/\",\"name\":\"Balance energies and chakras - The Rebalancer - Orgonites ODN\",\"isPartOf\":{\"@id\":\"https:\\\/\\\/orgonitesodn.ca\\\/#website\"},\"primaryImageOfPage\":{\"@id\":\"https:\\\/\\\/orgonitesodn.ca\\\/product\\\/rebalancer-energies-chakras\\\/#primaryimage\"},\"image\":{\"@id\":\"https:\\\/\\\/orgonitesodn.ca\\\/product\\\/rebalancer-energies-chakras\\\/#primaryimage\"},\"thumbnailUrl\":\"https:\\\/\\\/orgonitesodn.ca\\\/wp-content\\\/uploads\\\/2010\\\/10\\\/SAB_nettoyeur-ancrages-scaled.jpg\",\"datePublished\":\"2010-10-04T16:32:40+00:00\",\"dateModified\":\"2025-03-13T19:54:10+00:00\",\"description\":\"The Rebalancer is a powerful orgone tool used to rebalance energies and chakras and also to threat local pain or injury.\",\"breadcrumb\":{\"@id\":\"https:\\\/\\\/orgonitesodn.ca\\\/product\\\/rebalancer-energies-chakras\\\/#breadcrumb\"},\"inLanguage\":\"fr-CA\",\"potentialAction\":[{\"@type\":\"ReadAction\",\"target\":[\"https:\\\/\\\/orgonitesodn.ca\\\/product\\\/rebalancer-energies-chakras\\\/\"]}]},{\"@type\":\"ImageObject\",\"inLanguage\":\"fr-CA\",\"@id\":\"https:\\\/\\\/orgonitesodn.ca\\\/product\\\/rebalancer-energies-chakras\\\/#primaryimage\",\"url\":\"https:\\\/\\\/orgonitesodn.ca\\\/wp-content\\\/uploads\\\/2010\\\/10\\\/SAB_nettoyeur-ancrages-scaled.jpg\",\"contentUrl\":\"https:\\\/\\\/orgonitesodn.ca\\\/wp-content\\\/uploads\\\/2010\\\/10\\\/SAB_nettoyeur-ancrages-scaled.jpg\",\"width\":1707,\"height\":2560},{\"@type\":\"BreadcrumbList\",\"@id\":\"https:\\\/\\\/orgonitesodn.ca\\\/product\\\/rebalancer-energies-chakras\\\/#breadcrumb\",\"itemListElement\":[{\"@type\":\"ListItem\",\"position\":1,\"name\":\"Home\",\"item\":\"https:\\\/\\\/orgonitesodn.ca\\\/\"},{\"@type\":\"ListItem\",\"position\":2,\"name\":\"Shop\",\"item\":\"https:\\\/\\\/orgonitesodn.ca\\\/shop-orgonites\\\/\"},{\"@type\":\"ListItem\",\"position\":3,\"name\":\"THE REBALANCER\"}]},{\"@type\":\"WebSite\",\"@id\":\"https:\\\/\\\/orgonitesodn.ca\\\/#website\",\"url\":\"https:\\\/\\\/orgonitesodn.ca\\\/\",\"name\":\"Orgonites ODN\",\"description\":\"\",\"publisher\":{\"@id\":\"https:\\\/\\\/orgonitesodn.ca\\\/#organization\"},\"potentialAction\":[{\"@type\":\"SearchAction\",\"target\":{\"@type\":\"EntryPoint\",\"urlTemplate\":\"https:\\\/\\\/orgonitesodn.ca\\\/?s={search_term_string}\"},\"query-input\":{\"@type\":\"PropertyValueSpecification\",\"valueRequired\":true,\"valueName\":\"search_term_string\"}}],\"inLanguage\":\"fr-CA\"},{\"@type\":\"Organization\",\"@id\":\"https:\\\/\\\/orgonitesodn.ca\\\/#organization\",\"name\":\"Orgonites ODN\",\"url\":\"https:\\\/\\\/orgonitesodn.ca\\\/\",\"logo\":{\"@type\":\"ImageObject\",\"inLanguage\":\"fr-CA\",\"@id\":\"https:\\\/\\\/orgonitesodn.ca\\\/#\\\/schema\\\/logo\\\/image\\\/\",\"url\":\"https:\\\/\\\/orgonitesodn.ca\\\/wp-content\\\/uploads\\\/2023\\\/03\\\/page-3-e1722971186772.jpeg\",\"contentUrl\":\"https:\\\/\\\/orgonitesodn.ca\\\/wp-content\\\/uploads\\\/2023\\\/03\\\/page-3-e1722971186772.jpeg\",\"width\":342,\"height\":167,\"caption\":\"Orgonites ODN\"},\"image\":{\"@id\":\"https:\\\/\\\/orgonitesodn.ca\\\/#\\\/schema\\\/logo\\\/image\\\/\"}}]}<\/script>\n<!-- \/ Yoast SEO plugin. -->","yoast_head_json":{"title":"Balance energies and chakras - The Rebalancer - Orgonites ODN","description":"The Rebalancer is a powerful orgone tool used to rebalance energies and chakras and also to threat local pain or injury.","robots":{"index":"index","follow":"follow","max-snippet":"max-snippet:-1","max-image-preview":"max-image-preview:large","max-video-preview":"max-video-preview:-1"},"canonical":"https:\/\/orgonitesodn.ca\/fr\/produit\/rebalancer-energies-chakras\/","og_locale":"fr_CA","og_type":"article","og_title":"Balance energies and chakras - The Rebalancer - Orgonites ODN","og_description":"The Rebalancer is a powerful orgone tool used to rebalance energies and chakras and also to threat local pain or injury.","og_url":"https:\/\/orgonitesodn.ca\/fr\/produit\/rebalancer-energies-chakras\/","og_site_name":"Orgonites ODN","article_modified_time":"2025-03-13T19:54:10+00:00","og_image":[{"width":1707,"height":2560,"url":"https:\/\/orgonitesodn.ca\/wp-content\/uploads\/2010\/10\/SAB_nettoyeur-ancrages-scaled.jpg","type":"image\/jpeg"}],"twitter_card":"summary_large_image","twitter_misc":{"Estimation du temps de lecture":"2 minutes"},"schema":{"@context":"https:\/\/schema.org","@graph":[{"@type":"WebPage","@id":"https:\/\/orgonitesodn.ca\/product\/rebalancer-energies-chakras\/","url":"https:\/\/orgonitesodn.ca\/product\/rebalancer-energies-chakras\/","name":"Balance energies and chakras - The Rebalancer - Orgonites ODN","isPartOf":{"@id":"https:\/\/orgonitesodn.ca\/#website"},"primaryImageOfPage":{"@id":"https:\/\/orgonitesodn.ca\/product\/rebalancer-energies-chakras\/#primaryimage"},"image":{"@id":"https:\/\/orgonitesodn.ca\/product\/rebalancer-energies-chakras\/#primaryimage"},"thumbnailUrl":"https:\/\/orgonitesodn.ca\/wp-content\/uploads\/2010\/10\/SAB_nettoyeur-ancrages-scaled.jpg","datePublished":"2010-10-04T16:32:40+00:00","dateModified":"2025-03-13T19:54:10+00:00","description":"The Rebalancer is a powerful orgone tool used to rebalance energies and chakras and also to threat local pain or injury.","breadcrumb":{"@id":"https:\/\/orgonitesodn.ca\/product\/rebalancer-energies-chakras\/#breadcrumb"},"inLanguage":"fr-CA","potentialAction":[{"@type":"ReadAction","target":["https:\/\/orgonitesodn.ca\/product\/rebalancer-energies-chakras\/"]}]},{"@type":"ImageObject","inLanguage":"fr-CA","@id":"https:\/\/orgonitesodn.ca\/product\/rebalancer-energies-chakras\/#primaryimage","url":"https:\/\/orgonitesodn.ca\/wp-content\/uploads\/2010\/10\/SAB_nettoyeur-ancrages-scaled.jpg","contentUrl":"https:\/\/orgonitesodn.ca\/wp-content\/uploads\/2010\/10\/SAB_nettoyeur-ancrages-scaled.jpg","width":1707,"height":2560},{"@type":"BreadcrumbList","@id":"https:\/\/orgonitesodn.ca\/product\/rebalancer-energies-chakras\/#breadcrumb","itemListElement":[{"@type":"ListItem","position":1,"name":"Home","item":"https:\/\/orgonitesodn.ca\/"},{"@type":"ListItem","position":2,"name":"Shop","item":"https:\/\/orgonitesodn.ca\/shop-orgonites\/"},{"@type":"ListItem","position":3,"name":"THE REBALANCER"}]},{"@type":"WebSite","@id":"https:\/\/orgonitesodn.ca\/#website","url":"https:\/\/orgonitesodn.ca\/","name":"Orgonites ODN","description":"","publisher":{"@id":"https:\/\/orgonitesodn.ca\/#organization"},"potentialAction":[{"@type":"SearchAction","target":{"@type":"EntryPoint","urlTemplate":"https:\/\/orgonitesodn.ca\/?s={search_term_string}"},"query-input":{"@type":"PropertyValueSpecification","valueRequired":true,"valueName":"search_term_string"}}],"inLanguage":"fr-CA"},{"@type":"Organization","@id":"https:\/\/orgonitesodn.ca\/#organization","name":"Orgonites ODN","url":"https:\/\/orgonitesodn.ca\/","logo":{"@type":"ImageObject","inLanguage":"fr-CA","@id":"https:\/\/orgonitesodn.ca\/#\/schema\/logo\/image\/","url":"https:\/\/orgonitesodn.ca\/wp-content\/uploads\/2023\/03\/page-3-e1722971186772.jpeg","contentUrl":"https:\/\/orgonitesodn.ca\/wp-content\/uploads\/2023\/03\/page-3-e1722971186772.jpeg","width":342,"height":167,"caption":"Orgonites ODN"},"image":{"@id":"https:\/\/orgonitesodn.ca\/#\/schema\/logo\/image\/"}}]}},"jetpack_sharing_enabled":true,"_links":{"self":[{"href":"https:\/\/orgonitesodn.ca\/fr\/wp-json\/wp\/v2\/product\/8934","targetHints":{"allow":["GET"]}}],"collection":[{"href":"https:\/\/orgonitesodn.ca\/fr\/wp-json\/wp\/v2\/product"}],"about":[{"href":"https:\/\/orgonitesodn.ca\/fr\/wp-json\/wp\/v2\/types\/product"}],"replies":[{"embeddable":true,"href":"https:\/\/orgonitesodn.ca\/fr\/wp-json\/wp\/v2\/comments?post=8934"}],"version-history":[{"count":4,"href":"https:\/\/orgonitesodn.ca\/fr\/wp-json\/wp\/v2\/product\/8934\/revisions"}],"predecessor-version":[{"id":11800,"href":"https:\/\/orgonitesodn.ca\/fr\/wp-json\/wp\/v2\/product\/8934\/revisions\/11800"}],"wp:featuredmedia":[{"embeddable":true,"href":"https:\/\/orgonitesodn.ca\/fr\/wp-json\/wp\/v2\/media\/11308"}],"wp:attachment":[{"href":"https:\/\/orgonitesodn.ca\/fr\/wp-json\/wp\/v2\/media?parent=8934"}],"wp:term":[{"taxonomy":"product_brand","embeddable":true,"href":"https:\/\/orgonitesodn.ca\/fr\/wp-json\/wp\/v2\/product_brand?post=8934"},{"taxonomy":"product_cat","embeddable":true,"href":"https:\/\/orgonitesodn.ca\/fr\/wp-json\/wp\/v2\/product_cat?post=8934"},{"taxonomy":"product_tag","embeddable":true,"href":"https:\/\/orgonitesodn.ca\/fr\/wp-json\/wp\/v2\/product_tag?post=8934"}],"curies":[{"name":"wp","href":"https:\/\/api.w.org\/{rel}","templated":true}]}}